{"id":28487,"date":"2021-02-01T11:04:15","date_gmt":"2025-05-05T18:45:39","guid":{"rendered":"https:\/\/gustafs.com\/product\/lamellow-spa-linear\/"},"modified":"2025-09-30T09:38:52","modified_gmt":"2025-09-30T07:38:52","slug":"lamellow-spa-linear","status":"publish","type":"product","link":"https:\/\/gustafs.com\/pl\/produkt\/lamellow-spa-linear\/","title":{"rendered":"Lamellow Spa Linear"},"content":{"rendered":"<p style=\"letter-spacing: 1px;\">PANELE AKUSTYCZNE DO POMIESZCZE\u0143 MOKRYCH I ZEWN\u0118TRZNYCH POD DACHAMI<\/p>\n<p>Popraw akustyk\u0119 i uzyskaj projekt architektoniczny w swoim spa, \u0142azience lub ogrodzie zimowym. Stabilny filcowy podk\u0142ad i listwy pokryte fornirem z prawdziwego drewna, wybranego z najlepszych materia\u0142\u00f3w. Panele s\u0105 bezobs\u0142ugowe, a naturalne drewno sprawia ciep\u0142e wra\u017cenie i daje wiele mo\u017cliwo\u015bci aran\u017cacyjnych. Prosty i szybki monta\u017c za pomoc\u0105, gwo\u017adzi lub kleju. Panele s\u0105 umieszczone z nieoszlifowanymi, ukrytymi po\u0142\u0105czeniami pomi\u0119dzy nimi. Dodaj pasuj\u0105ce listy ramek Gustafs, aby uzyska\u0107 idealne wyko\u0144czenie ko\u0144cowe.<\/p>\n","protected":false},"excerpt":{"rendered":"<p>PANELE AKUSTYCZNE DO POMIESZCZE\u0143 MOKRYCH I ZEWN\u0118TRZNYCH POD DACHAMI Popraw akustyk\u0119 i uzyskaj projekt architektoniczny w swoim spa, \u0142azience lub ogrodzie zimowym. Stabilny filcowy podk\u0142ad i listwy pokryte fornirem z prawdziwego drewna, wybranego z najlepszych materia\u0142\u00f3w. Panele s\u0105 bezobs\u0142ugowe, a naturalne drewno sprawia ciep\u0142e wra\u017cenie i daje wiele mo\u017cliwo\u015bci aran\u017cacyjnych. Prosty i szybki monta\u017c za [&hellip;]<\/p>\n","protected":false},"featured_media":28488,"template":"","meta":{"_acf_changed":false,"inline_featured_image":false,"footnotes":""},"product_brand":[],"product_cat":[429,431],"product_tag":[],"class_list":{"0":"post-28487","1":"product","2":"type-product","3":"status-publish","4":"has-post-thumbnail","6":"product_cat-liniowe","7":"product_cat-panele-liniowe","8":"pa_acoustic-class-a","9":"pa_acoustic-class-d","11":"first","12":"instock","13":"shipping-taxable","14":"product-type-simple"},"acf":[],"yoast_head":"<!-- This site is optimized with the Yoast SEO plugin v25.4 - https:\/\/yoast.com\/wordpress\/plugins\/seo\/ -->\n<title>Lamellow Spa Linear | Gustafs Scandinavia<\/title>\n<meta name=\"robots\" content=\"index, follow, max-snippet:-1, max-image-preview:large, max-video-preview:-1\" \/>\n<link rel=\"canonical\" href=\"https:\/\/gustafs.com\/pl\/produkt\/lamellow-spa-linear\/\" \/>\n<meta property=\"og:locale\" content=\"pl_PL\" \/>\n<meta property=\"og:type\" content=\"article\" \/>\n<meta property=\"og:title\" content=\"Lamellow Spa Linear | Gustafs Scandinavia\" \/>\n<meta property=\"og:description\" content=\"PANELE AKUSTYCZNE DO POMIESZCZE\u0143 MOKRYCH I ZEWN\u0118TRZNYCH POD DACHAMI Popraw akustyk\u0119 i uzyskaj projekt architektoniczny w swoim spa, \u0142azience lub ogrodzie zimowym. Stabilny filcowy podk\u0142ad i listwy pokryte fornirem z prawdziwego drewna, wybranego z najlepszych materia\u0142\u00f3w. Panele s\u0105 bezobs\u0142ugowe, a naturalne drewno sprawia ciep\u0142e wra\u017cenie i daje wiele mo\u017cliwo\u015bci aran\u017cacyjnych. Prosty i szybki monta\u017c za [&hellip;]\" \/>\n<meta property=\"og:url\" content=\"https:\/\/gustafs.com\/pl\/produkt\/lamellow-spa-linear\/\" \/>\n<meta property=\"og:site_name\" content=\"Gustafs Scandinavia\" \/>\n<meta property=\"article:modified_time\" content=\"2025-09-30T07:38:52+00:00\" \/>\n<meta property=\"og:image\" content=\"https:\/\/gustafs.com\/wp-content\/uploads\/2021\/02\/lamellow-bamboo-dark-grey.jpg\" \/>\n\t<meta property=\"og:image:width\" content=\"1030\" \/>\n\t<meta property=\"og:image:height\" content=\"1290\" \/>\n\t<meta property=\"og:image:type\" content=\"image\/jpeg\" \/>\n<meta name=\"twitter:card\" content=\"summary_large_image\" \/>\n<meta name=\"twitter:label1\" content=\"Szacowany czas czytania\" \/>\n\t<meta name=\"twitter:data1\" content=\"1 minuta\" \/>\n<script type=\"application\/ld+json\" class=\"yoast-schema-graph\">{\"@context\":\"https:\/\/schema.org\",\"@graph\":[{\"@type\":\"WebPage\",\"@id\":\"https:\/\/gustafs.com\/pl\/produkt\/lamellow-spa-linear\/\",\"url\":\"https:\/\/gustafs.com\/pl\/produkt\/lamellow-spa-linear\/\",\"name\":\"Lamellow Spa Linear | Gustafs Scandinavia\",\"isPartOf\":{\"@id\":\"https:\/\/gustafs.com\/pl\/#website\"},\"primaryImageOfPage\":{\"@id\":\"https:\/\/gustafs.com\/pl\/produkt\/lamellow-spa-linear\/#primaryimage\"},\"image\":{\"@id\":\"https:\/\/gustafs.com\/pl\/produkt\/lamellow-spa-linear\/#primaryimage\"},\"thumbnailUrl\":\"https:\/\/gustafs.com\/wp-content\/uploads\/2021\/02\/lamellow-bamboo-dark-grey.jpg\",\"datePublished\":\"2025-05-05T18:45:39+00:00\",\"dateModified\":\"2025-09-30T07:38:52+00:00\",\"breadcrumb\":{\"@id\":\"https:\/\/gustafs.com\/pl\/produkt\/lamellow-spa-linear\/#breadcrumb\"},\"inLanguage\":\"pl-PL\",\"potentialAction\":[{\"@type\":\"ReadAction\",\"target\":[\"https:\/\/gustafs.com\/pl\/produkt\/lamellow-spa-linear\/\"]}]},{\"@type\":\"ImageObject\",\"inLanguage\":\"pl-PL\",\"@id\":\"https:\/\/gustafs.com\/pl\/produkt\/lamellow-spa-linear\/#primaryimage\",\"url\":\"https:\/\/gustafs.com\/wp-content\/uploads\/2021\/02\/lamellow-bamboo-dark-grey.jpg\",\"contentUrl\":\"https:\/\/gustafs.com\/wp-content\/uploads\/2021\/02\/lamellow-bamboo-dark-grey.jpg\",\"width\":1030,\"height\":1290},{\"@type\":\"BreadcrumbList\",\"@id\":\"https:\/\/gustafs.com\/pl\/produkt\/lamellow-spa-linear\/#breadcrumb\",\"itemListElement\":[{\"@type\":\"ListItem\",\"position\":1,\"name\":\"Gustafs\",\"item\":\"https:\/\/gustafs.com\/pl\/\"},{\"@type\":\"ListItem\",\"position\":2,\"name\":\"Produkty\",\"item\":\"https:\/\/gustafs.com\/pl\/produktow\/\"},{\"@type\":\"ListItem\",\"position\":3,\"name\":\"Listwy\",\"item\":\"https:\/\/gustafs.com\/pl\/kategoria-produktu\/liniowe\/\"},{\"@type\":\"ListItem\",\"position\":4,\"name\":\"Lamellow Spa Linear\"}]},{\"@type\":\"WebSite\",\"@id\":\"https:\/\/gustafs.com\/pl\/#website\",\"url\":\"https:\/\/gustafs.com\/pl\/\",\"name\":\"Gustafs Scandinavia\",\"description\":\"Exclusive Wooden Panels And Acoustic Panels\",\"potentialAction\":[{\"@type\":\"SearchAction\",\"target\":{\"@type\":\"EntryPoint\",\"urlTemplate\":\"https:\/\/gustafs.com\/pl\/?s={search_term_string}\"},\"query-input\":{\"@type\":\"PropertyValueSpecification\",\"valueRequired\":true,\"valueName\":\"search_term_string\"}}],\"inLanguage\":\"pl-PL\"}]}<\/script>\n<!-- \/ Yoast SEO plugin. -->","yoast_head_json":{"title":"Lamellow Spa Linear | Gustafs Scandinavia","robots":{"index":"index","follow":"follow","max-snippet":"max-snippet:-1","max-image-preview":"max-image-preview:large","max-video-preview":"max-video-preview:-1"},"canonical":"https:\/\/gustafs.com\/pl\/produkt\/lamellow-spa-linear\/","og_locale":"pl_PL","og_type":"article","og_title":"Lamellow Spa Linear | Gustafs Scandinavia","og_description":"PANELE AKUSTYCZNE DO POMIESZCZE\u0143 MOKRYCH I ZEWN\u0118TRZNYCH POD DACHAMI Popraw akustyk\u0119 i uzyskaj projekt architektoniczny w swoim spa, \u0142azience lub ogrodzie zimowym. Stabilny filcowy podk\u0142ad i listwy pokryte fornirem z prawdziwego drewna, wybranego z najlepszych materia\u0142\u00f3w. Panele s\u0105 bezobs\u0142ugowe, a naturalne drewno sprawia ciep\u0142e wra\u017cenie i daje wiele mo\u017cliwo\u015bci aran\u017cacyjnych. Prosty i szybki monta\u017c za [&hellip;]","og_url":"https:\/\/gustafs.com\/pl\/produkt\/lamellow-spa-linear\/","og_site_name":"Gustafs Scandinavia","article_modified_time":"2025-09-30T07:38:52+00:00","og_image":[{"width":1030,"height":1290,"url":"https:\/\/gustafs.com\/wp-content\/uploads\/2021\/02\/lamellow-bamboo-dark-grey.jpg","type":"image\/jpeg"}],"twitter_card":"summary_large_image","twitter_misc":{"Szacowany czas czytania":"1 minuta"},"schema":{"@context":"https:\/\/schema.org","@graph":[{"@type":"WebPage","@id":"https:\/\/gustafs.com\/pl\/produkt\/lamellow-spa-linear\/","url":"https:\/\/gustafs.com\/pl\/produkt\/lamellow-spa-linear\/","name":"Lamellow Spa Linear | Gustafs Scandinavia","isPartOf":{"@id":"https:\/\/gustafs.com\/pl\/#website"},"primaryImageOfPage":{"@id":"https:\/\/gustafs.com\/pl\/produkt\/lamellow-spa-linear\/#primaryimage"},"image":{"@id":"https:\/\/gustafs.com\/pl\/produkt\/lamellow-spa-linear\/#primaryimage"},"thumbnailUrl":"https:\/\/gustafs.com\/wp-content\/uploads\/2021\/02\/lamellow-bamboo-dark-grey.jpg","datePublished":"2025-05-05T18:45:39+00:00","dateModified":"2025-09-30T07:38:52+00:00","breadcrumb":{"@id":"https:\/\/gustafs.com\/pl\/produkt\/lamellow-spa-linear\/#breadcrumb"},"inLanguage":"pl-PL","potentialAction":[{"@type":"ReadAction","target":["https:\/\/gustafs.com\/pl\/produkt\/lamellow-spa-linear\/"]}]},{"@type":"ImageObject","inLanguage":"pl-PL","@id":"https:\/\/gustafs.com\/pl\/produkt\/lamellow-spa-linear\/#primaryimage","url":"https:\/\/gustafs.com\/wp-content\/uploads\/2021\/02\/lamellow-bamboo-dark-grey.jpg","contentUrl":"https:\/\/gustafs.com\/wp-content\/uploads\/2021\/02\/lamellow-bamboo-dark-grey.jpg","width":1030,"height":1290},{"@type":"BreadcrumbList","@id":"https:\/\/gustafs.com\/pl\/produkt\/lamellow-spa-linear\/#breadcrumb","itemListElement":[{"@type":"ListItem","position":1,"name":"Gustafs","item":"https:\/\/gustafs.com\/pl\/"},{"@type":"ListItem","position":2,"name":"Produkty","item":"https:\/\/gustafs.com\/pl\/produktow\/"},{"@type":"ListItem","position":3,"name":"Listwy","item":"https:\/\/gustafs.com\/pl\/kategoria-produktu\/liniowe\/"},{"@type":"ListItem","position":4,"name":"Lamellow Spa Linear"}]},{"@type":"WebSite","@id":"https:\/\/gustafs.com\/pl\/#website","url":"https:\/\/gustafs.com\/pl\/","name":"Gustafs Scandinavia","description":"Exclusive Wooden Panels And Acoustic Panels","potentialAction":[{"@type":"SearchAction","target":{"@type":"EntryPoint","urlTemplate":"https:\/\/gustafs.com\/pl\/?s={search_term_string}"},"query-input":{"@type":"PropertyValueSpecification","valueRequired":true,"valueName":"search_term_string"}}],"inLanguage":"pl-PL"}]}},"_links":{"self":[{"href":"https:\/\/gustafs.com\/pl\/wp-json\/wp\/v2\/product\/28487","targetHints":{"allow":["GET"]}}],"collection":[{"href":"https:\/\/gustafs.com\/pl\/wp-json\/wp\/v2\/product"}],"about":[{"href":"https:\/\/gustafs.com\/pl\/wp-json\/wp\/v2\/types\/product"}],"version-history":[{"count":8,"href":"https:\/\/gustafs.com\/pl\/wp-json\/wp\/v2\/product\/28487\/revisions"}],"predecessor-version":[{"id":34692,"href":"https:\/\/gustafs.com\/pl\/wp-json\/wp\/v2\/product\/28487\/revisions\/34692"}],"wp:featuredmedia":[{"embeddable":true,"href":"https:\/\/gustafs.com\/pl\/wp-json\/wp\/v2\/media\/28488"}],"wp:attachment":[{"href":"https:\/\/gustafs.com\/pl\/wp-json\/wp\/v2\/media?parent=28487"}],"wp:term":[{"taxonomy":"product_brand","embeddable":true,"href":"https:\/\/gustafs.com\/pl\/wp-json\/wp\/v2\/product_brand?post=28487"},{"taxonomy":"product_cat","embeddable":true,"href":"https:\/\/gustafs.com\/pl\/wp-json\/wp\/v2\/product_cat?post=28487"},{"taxonomy":"product_tag","embeddable":true,"href":"https:\/\/gustafs.com\/pl\/wp-json\/wp\/v2\/product_tag?post=28487"}],"curies":[{"name":"wp","href":"https:\/\/api.w.org\/{rel}","templated":true}]}}