{"id":28461,"date":"2022-04-05T08:40:20","date_gmt":"2025-05-05T18:42:37","guid":{"rendered":"https:\/\/gustafs.com\/product\/przegrody-z-filcu\/"},"modified":"2025-10-01T13:43:26","modified_gmt":"2025-10-01T11:43:26","slug":"feltfon-baffles","status":"publish","type":"product","link":"https:\/\/gustafs.com\/pl\/produkt\/feltfon-baffles\/","title":{"rendered":"Feltfon Baffles"},"content":{"rendered":"<p style=\"letter-spacing: 1px;\">Wielkowymiarowe belki zapewniaj\u0105ce doskona\u0142e poch\u0142anianie d\u017awi\u0119ku<\/p>\n<p>Lamele Feltfon\u00a9 mog\u0105 mie\u0107 du\u017ce wymiary przy jednoczesnym zachowaniu lekkiego wygl\u0105du i ekonomicznego rozwi\u0105zania. Zastosowanie ch\u0142onnego materia\u0142u filcowego i obecno\u015b\u0107 pustego rdzenia w lamelach Feltfon\u00a9 przyczynia si\u0119 do doskona\u0142ej absorpcji d\u017awi\u0119ku. System instalacyjny Capax Quick-Up jest stosowany do monta\u017cu na \u015bcianach i sufitach, idealny do realizacji projekt\u00f3w w przestrzeniach publicznych, takich jak szko\u0142y, biura, sklepy i centra handlowe. Dopuszczony jest tak\u017ce do stosowania w wilgotnych pomieszczeniach. System monta\u017cowy uwzgl\u0119dnia r\u00f3\u017cne szeroko\u015bci lameli i jest  \u0142atwy do demonta\u017cu. Pozwala projektantowi stworzy\u0107  niepowtarzalny wygl\u0105d wn\u0119trz zmieniaj\u0105c i \u0142\u0105cz\u0105c r\u00f3\u017cne szeroko\u015bci, g\u0142\u0119boko\u015bci, kolory filcu lub szeroko\u015b\u0107 odst\u0119p\u00f3w. Oczywi\u015bcie filcowe lamele Feltfon\u00a9 s\u0105 ognioodporne bez konieczno\u015bci ich impregnacji. Wykonane s\u0105 w co najmniej 50% z materia\u0142\u00f3w pochodz\u0105cych z recyklingu. Akustyczne lamele sufitowe Feltfon pomagaj\u0105 zredukowa\u0107 fale d\u017awi\u0119kowe i wyciszy\u0107 pomieszczenie.<\/p>\n","protected":false},"excerpt":{"rendered":"<p>Wielkowymiarowe belki zapewniaj\u0105ce doskona\u0142e poch\u0142anianie d\u017awi\u0119ku Lamele Feltfon\u00a9 mog\u0105 mie\u0107 du\u017ce wymiary przy jednoczesnym zachowaniu lekkiego wygl\u0105du i ekonomicznego rozwi\u0105zania. Zastosowanie ch\u0142onnego materia\u0142u filcowego i obecno\u015b\u0107 pustego rdzenia w lamelach Feltfon\u00a9 przyczynia si\u0119 do doskona\u0142ej absorpcji d\u017awi\u0119ku. System instalacyjny Capax Quick-Up jest stosowany do monta\u017cu na \u015bcianach i sufitach, idealny do realizacji projekt\u00f3w w przestrzeniach [&hellip;]<\/p>\n","protected":false},"featured_media":28479,"template":"","meta":{"_acf_changed":false,"inline_featured_image":false,"footnotes":""},"product_brand":[],"product_cat":[424,419],"product_tag":[],"class_list":{"0":"post-28461","1":"product","2":"type-product","3":"status-publish","4":"has-post-thumbnail","6":"product_cat-liniowy","7":"product_cat-feltfon","8":"pa_acoustic-class-a","10":"first","11":"instock","12":"shipping-taxable","13":"product-type-simple"},"acf":[],"yoast_head":"<!-- This site is optimized with the Yoast SEO plugin v25.4 - https:\/\/yoast.com\/wordpress\/plugins\/seo\/ -->\n<title>Lamele jako absorbery akustyczne | Feltfon | Gustafs Scandinavia<\/title>\n<meta name=\"description\" content=\"Lamele akustyczne do sufit\u00f3w podwieszanych lub do monta\u017cu na \u015bcianie. Te elementy d\u017awi\u0119koch\u0142onne redukuj\u0105 fale d\u017awi\u0119kowe i skracaj\u0105 czas pog\u0142osu. Bezpiecze\u0144stwo przeciwpo\u017carowe i \u0142atwy monta\u017c..\" \/>\n<meta name=\"robots\" content=\"index, follow, max-snippet:-1, max-image-preview:large, max-video-preview:-1\" \/>\n<link rel=\"canonical\" href=\"https:\/\/gustafs.com\/pl\/produkt\/feltfon-baffles\/\" \/>\n<meta property=\"og:locale\" content=\"pl_PL\" \/>\n<meta property=\"og:type\" content=\"article\" \/>\n<meta property=\"og:title\" content=\"Lamele jako absorbery akustyczne | Feltfon | Gustafs Scandinavia\" \/>\n<meta property=\"og:description\" content=\"Lamele akustyczne do sufit\u00f3w podwieszanych lub do monta\u017cu na \u015bcianie. Te elementy d\u017awi\u0119koch\u0142onne redukuj\u0105 fale d\u017awi\u0119kowe i skracaj\u0105 czas pog\u0142osu. Bezpiecze\u0144stwo przeciwpo\u017carowe i \u0142atwy monta\u017c..\" \/>\n<meta property=\"og:url\" content=\"https:\/\/gustafs.com\/pl\/produkt\/feltfon-baffles\/\" \/>\n<meta property=\"og:site_name\" content=\"Gustafs Scandinavia\" \/>\n<meta property=\"article:modified_time\" content=\"2025-10-01T11:43:26+00:00\" \/>\n<meta property=\"og:image\" content=\"https:\/\/gustafs.com\/wp-content\/uploads\/2022\/04\/clay-baffle.jpg\" \/>\n\t<meta property=\"og:image:width\" content=\"1030\" \/>\n\t<meta property=\"og:image:height\" content=\"1290\" \/>\n\t<meta property=\"og:image:type\" content=\"image\/jpeg\" \/>\n<meta name=\"twitter:card\" content=\"summary_large_image\" \/>\n<meta name=\"twitter:label1\" content=\"Szacowany czas czytania\" \/>\n\t<meta name=\"twitter:data1\" content=\"1 minuta\" \/>\n<script type=\"application\/ld+json\" class=\"yoast-schema-graph\">{\"@context\":\"https:\/\/schema.org\",\"@graph\":[{\"@type\":\"WebPage\",\"@id\":\"https:\/\/gustafs.com\/pl\/produkt\/feltfon-baffles\/\",\"url\":\"https:\/\/gustafs.com\/pl\/produkt\/feltfon-baffles\/\",\"name\":\"Lamele jako absorbery akustyczne | Feltfon | Gustafs Scandinavia\",\"isPartOf\":{\"@id\":\"https:\/\/gustafs.com\/pl\/#website\"},\"primaryImageOfPage\":{\"@id\":\"https:\/\/gustafs.com\/pl\/produkt\/feltfon-baffles\/#primaryimage\"},\"image\":{\"@id\":\"https:\/\/gustafs.com\/pl\/produkt\/feltfon-baffles\/#primaryimage\"},\"thumbnailUrl\":\"https:\/\/gustafs.com\/wp-content\/uploads\/2022\/04\/clay-baffle.jpg\",\"datePublished\":\"2025-05-05T18:42:37+00:00\",\"dateModified\":\"2025-10-01T11:43:26+00:00\",\"description\":\"Lamele akustyczne do sufit\u00f3w podwieszanych lub do monta\u017cu na \u015bcianie. Te elementy d\u017awi\u0119koch\u0142onne redukuj\u0105 fale d\u017awi\u0119kowe i skracaj\u0105 czas pog\u0142osu. Bezpiecze\u0144stwo przeciwpo\u017carowe i \u0142atwy monta\u017c..\",\"breadcrumb\":{\"@id\":\"https:\/\/gustafs.com\/pl\/produkt\/feltfon-baffles\/#breadcrumb\"},\"inLanguage\":\"pl-PL\",\"potentialAction\":[{\"@type\":\"ReadAction\",\"target\":[\"https:\/\/gustafs.com\/pl\/produkt\/feltfon-baffles\/\"]}]},{\"@type\":\"ImageObject\",\"inLanguage\":\"pl-PL\",\"@id\":\"https:\/\/gustafs.com\/pl\/produkt\/feltfon-baffles\/#primaryimage\",\"url\":\"https:\/\/gustafs.com\/wp-content\/uploads\/2022\/04\/clay-baffle.jpg\",\"contentUrl\":\"https:\/\/gustafs.com\/wp-content\/uploads\/2022\/04\/clay-baffle.jpg\",\"width\":1030,\"height\":1290,\"caption\":\"Loft office interior with a white table, white brick walls, loft windows and rows of computer tables with black screens. A meeting room to the right. 3d rendering mock up\"},{\"@type\":\"BreadcrumbList\",\"@id\":\"https:\/\/gustafs.com\/pl\/produkt\/feltfon-baffles\/#breadcrumb\",\"itemListElement\":[{\"@type\":\"ListItem\",\"position\":1,\"name\":\"Gustafs\",\"item\":\"https:\/\/gustafs.com\/pl\/\"},{\"@type\":\"ListItem\",\"position\":2,\"name\":\"Produkty\",\"item\":\"https:\/\/gustafs.com\/pl\/produktow\/\"},{\"@type\":\"ListItem\",\"position\":3,\"name\":\"Ok\u0142adziny filcowe Feltfon\",\"item\":\"https:\/\/gustafs.com\/pl\/kategoria-produktu\/feltfon\/\"},{\"@type\":\"ListItem\",\"position\":4,\"name\":\"Feltfon Baffles\"}]},{\"@type\":\"WebSite\",\"@id\":\"https:\/\/gustafs.com\/pl\/#website\",\"url\":\"https:\/\/gustafs.com\/pl\/\",\"name\":\"Gustafs Scandinavia\",\"description\":\"Exclusive Wooden Panels And Acoustic Panels\",\"potentialAction\":[{\"@type\":\"SearchAction\",\"target\":{\"@type\":\"EntryPoint\",\"urlTemplate\":\"https:\/\/gustafs.com\/pl\/?s={search_term_string}\"},\"query-input\":{\"@type\":\"PropertyValueSpecification\",\"valueRequired\":true,\"valueName\":\"search_term_string\"}}],\"inLanguage\":\"pl-PL\"}]}<\/script>\n<!-- \/ Yoast SEO plugin. -->","yoast_head_json":{"title":"Lamele jako absorbery akustyczne | Feltfon | Gustafs Scandinavia","description":"Lamele akustyczne do sufit\u00f3w podwieszanych lub do monta\u017cu na \u015bcianie. Te elementy d\u017awi\u0119koch\u0142onne redukuj\u0105 fale d\u017awi\u0119kowe i skracaj\u0105 czas pog\u0142osu. Bezpiecze\u0144stwo przeciwpo\u017carowe i \u0142atwy monta\u017c..","robots":{"index":"index","follow":"follow","max-snippet":"max-snippet:-1","max-image-preview":"max-image-preview:large","max-video-preview":"max-video-preview:-1"},"canonical":"https:\/\/gustafs.com\/pl\/produkt\/feltfon-baffles\/","og_locale":"pl_PL","og_type":"article","og_title":"Lamele jako absorbery akustyczne | Feltfon | Gustafs Scandinavia","og_description":"Lamele akustyczne do sufit\u00f3w podwieszanych lub do monta\u017cu na \u015bcianie. Te elementy d\u017awi\u0119koch\u0142onne redukuj\u0105 fale d\u017awi\u0119kowe i skracaj\u0105 czas pog\u0142osu. Bezpiecze\u0144stwo przeciwpo\u017carowe i \u0142atwy monta\u017c..","og_url":"https:\/\/gustafs.com\/pl\/produkt\/feltfon-baffles\/","og_site_name":"Gustafs Scandinavia","article_modified_time":"2025-10-01T11:43:26+00:00","og_image":[{"width":1030,"height":1290,"url":"https:\/\/gustafs.com\/wp-content\/uploads\/2022\/04\/clay-baffle.jpg","type":"image\/jpeg"}],"twitter_card":"summary_large_image","twitter_misc":{"Szacowany czas czytania":"1 minuta"},"schema":{"@context":"https:\/\/schema.org","@graph":[{"@type":"WebPage","@id":"https:\/\/gustafs.com\/pl\/produkt\/feltfon-baffles\/","url":"https:\/\/gustafs.com\/pl\/produkt\/feltfon-baffles\/","name":"Lamele jako absorbery akustyczne | Feltfon | Gustafs Scandinavia","isPartOf":{"@id":"https:\/\/gustafs.com\/pl\/#website"},"primaryImageOfPage":{"@id":"https:\/\/gustafs.com\/pl\/produkt\/feltfon-baffles\/#primaryimage"},"image":{"@id":"https:\/\/gustafs.com\/pl\/produkt\/feltfon-baffles\/#primaryimage"},"thumbnailUrl":"https:\/\/gustafs.com\/wp-content\/uploads\/2022\/04\/clay-baffle.jpg","datePublished":"2025-05-05T18:42:37+00:00","dateModified":"2025-10-01T11:43:26+00:00","description":"Lamele akustyczne do sufit\u00f3w podwieszanych lub do monta\u017cu na \u015bcianie. Te elementy d\u017awi\u0119koch\u0142onne redukuj\u0105 fale d\u017awi\u0119kowe i skracaj\u0105 czas pog\u0142osu. Bezpiecze\u0144stwo przeciwpo\u017carowe i \u0142atwy monta\u017c..","breadcrumb":{"@id":"https:\/\/gustafs.com\/pl\/produkt\/feltfon-baffles\/#breadcrumb"},"inLanguage":"pl-PL","potentialAction":[{"@type":"ReadAction","target":["https:\/\/gustafs.com\/pl\/produkt\/feltfon-baffles\/"]}]},{"@type":"ImageObject","inLanguage":"pl-PL","@id":"https:\/\/gustafs.com\/pl\/produkt\/feltfon-baffles\/#primaryimage","url":"https:\/\/gustafs.com\/wp-content\/uploads\/2022\/04\/clay-baffle.jpg","contentUrl":"https:\/\/gustafs.com\/wp-content\/uploads\/2022\/04\/clay-baffle.jpg","width":1030,"height":1290,"caption":"Loft office interior with a white table, white brick walls, loft windows and rows of computer tables with black screens. A meeting room to the right. 3d rendering mock up"},{"@type":"BreadcrumbList","@id":"https:\/\/gustafs.com\/pl\/produkt\/feltfon-baffles\/#breadcrumb","itemListElement":[{"@type":"ListItem","position":1,"name":"Gustafs","item":"https:\/\/gustafs.com\/pl\/"},{"@type":"ListItem","position":2,"name":"Produkty","item":"https:\/\/gustafs.com\/pl\/produktow\/"},{"@type":"ListItem","position":3,"name":"Ok\u0142adziny filcowe Feltfon","item":"https:\/\/gustafs.com\/pl\/kategoria-produktu\/feltfon\/"},{"@type":"ListItem","position":4,"name":"Feltfon Baffles"}]},{"@type":"WebSite","@id":"https:\/\/gustafs.com\/pl\/#website","url":"https:\/\/gustafs.com\/pl\/","name":"Gustafs Scandinavia","description":"Exclusive Wooden Panels And Acoustic Panels","potentialAction":[{"@type":"SearchAction","target":{"@type":"EntryPoint","urlTemplate":"https:\/\/gustafs.com\/pl\/?s={search_term_string}"},"query-input":{"@type":"PropertyValueSpecification","valueRequired":true,"valueName":"search_term_string"}}],"inLanguage":"pl-PL"}]}},"_links":{"self":[{"href":"https:\/\/gustafs.com\/pl\/wp-json\/wp\/v2\/product\/28461","targetHints":{"allow":["GET"]}}],"collection":[{"href":"https:\/\/gustafs.com\/pl\/wp-json\/wp\/v2\/product"}],"about":[{"href":"https:\/\/gustafs.com\/pl\/wp-json\/wp\/v2\/types\/product"}],"version-history":[{"count":20,"href":"https:\/\/gustafs.com\/pl\/wp-json\/wp\/v2\/product\/28461\/revisions"}],"predecessor-version":[{"id":34862,"href":"https:\/\/gustafs.com\/pl\/wp-json\/wp\/v2\/product\/28461\/revisions\/34862"}],"wp:featuredmedia":[{"embeddable":true,"href":"https:\/\/gustafs.com\/pl\/wp-json\/wp\/v2\/media\/28479"}],"wp:attachment":[{"href":"https:\/\/gustafs.com\/pl\/wp-json\/wp\/v2\/media?parent=28461"}],"wp:term":[{"taxonomy":"product_brand","embeddable":true,"href":"https:\/\/gustafs.com\/pl\/wp-json\/wp\/v2\/product_brand?post=28461"},{"taxonomy":"product_cat","embeddable":true,"href":"https:\/\/gustafs.com\/pl\/wp-json\/wp\/v2\/product_cat?post=28461"},{"taxonomy":"product_tag","embeddable":true,"href":"https:\/\/gustafs.com\/pl\/wp-json\/wp\/v2\/product_tag?post=28461"}],"curies":[{"name":"wp","href":"https:\/\/api.w.org\/{rel}","templated":true}]}}