{"id":28407,"date":"2022-04-05T07:13:52","date_gmt":"2025-05-05T18:42:25","guid":{"rendered":"https:\/\/gustafs.com\/product\/sciana-liniowa-plank-p\/"},"modified":"2025-09-30T08:40:28","modified_gmt":"2025-09-30T06:40:28","slug":"sciana-liniowa-plank-p","status":"publish","type":"product","link":"https:\/\/gustafs.com\/pl\/produkt\/sciana-liniowa-plank-p\/","title":{"rendered":"\u015aciana liniowa Plank-P"},"content":{"rendered":"<p style=\"letter-spacing: 1px;\">EKSKLUZYWNE DESKI NA \u015aCIANY<\/p>\n<p>Gustafs Plank-P ma najwy\u017csz\u0105 mo\u017cliw\u0105 klas\u0119 odporno\u015bci ogniowej A2-s1,d0 i pozwala tworzy\u0107 pi\u0119kne przestrzenie z ok\u0142adzinami \u015bciennymi z listew pokrytych prawdziwym drewnem. System Gustafs Plank-P wykorzystuje system monta\u017cowy Capax Quick-Up, kt\u00f3ry jest niezawodny, oszcz\u0119dza prac\u0119 i zapewnia doskona\u0142e wyko\u0144czenie. Standardowe rozwi\u0105zanie z wieloma indywidualnymi wersjami dzi\u0119ki bogatej ofercie oklein, dodaniu kolor\u00f3w za pomoc\u0105 pigmentacji, r\u00f3\u017cnym wymiarom desek od 100 do 200 mm lub zastosowanie po\u0142\u0105cze\u0144 na styk lub z malowan\u0105 na wybrany kolor szczelin\u0105 otwart\u0105. Wybierz mi\u0119dzy jasnymi lub ciemnymi kraw\u0119dziami. Gustafs Plank-P mo\u017ce by\u0107 stosowany na zakrzywionych \u015bcianach.     <\/p>\n","protected":false},"excerpt":{"rendered":"<p>EKSKLUZYWNE DESKI NA \u015aCIANY Gustafs Plank-P ma najwy\u017csz\u0105 mo\u017cliw\u0105 klas\u0119 odporno\u015bci ogniowej A2-s1,d0 i pozwala tworzy\u0107 pi\u0119kne przestrzenie z ok\u0142adzinami \u015bciennymi z listew pokrytych prawdziwym drewnem. System Gustafs Plank-P wykorzystuje system monta\u017cowy Capax Quick-Up, kt\u00f3ry jest niezawodny, oszcz\u0119dza prac\u0119 i zapewnia doskona\u0142e wyko\u0144czenie. Standardowe rozwi\u0105zanie z wieloma indywidualnymi wersjami dzi\u0119ki bogatej ofercie oklein, dodaniu kolor\u00f3w [&hellip;]<\/p>\n","protected":false},"featured_media":28408,"template":"","meta":{"_acf_changed":false,"inline_featured_image":false,"footnotes":""},"product_brand":[],"product_cat":[429,430],"product_tag":[],"class_list":{"0":"post-28407","1":"product","2":"type-product","3":"status-publish","4":"has-post-thumbnail","6":"product_cat-liniowe","7":"product_cat-system-liniowy","8":"pa_acoustic-class-d","10":"first","11":"instock","12":"shipping-taxable","13":"product-type-simple"},"acf":[],"yoast_head":"<!-- This site is optimized with the Yoast SEO plugin v25.4 - https:\/\/yoast.com\/wordpress\/plugins\/seo\/ -->\n<title>\u015aciana liniowa Plank-P | Gustafs Scandinavia<\/title>\n<meta name=\"robots\" content=\"index, follow, max-snippet:-1, max-image-preview:large, max-video-preview:-1\" \/>\n<link rel=\"canonical\" href=\"https:\/\/gustafs.com\/pl\/produkt\/sciana-liniowa-plank-p\/\" \/>\n<meta property=\"og:locale\" content=\"pl_PL\" \/>\n<meta property=\"og:type\" content=\"article\" \/>\n<meta property=\"og:title\" content=\"\u015aciana liniowa Plank-P | Gustafs Scandinavia\" \/>\n<meta property=\"og:description\" content=\"EKSKLUZYWNE DESKI NA \u015aCIANY Gustafs Plank-P ma najwy\u017csz\u0105 mo\u017cliw\u0105 klas\u0119 odporno\u015bci ogniowej A2-s1,d0 i pozwala tworzy\u0107 pi\u0119kne przestrzenie z ok\u0142adzinami \u015bciennymi z listew pokrytych prawdziwym drewnem. System Gustafs Plank-P wykorzystuje system monta\u017cowy Capax Quick-Up, kt\u00f3ry jest niezawodny, oszcz\u0119dza prac\u0119 i zapewnia doskona\u0142e wyko\u0144czenie. Standardowe rozwi\u0105zanie z wieloma indywidualnymi wersjami dzi\u0119ki bogatej ofercie oklein, dodaniu kolor\u00f3w [&hellip;]\" \/>\n<meta property=\"og:url\" content=\"https:\/\/gustafs.com\/pl\/produkt\/sciana-liniowa-plank-p\/\" \/>\n<meta property=\"og:site_name\" content=\"Gustafs Scandinavia\" \/>\n<meta property=\"article:modified_time\" content=\"2025-09-30T06:40:28+00:00\" \/>\n<meta property=\"og:image\" content=\"https:\/\/gustafs.com\/wp-content\/uploads\/2022\/04\/plank-p-wall-100-150-200-walnut-dark-new-product.jpg\" \/>\n\t<meta property=\"og:image:width\" content=\"1030\" \/>\n\t<meta property=\"og:image:height\" content=\"1279\" \/>\n\t<meta property=\"og:image:type\" content=\"image\/jpeg\" \/>\n<meta name=\"twitter:card\" content=\"summary_large_image\" \/>\n<meta name=\"twitter:label1\" content=\"Szacowany czas czytania\" \/>\n\t<meta name=\"twitter:data1\" content=\"1 minuta\" \/>\n<script type=\"application\/ld+json\" class=\"yoast-schema-graph\">{\"@context\":\"https:\/\/schema.org\",\"@graph\":[{\"@type\":\"WebPage\",\"@id\":\"https:\/\/gustafs.com\/pl\/produkt\/sciana-liniowa-plank-p\/\",\"url\":\"https:\/\/gustafs.com\/pl\/produkt\/sciana-liniowa-plank-p\/\",\"name\":\"\u015aciana liniowa Plank-P | Gustafs Scandinavia\",\"isPartOf\":{\"@id\":\"https:\/\/gustafs.com\/pl\/#website\"},\"primaryImageOfPage\":{\"@id\":\"https:\/\/gustafs.com\/pl\/produkt\/sciana-liniowa-plank-p\/#primaryimage\"},\"image\":{\"@id\":\"https:\/\/gustafs.com\/pl\/produkt\/sciana-liniowa-plank-p\/#primaryimage\"},\"thumbnailUrl\":\"https:\/\/gustafs.com\/wp-content\/uploads\/2022\/04\/plank-p-wall-100-150-200-walnut-dark-new-product.jpg\",\"datePublished\":\"2025-05-05T18:42:25+00:00\",\"dateModified\":\"2025-09-30T06:40:28+00:00\",\"breadcrumb\":{\"@id\":\"https:\/\/gustafs.com\/pl\/produkt\/sciana-liniowa-plank-p\/#breadcrumb\"},\"inLanguage\":\"pl-PL\",\"potentialAction\":[{\"@type\":\"ReadAction\",\"target\":[\"https:\/\/gustafs.com\/pl\/produkt\/sciana-liniowa-plank-p\/\"]}]},{\"@type\":\"ImageObject\",\"inLanguage\":\"pl-PL\",\"@id\":\"https:\/\/gustafs.com\/pl\/produkt\/sciana-liniowa-plank-p\/#primaryimage\",\"url\":\"https:\/\/gustafs.com\/wp-content\/uploads\/2022\/04\/plank-p-wall-100-150-200-walnut-dark-new-product.jpg\",\"contentUrl\":\"https:\/\/gustafs.com\/wp-content\/uploads\/2022\/04\/plank-p-wall-100-150-200-walnut-dark-new-product.jpg\",\"width\":1030,\"height\":1279},{\"@type\":\"BreadcrumbList\",\"@id\":\"https:\/\/gustafs.com\/pl\/produkt\/sciana-liniowa-plank-p\/#breadcrumb\",\"itemListElement\":[{\"@type\":\"ListItem\",\"position\":1,\"name\":\"Gustafs\",\"item\":\"https:\/\/gustafs.com\/pl\/\"},{\"@type\":\"ListItem\",\"position\":2,\"name\":\"Produkty\",\"item\":\"https:\/\/gustafs.com\/pl\/produktow\/\"},{\"@type\":\"ListItem\",\"position\":3,\"name\":\"Listwy\",\"item\":\"https:\/\/gustafs.com\/pl\/kategoria-produktu\/liniowe\/\"},{\"@type\":\"ListItem\",\"position\":4,\"name\":\"\u015aciana liniowa Plank-P\"}]},{\"@type\":\"WebSite\",\"@id\":\"https:\/\/gustafs.com\/pl\/#website\",\"url\":\"https:\/\/gustafs.com\/pl\/\",\"name\":\"Gustafs Scandinavia\",\"description\":\"Exclusive Wooden Panels And Acoustic Panels\",\"potentialAction\":[{\"@type\":\"SearchAction\",\"target\":{\"@type\":\"EntryPoint\",\"urlTemplate\":\"https:\/\/gustafs.com\/pl\/?s={search_term_string}\"},\"query-input\":{\"@type\":\"PropertyValueSpecification\",\"valueRequired\":true,\"valueName\":\"search_term_string\"}}],\"inLanguage\":\"pl-PL\"}]}<\/script>\n<!-- \/ Yoast SEO plugin. -->","yoast_head_json":{"title":"\u015aciana liniowa Plank-P | Gustafs Scandinavia","robots":{"index":"index","follow":"follow","max-snippet":"max-snippet:-1","max-image-preview":"max-image-preview:large","max-video-preview":"max-video-preview:-1"},"canonical":"https:\/\/gustafs.com\/pl\/produkt\/sciana-liniowa-plank-p\/","og_locale":"pl_PL","og_type":"article","og_title":"\u015aciana liniowa Plank-P | Gustafs Scandinavia","og_description":"EKSKLUZYWNE DESKI NA \u015aCIANY Gustafs Plank-P ma najwy\u017csz\u0105 mo\u017cliw\u0105 klas\u0119 odporno\u015bci ogniowej A2-s1,d0 i pozwala tworzy\u0107 pi\u0119kne przestrzenie z ok\u0142adzinami \u015bciennymi z listew pokrytych prawdziwym drewnem. System Gustafs Plank-P wykorzystuje system monta\u017cowy Capax Quick-Up, kt\u00f3ry jest niezawodny, oszcz\u0119dza prac\u0119 i zapewnia doskona\u0142e wyko\u0144czenie. Standardowe rozwi\u0105zanie z wieloma indywidualnymi wersjami dzi\u0119ki bogatej ofercie oklein, dodaniu kolor\u00f3w [&hellip;]","og_url":"https:\/\/gustafs.com\/pl\/produkt\/sciana-liniowa-plank-p\/","og_site_name":"Gustafs Scandinavia","article_modified_time":"2025-09-30T06:40:28+00:00","og_image":[{"width":1030,"height":1279,"url":"https:\/\/gustafs.com\/wp-content\/uploads\/2022\/04\/plank-p-wall-100-150-200-walnut-dark-new-product.jpg","type":"image\/jpeg"}],"twitter_card":"summary_large_image","twitter_misc":{"Szacowany czas czytania":"1 minuta"},"schema":{"@context":"https:\/\/schema.org","@graph":[{"@type":"WebPage","@id":"https:\/\/gustafs.com\/pl\/produkt\/sciana-liniowa-plank-p\/","url":"https:\/\/gustafs.com\/pl\/produkt\/sciana-liniowa-plank-p\/","name":"\u015aciana liniowa Plank-P | Gustafs Scandinavia","isPartOf":{"@id":"https:\/\/gustafs.com\/pl\/#website"},"primaryImageOfPage":{"@id":"https:\/\/gustafs.com\/pl\/produkt\/sciana-liniowa-plank-p\/#primaryimage"},"image":{"@id":"https:\/\/gustafs.com\/pl\/produkt\/sciana-liniowa-plank-p\/#primaryimage"},"thumbnailUrl":"https:\/\/gustafs.com\/wp-content\/uploads\/2022\/04\/plank-p-wall-100-150-200-walnut-dark-new-product.jpg","datePublished":"2025-05-05T18:42:25+00:00","dateModified":"2025-09-30T06:40:28+00:00","breadcrumb":{"@id":"https:\/\/gustafs.com\/pl\/produkt\/sciana-liniowa-plank-p\/#breadcrumb"},"inLanguage":"pl-PL","potentialAction":[{"@type":"ReadAction","target":["https:\/\/gustafs.com\/pl\/produkt\/sciana-liniowa-plank-p\/"]}]},{"@type":"ImageObject","inLanguage":"pl-PL","@id":"https:\/\/gustafs.com\/pl\/produkt\/sciana-liniowa-plank-p\/#primaryimage","url":"https:\/\/gustafs.com\/wp-content\/uploads\/2022\/04\/plank-p-wall-100-150-200-walnut-dark-new-product.jpg","contentUrl":"https:\/\/gustafs.com\/wp-content\/uploads\/2022\/04\/plank-p-wall-100-150-200-walnut-dark-new-product.jpg","width":1030,"height":1279},{"@type":"BreadcrumbList","@id":"https:\/\/gustafs.com\/pl\/produkt\/sciana-liniowa-plank-p\/#breadcrumb","itemListElement":[{"@type":"ListItem","position":1,"name":"Gustafs","item":"https:\/\/gustafs.com\/pl\/"},{"@type":"ListItem","position":2,"name":"Produkty","item":"https:\/\/gustafs.com\/pl\/produktow\/"},{"@type":"ListItem","position":3,"name":"Listwy","item":"https:\/\/gustafs.com\/pl\/kategoria-produktu\/liniowe\/"},{"@type":"ListItem","position":4,"name":"\u015aciana liniowa Plank-P"}]},{"@type":"WebSite","@id":"https:\/\/gustafs.com\/pl\/#website","url":"https:\/\/gustafs.com\/pl\/","name":"Gustafs Scandinavia","description":"Exclusive Wooden Panels And Acoustic Panels","potentialAction":[{"@type":"SearchAction","target":{"@type":"EntryPoint","urlTemplate":"https:\/\/gustafs.com\/pl\/?s={search_term_string}"},"query-input":{"@type":"PropertyValueSpecification","valueRequired":true,"valueName":"search_term_string"}}],"inLanguage":"pl-PL"}]}},"_links":{"self":[{"href":"https:\/\/gustafs.com\/pl\/wp-json\/wp\/v2\/product\/28407","targetHints":{"allow":["GET"]}}],"collection":[{"href":"https:\/\/gustafs.com\/pl\/wp-json\/wp\/v2\/product"}],"about":[{"href":"https:\/\/gustafs.com\/pl\/wp-json\/wp\/v2\/types\/product"}],"version-history":[{"count":9,"href":"https:\/\/gustafs.com\/pl\/wp-json\/wp\/v2\/product\/28407\/revisions"}],"predecessor-version":[{"id":34677,"href":"https:\/\/gustafs.com\/pl\/wp-json\/wp\/v2\/product\/28407\/revisions\/34677"}],"wp:featuredmedia":[{"embeddable":true,"href":"https:\/\/gustafs.com\/pl\/wp-json\/wp\/v2\/media\/28408"}],"wp:attachment":[{"href":"https:\/\/gustafs.com\/pl\/wp-json\/wp\/v2\/media?parent=28407"}],"wp:term":[{"taxonomy":"product_brand","embeddable":true,"href":"https:\/\/gustafs.com\/pl\/wp-json\/wp\/v2\/product_brand?post=28407"},{"taxonomy":"product_cat","embeddable":true,"href":"https:\/\/gustafs.com\/pl\/wp-json\/wp\/v2\/product_cat?post=28407"},{"taxonomy":"product_tag","embeddable":true,"href":"https:\/\/gustafs.com\/pl\/wp-json\/wp\/v2\/product_tag?post=28407"}],"curies":[{"name":"wp","href":"https:\/\/api.w.org\/{rel}","templated":true}]}}