{"id":28390,"date":"2022-04-05T06:54:12","date_gmt":"2025-05-05T18:42:18","guid":{"rendered":"https:\/\/gustafs.com\/product\/sufit-liniowy-plank-p\/"},"modified":"2025-09-30T08:45:13","modified_gmt":"2025-09-30T06:45:13","slug":"sufit-liniowy-plank-p","status":"publish","type":"product","link":"https:\/\/gustafs.com\/pl\/produkt\/sufit-liniowy-plank-p\/","title":{"rendered":"Sufit liniowy Plank-P"},"content":{"rendered":"<p style=\"letter-spacing: 1px;\">EKSKLUZYWNE DESKI DO SUFIT\u00d3W<\/p>\n<p>Gustafs Plank-P ma najwy\u017csz\u0105 mo\u017cliw\u0105 A2-s1,d0 klas\u0119 przeciwpo\u017carow\u0105 i pozwala tworzy\u0107 pi\u0119kne przestrzenie z sufitami listwowymi z prawdziwego drewna. System desek liniowych Gustafs wykorzystuje system monta\u017cowy Capax, Quick-Up, kt\u00f3ry jest niezawodny, oszcz\u0119dza prac\u0119 i zapewnia doskona\u0142e wyko\u0144czenie  we wszystkich sytuacjach. Standardowe rozwi\u0105zanie z wieloma indywidualnie regulowanymi opcjami. Mo\u017cna zmienia\u0107 oklein\u0119, dodawa\u0107 kolory za pomoc\u0105 pigmentacji, stosowa\u0107 dost\u0119pne wymiary desek &#8211; 88, 138 lub 188 mm, po\u0142\u0105czenia na styk lub otwarte, tak\u017ce kolorowe. Wybierz mi\u0119dzy jasnymi lub ciemnymi kraw\u0119dziami. Gustafs Plank-P mo\u017ce by\u0107 stosowany r\u00f3wnie\u017c na zakrzywionych powierzchniach sufitu.<\/p>\n","protected":false},"excerpt":{"rendered":"<p>EKSKLUZYWNE DESKI DO SUFIT\u00d3W Gustafs Plank-P ma najwy\u017csz\u0105 mo\u017cliw\u0105 A2-s1,d0 klas\u0119 przeciwpo\u017carow\u0105 i pozwala tworzy\u0107 pi\u0119kne przestrzenie z sufitami listwowymi z prawdziwego drewna. System desek liniowych Gustafs wykorzystuje system monta\u017cowy Capax, Quick-Up, kt\u00f3ry jest niezawodny, oszcz\u0119dza prac\u0119 i zapewnia doskona\u0142e wyko\u0144czenie we wszystkich sytuacjach. Standardowe rozwi\u0105zanie z wieloma indywidualnie regulowanymi opcjami. Mo\u017cna zmienia\u0107 oklein\u0119, dodawa\u0107 [&hellip;]<\/p>\n","protected":false},"featured_media":28391,"template":"","meta":{"_acf_changed":false,"inline_featured_image":false,"footnotes":""},"product_brand":[],"product_cat":[429,430],"product_tag":[],"class_list":{"0":"post-28390","1":"product","2":"type-product","3":"status-publish","4":"has-post-thumbnail","6":"product_cat-liniowe","7":"product_cat-system-liniowy","8":"pa_acoustic-class-d","10":"first","11":"instock","12":"shipping-taxable","13":"product-type-simple"},"acf":[],"yoast_head":"<!-- This site is optimized with the Yoast SEO plugin v25.4 - https:\/\/yoast.com\/wordpress\/plugins\/seo\/ -->\n<title>Sufit liniowy Plank-P | Gustafs Scandinavia<\/title>\n<meta name=\"robots\" content=\"index, follow, max-snippet:-1, max-image-preview:large, max-video-preview:-1\" \/>\n<link rel=\"canonical\" href=\"https:\/\/gustafs.com\/pl\/produkt\/sufit-liniowy-plank-p\/\" \/>\n<meta property=\"og:locale\" content=\"pl_PL\" \/>\n<meta property=\"og:type\" content=\"article\" \/>\n<meta property=\"og:title\" content=\"Sufit liniowy Plank-P | Gustafs Scandinavia\" \/>\n<meta property=\"og:description\" content=\"EKSKLUZYWNE DESKI DO SUFIT\u00d3W Gustafs Plank-P ma najwy\u017csz\u0105 mo\u017cliw\u0105 A2-s1,d0 klas\u0119 przeciwpo\u017carow\u0105 i pozwala tworzy\u0107 pi\u0119kne przestrzenie z sufitami listwowymi z prawdziwego drewna. System desek liniowych Gustafs wykorzystuje system monta\u017cowy Capax, Quick-Up, kt\u00f3ry jest niezawodny, oszcz\u0119dza prac\u0119 i zapewnia doskona\u0142e wyko\u0144czenie we wszystkich sytuacjach. Standardowe rozwi\u0105zanie z wieloma indywidualnie regulowanymi opcjami. Mo\u017cna zmienia\u0107 oklein\u0119, dodawa\u0107 [&hellip;]\" \/>\n<meta property=\"og:url\" content=\"https:\/\/gustafs.com\/pl\/produkt\/sufit-liniowy-plank-p\/\" \/>\n<meta property=\"og:site_name\" content=\"Gustafs Scandinavia\" \/>\n<meta property=\"article:modified_time\" content=\"2025-09-30T06:45:13+00:00\" \/>\n<meta property=\"og:image\" content=\"https:\/\/gustafs.com\/wp-content\/uploads\/2022\/04\/plank-p-ceiling-88-138-188-walnut-product.jpg\" \/>\n\t<meta property=\"og:image:width\" content=\"1030\" \/>\n\t<meta property=\"og:image:height\" content=\"1290\" \/>\n\t<meta property=\"og:image:type\" content=\"image\/jpeg\" \/>\n<meta name=\"twitter:card\" content=\"summary_large_image\" \/>\n<meta name=\"twitter:label1\" content=\"Szacowany czas czytania\" \/>\n\t<meta name=\"twitter:data1\" content=\"1 minuta\" \/>\n<script type=\"application\/ld+json\" class=\"yoast-schema-graph\">{\"@context\":\"https:\/\/schema.org\",\"@graph\":[{\"@type\":\"WebPage\",\"@id\":\"https:\/\/gustafs.com\/pl\/produkt\/sufit-liniowy-plank-p\/\",\"url\":\"https:\/\/gustafs.com\/pl\/produkt\/sufit-liniowy-plank-p\/\",\"name\":\"Sufit liniowy Plank-P | Gustafs Scandinavia\",\"isPartOf\":{\"@id\":\"https:\/\/gustafs.com\/pl\/#website\"},\"primaryImageOfPage\":{\"@id\":\"https:\/\/gustafs.com\/pl\/produkt\/sufit-liniowy-plank-p\/#primaryimage\"},\"image\":{\"@id\":\"https:\/\/gustafs.com\/pl\/produkt\/sufit-liniowy-plank-p\/#primaryimage\"},\"thumbnailUrl\":\"https:\/\/gustafs.com\/wp-content\/uploads\/2022\/04\/plank-p-ceiling-88-138-188-walnut-product.jpg\",\"datePublished\":\"2025-05-05T18:42:18+00:00\",\"dateModified\":\"2025-09-30T06:45:13+00:00\",\"breadcrumb\":{\"@id\":\"https:\/\/gustafs.com\/pl\/produkt\/sufit-liniowy-plank-p\/#breadcrumb\"},\"inLanguage\":\"pl-PL\",\"potentialAction\":[{\"@type\":\"ReadAction\",\"target\":[\"https:\/\/gustafs.com\/pl\/produkt\/sufit-liniowy-plank-p\/\"]}]},{\"@type\":\"ImageObject\",\"inLanguage\":\"pl-PL\",\"@id\":\"https:\/\/gustafs.com\/pl\/produkt\/sufit-liniowy-plank-p\/#primaryimage\",\"url\":\"https:\/\/gustafs.com\/wp-content\/uploads\/2022\/04\/plank-p-ceiling-88-138-188-walnut-product.jpg\",\"contentUrl\":\"https:\/\/gustafs.com\/wp-content\/uploads\/2022\/04\/plank-p-ceiling-88-138-188-walnut-product.jpg\",\"width\":1030,\"height\":1290},{\"@type\":\"BreadcrumbList\",\"@id\":\"https:\/\/gustafs.com\/pl\/produkt\/sufit-liniowy-plank-p\/#breadcrumb\",\"itemListElement\":[{\"@type\":\"ListItem\",\"position\":1,\"name\":\"Gustafs\",\"item\":\"https:\/\/gustafs.com\/pl\/\"},{\"@type\":\"ListItem\",\"position\":2,\"name\":\"Produkty\",\"item\":\"https:\/\/gustafs.com\/pl\/produktow\/\"},{\"@type\":\"ListItem\",\"position\":3,\"name\":\"Listwy\",\"item\":\"https:\/\/gustafs.com\/pl\/kategoria-produktu\/liniowe\/\"},{\"@type\":\"ListItem\",\"position\":4,\"name\":\"Sufit liniowy Plank-P\"}]},{\"@type\":\"WebSite\",\"@id\":\"https:\/\/gustafs.com\/pl\/#website\",\"url\":\"https:\/\/gustafs.com\/pl\/\",\"name\":\"Gustafs Scandinavia\",\"description\":\"Exclusive Wooden Panels And Acoustic Panels\",\"potentialAction\":[{\"@type\":\"SearchAction\",\"target\":{\"@type\":\"EntryPoint\",\"urlTemplate\":\"https:\/\/gustafs.com\/pl\/?s={search_term_string}\"},\"query-input\":{\"@type\":\"PropertyValueSpecification\",\"valueRequired\":true,\"valueName\":\"search_term_string\"}}],\"inLanguage\":\"pl-PL\"}]}<\/script>\n<!-- \/ Yoast SEO plugin. -->","yoast_head_json":{"title":"Sufit liniowy Plank-P | Gustafs Scandinavia","robots":{"index":"index","follow":"follow","max-snippet":"max-snippet:-1","max-image-preview":"max-image-preview:large","max-video-preview":"max-video-preview:-1"},"canonical":"https:\/\/gustafs.com\/pl\/produkt\/sufit-liniowy-plank-p\/","og_locale":"pl_PL","og_type":"article","og_title":"Sufit liniowy Plank-P | Gustafs Scandinavia","og_description":"EKSKLUZYWNE DESKI DO SUFIT\u00d3W Gustafs Plank-P ma najwy\u017csz\u0105 mo\u017cliw\u0105 A2-s1,d0 klas\u0119 przeciwpo\u017carow\u0105 i pozwala tworzy\u0107 pi\u0119kne przestrzenie z sufitami listwowymi z prawdziwego drewna. System desek liniowych Gustafs wykorzystuje system monta\u017cowy Capax, Quick-Up, kt\u00f3ry jest niezawodny, oszcz\u0119dza prac\u0119 i zapewnia doskona\u0142e wyko\u0144czenie we wszystkich sytuacjach. Standardowe rozwi\u0105zanie z wieloma indywidualnie regulowanymi opcjami. Mo\u017cna zmienia\u0107 oklein\u0119, dodawa\u0107 [&hellip;]","og_url":"https:\/\/gustafs.com\/pl\/produkt\/sufit-liniowy-plank-p\/","og_site_name":"Gustafs Scandinavia","article_modified_time":"2025-09-30T06:45:13+00:00","og_image":[{"width":1030,"height":1290,"url":"https:\/\/gustafs.com\/wp-content\/uploads\/2022\/04\/plank-p-ceiling-88-138-188-walnut-product.jpg","type":"image\/jpeg"}],"twitter_card":"summary_large_image","twitter_misc":{"Szacowany czas czytania":"1 minuta"},"schema":{"@context":"https:\/\/schema.org","@graph":[{"@type":"WebPage","@id":"https:\/\/gustafs.com\/pl\/produkt\/sufit-liniowy-plank-p\/","url":"https:\/\/gustafs.com\/pl\/produkt\/sufit-liniowy-plank-p\/","name":"Sufit liniowy Plank-P | Gustafs Scandinavia","isPartOf":{"@id":"https:\/\/gustafs.com\/pl\/#website"},"primaryImageOfPage":{"@id":"https:\/\/gustafs.com\/pl\/produkt\/sufit-liniowy-plank-p\/#primaryimage"},"image":{"@id":"https:\/\/gustafs.com\/pl\/produkt\/sufit-liniowy-plank-p\/#primaryimage"},"thumbnailUrl":"https:\/\/gustafs.com\/wp-content\/uploads\/2022\/04\/plank-p-ceiling-88-138-188-walnut-product.jpg","datePublished":"2025-05-05T18:42:18+00:00","dateModified":"2025-09-30T06:45:13+00:00","breadcrumb":{"@id":"https:\/\/gustafs.com\/pl\/produkt\/sufit-liniowy-plank-p\/#breadcrumb"},"inLanguage":"pl-PL","potentialAction":[{"@type":"ReadAction","target":["https:\/\/gustafs.com\/pl\/produkt\/sufit-liniowy-plank-p\/"]}]},{"@type":"ImageObject","inLanguage":"pl-PL","@id":"https:\/\/gustafs.com\/pl\/produkt\/sufit-liniowy-plank-p\/#primaryimage","url":"https:\/\/gustafs.com\/wp-content\/uploads\/2022\/04\/plank-p-ceiling-88-138-188-walnut-product.jpg","contentUrl":"https:\/\/gustafs.com\/wp-content\/uploads\/2022\/04\/plank-p-ceiling-88-138-188-walnut-product.jpg","width":1030,"height":1290},{"@type":"BreadcrumbList","@id":"https:\/\/gustafs.com\/pl\/produkt\/sufit-liniowy-plank-p\/#breadcrumb","itemListElement":[{"@type":"ListItem","position":1,"name":"Gustafs","item":"https:\/\/gustafs.com\/pl\/"},{"@type":"ListItem","position":2,"name":"Produkty","item":"https:\/\/gustafs.com\/pl\/produktow\/"},{"@type":"ListItem","position":3,"name":"Listwy","item":"https:\/\/gustafs.com\/pl\/kategoria-produktu\/liniowe\/"},{"@type":"ListItem","position":4,"name":"Sufit liniowy Plank-P"}]},{"@type":"WebSite","@id":"https:\/\/gustafs.com\/pl\/#website","url":"https:\/\/gustafs.com\/pl\/","name":"Gustafs Scandinavia","description":"Exclusive Wooden Panels And Acoustic Panels","potentialAction":[{"@type":"SearchAction","target":{"@type":"EntryPoint","urlTemplate":"https:\/\/gustafs.com\/pl\/?s={search_term_string}"},"query-input":{"@type":"PropertyValueSpecification","valueRequired":true,"valueName":"search_term_string"}}],"inLanguage":"pl-PL"}]}},"_links":{"self":[{"href":"https:\/\/gustafs.com\/pl\/wp-json\/wp\/v2\/product\/28390","targetHints":{"allow":["GET"]}}],"collection":[{"href":"https:\/\/gustafs.com\/pl\/wp-json\/wp\/v2\/product"}],"about":[{"href":"https:\/\/gustafs.com\/pl\/wp-json\/wp\/v2\/types\/product"}],"version-history":[{"count":8,"href":"https:\/\/gustafs.com\/pl\/wp-json\/wp\/v2\/product\/28390\/revisions"}],"predecessor-version":[{"id":34680,"href":"https:\/\/gustafs.com\/pl\/wp-json\/wp\/v2\/product\/28390\/revisions\/34680"}],"wp:featuredmedia":[{"embeddable":true,"href":"https:\/\/gustafs.com\/pl\/wp-json\/wp\/v2\/media\/28391"}],"wp:attachment":[{"href":"https:\/\/gustafs.com\/pl\/wp-json\/wp\/v2\/media?parent=28390"}],"wp:term":[{"taxonomy":"product_brand","embeddable":true,"href":"https:\/\/gustafs.com\/pl\/wp-json\/wp\/v2\/product_brand?post=28390"},{"taxonomy":"product_cat","embeddable":true,"href":"https:\/\/gustafs.com\/pl\/wp-json\/wp\/v2\/product_cat?post=28390"},{"taxonomy":"product_tag","embeddable":true,"href":"https:\/\/gustafs.com\/pl\/wp-json\/wp\/v2\/product_tag?post=28390"}],"curies":[{"name":"wp","href":"https:\/\/api.w.org\/{rel}","templated":true}]}}