{"id":28340,"date":"2022-04-05T06:06:01","date_gmt":"2025-05-05T18:42:09","guid":{"rendered":"https:\/\/gustafs.com\/product\/liniowy-sufit-z-desek\/"},"modified":"2025-09-30T08:33:06","modified_gmt":"2025-09-30T06:33:06","slug":"liniowy-sufit-z-desek","status":"publish","type":"product","link":"https:\/\/gustafs.com\/pl\/produkt\/liniowy-sufit-z-desek\/","title":{"rendered":"Linear sufit z Plank"},"content":{"rendered":"<p style=\"letter-spacing: 1px;\">EKSKLUZYWNE DESKI SUFITOWE<\/p>\n<p>Gustafs Plank zapewnia tradycyjne wzornictwo do tworzenia pi\u0119knych sufit\u00f3w. Wykorzystuje elementy systemu monta\u017cowego Gustafs Capax, kt\u00f3ry jest niezawodny, niepracoch\u0142onny i gwarantuje doskona\u0142y efekt ko\u0144cowy. Chocia\u017c jest to standardowy system to mo\u017cna stworzy\u0107 indywidualny wygl\u0105d sufitu poprzez odpowiedni dob\u00f3r okleiny, pigmentu, r\u00f3\u017cnych szeroko\u015bci desek (88, 138 i 188mm) i odst\u0119p\u00f3w miedzy nimi, kt\u00f3re mog\u0105 by\u0107 otwarte, zamkni\u0119te i kolorowe. Deska Gustafs mo\u017ce by\u0107 r\u00f3wnie\u017c stosowana na zakrzywionych powierzchniach sufitu.<\/p>\n","protected":false},"excerpt":{"rendered":"<p>EKSKLUZYWNE DESKI SUFITOWE Gustafs Plank zapewnia tradycyjne wzornictwo do tworzenia pi\u0119knych sufit\u00f3w. Wykorzystuje elementy systemu monta\u017cowego Gustafs Capax, kt\u00f3ry jest niezawodny, niepracoch\u0142onny i gwarantuje doskona\u0142y efekt ko\u0144cowy. Chocia\u017c jest to standardowy system to mo\u017cna stworzy\u0107 indywidualny wygl\u0105d sufitu poprzez odpowiedni dob\u00f3r okleiny, pigmentu, r\u00f3\u017cnych szeroko\u015bci desek (88, 138 i 188mm) i odst\u0119p\u00f3w miedzy nimi, kt\u00f3re [&hellip;]<\/p>\n","protected":false},"featured_media":28341,"template":"","meta":{"_acf_changed":false,"inline_featured_image":false,"footnotes":""},"product_brand":[],"product_cat":[429,430],"product_tag":[],"class_list":{"0":"post-28340","1":"product","2":"type-product","3":"status-publish","4":"has-post-thumbnail","6":"product_cat-liniowe","7":"product_cat-system-liniowy","8":"pa_acoustic-class-d","10":"first","11":"instock","12":"shipping-taxable","13":"product-type-simple"},"acf":[],"yoast_head":"<!-- This site is optimized with the Yoast SEO plugin v25.4 - https:\/\/yoast.com\/wordpress\/plugins\/seo\/ -->\n<title>Linear sufit z Plank | Gustafs Scandinavia<\/title>\n<meta name=\"robots\" content=\"index, follow, max-snippet:-1, max-image-preview:large, max-video-preview:-1\" \/>\n<link rel=\"canonical\" href=\"https:\/\/gustafs.com\/pl\/produkt\/liniowy-sufit-z-desek\/\" \/>\n<meta property=\"og:locale\" content=\"pl_PL\" \/>\n<meta property=\"og:type\" content=\"article\" \/>\n<meta property=\"og:title\" content=\"Linear sufit z Plank | Gustafs Scandinavia\" \/>\n<meta property=\"og:description\" content=\"EKSKLUZYWNE DESKI SUFITOWE Gustafs Plank zapewnia tradycyjne wzornictwo do tworzenia pi\u0119knych sufit\u00f3w. Wykorzystuje elementy systemu monta\u017cowego Gustafs Capax, kt\u00f3ry jest niezawodny, niepracoch\u0142onny i gwarantuje doskona\u0142y efekt ko\u0144cowy. Chocia\u017c jest to standardowy system to mo\u017cna stworzy\u0107 indywidualny wygl\u0105d sufitu poprzez odpowiedni dob\u00f3r okleiny, pigmentu, r\u00f3\u017cnych szeroko\u015bci desek (88, 138 i 188mm) i odst\u0119p\u00f3w miedzy nimi, kt\u00f3re [&hellip;]\" \/>\n<meta property=\"og:url\" content=\"https:\/\/gustafs.com\/pl\/produkt\/liniowy-sufit-z-desek\/\" \/>\n<meta property=\"og:site_name\" content=\"Gustafs Scandinavia\" \/>\n<meta property=\"article:modified_time\" content=\"2025-09-30T06:33:06+00:00\" \/>\n<meta property=\"og:image\" content=\"https:\/\/gustafs.com\/wp-content\/uploads\/2022\/04\/plank-ceiling-88-138-188-ek-product.jpg\" \/>\n\t<meta property=\"og:image:width\" content=\"1030\" \/>\n\t<meta property=\"og:image:height\" content=\"1290\" \/>\n\t<meta property=\"og:image:type\" content=\"image\/jpeg\" \/>\n<meta name=\"twitter:card\" content=\"summary_large_image\" \/>\n<meta name=\"twitter:label1\" content=\"Szacowany czas czytania\" \/>\n\t<meta name=\"twitter:data1\" content=\"1 minuta\" \/>\n<script type=\"application\/ld+json\" class=\"yoast-schema-graph\">{\"@context\":\"https:\/\/schema.org\",\"@graph\":[{\"@type\":\"WebPage\",\"@id\":\"https:\/\/gustafs.com\/pl\/produkt\/liniowy-sufit-z-desek\/\",\"url\":\"https:\/\/gustafs.com\/pl\/produkt\/liniowy-sufit-z-desek\/\",\"name\":\"Linear sufit z Plank | Gustafs Scandinavia\",\"isPartOf\":{\"@id\":\"https:\/\/gustafs.com\/pl\/#website\"},\"primaryImageOfPage\":{\"@id\":\"https:\/\/gustafs.com\/pl\/produkt\/liniowy-sufit-z-desek\/#primaryimage\"},\"image\":{\"@id\":\"https:\/\/gustafs.com\/pl\/produkt\/liniowy-sufit-z-desek\/#primaryimage\"},\"thumbnailUrl\":\"https:\/\/gustafs.com\/wp-content\/uploads\/2022\/04\/plank-ceiling-88-138-188-ek-product.jpg\",\"datePublished\":\"2025-05-05T18:42:09+00:00\",\"dateModified\":\"2025-09-30T06:33:06+00:00\",\"breadcrumb\":{\"@id\":\"https:\/\/gustafs.com\/pl\/produkt\/liniowy-sufit-z-desek\/#breadcrumb\"},\"inLanguage\":\"pl-PL\",\"potentialAction\":[{\"@type\":\"ReadAction\",\"target\":[\"https:\/\/gustafs.com\/pl\/produkt\/liniowy-sufit-z-desek\/\"]}]},{\"@type\":\"ImageObject\",\"inLanguage\":\"pl-PL\",\"@id\":\"https:\/\/gustafs.com\/pl\/produkt\/liniowy-sufit-z-desek\/#primaryimage\",\"url\":\"https:\/\/gustafs.com\/wp-content\/uploads\/2022\/04\/plank-ceiling-88-138-188-ek-product.jpg\",\"contentUrl\":\"https:\/\/gustafs.com\/wp-content\/uploads\/2022\/04\/plank-ceiling-88-138-188-ek-product.jpg\",\"width\":1030,\"height\":1290},{\"@type\":\"BreadcrumbList\",\"@id\":\"https:\/\/gustafs.com\/pl\/produkt\/liniowy-sufit-z-desek\/#breadcrumb\",\"itemListElement\":[{\"@type\":\"ListItem\",\"position\":1,\"name\":\"Gustafs\",\"item\":\"https:\/\/gustafs.com\/pl\/\"},{\"@type\":\"ListItem\",\"position\":2,\"name\":\"Produkty\",\"item\":\"https:\/\/gustafs.com\/pl\/produktow\/\"},{\"@type\":\"ListItem\",\"position\":3,\"name\":\"Listwy\",\"item\":\"https:\/\/gustafs.com\/pl\/kategoria-produktu\/liniowe\/\"},{\"@type\":\"ListItem\",\"position\":4,\"name\":\"Linear sufit z Plank\"}]},{\"@type\":\"WebSite\",\"@id\":\"https:\/\/gustafs.com\/pl\/#website\",\"url\":\"https:\/\/gustafs.com\/pl\/\",\"name\":\"Gustafs Scandinavia\",\"description\":\"Exclusive Wooden Panels And Acoustic Panels\",\"potentialAction\":[{\"@type\":\"SearchAction\",\"target\":{\"@type\":\"EntryPoint\",\"urlTemplate\":\"https:\/\/gustafs.com\/pl\/?s={search_term_string}\"},\"query-input\":{\"@type\":\"PropertyValueSpecification\",\"valueRequired\":true,\"valueName\":\"search_term_string\"}}],\"inLanguage\":\"pl-PL\"}]}<\/script>\n<!-- \/ Yoast SEO plugin. -->","yoast_head_json":{"title":"Linear sufit z Plank | Gustafs Scandinavia","robots":{"index":"index","follow":"follow","max-snippet":"max-snippet:-1","max-image-preview":"max-image-preview:large","max-video-preview":"max-video-preview:-1"},"canonical":"https:\/\/gustafs.com\/pl\/produkt\/liniowy-sufit-z-desek\/","og_locale":"pl_PL","og_type":"article","og_title":"Linear sufit z Plank | Gustafs Scandinavia","og_description":"EKSKLUZYWNE DESKI SUFITOWE Gustafs Plank zapewnia tradycyjne wzornictwo do tworzenia pi\u0119knych sufit\u00f3w. Wykorzystuje elementy systemu monta\u017cowego Gustafs Capax, kt\u00f3ry jest niezawodny, niepracoch\u0142onny i gwarantuje doskona\u0142y efekt ko\u0144cowy. Chocia\u017c jest to standardowy system to mo\u017cna stworzy\u0107 indywidualny wygl\u0105d sufitu poprzez odpowiedni dob\u00f3r okleiny, pigmentu, r\u00f3\u017cnych szeroko\u015bci desek (88, 138 i 188mm) i odst\u0119p\u00f3w miedzy nimi, kt\u00f3re [&hellip;]","og_url":"https:\/\/gustafs.com\/pl\/produkt\/liniowy-sufit-z-desek\/","og_site_name":"Gustafs Scandinavia","article_modified_time":"2025-09-30T06:33:06+00:00","og_image":[{"width":1030,"height":1290,"url":"https:\/\/gustafs.com\/wp-content\/uploads\/2022\/04\/plank-ceiling-88-138-188-ek-product.jpg","type":"image\/jpeg"}],"twitter_card":"summary_large_image","twitter_misc":{"Szacowany czas czytania":"1 minuta"},"schema":{"@context":"https:\/\/schema.org","@graph":[{"@type":"WebPage","@id":"https:\/\/gustafs.com\/pl\/produkt\/liniowy-sufit-z-desek\/","url":"https:\/\/gustafs.com\/pl\/produkt\/liniowy-sufit-z-desek\/","name":"Linear sufit z Plank | Gustafs Scandinavia","isPartOf":{"@id":"https:\/\/gustafs.com\/pl\/#website"},"primaryImageOfPage":{"@id":"https:\/\/gustafs.com\/pl\/produkt\/liniowy-sufit-z-desek\/#primaryimage"},"image":{"@id":"https:\/\/gustafs.com\/pl\/produkt\/liniowy-sufit-z-desek\/#primaryimage"},"thumbnailUrl":"https:\/\/gustafs.com\/wp-content\/uploads\/2022\/04\/plank-ceiling-88-138-188-ek-product.jpg","datePublished":"2025-05-05T18:42:09+00:00","dateModified":"2025-09-30T06:33:06+00:00","breadcrumb":{"@id":"https:\/\/gustafs.com\/pl\/produkt\/liniowy-sufit-z-desek\/#breadcrumb"},"inLanguage":"pl-PL","potentialAction":[{"@type":"ReadAction","target":["https:\/\/gustafs.com\/pl\/produkt\/liniowy-sufit-z-desek\/"]}]},{"@type":"ImageObject","inLanguage":"pl-PL","@id":"https:\/\/gustafs.com\/pl\/produkt\/liniowy-sufit-z-desek\/#primaryimage","url":"https:\/\/gustafs.com\/wp-content\/uploads\/2022\/04\/plank-ceiling-88-138-188-ek-product.jpg","contentUrl":"https:\/\/gustafs.com\/wp-content\/uploads\/2022\/04\/plank-ceiling-88-138-188-ek-product.jpg","width":1030,"height":1290},{"@type":"BreadcrumbList","@id":"https:\/\/gustafs.com\/pl\/produkt\/liniowy-sufit-z-desek\/#breadcrumb","itemListElement":[{"@type":"ListItem","position":1,"name":"Gustafs","item":"https:\/\/gustafs.com\/pl\/"},{"@type":"ListItem","position":2,"name":"Produkty","item":"https:\/\/gustafs.com\/pl\/produktow\/"},{"@type":"ListItem","position":3,"name":"Listwy","item":"https:\/\/gustafs.com\/pl\/kategoria-produktu\/liniowe\/"},{"@type":"ListItem","position":4,"name":"Linear sufit z Plank"}]},{"@type":"WebSite","@id":"https:\/\/gustafs.com\/pl\/#website","url":"https:\/\/gustafs.com\/pl\/","name":"Gustafs Scandinavia","description":"Exclusive Wooden Panels And Acoustic Panels","potentialAction":[{"@type":"SearchAction","target":{"@type":"EntryPoint","urlTemplate":"https:\/\/gustafs.com\/pl\/?s={search_term_string}"},"query-input":{"@type":"PropertyValueSpecification","valueRequired":true,"valueName":"search_term_string"}}],"inLanguage":"pl-PL"}]}},"_links":{"self":[{"href":"https:\/\/gustafs.com\/pl\/wp-json\/wp\/v2\/product\/28340","targetHints":{"allow":["GET"]}}],"collection":[{"href":"https:\/\/gustafs.com\/pl\/wp-json\/wp\/v2\/product"}],"about":[{"href":"https:\/\/gustafs.com\/pl\/wp-json\/wp\/v2\/types\/product"}],"version-history":[{"count":12,"href":"https:\/\/gustafs.com\/pl\/wp-json\/wp\/v2\/product\/28340\/revisions"}],"predecessor-version":[{"id":34673,"href":"https:\/\/gustafs.com\/pl\/wp-json\/wp\/v2\/product\/28340\/revisions\/34673"}],"wp:featuredmedia":[{"embeddable":true,"href":"https:\/\/gustafs.com\/pl\/wp-json\/wp\/v2\/media\/28341"}],"wp:attachment":[{"href":"https:\/\/gustafs.com\/pl\/wp-json\/wp\/v2\/media?parent=28340"}],"wp:term":[{"taxonomy":"product_brand","embeddable":true,"href":"https:\/\/gustafs.com\/pl\/wp-json\/wp\/v2\/product_brand?post=28340"},{"taxonomy":"product_cat","embeddable":true,"href":"https:\/\/gustafs.com\/pl\/wp-json\/wp\/v2\/product_cat?post=28340"},{"taxonomy":"product_tag","embeddable":true,"href":"https:\/\/gustafs.com\/pl\/wp-json\/wp\/v2\/product_tag?post=28340"}],"curies":[{"name":"wp","href":"https:\/\/api.w.org\/{rel}","templated":true}]}}