{"id":28146,"date":"2022-03-16T18:25:00","date_gmt":"2025-05-05T18:41:49","guid":{"rendered":"https:\/\/gustafs.com\/product\/liniowa-instalacja-zebrowa-sciana\/"},"modified":"2025-10-02T17:15:41","modified_gmt":"2025-10-02T15:15:41","slug":"liniowa-instalacja-zebrowa-sciana","status":"publish","type":"product","link":"https:\/\/gustafs.com\/pl\/produkt\/liniowa-instalacja-zebrowa-sciana\/","title":{"rendered":"Monta\u017c \u017ceber liniowych &#8211; \u015bciana"},"content":{"rendered":"<p>System monta\u017cowy Capax dla Linear RIB to przyjazny dla u\u017cytkownika uchwyt aluminiowy, oferuj\u0105cy niezawodno\u015b\u0107 monta\u017cu i doskona\u0142y efekt wizualny. Kompatybilne produkty: Linear Rib-R, Rib-S i Stripe-XL.<\/p>\n","protected":false},"excerpt":{"rendered":"<p>System monta\u017cowy Capax dla Linear RIB to przyjazny dla u\u017cytkownika uchwyt aluminiowy, oferuj\u0105cy niezawodno\u015b\u0107 monta\u017cu i doskona\u0142y efekt wizualny. Kompatybilne produkty: Linear Rib-R, Rib-S i Stripe-XL.<\/p>\n","protected":false},"featured_media":28147,"template":"","meta":{"_acf_changed":false,"inline_featured_image":false,"footnotes":""},"product_brand":[],"product_cat":[406],"product_tag":[],"class_list":{"0":"post-28146","1":"product","2":"type-product","3":"status-publish","4":"has-post-thumbnail","6":"product_cat-systemy-montazowe-capax","8":"first","9":"instock","10":"shipping-taxable","11":"product-type-simple"},"acf":[],"yoast_head":"<!-- This site is optimized with the Yoast SEO plugin v25.4 - https:\/\/yoast.com\/wordpress\/plugins\/seo\/ -->\n<title>Monta\u017c \u017ceber liniowych - \u015bciana | Gustafs Scandinavia<\/title>\n<meta name=\"robots\" content=\"index, follow, max-snippet:-1, max-image-preview:large, max-video-preview:-1\" \/>\n<link rel=\"canonical\" href=\"https:\/\/gustafs.com\/pl\/produkt\/liniowa-instalacja-zebrowa-sciana\/\" \/>\n<meta property=\"og:locale\" content=\"pl_PL\" \/>\n<meta property=\"og:type\" content=\"article\" \/>\n<meta property=\"og:title\" content=\"Monta\u017c \u017ceber liniowych - \u015bciana | Gustafs Scandinavia\" \/>\n<meta property=\"og:description\" content=\"System monta\u017cowy Capax dla Linear RIB to przyjazny dla u\u017cytkownika uchwyt aluminiowy, oferuj\u0105cy niezawodno\u015b\u0107 monta\u017cu i doskona\u0142y efekt wizualny. Kompatybilne produkty: Linear Rib-R, Rib-S i Stripe-XL.\" \/>\n<meta property=\"og:url\" content=\"https:\/\/gustafs.com\/pl\/produkt\/liniowa-instalacja-zebrowa-sciana\/\" \/>\n<meta property=\"og:site_name\" content=\"Gustafs Scandinavia\" \/>\n<meta property=\"article:modified_time\" content=\"2025-10-02T15:15:41+00:00\" \/>\n<meta property=\"og:image\" content=\"https:\/\/gustafs.com\/wp-content\/uploads\/2022\/03\/wall-installation-rib.jpg\" \/>\n\t<meta property=\"og:image:width\" content=\"1030\" \/>\n\t<meta property=\"og:image:height\" content=\"1290\" \/>\n\t<meta property=\"og:image:type\" content=\"image\/jpeg\" \/>\n<meta name=\"twitter:card\" content=\"summary_large_image\" \/>\n<meta name=\"twitter:label1\" content=\"Szacowany czas czytania\" \/>\n\t<meta name=\"twitter:data1\" content=\"1 minuta\" \/>\n<script type=\"application\/ld+json\" class=\"yoast-schema-graph\">{\"@context\":\"https:\/\/schema.org\",\"@graph\":[{\"@type\":\"WebPage\",\"@id\":\"https:\/\/gustafs.com\/pl\/produkt\/liniowa-instalacja-zebrowa-sciana\/\",\"url\":\"https:\/\/gustafs.com\/pl\/produkt\/liniowa-instalacja-zebrowa-sciana\/\",\"name\":\"Monta\u017c \u017ceber liniowych - \u015bciana | Gustafs Scandinavia\",\"isPartOf\":{\"@id\":\"https:\/\/gustafs.com\/pl\/#website\"},\"primaryImageOfPage\":{\"@id\":\"https:\/\/gustafs.com\/pl\/produkt\/liniowa-instalacja-zebrowa-sciana\/#primaryimage\"},\"image\":{\"@id\":\"https:\/\/gustafs.com\/pl\/produkt\/liniowa-instalacja-zebrowa-sciana\/#primaryimage\"},\"thumbnailUrl\":\"https:\/\/gustafs.com\/wp-content\/uploads\/2022\/03\/wall-installation-rib.jpg\",\"datePublished\":\"2025-05-05T18:41:49+00:00\",\"dateModified\":\"2025-10-02T15:15:41+00:00\",\"breadcrumb\":{\"@id\":\"https:\/\/gustafs.com\/pl\/produkt\/liniowa-instalacja-zebrowa-sciana\/#breadcrumb\"},\"inLanguage\":\"pl-PL\",\"potentialAction\":[{\"@type\":\"ReadAction\",\"target\":[\"https:\/\/gustafs.com\/pl\/produkt\/liniowa-instalacja-zebrowa-sciana\/\"]}]},{\"@type\":\"ImageObject\",\"inLanguage\":\"pl-PL\",\"@id\":\"https:\/\/gustafs.com\/pl\/produkt\/liniowa-instalacja-zebrowa-sciana\/#primaryimage\",\"url\":\"https:\/\/gustafs.com\/wp-content\/uploads\/2022\/03\/wall-installation-rib.jpg\",\"contentUrl\":\"https:\/\/gustafs.com\/wp-content\/uploads\/2022\/03\/wall-installation-rib.jpg\",\"width\":1030,\"height\":1290},{\"@type\":\"BreadcrumbList\",\"@id\":\"https:\/\/gustafs.com\/pl\/produkt\/liniowa-instalacja-zebrowa-sciana\/#breadcrumb\",\"itemListElement\":[{\"@type\":\"ListItem\",\"position\":1,\"name\":\"Gustafs\",\"item\":\"https:\/\/gustafs.com\/pl\/\"},{\"@type\":\"ListItem\",\"position\":2,\"name\":\"Produkty\",\"item\":\"https:\/\/gustafs.com\/pl\/produktow\/\"},{\"@type\":\"ListItem\",\"position\":3,\"name\":\"Systemy monta\u017cowe Capax\",\"item\":\"https:\/\/gustafs.com\/pl\/kategoria-produktu\/systemy-montazowe-capax\/\"},{\"@type\":\"ListItem\",\"position\":4,\"name\":\"Monta\u017c \u017ceber liniowych &#8211; \u015bciana\"}]},{\"@type\":\"WebSite\",\"@id\":\"https:\/\/gustafs.com\/pl\/#website\",\"url\":\"https:\/\/gustafs.com\/pl\/\",\"name\":\"Gustafs Scandinavia\",\"description\":\"Exclusive Wooden Panels And Acoustic Panels\",\"potentialAction\":[{\"@type\":\"SearchAction\",\"target\":{\"@type\":\"EntryPoint\",\"urlTemplate\":\"https:\/\/gustafs.com\/pl\/?s={search_term_string}\"},\"query-input\":{\"@type\":\"PropertyValueSpecification\",\"valueRequired\":true,\"valueName\":\"search_term_string\"}}],\"inLanguage\":\"pl-PL\"}]}<\/script>\n<!-- \/ Yoast SEO plugin. -->","yoast_head_json":{"title":"Monta\u017c \u017ceber liniowych - \u015bciana | Gustafs Scandinavia","robots":{"index":"index","follow":"follow","max-snippet":"max-snippet:-1","max-image-preview":"max-image-preview:large","max-video-preview":"max-video-preview:-1"},"canonical":"https:\/\/gustafs.com\/pl\/produkt\/liniowa-instalacja-zebrowa-sciana\/","og_locale":"pl_PL","og_type":"article","og_title":"Monta\u017c \u017ceber liniowych - \u015bciana | Gustafs Scandinavia","og_description":"System monta\u017cowy Capax dla Linear RIB to przyjazny dla u\u017cytkownika uchwyt aluminiowy, oferuj\u0105cy niezawodno\u015b\u0107 monta\u017cu i doskona\u0142y efekt wizualny. Kompatybilne produkty: Linear Rib-R, Rib-S i Stripe-XL.","og_url":"https:\/\/gustafs.com\/pl\/produkt\/liniowa-instalacja-zebrowa-sciana\/","og_site_name":"Gustafs Scandinavia","article_modified_time":"2025-10-02T15:15:41+00:00","og_image":[{"width":1030,"height":1290,"url":"https:\/\/gustafs.com\/wp-content\/uploads\/2022\/03\/wall-installation-rib.jpg","type":"image\/jpeg"}],"twitter_card":"summary_large_image","twitter_misc":{"Szacowany czas czytania":"1 minuta"},"schema":{"@context":"https:\/\/schema.org","@graph":[{"@type":"WebPage","@id":"https:\/\/gustafs.com\/pl\/produkt\/liniowa-instalacja-zebrowa-sciana\/","url":"https:\/\/gustafs.com\/pl\/produkt\/liniowa-instalacja-zebrowa-sciana\/","name":"Monta\u017c \u017ceber liniowych - \u015bciana | Gustafs Scandinavia","isPartOf":{"@id":"https:\/\/gustafs.com\/pl\/#website"},"primaryImageOfPage":{"@id":"https:\/\/gustafs.com\/pl\/produkt\/liniowa-instalacja-zebrowa-sciana\/#primaryimage"},"image":{"@id":"https:\/\/gustafs.com\/pl\/produkt\/liniowa-instalacja-zebrowa-sciana\/#primaryimage"},"thumbnailUrl":"https:\/\/gustafs.com\/wp-content\/uploads\/2022\/03\/wall-installation-rib.jpg","datePublished":"2025-05-05T18:41:49+00:00","dateModified":"2025-10-02T15:15:41+00:00","breadcrumb":{"@id":"https:\/\/gustafs.com\/pl\/produkt\/liniowa-instalacja-zebrowa-sciana\/#breadcrumb"},"inLanguage":"pl-PL","potentialAction":[{"@type":"ReadAction","target":["https:\/\/gustafs.com\/pl\/produkt\/liniowa-instalacja-zebrowa-sciana\/"]}]},{"@type":"ImageObject","inLanguage":"pl-PL","@id":"https:\/\/gustafs.com\/pl\/produkt\/liniowa-instalacja-zebrowa-sciana\/#primaryimage","url":"https:\/\/gustafs.com\/wp-content\/uploads\/2022\/03\/wall-installation-rib.jpg","contentUrl":"https:\/\/gustafs.com\/wp-content\/uploads\/2022\/03\/wall-installation-rib.jpg","width":1030,"height":1290},{"@type":"BreadcrumbList","@id":"https:\/\/gustafs.com\/pl\/produkt\/liniowa-instalacja-zebrowa-sciana\/#breadcrumb","itemListElement":[{"@type":"ListItem","position":1,"name":"Gustafs","item":"https:\/\/gustafs.com\/pl\/"},{"@type":"ListItem","position":2,"name":"Produkty","item":"https:\/\/gustafs.com\/pl\/produktow\/"},{"@type":"ListItem","position":3,"name":"Systemy monta\u017cowe Capax","item":"https:\/\/gustafs.com\/pl\/kategoria-produktu\/systemy-montazowe-capax\/"},{"@type":"ListItem","position":4,"name":"Monta\u017c \u017ceber liniowych &#8211; \u015bciana"}]},{"@type":"WebSite","@id":"https:\/\/gustafs.com\/pl\/#website","url":"https:\/\/gustafs.com\/pl\/","name":"Gustafs Scandinavia","description":"Exclusive Wooden Panels And Acoustic Panels","potentialAction":[{"@type":"SearchAction","target":{"@type":"EntryPoint","urlTemplate":"https:\/\/gustafs.com\/pl\/?s={search_term_string}"},"query-input":{"@type":"PropertyValueSpecification","valueRequired":true,"valueName":"search_term_string"}}],"inLanguage":"pl-PL"}]}},"_links":{"self":[{"href":"https:\/\/gustafs.com\/pl\/wp-json\/wp\/v2\/product\/28146","targetHints":{"allow":["GET"]}}],"collection":[{"href":"https:\/\/gustafs.com\/pl\/wp-json\/wp\/v2\/product"}],"about":[{"href":"https:\/\/gustafs.com\/pl\/wp-json\/wp\/v2\/types\/product"}],"version-history":[{"count":9,"href":"https:\/\/gustafs.com\/pl\/wp-json\/wp\/v2\/product\/28146\/revisions"}],"predecessor-version":[{"id":34931,"href":"https:\/\/gustafs.com\/pl\/wp-json\/wp\/v2\/product\/28146\/revisions\/34931"}],"wp:featuredmedia":[{"embeddable":true,"href":"https:\/\/gustafs.com\/pl\/wp-json\/wp\/v2\/media\/28147"}],"wp:attachment":[{"href":"https:\/\/gustafs.com\/pl\/wp-json\/wp\/v2\/media?parent=28146"}],"wp:term":[{"taxonomy":"product_brand","embeddable":true,"href":"https:\/\/gustafs.com\/pl\/wp-json\/wp\/v2\/product_brand?post=28146"},{"taxonomy":"product_cat","embeddable":true,"href":"https:\/\/gustafs.com\/pl\/wp-json\/wp\/v2\/product_cat?post=28146"},{"taxonomy":"product_tag","embeddable":true,"href":"https:\/\/gustafs.com\/pl\/wp-json\/wp\/v2\/product_tag?post=28146"}],"curies":[{"name":"wp","href":"https:\/\/api.w.org\/{rel}","templated":true}]}}