{"id":28034,"date":"2022-04-05T08:44:47","date_gmt":"2025-05-05T18:41:23","guid":{"rendered":"https:\/\/gustafs.com\/product\/sciana-modulowa\/"},"modified":"2025-09-30T09:58:57","modified_gmt":"2025-09-30T07:58:57","slug":"sciana-modulowa","status":"publish","type":"product","link":"https:\/\/gustafs.com\/pl\/produkt\/sciana-modulowa\/","title":{"rendered":"\u015aciana modu\u0142owa"},"content":{"rendered":"<p style=\"letter-spacing: 1px;\">PANELE LINIOWE Z LISTWAMI Z LITEGO DREWNA<\/p>\n<p>System modu\u0142owy Gustafs pozwala tworzy\u0107 przestrzenie z pi\u0119knymi ok\u0142adzinami \u015bciennymi z drewnianych listew. Wykorzystuj\u0105c prawdziwe lite drewno, fornirowan\u0105 sklejk\u0119 lub MDF, wiele parametr\u00f3w mo\u017cna dostosowa\u0107 indywidualnie. Mo\u017cesz zmienia\u0107 gatunek drewna, pigmentacj\u0119 wyko\u0144czenia powierzchni, wymiary, uk\u0142ad listew, odst\u0119py i kolor pod\u0142o\u017ca akustycznego. Panele \u015bcienne Gustafs Module mog\u0105 by\u0107 r\u00f3wnie\u017c stosowane w na zakrzywionych powierzchniach.<\/p>\n","protected":false},"excerpt":{"rendered":"<p>PANELE LINIOWE Z LISTWAMI Z LITEGO DREWNA System modu\u0142owy Gustafs pozwala tworzy\u0107 przestrzenie z pi\u0119knymi ok\u0142adzinami \u015bciennymi z drewnianych listew. Wykorzystuj\u0105c prawdziwe lite drewno, fornirowan\u0105 sklejk\u0119 lub MDF, wiele parametr\u00f3w mo\u017cna dostosowa\u0107 indywidualnie. Mo\u017cesz zmienia\u0107 gatunek drewna, pigmentacj\u0119 wyko\u0144czenia powierzchni, wymiary, uk\u0142ad listew, odst\u0119py i kolor pod\u0142o\u017ca akustycznego. Panele \u015bcienne Gustafs Module mog\u0105 by\u0107 r\u00f3wnie\u017c [&hellip;]<\/p>\n","protected":false},"featured_media":28035,"template":"","meta":{"_acf_changed":false,"inline_featured_image":false,"footnotes":""},"product_brand":[],"product_cat":[429,431],"product_tag":[],"class_list":{"0":"post-28034","1":"product","2":"type-product","3":"status-publish","4":"has-post-thumbnail","6":"product_cat-liniowe","7":"product_cat-panele-liniowe","9":"first","10":"instock","11":"shipping-taxable","12":"product-type-simple"},"acf":[],"yoast_head":"<!-- This site is optimized with the Yoast SEO plugin v25.4 - https:\/\/yoast.com\/wordpress\/plugins\/seo\/ -->\n<title>\u015aciana modu\u0142owa | Gustafs Scandinavia<\/title>\n<meta name=\"robots\" content=\"index, follow, max-snippet:-1, max-image-preview:large, max-video-preview:-1\" \/>\n<link rel=\"canonical\" href=\"https:\/\/gustafs.com\/pl\/produkt\/sciana-modulowa\/\" \/>\n<meta property=\"og:locale\" content=\"pl_PL\" \/>\n<meta property=\"og:type\" content=\"article\" \/>\n<meta property=\"og:title\" content=\"\u015aciana modu\u0142owa | Gustafs Scandinavia\" \/>\n<meta property=\"og:description\" content=\"PANELE LINIOWE Z LISTWAMI Z LITEGO DREWNA System modu\u0142owy Gustafs pozwala tworzy\u0107 przestrzenie z pi\u0119knymi ok\u0142adzinami \u015bciennymi z drewnianych listew. Wykorzystuj\u0105c prawdziwe lite drewno, fornirowan\u0105 sklejk\u0119 lub MDF, wiele parametr\u00f3w mo\u017cna dostosowa\u0107 indywidualnie. Mo\u017cesz zmienia\u0107 gatunek drewna, pigmentacj\u0119 wyko\u0144czenia powierzchni, wymiary, uk\u0142ad listew, odst\u0119py i kolor pod\u0142o\u017ca akustycznego. Panele \u015bcienne Gustafs Module mog\u0105 by\u0107 r\u00f3wnie\u017c [&hellip;]\" \/>\n<meta property=\"og:url\" content=\"https:\/\/gustafs.com\/pl\/produkt\/sciana-modulowa\/\" \/>\n<meta property=\"og:site_name\" content=\"Gustafs Scandinavia\" \/>\n<meta property=\"article:modified_time\" content=\"2025-09-30T07:58:57+00:00\" \/>\n<meta property=\"og:image\" content=\"https:\/\/gustafs.com\/wp-content\/uploads\/2022\/04\/module-wall-wood-portrait-closeup-1.jpg\" \/>\n\t<meta property=\"og:image:width\" content=\"1030\" \/>\n\t<meta property=\"og:image:height\" content=\"1290\" \/>\n\t<meta property=\"og:image:type\" content=\"image\/jpeg\" \/>\n<meta name=\"twitter:card\" content=\"summary_large_image\" \/>\n<meta name=\"twitter:label1\" content=\"Szacowany czas czytania\" \/>\n\t<meta name=\"twitter:data1\" content=\"1 minuta\" \/>\n<script type=\"application\/ld+json\" class=\"yoast-schema-graph\">{\"@context\":\"https:\/\/schema.org\",\"@graph\":[{\"@type\":\"WebPage\",\"@id\":\"https:\/\/gustafs.com\/pl\/produkt\/sciana-modulowa\/\",\"url\":\"https:\/\/gustafs.com\/pl\/produkt\/sciana-modulowa\/\",\"name\":\"\u015aciana modu\u0142owa | Gustafs Scandinavia\",\"isPartOf\":{\"@id\":\"https:\/\/gustafs.com\/pl\/#website\"},\"primaryImageOfPage\":{\"@id\":\"https:\/\/gustafs.com\/pl\/produkt\/sciana-modulowa\/#primaryimage\"},\"image\":{\"@id\":\"https:\/\/gustafs.com\/pl\/produkt\/sciana-modulowa\/#primaryimage\"},\"thumbnailUrl\":\"https:\/\/gustafs.com\/wp-content\/uploads\/2022\/04\/module-wall-wood-portrait-closeup-1.jpg\",\"datePublished\":\"2025-05-05T18:41:23+00:00\",\"dateModified\":\"2025-09-30T07:58:57+00:00\",\"breadcrumb\":{\"@id\":\"https:\/\/gustafs.com\/pl\/produkt\/sciana-modulowa\/#breadcrumb\"},\"inLanguage\":\"pl-PL\",\"potentialAction\":[{\"@type\":\"ReadAction\",\"target\":[\"https:\/\/gustafs.com\/pl\/produkt\/sciana-modulowa\/\"]}]},{\"@type\":\"ImageObject\",\"inLanguage\":\"pl-PL\",\"@id\":\"https:\/\/gustafs.com\/pl\/produkt\/sciana-modulowa\/#primaryimage\",\"url\":\"https:\/\/gustafs.com\/wp-content\/uploads\/2022\/04\/module-wall-wood-portrait-closeup-1.jpg\",\"contentUrl\":\"https:\/\/gustafs.com\/wp-content\/uploads\/2022\/04\/module-wall-wood-portrait-closeup-1.jpg\",\"width\":1030,\"height\":1290},{\"@type\":\"BreadcrumbList\",\"@id\":\"https:\/\/gustafs.com\/pl\/produkt\/sciana-modulowa\/#breadcrumb\",\"itemListElement\":[{\"@type\":\"ListItem\",\"position\":1,\"name\":\"Gustafs\",\"item\":\"https:\/\/gustafs.com\/pl\/\"},{\"@type\":\"ListItem\",\"position\":2,\"name\":\"Produkty\",\"item\":\"https:\/\/gustafs.com\/pl\/produktow\/\"},{\"@type\":\"ListItem\",\"position\":3,\"name\":\"Listwy\",\"item\":\"https:\/\/gustafs.com\/pl\/kategoria-produktu\/liniowe\/\"},{\"@type\":\"ListItem\",\"position\":4,\"name\":\"\u015aciana modu\u0142owa\"}]},{\"@type\":\"WebSite\",\"@id\":\"https:\/\/gustafs.com\/pl\/#website\",\"url\":\"https:\/\/gustafs.com\/pl\/\",\"name\":\"Gustafs Scandinavia\",\"description\":\"Exclusive Wooden Panels And Acoustic Panels\",\"potentialAction\":[{\"@type\":\"SearchAction\",\"target\":{\"@type\":\"EntryPoint\",\"urlTemplate\":\"https:\/\/gustafs.com\/pl\/?s={search_term_string}\"},\"query-input\":{\"@type\":\"PropertyValueSpecification\",\"valueRequired\":true,\"valueName\":\"search_term_string\"}}],\"inLanguage\":\"pl-PL\"}]}<\/script>\n<!-- \/ Yoast SEO plugin. -->","yoast_head_json":{"title":"\u015aciana modu\u0142owa | Gustafs Scandinavia","robots":{"index":"index","follow":"follow","max-snippet":"max-snippet:-1","max-image-preview":"max-image-preview:large","max-video-preview":"max-video-preview:-1"},"canonical":"https:\/\/gustafs.com\/pl\/produkt\/sciana-modulowa\/","og_locale":"pl_PL","og_type":"article","og_title":"\u015aciana modu\u0142owa | Gustafs Scandinavia","og_description":"PANELE LINIOWE Z LISTWAMI Z LITEGO DREWNA System modu\u0142owy Gustafs pozwala tworzy\u0107 przestrzenie z pi\u0119knymi ok\u0142adzinami \u015bciennymi z drewnianych listew. Wykorzystuj\u0105c prawdziwe lite drewno, fornirowan\u0105 sklejk\u0119 lub MDF, wiele parametr\u00f3w mo\u017cna dostosowa\u0107 indywidualnie. Mo\u017cesz zmienia\u0107 gatunek drewna, pigmentacj\u0119 wyko\u0144czenia powierzchni, wymiary, uk\u0142ad listew, odst\u0119py i kolor pod\u0142o\u017ca akustycznego. Panele \u015bcienne Gustafs Module mog\u0105 by\u0107 r\u00f3wnie\u017c [&hellip;]","og_url":"https:\/\/gustafs.com\/pl\/produkt\/sciana-modulowa\/","og_site_name":"Gustafs Scandinavia","article_modified_time":"2025-09-30T07:58:57+00:00","og_image":[{"width":1030,"height":1290,"url":"https:\/\/gustafs.com\/wp-content\/uploads\/2022\/04\/module-wall-wood-portrait-closeup-1.jpg","type":"image\/jpeg"}],"twitter_card":"summary_large_image","twitter_misc":{"Szacowany czas czytania":"1 minuta"},"schema":{"@context":"https:\/\/schema.org","@graph":[{"@type":"WebPage","@id":"https:\/\/gustafs.com\/pl\/produkt\/sciana-modulowa\/","url":"https:\/\/gustafs.com\/pl\/produkt\/sciana-modulowa\/","name":"\u015aciana modu\u0142owa | Gustafs Scandinavia","isPartOf":{"@id":"https:\/\/gustafs.com\/pl\/#website"},"primaryImageOfPage":{"@id":"https:\/\/gustafs.com\/pl\/produkt\/sciana-modulowa\/#primaryimage"},"image":{"@id":"https:\/\/gustafs.com\/pl\/produkt\/sciana-modulowa\/#primaryimage"},"thumbnailUrl":"https:\/\/gustafs.com\/wp-content\/uploads\/2022\/04\/module-wall-wood-portrait-closeup-1.jpg","datePublished":"2025-05-05T18:41:23+00:00","dateModified":"2025-09-30T07:58:57+00:00","breadcrumb":{"@id":"https:\/\/gustafs.com\/pl\/produkt\/sciana-modulowa\/#breadcrumb"},"inLanguage":"pl-PL","potentialAction":[{"@type":"ReadAction","target":["https:\/\/gustafs.com\/pl\/produkt\/sciana-modulowa\/"]}]},{"@type":"ImageObject","inLanguage":"pl-PL","@id":"https:\/\/gustafs.com\/pl\/produkt\/sciana-modulowa\/#primaryimage","url":"https:\/\/gustafs.com\/wp-content\/uploads\/2022\/04\/module-wall-wood-portrait-closeup-1.jpg","contentUrl":"https:\/\/gustafs.com\/wp-content\/uploads\/2022\/04\/module-wall-wood-portrait-closeup-1.jpg","width":1030,"height":1290},{"@type":"BreadcrumbList","@id":"https:\/\/gustafs.com\/pl\/produkt\/sciana-modulowa\/#breadcrumb","itemListElement":[{"@type":"ListItem","position":1,"name":"Gustafs","item":"https:\/\/gustafs.com\/pl\/"},{"@type":"ListItem","position":2,"name":"Produkty","item":"https:\/\/gustafs.com\/pl\/produktow\/"},{"@type":"ListItem","position":3,"name":"Listwy","item":"https:\/\/gustafs.com\/pl\/kategoria-produktu\/liniowe\/"},{"@type":"ListItem","position":4,"name":"\u015aciana modu\u0142owa"}]},{"@type":"WebSite","@id":"https:\/\/gustafs.com\/pl\/#website","url":"https:\/\/gustafs.com\/pl\/","name":"Gustafs Scandinavia","description":"Exclusive Wooden Panels And Acoustic Panels","potentialAction":[{"@type":"SearchAction","target":{"@type":"EntryPoint","urlTemplate":"https:\/\/gustafs.com\/pl\/?s={search_term_string}"},"query-input":{"@type":"PropertyValueSpecification","valueRequired":true,"valueName":"search_term_string"}}],"inLanguage":"pl-PL"}]}},"_links":{"self":[{"href":"https:\/\/gustafs.com\/pl\/wp-json\/wp\/v2\/product\/28034","targetHints":{"allow":["GET"]}}],"collection":[{"href":"https:\/\/gustafs.com\/pl\/wp-json\/wp\/v2\/product"}],"about":[{"href":"https:\/\/gustafs.com\/pl\/wp-json\/wp\/v2\/types\/product"}],"version-history":[{"count":7,"href":"https:\/\/gustafs.com\/pl\/wp-json\/wp\/v2\/product\/28034\/revisions"}],"predecessor-version":[{"id":34697,"href":"https:\/\/gustafs.com\/pl\/wp-json\/wp\/v2\/product\/28034\/revisions\/34697"}],"wp:featuredmedia":[{"embeddable":true,"href":"https:\/\/gustafs.com\/pl\/wp-json\/wp\/v2\/media\/28035"}],"wp:attachment":[{"href":"https:\/\/gustafs.com\/pl\/wp-json\/wp\/v2\/media?parent=28034"}],"wp:term":[{"taxonomy":"product_brand","embeddable":true,"href":"https:\/\/gustafs.com\/pl\/wp-json\/wp\/v2\/product_brand?post=28034"},{"taxonomy":"product_cat","embeddable":true,"href":"https:\/\/gustafs.com\/pl\/wp-json\/wp\/v2\/product_cat?post=28034"},{"taxonomy":"product_tag","embeddable":true,"href":"https:\/\/gustafs.com\/pl\/wp-json\/wp\/v2\/product_tag?post=28034"}],"curies":[{"name":"wp","href":"https:\/\/api.w.org\/{rel}","templated":true}]}}