{"id":27834,"date":"2022-05-02T09:56:43","date_gmt":"2025-05-05T18:14:43","guid":{"rendered":"https:\/\/gustafs.com\/product\/panel-akustyczny-rp8-kod-kreskowy\/"},"modified":"2025-09-26T20:02:14","modified_gmt":"2025-09-26T18:02:14","slug":"panel-akustyczny-rp8-kod-kreskowy","status":"publish","type":"product","link":"https:\/\/gustafs.com\/pl\/produkt\/panel-akustyczny-rp8-kod-kreskowy\/","title":{"rendered":"Panel akustyczny RP8 Barcode"},"content":{"rendered":"<p style=\"letter-spacing: 1px;\">PANELE AKUSTYCZNE NA \u015aCIANY I SUFITY<\/p>\n<p>Panele ryflowane Gustafs z pod\u0142u\u017cnymi bruzdami maj\u0105 mniej otwartej przestrzeni w por\u00f3wnaniu z naszymi panelami z okr\u0105g\u0142ymi otworami zapewniaj\u0105c jednocze\u015bnie por\u00f3wnywaln\u0105 absorpcj\u0119 akustyczn\u0105. Kontrast tonalny mo\u017cna zwi\u0119kszy\u0107 lub zmniejszy\u0107 a rdze\u0144 z jasnego lub ciemnego w\u0142\u00f3kna stanowi t\u0142o dla szerokiej gamy drewnianych wyko\u0144cze\u0144. Wystarczy wybra\u0107 gatunek drewna, pigmentacj\u0119 i szlif forniru a nast\u0119pnie po\u0142\u0105czy\u0107 go z w\u0142asnym uk\u0142adem paneli by stworzy\u0107 niepowtarzalny wygl\u0105d naturalnego wn\u0119trza.<\/p>\n","protected":false},"excerpt":{"rendered":"<p>PANELE AKUSTYCZNE NA \u015aCIANY I SUFITY Panele ryflowane Gustafs z pod\u0142u\u017cnymi bruzdami maj\u0105 mniej otwartej przestrzeni w por\u00f3wnaniu z naszymi panelami z okr\u0105g\u0142ymi otworami zapewniaj\u0105c jednocze\u015bnie por\u00f3wnywaln\u0105 absorpcj\u0119 akustyczn\u0105. Kontrast tonalny mo\u017cna zwi\u0119kszy\u0107 lub zmniejszy\u0107 a rdze\u0144 z jasnego lub ciemnego w\u0142\u00f3kna stanowi t\u0142o dla szerokiej gamy drewnianych wyko\u0144cze\u0144. Wystarczy wybra\u0107 gatunek drewna, pigmentacj\u0119 i [&hellip;]<\/p>\n","protected":false},"featured_media":27835,"template":"","meta":{"_acf_changed":false,"inline_featured_image":false,"footnotes":""},"product_brand":[],"product_cat":[417],"product_tag":[],"class_list":{"0":"post-27834","1":"product","2":"type-product","3":"status-publish","4":"has-post-thumbnail","6":"product_cat-system-paneli","7":"pa_acoustic-class-d","9":"first","10":"instock","11":"shipping-taxable","12":"product-type-simple"},"acf":[],"yoast_head":"<!-- This site is optimized with the Yoast SEO plugin v25.4 - https:\/\/yoast.com\/wordpress\/plugins\/seo\/ -->\n<title>Panel drewniany RP8 Kod kreskowy | Akustyczny panel sufitowy<\/title>\n<meta name=\"description\" content=\"Akustyczny panel sufitowy Gustafs, kod kreskowy RP8 mo\u017ce by\u0107 r\u00f3wnie\u017c stosowany na \u015bcianach. Dobra akustyka z najlepsz\u0105 klasyfikacj\u0105 ogniow\u0105 na rynku - A2-s1,d0.\" \/>\n<meta name=\"robots\" content=\"index, follow, max-snippet:-1, max-image-preview:large, max-video-preview:-1\" \/>\n<link rel=\"canonical\" href=\"https:\/\/gustafs.com\/pl\/produkt\/panel-akustyczny-rp8-kod-kreskowy\/\" \/>\n<meta property=\"og:locale\" content=\"pl_PL\" \/>\n<meta property=\"og:type\" content=\"article\" \/>\n<meta property=\"og:title\" content=\"Panel drewniany RP8 Kod kreskowy | Akustyczny panel sufitowy\" \/>\n<meta property=\"og:description\" content=\"Akustyczny panel sufitowy Gustafs, kod kreskowy RP8 mo\u017ce by\u0107 r\u00f3wnie\u017c stosowany na \u015bcianach. Dobra akustyka z najlepsz\u0105 klasyfikacj\u0105 ogniow\u0105 na rynku - A2-s1,d0.\" \/>\n<meta property=\"og:url\" content=\"https:\/\/gustafs.com\/pl\/produkt\/panel-akustyczny-rp8-kod-kreskowy\/\" \/>\n<meta property=\"og:site_name\" content=\"Gustafs Scandinavia\" \/>\n<meta property=\"article:modified_time\" content=\"2025-09-26T18:02:14+00:00\" \/>\n<meta property=\"og:image\" content=\"https:\/\/gustafs.com\/wp-content\/uploads\/2016\/02\/rp8-barcode-acoustic-panel-2.jpg\" \/>\n\t<meta property=\"og:image:width\" content=\"1030\" \/>\n\t<meta property=\"og:image:height\" content=\"1290\" \/>\n\t<meta property=\"og:image:type\" content=\"image\/jpeg\" \/>\n<meta name=\"twitter:card\" content=\"summary_large_image\" \/>\n<meta name=\"twitter:label1\" content=\"Szacowany czas czytania\" \/>\n\t<meta name=\"twitter:data1\" content=\"1 minuta\" \/>\n<script type=\"application\/ld+json\" class=\"yoast-schema-graph\">{\"@context\":\"https:\/\/schema.org\",\"@graph\":[{\"@type\":\"WebPage\",\"@id\":\"https:\/\/gustafs.com\/pl\/produkt\/panel-akustyczny-rp8-kod-kreskowy\/\",\"url\":\"https:\/\/gustafs.com\/pl\/produkt\/panel-akustyczny-rp8-kod-kreskowy\/\",\"name\":\"Panel drewniany RP8 Kod kreskowy | Akustyczny panel sufitowy\",\"isPartOf\":{\"@id\":\"https:\/\/gustafs.com\/pl\/#website\"},\"primaryImageOfPage\":{\"@id\":\"https:\/\/gustafs.com\/pl\/produkt\/panel-akustyczny-rp8-kod-kreskowy\/#primaryimage\"},\"image\":{\"@id\":\"https:\/\/gustafs.com\/pl\/produkt\/panel-akustyczny-rp8-kod-kreskowy\/#primaryimage\"},\"thumbnailUrl\":\"https:\/\/gustafs.com\/wp-content\/uploads\/2016\/02\/rp8-barcode-acoustic-panel-2.jpg\",\"datePublished\":\"2025-05-05T18:14:43+00:00\",\"dateModified\":\"2025-09-26T18:02:14+00:00\",\"description\":\"Akustyczny panel sufitowy Gustafs, kod kreskowy RP8 mo\u017ce by\u0107 r\u00f3wnie\u017c stosowany na \u015bcianach. Dobra akustyka z najlepsz\u0105 klasyfikacj\u0105 ogniow\u0105 na rynku - A2-s1,d0.\",\"breadcrumb\":{\"@id\":\"https:\/\/gustafs.com\/pl\/produkt\/panel-akustyczny-rp8-kod-kreskowy\/#breadcrumb\"},\"inLanguage\":\"pl-PL\",\"potentialAction\":[{\"@type\":\"ReadAction\",\"target\":[\"https:\/\/gustafs.com\/pl\/produkt\/panel-akustyczny-rp8-kod-kreskowy\/\"]}]},{\"@type\":\"ImageObject\",\"inLanguage\":\"pl-PL\",\"@id\":\"https:\/\/gustafs.com\/pl\/produkt\/panel-akustyczny-rp8-kod-kreskowy\/#primaryimage\",\"url\":\"https:\/\/gustafs.com\/wp-content\/uploads\/2016\/02\/rp8-barcode-acoustic-panel-2.jpg\",\"contentUrl\":\"https:\/\/gustafs.com\/wp-content\/uploads\/2016\/02\/rp8-barcode-acoustic-panel-2.jpg\",\"width\":1030,\"height\":1290},{\"@type\":\"BreadcrumbList\",\"@id\":\"https:\/\/gustafs.com\/pl\/produkt\/panel-akustyczny-rp8-kod-kreskowy\/#breadcrumb\",\"itemListElement\":[{\"@type\":\"ListItem\",\"position\":1,\"name\":\"Gustafs\",\"item\":\"https:\/\/gustafs.com\/pl\/\"},{\"@type\":\"ListItem\",\"position\":2,\"name\":\"Produkty\",\"item\":\"https:\/\/gustafs.com\/pl\/produktow\/\"},{\"@type\":\"ListItem\",\"position\":3,\"name\":\"System paneli\",\"item\":\"https:\/\/gustafs.com\/pl\/kategoria-produktu\/system-paneli\/\"},{\"@type\":\"ListItem\",\"position\":4,\"name\":\"Panel akustyczny RP8 Barcode\"}]},{\"@type\":\"WebSite\",\"@id\":\"https:\/\/gustafs.com\/pl\/#website\",\"url\":\"https:\/\/gustafs.com\/pl\/\",\"name\":\"Gustafs Scandinavia\",\"description\":\"Exclusive Wooden Panels And Acoustic Panels\",\"potentialAction\":[{\"@type\":\"SearchAction\",\"target\":{\"@type\":\"EntryPoint\",\"urlTemplate\":\"https:\/\/gustafs.com\/pl\/?s={search_term_string}\"},\"query-input\":{\"@type\":\"PropertyValueSpecification\",\"valueRequired\":true,\"valueName\":\"search_term_string\"}}],\"inLanguage\":\"pl-PL\"}]}<\/script>\n<!-- \/ Yoast SEO plugin. -->","yoast_head_json":{"title":"Panel drewniany RP8 Kod kreskowy | Akustyczny panel sufitowy","description":"Akustyczny panel sufitowy Gustafs, kod kreskowy RP8 mo\u017ce by\u0107 r\u00f3wnie\u017c stosowany na \u015bcianach. Dobra akustyka z najlepsz\u0105 klasyfikacj\u0105 ogniow\u0105 na rynku - A2-s1,d0.","robots":{"index":"index","follow":"follow","max-snippet":"max-snippet:-1","max-image-preview":"max-image-preview:large","max-video-preview":"max-video-preview:-1"},"canonical":"https:\/\/gustafs.com\/pl\/produkt\/panel-akustyczny-rp8-kod-kreskowy\/","og_locale":"pl_PL","og_type":"article","og_title":"Panel drewniany RP8 Kod kreskowy | Akustyczny panel sufitowy","og_description":"Akustyczny panel sufitowy Gustafs, kod kreskowy RP8 mo\u017ce by\u0107 r\u00f3wnie\u017c stosowany na \u015bcianach. Dobra akustyka z najlepsz\u0105 klasyfikacj\u0105 ogniow\u0105 na rynku - A2-s1,d0.","og_url":"https:\/\/gustafs.com\/pl\/produkt\/panel-akustyczny-rp8-kod-kreskowy\/","og_site_name":"Gustafs Scandinavia","article_modified_time":"2025-09-26T18:02:14+00:00","og_image":[{"width":1030,"height":1290,"url":"https:\/\/gustafs.com\/wp-content\/uploads\/2016\/02\/rp8-barcode-acoustic-panel-2.jpg","type":"image\/jpeg"}],"twitter_card":"summary_large_image","twitter_misc":{"Szacowany czas czytania":"1 minuta"},"schema":{"@context":"https:\/\/schema.org","@graph":[{"@type":"WebPage","@id":"https:\/\/gustafs.com\/pl\/produkt\/panel-akustyczny-rp8-kod-kreskowy\/","url":"https:\/\/gustafs.com\/pl\/produkt\/panel-akustyczny-rp8-kod-kreskowy\/","name":"Panel drewniany RP8 Kod kreskowy | Akustyczny panel sufitowy","isPartOf":{"@id":"https:\/\/gustafs.com\/pl\/#website"},"primaryImageOfPage":{"@id":"https:\/\/gustafs.com\/pl\/produkt\/panel-akustyczny-rp8-kod-kreskowy\/#primaryimage"},"image":{"@id":"https:\/\/gustafs.com\/pl\/produkt\/panel-akustyczny-rp8-kod-kreskowy\/#primaryimage"},"thumbnailUrl":"https:\/\/gustafs.com\/wp-content\/uploads\/2016\/02\/rp8-barcode-acoustic-panel-2.jpg","datePublished":"2025-05-05T18:14:43+00:00","dateModified":"2025-09-26T18:02:14+00:00","description":"Akustyczny panel sufitowy Gustafs, kod kreskowy RP8 mo\u017ce by\u0107 r\u00f3wnie\u017c stosowany na \u015bcianach. Dobra akustyka z najlepsz\u0105 klasyfikacj\u0105 ogniow\u0105 na rynku - A2-s1,d0.","breadcrumb":{"@id":"https:\/\/gustafs.com\/pl\/produkt\/panel-akustyczny-rp8-kod-kreskowy\/#breadcrumb"},"inLanguage":"pl-PL","potentialAction":[{"@type":"ReadAction","target":["https:\/\/gustafs.com\/pl\/produkt\/panel-akustyczny-rp8-kod-kreskowy\/"]}]},{"@type":"ImageObject","inLanguage":"pl-PL","@id":"https:\/\/gustafs.com\/pl\/produkt\/panel-akustyczny-rp8-kod-kreskowy\/#primaryimage","url":"https:\/\/gustafs.com\/wp-content\/uploads\/2016\/02\/rp8-barcode-acoustic-panel-2.jpg","contentUrl":"https:\/\/gustafs.com\/wp-content\/uploads\/2016\/02\/rp8-barcode-acoustic-panel-2.jpg","width":1030,"height":1290},{"@type":"BreadcrumbList","@id":"https:\/\/gustafs.com\/pl\/produkt\/panel-akustyczny-rp8-kod-kreskowy\/#breadcrumb","itemListElement":[{"@type":"ListItem","position":1,"name":"Gustafs","item":"https:\/\/gustafs.com\/pl\/"},{"@type":"ListItem","position":2,"name":"Produkty","item":"https:\/\/gustafs.com\/pl\/produktow\/"},{"@type":"ListItem","position":3,"name":"System paneli","item":"https:\/\/gustafs.com\/pl\/kategoria-produktu\/system-paneli\/"},{"@type":"ListItem","position":4,"name":"Panel akustyczny RP8 Barcode"}]},{"@type":"WebSite","@id":"https:\/\/gustafs.com\/pl\/#website","url":"https:\/\/gustafs.com\/pl\/","name":"Gustafs Scandinavia","description":"Exclusive Wooden Panels And Acoustic Panels","potentialAction":[{"@type":"SearchAction","target":{"@type":"EntryPoint","urlTemplate":"https:\/\/gustafs.com\/pl\/?s={search_term_string}"},"query-input":{"@type":"PropertyValueSpecification","valueRequired":true,"valueName":"search_term_string"}}],"inLanguage":"pl-PL"}]}},"_links":{"self":[{"href":"https:\/\/gustafs.com\/pl\/wp-json\/wp\/v2\/product\/27834","targetHints":{"allow":["GET"]}}],"collection":[{"href":"https:\/\/gustafs.com\/pl\/wp-json\/wp\/v2\/product"}],"about":[{"href":"https:\/\/gustafs.com\/pl\/wp-json\/wp\/v2\/types\/product"}],"version-history":[{"count":13,"href":"https:\/\/gustafs.com\/pl\/wp-json\/wp\/v2\/product\/27834\/revisions"}],"predecessor-version":[{"id":34519,"href":"https:\/\/gustafs.com\/pl\/wp-json\/wp\/v2\/product\/27834\/revisions\/34519"}],"wp:featuredmedia":[{"embeddable":true,"href":"https:\/\/gustafs.com\/pl\/wp-json\/wp\/v2\/media\/27835"}],"wp:attachment":[{"href":"https:\/\/gustafs.com\/pl\/wp-json\/wp\/v2\/media?parent=27834"}],"wp:term":[{"taxonomy":"product_brand","embeddable":true,"href":"https:\/\/gustafs.com\/pl\/wp-json\/wp\/v2\/product_brand?post=27834"},{"taxonomy":"product_cat","embeddable":true,"href":"https:\/\/gustafs.com\/pl\/wp-json\/wp\/v2\/product_cat?post=27834"},{"taxonomy":"product_tag","embeddable":true,"href":"https:\/\/gustafs.com\/pl\/wp-json\/wp\/v2\/product_tag?post=27834"}],"curies":[{"name":"wp","href":"https:\/\/api.w.org\/{rel}","templated":true}]}}