{"id":27817,"date":"2022-07-04T06:56:01","date_gmt":"2025-05-05T18:14:23","guid":{"rendered":"https:\/\/gustafs.com\/product\/liniowa-sciana-z-desek\/"},"modified":"2025-09-30T08:06:10","modified_gmt":"2025-09-30T06:06:10","slug":"liniowa-sciana-z-plank","status":"publish","type":"product","link":"https:\/\/gustafs.com\/pl\/produkt\/liniowa-sciana-z-plank\/","title":{"rendered":"Deski Plank"},"content":{"rendered":"<p style=\"letter-spacing: 1px;\">EKSKLUZYWNE DESKI NA \u015aCIANY<\/p>\n<p>Gustafs Plank zapewnia tradycyjne wzornictwo do tworzenia pi\u0119knych ok\u0142adzin \u015bciennych. Gustafs Capax to niezawodny, niepracoch\u0142onny i gwarantuj\u0105cy doskona\u0142y efekt ko\u0144cowy, system monta\u017cowy. Stosuj\u0105c standardowy system mo\u017cna korzysta\u0107 z wielu innych funkcji. Mo\u017cna zmienia\u0107 oklein\u0119, dodawa\u0107 kolory za pomoc\u0105 pigmentacji, pracowa\u0107 z r\u00f3\u017cnymi szeroko\u015bciami desek od 100 do 200 mm lub stosowa\u0107 otwarte, zamkni\u0119te i kolorowe szczeliny miedzy listwami. Deska Gustafs mo\u017ce by\u0107 u\u017cywana r\u00f3wnie\u017c na zakrzywionych \u015bcianach.<\/p>\n","protected":false},"excerpt":{"rendered":"<p>EKSKLUZYWNE DESKI NA \u015aCIANY Gustafs Plank zapewnia tradycyjne wzornictwo do tworzenia pi\u0119knych ok\u0142adzin \u015bciennych. Gustafs Capax to niezawodny, niepracoch\u0142onny i gwarantuj\u0105cy doskona\u0142y efekt ko\u0144cowy, system monta\u017cowy. Stosuj\u0105c standardowy system mo\u017cna korzysta\u0107 z wielu innych funkcji. Mo\u017cna zmienia\u0107 oklein\u0119, dodawa\u0107 kolory za pomoc\u0105 pigmentacji, pracowa\u0107 z r\u00f3\u017cnymi szeroko\u015bciami desek od 100 do 200 mm lub stosowa\u0107 [&hellip;]<\/p>\n","protected":false},"featured_media":27818,"template":"","meta":{"_acf_changed":false,"inline_featured_image":false,"footnotes":""},"product_brand":[],"product_cat":[429,430],"product_tag":[],"class_list":{"0":"post-27817","1":"product","2":"type-product","3":"status-publish","4":"has-post-thumbnail","6":"product_cat-liniowe","7":"product_cat-system-liniowy","8":"pa_acoustic-class-d","10":"first","11":"instock","12":"shipping-taxable","13":"product-type-simple"},"acf":[],"yoast_head":"<!-- This site is optimized with the Yoast SEO plugin v25.4 - https:\/\/yoast.com\/wordpress\/plugins\/seo\/ -->\n<title>Deski Plank | Gustafs Scandinavia<\/title>\n<meta name=\"robots\" content=\"index, follow, max-snippet:-1, max-image-preview:large, max-video-preview:-1\" \/>\n<link rel=\"canonical\" href=\"https:\/\/gustafs.com\/pl\/produkt\/liniowa-sciana-z-plank\/\" \/>\n<meta property=\"og:locale\" content=\"pl_PL\" \/>\n<meta property=\"og:type\" content=\"article\" \/>\n<meta property=\"og:title\" content=\"Deski Plank | Gustafs Scandinavia\" \/>\n<meta property=\"og:description\" content=\"EKSKLUZYWNE DESKI NA \u015aCIANY Gustafs Plank zapewnia tradycyjne wzornictwo do tworzenia pi\u0119knych ok\u0142adzin \u015bciennych. Gustafs Capax to niezawodny, niepracoch\u0142onny i gwarantuj\u0105cy doskona\u0142y efekt ko\u0144cowy, system monta\u017cowy. Stosuj\u0105c standardowy system mo\u017cna korzysta\u0107 z wielu innych funkcji. Mo\u017cna zmienia\u0107 oklein\u0119, dodawa\u0107 kolory za pomoc\u0105 pigmentacji, pracowa\u0107 z r\u00f3\u017cnymi szeroko\u015bciami desek od 100 do 200 mm lub stosowa\u0107 [&hellip;]\" \/>\n<meta property=\"og:url\" content=\"https:\/\/gustafs.com\/pl\/produkt\/liniowa-sciana-z-plank\/\" \/>\n<meta property=\"og:site_name\" content=\"Gustafs Scandinavia\" \/>\n<meta property=\"article:modified_time\" content=\"2025-09-30T06:06:10+00:00\" \/>\n<meta property=\"og:image\" content=\"https:\/\/gustafs.com\/wp-content\/uploads\/2022\/03\/plank-wall-100-150-200-oak-product.jpg\" \/>\n\t<meta property=\"og:image:width\" content=\"1030\" \/>\n\t<meta property=\"og:image:height\" content=\"1290\" \/>\n\t<meta property=\"og:image:type\" content=\"image\/jpeg\" \/>\n<meta name=\"twitter:card\" content=\"summary_large_image\" \/>\n<meta name=\"twitter:label1\" content=\"Szacowany czas czytania\" \/>\n\t<meta name=\"twitter:data1\" content=\"1 minuta\" \/>\n<script type=\"application\/ld+json\" class=\"yoast-schema-graph\">{\"@context\":\"https:\/\/schema.org\",\"@graph\":[{\"@type\":\"WebPage\",\"@id\":\"https:\/\/gustafs.com\/pl\/produkt\/liniowa-sciana-z-plank\/\",\"url\":\"https:\/\/gustafs.com\/pl\/produkt\/liniowa-sciana-z-plank\/\",\"name\":\"Deski Plank | Gustafs Scandinavia\",\"isPartOf\":{\"@id\":\"https:\/\/gustafs.com\/pl\/#website\"},\"primaryImageOfPage\":{\"@id\":\"https:\/\/gustafs.com\/pl\/produkt\/liniowa-sciana-z-plank\/#primaryimage\"},\"image\":{\"@id\":\"https:\/\/gustafs.com\/pl\/produkt\/liniowa-sciana-z-plank\/#primaryimage\"},\"thumbnailUrl\":\"https:\/\/gustafs.com\/wp-content\/uploads\/2022\/03\/plank-wall-100-150-200-oak-product.jpg\",\"datePublished\":\"2025-05-05T18:14:23+00:00\",\"dateModified\":\"2025-09-30T06:06:10+00:00\",\"breadcrumb\":{\"@id\":\"https:\/\/gustafs.com\/pl\/produkt\/liniowa-sciana-z-plank\/#breadcrumb\"},\"inLanguage\":\"pl-PL\",\"potentialAction\":[{\"@type\":\"ReadAction\",\"target\":[\"https:\/\/gustafs.com\/pl\/produkt\/liniowa-sciana-z-plank\/\"]}]},{\"@type\":\"ImageObject\",\"inLanguage\":\"pl-PL\",\"@id\":\"https:\/\/gustafs.com\/pl\/produkt\/liniowa-sciana-z-plank\/#primaryimage\",\"url\":\"https:\/\/gustafs.com\/wp-content\/uploads\/2022\/03\/plank-wall-100-150-200-oak-product.jpg\",\"contentUrl\":\"https:\/\/gustafs.com\/wp-content\/uploads\/2022\/03\/plank-wall-100-150-200-oak-product.jpg\",\"width\":1030,\"height\":1290},{\"@type\":\"BreadcrumbList\",\"@id\":\"https:\/\/gustafs.com\/pl\/produkt\/liniowa-sciana-z-plank\/#breadcrumb\",\"itemListElement\":[{\"@type\":\"ListItem\",\"position\":1,\"name\":\"Gustafs\",\"item\":\"https:\/\/gustafs.com\/pl\/\"},{\"@type\":\"ListItem\",\"position\":2,\"name\":\"Produkty\",\"item\":\"https:\/\/gustafs.com\/pl\/produktow\/\"},{\"@type\":\"ListItem\",\"position\":3,\"name\":\"Listwy\",\"item\":\"https:\/\/gustafs.com\/pl\/kategoria-produktu\/liniowe\/\"},{\"@type\":\"ListItem\",\"position\":4,\"name\":\"Deski Plank\"}]},{\"@type\":\"WebSite\",\"@id\":\"https:\/\/gustafs.com\/pl\/#website\",\"url\":\"https:\/\/gustafs.com\/pl\/\",\"name\":\"Gustafs Scandinavia\",\"description\":\"Exclusive Wooden Panels And Acoustic Panels\",\"potentialAction\":[{\"@type\":\"SearchAction\",\"target\":{\"@type\":\"EntryPoint\",\"urlTemplate\":\"https:\/\/gustafs.com\/pl\/?s={search_term_string}\"},\"query-input\":{\"@type\":\"PropertyValueSpecification\",\"valueRequired\":true,\"valueName\":\"search_term_string\"}}],\"inLanguage\":\"pl-PL\"}]}<\/script>\n<!-- \/ Yoast SEO plugin. -->","yoast_head_json":{"title":"Deski Plank | Gustafs Scandinavia","robots":{"index":"index","follow":"follow","max-snippet":"max-snippet:-1","max-image-preview":"max-image-preview:large","max-video-preview":"max-video-preview:-1"},"canonical":"https:\/\/gustafs.com\/pl\/produkt\/liniowa-sciana-z-plank\/","og_locale":"pl_PL","og_type":"article","og_title":"Deski Plank | Gustafs Scandinavia","og_description":"EKSKLUZYWNE DESKI NA \u015aCIANY Gustafs Plank zapewnia tradycyjne wzornictwo do tworzenia pi\u0119knych ok\u0142adzin \u015bciennych. Gustafs Capax to niezawodny, niepracoch\u0142onny i gwarantuj\u0105cy doskona\u0142y efekt ko\u0144cowy, system monta\u017cowy. Stosuj\u0105c standardowy system mo\u017cna korzysta\u0107 z wielu innych funkcji. Mo\u017cna zmienia\u0107 oklein\u0119, dodawa\u0107 kolory za pomoc\u0105 pigmentacji, pracowa\u0107 z r\u00f3\u017cnymi szeroko\u015bciami desek od 100 do 200 mm lub stosowa\u0107 [&hellip;]","og_url":"https:\/\/gustafs.com\/pl\/produkt\/liniowa-sciana-z-plank\/","og_site_name":"Gustafs Scandinavia","article_modified_time":"2025-09-30T06:06:10+00:00","og_image":[{"width":1030,"height":1290,"url":"https:\/\/gustafs.com\/wp-content\/uploads\/2022\/03\/plank-wall-100-150-200-oak-product.jpg","type":"image\/jpeg"}],"twitter_card":"summary_large_image","twitter_misc":{"Szacowany czas czytania":"1 minuta"},"schema":{"@context":"https:\/\/schema.org","@graph":[{"@type":"WebPage","@id":"https:\/\/gustafs.com\/pl\/produkt\/liniowa-sciana-z-plank\/","url":"https:\/\/gustafs.com\/pl\/produkt\/liniowa-sciana-z-plank\/","name":"Deski Plank | Gustafs Scandinavia","isPartOf":{"@id":"https:\/\/gustafs.com\/pl\/#website"},"primaryImageOfPage":{"@id":"https:\/\/gustafs.com\/pl\/produkt\/liniowa-sciana-z-plank\/#primaryimage"},"image":{"@id":"https:\/\/gustafs.com\/pl\/produkt\/liniowa-sciana-z-plank\/#primaryimage"},"thumbnailUrl":"https:\/\/gustafs.com\/wp-content\/uploads\/2022\/03\/plank-wall-100-150-200-oak-product.jpg","datePublished":"2025-05-05T18:14:23+00:00","dateModified":"2025-09-30T06:06:10+00:00","breadcrumb":{"@id":"https:\/\/gustafs.com\/pl\/produkt\/liniowa-sciana-z-plank\/#breadcrumb"},"inLanguage":"pl-PL","potentialAction":[{"@type":"ReadAction","target":["https:\/\/gustafs.com\/pl\/produkt\/liniowa-sciana-z-plank\/"]}]},{"@type":"ImageObject","inLanguage":"pl-PL","@id":"https:\/\/gustafs.com\/pl\/produkt\/liniowa-sciana-z-plank\/#primaryimage","url":"https:\/\/gustafs.com\/wp-content\/uploads\/2022\/03\/plank-wall-100-150-200-oak-product.jpg","contentUrl":"https:\/\/gustafs.com\/wp-content\/uploads\/2022\/03\/plank-wall-100-150-200-oak-product.jpg","width":1030,"height":1290},{"@type":"BreadcrumbList","@id":"https:\/\/gustafs.com\/pl\/produkt\/liniowa-sciana-z-plank\/#breadcrumb","itemListElement":[{"@type":"ListItem","position":1,"name":"Gustafs","item":"https:\/\/gustafs.com\/pl\/"},{"@type":"ListItem","position":2,"name":"Produkty","item":"https:\/\/gustafs.com\/pl\/produktow\/"},{"@type":"ListItem","position":3,"name":"Listwy","item":"https:\/\/gustafs.com\/pl\/kategoria-produktu\/liniowe\/"},{"@type":"ListItem","position":4,"name":"Deski Plank"}]},{"@type":"WebSite","@id":"https:\/\/gustafs.com\/pl\/#website","url":"https:\/\/gustafs.com\/pl\/","name":"Gustafs Scandinavia","description":"Exclusive Wooden Panels And Acoustic Panels","potentialAction":[{"@type":"SearchAction","target":{"@type":"EntryPoint","urlTemplate":"https:\/\/gustafs.com\/pl\/?s={search_term_string}"},"query-input":{"@type":"PropertyValueSpecification","valueRequired":true,"valueName":"search_term_string"}}],"inLanguage":"pl-PL"}]}},"_links":{"self":[{"href":"https:\/\/gustafs.com\/pl\/wp-json\/wp\/v2\/product\/27817","targetHints":{"allow":["GET"]}}],"collection":[{"href":"https:\/\/gustafs.com\/pl\/wp-json\/wp\/v2\/product"}],"about":[{"href":"https:\/\/gustafs.com\/pl\/wp-json\/wp\/v2\/types\/product"}],"version-history":[{"count":14,"href":"https:\/\/gustafs.com\/pl\/wp-json\/wp\/v2\/product\/27817\/revisions"}],"predecessor-version":[{"id":34669,"href":"https:\/\/gustafs.com\/pl\/wp-json\/wp\/v2\/product\/27817\/revisions\/34669"}],"wp:featuredmedia":[{"embeddable":true,"href":"https:\/\/gustafs.com\/pl\/wp-json\/wp\/v2\/media\/27818"}],"wp:attachment":[{"href":"https:\/\/gustafs.com\/pl\/wp-json\/wp\/v2\/media?parent=27817"}],"wp:term":[{"taxonomy":"product_brand","embeddable":true,"href":"https:\/\/gustafs.com\/pl\/wp-json\/wp\/v2\/product_brand?post=27817"},{"taxonomy":"product_cat","embeddable":true,"href":"https:\/\/gustafs.com\/pl\/wp-json\/wp\/v2\/product_cat?post=27817"},{"taxonomy":"product_tag","embeddable":true,"href":"https:\/\/gustafs.com\/pl\/wp-json\/wp\/v2\/product_tag?post=27817"}],"curies":[{"name":"wp","href":"https:\/\/api.w.org\/{rel}","templated":true}]}}