{"id":27796,"date":"2022-06-27T11:52:00","date_gmt":"2025-05-05T18:14:18","guid":{"rendered":"https:\/\/gustafs.com\/product\/modul-fs-sufit\/"},"modified":"2025-09-30T09:53:34","modified_gmt":"2025-09-30T07:53:34","slug":"modul-fs-sufit","status":"publish","type":"product","link":"https:\/\/gustafs.com\/pl\/produkt\/modul-fs-sufit\/","title":{"rendered":"Modu\u0142 FS-Sufit"},"content":{"rendered":"<p style=\"letter-spacing: 1px;\">PANELE LINIOWE Z LISTWAMI Z LITEGO DREWNA, SUFITY PODWIESZANE<\/p>\n<p>System modu\u0142owy Gustafs pozwala tworzy\u0107 przestrzenie z pi\u0119knymi drewnianymi sufitami listwowymi. Wykorzystuj\u0105c prawdziwe listwy z litego drewna lub fornirowanej sklejki, wiele parametr\u00f3w mo\u017cna dostosowa\u0107 indywidualnie. Mo\u017cna zmienia\u0107 gatunek drewna, pigmentacj\u0119 wyko\u0144czenia powierzchni, wymiary, listwy poziome lub pionowe, odst\u0119py i kolor pod\u0142o\u017ca akustycznego. Panele Gustafs Module-FS mog\u0105 by\u0107 r\u00f3wnie\u017c stosowane na powierzchniach zakrzywionych. Swobodna konstrukcja sufitowa jest ukryta i demontowalna. Doskonale nadaje si\u0119 do tworzenia tzw. sufit\u00f3w wyspowych.<\/p>\n","protected":false},"excerpt":{"rendered":"<p>PANELE LINIOWE Z LISTWAMI Z LITEGO DREWNA, SUFITY PODWIESZANE System modu\u0142owy Gustafs pozwala tworzy\u0107 przestrzenie z pi\u0119knymi drewnianymi sufitami listwowymi. Wykorzystuj\u0105c prawdziwe listwy z litego drewna lub fornirowanej sklejki, wiele parametr\u00f3w mo\u017cna dostosowa\u0107 indywidualnie. Mo\u017cna zmienia\u0107 gatunek drewna, pigmentacj\u0119 wyko\u0144czenia powierzchni, wymiary, listwy poziome lub pionowe, odst\u0119py i kolor pod\u0142o\u017ca akustycznego. Panele Gustafs Module-FS mog\u0105 [&hellip;]<\/p>\n","protected":false},"featured_media":27797,"template":"","meta":{"_acf_changed":false,"inline_featured_image":false,"footnotes":""},"product_brand":[],"product_cat":[429,431],"product_tag":[],"class_list":{"0":"post-27796","1":"product","2":"type-product","3":"status-publish","4":"has-post-thumbnail","6":"product_cat-liniowe","7":"product_cat-panele-liniowe","9":"first","10":"instock","11":"shipping-taxable","12":"product-type-simple"},"acf":[],"yoast_head":"<!-- This site is optimized with the Yoast SEO plugin v25.4 - https:\/\/yoast.com\/wordpress\/plugins\/seo\/ -->\n<title>Modu\u0142 FS-Sufit | Gustafs Scandinavia<\/title>\n<meta name=\"robots\" content=\"index, follow, max-snippet:-1, max-image-preview:large, max-video-preview:-1\" \/>\n<link rel=\"canonical\" href=\"https:\/\/gustafs.com\/pl\/produkt\/modul-fs-sufit\/\" \/>\n<meta property=\"og:locale\" content=\"pl_PL\" \/>\n<meta property=\"og:type\" content=\"article\" \/>\n<meta property=\"og:title\" content=\"Modu\u0142 FS-Sufit | Gustafs Scandinavia\" \/>\n<meta property=\"og:description\" content=\"PANELE LINIOWE Z LISTWAMI Z LITEGO DREWNA, SUFITY PODWIESZANE System modu\u0142owy Gustafs pozwala tworzy\u0107 przestrzenie z pi\u0119knymi drewnianymi sufitami listwowymi. Wykorzystuj\u0105c prawdziwe listwy z litego drewna lub fornirowanej sklejki, wiele parametr\u00f3w mo\u017cna dostosowa\u0107 indywidualnie. Mo\u017cna zmienia\u0107 gatunek drewna, pigmentacj\u0119 wyko\u0144czenia powierzchni, wymiary, listwy poziome lub pionowe, odst\u0119py i kolor pod\u0142o\u017ca akustycznego. Panele Gustafs Module-FS mog\u0105 [&hellip;]\" \/>\n<meta property=\"og:url\" content=\"https:\/\/gustafs.com\/pl\/produkt\/modul-fs-sufit\/\" \/>\n<meta property=\"og:site_name\" content=\"Gustafs Scandinavia\" \/>\n<meta property=\"article:modified_time\" content=\"2025-09-30T07:53:34+00:00\" \/>\n<meta property=\"og:image\" content=\"https:\/\/gustafs.com\/wp-content\/uploads\/2018\/04\/glm-t24-portrait-solid-wood-project-closeup-1.jpg\" \/>\n\t<meta property=\"og:image:width\" content=\"1030\" \/>\n\t<meta property=\"og:image:height\" content=\"1290\" \/>\n\t<meta property=\"og:image:type\" content=\"image\/jpeg\" \/>\n<meta name=\"twitter:card\" content=\"summary_large_image\" \/>\n<meta name=\"twitter:label1\" content=\"Szacowany czas czytania\" \/>\n\t<meta name=\"twitter:data1\" content=\"1 minuta\" \/>\n<script type=\"application\/ld+json\" class=\"yoast-schema-graph\">{\"@context\":\"https:\/\/schema.org\",\"@graph\":[{\"@type\":\"WebPage\",\"@id\":\"https:\/\/gustafs.com\/pl\/produkt\/modul-fs-sufit\/\",\"url\":\"https:\/\/gustafs.com\/pl\/produkt\/modul-fs-sufit\/\",\"name\":\"Modu\u0142 FS-Sufit | Gustafs Scandinavia\",\"isPartOf\":{\"@id\":\"https:\/\/gustafs.com\/pl\/#website\"},\"primaryImageOfPage\":{\"@id\":\"https:\/\/gustafs.com\/pl\/produkt\/modul-fs-sufit\/#primaryimage\"},\"image\":{\"@id\":\"https:\/\/gustafs.com\/pl\/produkt\/modul-fs-sufit\/#primaryimage\"},\"thumbnailUrl\":\"https:\/\/gustafs.com\/wp-content\/uploads\/2018\/04\/glm-t24-portrait-solid-wood-project-closeup-1.jpg\",\"datePublished\":\"2025-05-05T18:14:18+00:00\",\"dateModified\":\"2025-09-30T07:53:34+00:00\",\"breadcrumb\":{\"@id\":\"https:\/\/gustafs.com\/pl\/produkt\/modul-fs-sufit\/#breadcrumb\"},\"inLanguage\":\"pl-PL\",\"potentialAction\":[{\"@type\":\"ReadAction\",\"target\":[\"https:\/\/gustafs.com\/pl\/produkt\/modul-fs-sufit\/\"]}]},{\"@type\":\"ImageObject\",\"inLanguage\":\"pl-PL\",\"@id\":\"https:\/\/gustafs.com\/pl\/produkt\/modul-fs-sufit\/#primaryimage\",\"url\":\"https:\/\/gustafs.com\/wp-content\/uploads\/2018\/04\/glm-t24-portrait-solid-wood-project-closeup-1.jpg\",\"contentUrl\":\"https:\/\/gustafs.com\/wp-content\/uploads\/2018\/04\/glm-t24-portrait-solid-wood-project-closeup-1.jpg\",\"width\":1030,\"height\":1290},{\"@type\":\"BreadcrumbList\",\"@id\":\"https:\/\/gustafs.com\/pl\/produkt\/modul-fs-sufit\/#breadcrumb\",\"itemListElement\":[{\"@type\":\"ListItem\",\"position\":1,\"name\":\"Gustafs\",\"item\":\"https:\/\/gustafs.com\/pl\/\"},{\"@type\":\"ListItem\",\"position\":2,\"name\":\"Produkty\",\"item\":\"https:\/\/gustafs.com\/pl\/produktow\/\"},{\"@type\":\"ListItem\",\"position\":3,\"name\":\"Listwy\",\"item\":\"https:\/\/gustafs.com\/pl\/kategoria-produktu\/liniowe\/\"},{\"@type\":\"ListItem\",\"position\":4,\"name\":\"Modu\u0142 FS-Sufit\"}]},{\"@type\":\"WebSite\",\"@id\":\"https:\/\/gustafs.com\/pl\/#website\",\"url\":\"https:\/\/gustafs.com\/pl\/\",\"name\":\"Gustafs Scandinavia\",\"description\":\"Exclusive Wooden Panels And Acoustic Panels\",\"potentialAction\":[{\"@type\":\"SearchAction\",\"target\":{\"@type\":\"EntryPoint\",\"urlTemplate\":\"https:\/\/gustafs.com\/pl\/?s={search_term_string}\"},\"query-input\":{\"@type\":\"PropertyValueSpecification\",\"valueRequired\":true,\"valueName\":\"search_term_string\"}}],\"inLanguage\":\"pl-PL\"}]}<\/script>\n<!-- \/ Yoast SEO plugin. -->","yoast_head_json":{"title":"Modu\u0142 FS-Sufit | Gustafs Scandinavia","robots":{"index":"index","follow":"follow","max-snippet":"max-snippet:-1","max-image-preview":"max-image-preview:large","max-video-preview":"max-video-preview:-1"},"canonical":"https:\/\/gustafs.com\/pl\/produkt\/modul-fs-sufit\/","og_locale":"pl_PL","og_type":"article","og_title":"Modu\u0142 FS-Sufit | Gustafs Scandinavia","og_description":"PANELE LINIOWE Z LISTWAMI Z LITEGO DREWNA, SUFITY PODWIESZANE System modu\u0142owy Gustafs pozwala tworzy\u0107 przestrzenie z pi\u0119knymi drewnianymi sufitami listwowymi. Wykorzystuj\u0105c prawdziwe listwy z litego drewna lub fornirowanej sklejki, wiele parametr\u00f3w mo\u017cna dostosowa\u0107 indywidualnie. Mo\u017cna zmienia\u0107 gatunek drewna, pigmentacj\u0119 wyko\u0144czenia powierzchni, wymiary, listwy poziome lub pionowe, odst\u0119py i kolor pod\u0142o\u017ca akustycznego. Panele Gustafs Module-FS mog\u0105 [&hellip;]","og_url":"https:\/\/gustafs.com\/pl\/produkt\/modul-fs-sufit\/","og_site_name":"Gustafs Scandinavia","article_modified_time":"2025-09-30T07:53:34+00:00","og_image":[{"width":1030,"height":1290,"url":"https:\/\/gustafs.com\/wp-content\/uploads\/2018\/04\/glm-t24-portrait-solid-wood-project-closeup-1.jpg","type":"image\/jpeg"}],"twitter_card":"summary_large_image","twitter_misc":{"Szacowany czas czytania":"1 minuta"},"schema":{"@context":"https:\/\/schema.org","@graph":[{"@type":"WebPage","@id":"https:\/\/gustafs.com\/pl\/produkt\/modul-fs-sufit\/","url":"https:\/\/gustafs.com\/pl\/produkt\/modul-fs-sufit\/","name":"Modu\u0142 FS-Sufit | Gustafs Scandinavia","isPartOf":{"@id":"https:\/\/gustafs.com\/pl\/#website"},"primaryImageOfPage":{"@id":"https:\/\/gustafs.com\/pl\/produkt\/modul-fs-sufit\/#primaryimage"},"image":{"@id":"https:\/\/gustafs.com\/pl\/produkt\/modul-fs-sufit\/#primaryimage"},"thumbnailUrl":"https:\/\/gustafs.com\/wp-content\/uploads\/2018\/04\/glm-t24-portrait-solid-wood-project-closeup-1.jpg","datePublished":"2025-05-05T18:14:18+00:00","dateModified":"2025-09-30T07:53:34+00:00","breadcrumb":{"@id":"https:\/\/gustafs.com\/pl\/produkt\/modul-fs-sufit\/#breadcrumb"},"inLanguage":"pl-PL","potentialAction":[{"@type":"ReadAction","target":["https:\/\/gustafs.com\/pl\/produkt\/modul-fs-sufit\/"]}]},{"@type":"ImageObject","inLanguage":"pl-PL","@id":"https:\/\/gustafs.com\/pl\/produkt\/modul-fs-sufit\/#primaryimage","url":"https:\/\/gustafs.com\/wp-content\/uploads\/2018\/04\/glm-t24-portrait-solid-wood-project-closeup-1.jpg","contentUrl":"https:\/\/gustafs.com\/wp-content\/uploads\/2018\/04\/glm-t24-portrait-solid-wood-project-closeup-1.jpg","width":1030,"height":1290},{"@type":"BreadcrumbList","@id":"https:\/\/gustafs.com\/pl\/produkt\/modul-fs-sufit\/#breadcrumb","itemListElement":[{"@type":"ListItem","position":1,"name":"Gustafs","item":"https:\/\/gustafs.com\/pl\/"},{"@type":"ListItem","position":2,"name":"Produkty","item":"https:\/\/gustafs.com\/pl\/produktow\/"},{"@type":"ListItem","position":3,"name":"Listwy","item":"https:\/\/gustafs.com\/pl\/kategoria-produktu\/liniowe\/"},{"@type":"ListItem","position":4,"name":"Modu\u0142 FS-Sufit"}]},{"@type":"WebSite","@id":"https:\/\/gustafs.com\/pl\/#website","url":"https:\/\/gustafs.com\/pl\/","name":"Gustafs Scandinavia","description":"Exclusive Wooden Panels And Acoustic Panels","potentialAction":[{"@type":"SearchAction","target":{"@type":"EntryPoint","urlTemplate":"https:\/\/gustafs.com\/pl\/?s={search_term_string}"},"query-input":{"@type":"PropertyValueSpecification","valueRequired":true,"valueName":"search_term_string"}}],"inLanguage":"pl-PL"}]}},"_links":{"self":[{"href":"https:\/\/gustafs.com\/pl\/wp-json\/wp\/v2\/product\/27796","targetHints":{"allow":["GET"]}}],"collection":[{"href":"https:\/\/gustafs.com\/pl\/wp-json\/wp\/v2\/product"}],"about":[{"href":"https:\/\/gustafs.com\/pl\/wp-json\/wp\/v2\/types\/product"}],"version-history":[{"count":13,"href":"https:\/\/gustafs.com\/pl\/wp-json\/wp\/v2\/product\/27796\/revisions"}],"predecessor-version":[{"id":34696,"href":"https:\/\/gustafs.com\/pl\/wp-json\/wp\/v2\/product\/27796\/revisions\/34696"}],"wp:featuredmedia":[{"embeddable":true,"href":"https:\/\/gustafs.com\/pl\/wp-json\/wp\/v2\/media\/27797"}],"wp:attachment":[{"href":"https:\/\/gustafs.com\/pl\/wp-json\/wp\/v2\/media?parent=27796"}],"wp:term":[{"taxonomy":"product_brand","embeddable":true,"href":"https:\/\/gustafs.com\/pl\/wp-json\/wp\/v2\/product_brand?post=27796"},{"taxonomy":"product_cat","embeddable":true,"href":"https:\/\/gustafs.com\/pl\/wp-json\/wp\/v2\/product_cat?post=27796"},{"taxonomy":"product_tag","embeddable":true,"href":"https:\/\/gustafs.com\/pl\/wp-json\/wp\/v2\/product_tag?post=27796"}],"curies":[{"name":"wp","href":"https:\/\/api.w.org\/{rel}","templated":true}]}}