{"id":27765,"date":"2022-05-06T07:15:35","date_gmt":"2025-05-05T18:14:00","guid":{"rendered":"https:\/\/gustafs.com\/product\/panel-akustyczny-ps2\/"},"modified":"2025-09-26T19:47:14","modified_gmt":"2025-09-26T17:47:14","slug":"panel-akustyczny-ps2","status":"publish","type":"product","link":"https:\/\/gustafs.com\/pl\/produkt\/panel-akustyczny-ps2\/","title":{"rendered":"Panel akustyczny PS2"},"content":{"rendered":"<p style=\"letter-spacing: 1px;\">PANELE AKUSTYCZNE NA \u015aCIANY I SUFITY<\/p>\n<p>Panele z akustyczn\u0105 perforacj\u0105 PS2 \u0142\u0105cz\u0105 w sobie delikatny wz\u00f3r, umiarkowane poch\u0142anianie d\u017awi\u0119k\u00f3w rozproszonych (szum), a jednocze\u015bnie dobre odbicie d\u017awi\u0119ku pochodz\u0105cego z pojedynczego \u017ar\u00f3d\u0142a, idealne do sal wyk\u0142adowych i audytoryjnych. Oferujemy prawie wszystkie gatunki drewna, a zmieniaj\u0105c rodzaj szlifu forniru, pigmentacj\u0119 i ostatecznie uk\u0142ad monta\u017cu mo\u017cna stworzy\u0107 bardzo interesuj\u0105cy autorski naturalny wygl\u0105d. Nasze panele akustyczne s\u0105 montowane za pomoc\u0105 systemu profili aluminiowych Gustafs Capax. Jest on \u0142atwy w monta\u017cu i zapewnia pi\u0119kny efekt ko\u0144cowy.<\/p>\n","protected":false},"excerpt":{"rendered":"<p>PANELE AKUSTYCZNE NA \u015aCIANY I SUFITY Panele z akustyczn\u0105 perforacj\u0105 PS2 \u0142\u0105cz\u0105 w sobie delikatny wz\u00f3r, umiarkowane poch\u0142anianie d\u017awi\u0119k\u00f3w rozproszonych (szum), a jednocze\u015bnie dobre odbicie d\u017awi\u0119ku pochodz\u0105cego z pojedynczego \u017ar\u00f3d\u0142a, idealne do sal wyk\u0142adowych i audytoryjnych. Oferujemy prawie wszystkie gatunki drewna, a zmieniaj\u0105c rodzaj szlifu forniru, pigmentacj\u0119 i ostatecznie uk\u0142ad monta\u017cu mo\u017cna stworzy\u0107 bardzo interesuj\u0105cy [&hellip;]<\/p>\n","protected":false},"featured_media":27766,"template":"","meta":{"_acf_changed":false,"inline_featured_image":false,"footnotes":""},"product_brand":[],"product_cat":[417],"product_tag":[],"class_list":{"0":"post-27765","1":"product","2":"type-product","3":"status-publish","4":"has-post-thumbnail","6":"product_cat-system-paneli","7":"pa_acoustic-class-e","9":"first","10":"instock","11":"shipping-taxable","12":"product-type-simple"},"acf":[],"yoast_head":"<!-- This site is optimized with the Yoast SEO plugin v25.4 - https:\/\/yoast.com\/wordpress\/plugins\/seo\/ -->\n<title>Akustyczny panel drewniany PS2 | Scandinavia<\/title>\n<meta name=\"description\" content=\"Architektoniczny drewniany panel akustyczny PS2 nadaje wn\u0119trzu \u015bwietn\u0105 akustyk\u0119 z najlepsz\u0105 klasyfikacj\u0105 ogniow\u0105 na rynku - A2-s1,d0\" \/>\n<meta name=\"robots\" content=\"index, follow, max-snippet:-1, max-image-preview:large, max-video-preview:-1\" \/>\n<link rel=\"canonical\" href=\"https:\/\/gustafs.com\/pl\/produkt\/panel-akustyczny-ps2\/\" \/>\n<meta property=\"og:locale\" content=\"pl_PL\" \/>\n<meta property=\"og:type\" content=\"article\" \/>\n<meta property=\"og:title\" content=\"Akustyczny panel drewniany PS2 | Scandinavia\" \/>\n<meta property=\"og:description\" content=\"Architektoniczny drewniany panel akustyczny PS2 nadaje wn\u0119trzu \u015bwietn\u0105 akustyk\u0119 z najlepsz\u0105 klasyfikacj\u0105 ogniow\u0105 na rynku - A2-s1,d0\" \/>\n<meta property=\"og:url\" content=\"https:\/\/gustafs.com\/pl\/produkt\/panel-akustyczny-ps2\/\" \/>\n<meta property=\"og:site_name\" content=\"Gustafs Scandinavia\" \/>\n<meta property=\"article:modified_time\" content=\"2025-09-26T17:47:14+00:00\" \/>\n<meta property=\"og:image\" content=\"https:\/\/gustafs.com\/wp-content\/uploads\/2022\/02\/oak-acoustic-panel-ps2-1030.jpg\" \/>\n\t<meta property=\"og:image:width\" content=\"1030\" \/>\n\t<meta property=\"og:image:height\" content=\"1288\" \/>\n\t<meta property=\"og:image:type\" content=\"image\/jpeg\" \/>\n<meta name=\"twitter:card\" content=\"summary_large_image\" \/>\n<meta name=\"twitter:label1\" content=\"Szacowany czas czytania\" \/>\n\t<meta name=\"twitter:data1\" content=\"1 minuta\" \/>\n<script type=\"application\/ld+json\" class=\"yoast-schema-graph\">{\"@context\":\"https:\/\/schema.org\",\"@graph\":[{\"@type\":\"WebPage\",\"@id\":\"https:\/\/gustafs.com\/pl\/produkt\/panel-akustyczny-ps2\/\",\"url\":\"https:\/\/gustafs.com\/pl\/produkt\/panel-akustyczny-ps2\/\",\"name\":\"Akustyczny panel drewniany PS2 | Scandinavia\",\"isPartOf\":{\"@id\":\"https:\/\/gustafs.com\/pl\/#website\"},\"primaryImageOfPage\":{\"@id\":\"https:\/\/gustafs.com\/pl\/produkt\/panel-akustyczny-ps2\/#primaryimage\"},\"image\":{\"@id\":\"https:\/\/gustafs.com\/pl\/produkt\/panel-akustyczny-ps2\/#primaryimage\"},\"thumbnailUrl\":\"https:\/\/gustafs.com\/wp-content\/uploads\/2022\/02\/oak-acoustic-panel-ps2-1030.jpg\",\"datePublished\":\"2025-05-05T18:14:00+00:00\",\"dateModified\":\"2025-09-26T17:47:14+00:00\",\"description\":\"Architektoniczny drewniany panel akustyczny PS2 nadaje wn\u0119trzu \u015bwietn\u0105 akustyk\u0119 z najlepsz\u0105 klasyfikacj\u0105 ogniow\u0105 na rynku - A2-s1,d0\",\"breadcrumb\":{\"@id\":\"https:\/\/gustafs.com\/pl\/produkt\/panel-akustyczny-ps2\/#breadcrumb\"},\"inLanguage\":\"pl-PL\",\"potentialAction\":[{\"@type\":\"ReadAction\",\"target\":[\"https:\/\/gustafs.com\/pl\/produkt\/panel-akustyczny-ps2\/\"]}]},{\"@type\":\"ImageObject\",\"inLanguage\":\"pl-PL\",\"@id\":\"https:\/\/gustafs.com\/pl\/produkt\/panel-akustyczny-ps2\/#primaryimage\",\"url\":\"https:\/\/gustafs.com\/wp-content\/uploads\/2022\/02\/oak-acoustic-panel-ps2-1030.jpg\",\"contentUrl\":\"https:\/\/gustafs.com\/wp-content\/uploads\/2022\/02\/oak-acoustic-panel-ps2-1030.jpg\",\"width\":1030,\"height\":1288},{\"@type\":\"BreadcrumbList\",\"@id\":\"https:\/\/gustafs.com\/pl\/produkt\/panel-akustyczny-ps2\/#breadcrumb\",\"itemListElement\":[{\"@type\":\"ListItem\",\"position\":1,\"name\":\"Gustafs\",\"item\":\"https:\/\/gustafs.com\/pl\/\"},{\"@type\":\"ListItem\",\"position\":2,\"name\":\"Produkty\",\"item\":\"https:\/\/gustafs.com\/pl\/produktow\/\"},{\"@type\":\"ListItem\",\"position\":3,\"name\":\"System paneli\",\"item\":\"https:\/\/gustafs.com\/pl\/kategoria-produktu\/system-paneli\/\"},{\"@type\":\"ListItem\",\"position\":4,\"name\":\"Panel akustyczny PS2\"}]},{\"@type\":\"WebSite\",\"@id\":\"https:\/\/gustafs.com\/pl\/#website\",\"url\":\"https:\/\/gustafs.com\/pl\/\",\"name\":\"Gustafs Scandinavia\",\"description\":\"Exclusive Wooden Panels And Acoustic Panels\",\"potentialAction\":[{\"@type\":\"SearchAction\",\"target\":{\"@type\":\"EntryPoint\",\"urlTemplate\":\"https:\/\/gustafs.com\/pl\/?s={search_term_string}\"},\"query-input\":{\"@type\":\"PropertyValueSpecification\",\"valueRequired\":true,\"valueName\":\"search_term_string\"}}],\"inLanguage\":\"pl-PL\"}]}<\/script>\n<!-- \/ Yoast SEO plugin. -->","yoast_head_json":{"title":"Akustyczny panel drewniany PS2 | Scandinavia","description":"Architektoniczny drewniany panel akustyczny PS2 nadaje wn\u0119trzu \u015bwietn\u0105 akustyk\u0119 z najlepsz\u0105 klasyfikacj\u0105 ogniow\u0105 na rynku - A2-s1,d0","robots":{"index":"index","follow":"follow","max-snippet":"max-snippet:-1","max-image-preview":"max-image-preview:large","max-video-preview":"max-video-preview:-1"},"canonical":"https:\/\/gustafs.com\/pl\/produkt\/panel-akustyczny-ps2\/","og_locale":"pl_PL","og_type":"article","og_title":"Akustyczny panel drewniany PS2 | Scandinavia","og_description":"Architektoniczny drewniany panel akustyczny PS2 nadaje wn\u0119trzu \u015bwietn\u0105 akustyk\u0119 z najlepsz\u0105 klasyfikacj\u0105 ogniow\u0105 na rynku - A2-s1,d0","og_url":"https:\/\/gustafs.com\/pl\/produkt\/panel-akustyczny-ps2\/","og_site_name":"Gustafs Scandinavia","article_modified_time":"2025-09-26T17:47:14+00:00","og_image":[{"width":1030,"height":1288,"url":"https:\/\/gustafs.com\/wp-content\/uploads\/2022\/02\/oak-acoustic-panel-ps2-1030.jpg","type":"image\/jpeg"}],"twitter_card":"summary_large_image","twitter_misc":{"Szacowany czas czytania":"1 minuta"},"schema":{"@context":"https:\/\/schema.org","@graph":[{"@type":"WebPage","@id":"https:\/\/gustafs.com\/pl\/produkt\/panel-akustyczny-ps2\/","url":"https:\/\/gustafs.com\/pl\/produkt\/panel-akustyczny-ps2\/","name":"Akustyczny panel drewniany PS2 | Scandinavia","isPartOf":{"@id":"https:\/\/gustafs.com\/pl\/#website"},"primaryImageOfPage":{"@id":"https:\/\/gustafs.com\/pl\/produkt\/panel-akustyczny-ps2\/#primaryimage"},"image":{"@id":"https:\/\/gustafs.com\/pl\/produkt\/panel-akustyczny-ps2\/#primaryimage"},"thumbnailUrl":"https:\/\/gustafs.com\/wp-content\/uploads\/2022\/02\/oak-acoustic-panel-ps2-1030.jpg","datePublished":"2025-05-05T18:14:00+00:00","dateModified":"2025-09-26T17:47:14+00:00","description":"Architektoniczny drewniany panel akustyczny PS2 nadaje wn\u0119trzu \u015bwietn\u0105 akustyk\u0119 z najlepsz\u0105 klasyfikacj\u0105 ogniow\u0105 na rynku - A2-s1,d0","breadcrumb":{"@id":"https:\/\/gustafs.com\/pl\/produkt\/panel-akustyczny-ps2\/#breadcrumb"},"inLanguage":"pl-PL","potentialAction":[{"@type":"ReadAction","target":["https:\/\/gustafs.com\/pl\/produkt\/panel-akustyczny-ps2\/"]}]},{"@type":"ImageObject","inLanguage":"pl-PL","@id":"https:\/\/gustafs.com\/pl\/produkt\/panel-akustyczny-ps2\/#primaryimage","url":"https:\/\/gustafs.com\/wp-content\/uploads\/2022\/02\/oak-acoustic-panel-ps2-1030.jpg","contentUrl":"https:\/\/gustafs.com\/wp-content\/uploads\/2022\/02\/oak-acoustic-panel-ps2-1030.jpg","width":1030,"height":1288},{"@type":"BreadcrumbList","@id":"https:\/\/gustafs.com\/pl\/produkt\/panel-akustyczny-ps2\/#breadcrumb","itemListElement":[{"@type":"ListItem","position":1,"name":"Gustafs","item":"https:\/\/gustafs.com\/pl\/"},{"@type":"ListItem","position":2,"name":"Produkty","item":"https:\/\/gustafs.com\/pl\/produktow\/"},{"@type":"ListItem","position":3,"name":"System paneli","item":"https:\/\/gustafs.com\/pl\/kategoria-produktu\/system-paneli\/"},{"@type":"ListItem","position":4,"name":"Panel akustyczny PS2"}]},{"@type":"WebSite","@id":"https:\/\/gustafs.com\/pl\/#website","url":"https:\/\/gustafs.com\/pl\/","name":"Gustafs Scandinavia","description":"Exclusive Wooden Panels And Acoustic Panels","potentialAction":[{"@type":"SearchAction","target":{"@type":"EntryPoint","urlTemplate":"https:\/\/gustafs.com\/pl\/?s={search_term_string}"},"query-input":{"@type":"PropertyValueSpecification","valueRequired":true,"valueName":"search_term_string"}}],"inLanguage":"pl-PL"}]}},"_links":{"self":[{"href":"https:\/\/gustafs.com\/pl\/wp-json\/wp\/v2\/product\/27765","targetHints":{"allow":["GET"]}}],"collection":[{"href":"https:\/\/gustafs.com\/pl\/wp-json\/wp\/v2\/product"}],"about":[{"href":"https:\/\/gustafs.com\/pl\/wp-json\/wp\/v2\/types\/product"}],"version-history":[{"count":13,"href":"https:\/\/gustafs.com\/pl\/wp-json\/wp\/v2\/product\/27765\/revisions"}],"predecessor-version":[{"id":34518,"href":"https:\/\/gustafs.com\/pl\/wp-json\/wp\/v2\/product\/27765\/revisions\/34518"}],"wp:featuredmedia":[{"embeddable":true,"href":"https:\/\/gustafs.com\/pl\/wp-json\/wp\/v2\/media\/27766"}],"wp:attachment":[{"href":"https:\/\/gustafs.com\/pl\/wp-json\/wp\/v2\/media?parent=27765"}],"wp:term":[{"taxonomy":"product_brand","embeddable":true,"href":"https:\/\/gustafs.com\/pl\/wp-json\/wp\/v2\/product_brand?post=27765"},{"taxonomy":"product_cat","embeddable":true,"href":"https:\/\/gustafs.com\/pl\/wp-json\/wp\/v2\/product_cat?post=27765"},{"taxonomy":"product_tag","embeddable":true,"href":"https:\/\/gustafs.com\/pl\/wp-json\/wp\/v2\/product_tag?post=27765"}],"curies":[{"name":"wp","href":"https:\/\/api.w.org\/{rel}","templated":true}]}}