{"id":27760,"date":"2022-05-06T06:23:59","date_gmt":"2025-05-05T18:13:54","guid":{"rendered":"https:\/\/gustafs.com\/product\/panel-akustyczny-pg8\/"},"modified":"2025-09-26T18:42:23","modified_gmt":"2025-09-26T16:42:23","slug":"panel-akustyczny-pg8","status":"publish","type":"product","link":"https:\/\/gustafs.com\/pl\/produkt\/panel-akustyczny-pg8\/","title":{"rendered":"Panel akustyczny PG8"},"content":{"rendered":"<p style=\"letter-spacing: 1px;\">PANELE AKUSTYCZNE NA \u015aCIANY I SUFITY<\/p>\n<p>Panele z akustycznymi perforacjami typu PG \u0142\u0105cz\u0105 w sobie proste i ponadczasowe wzory z dobr\u0105 absorpcj\u0105 d\u017awi\u0119ku. Powierzchnia paneli o du\u017cej g\u0119sto\u015bci bez perforacji odbija d\u017awi\u0119k zapewniaj\u0105c optymalne \u015brodowisko akustyczne jakie wymagane jest w salach wyk\u0142adowych, konferencyjnych itp. Pracujemy z prawie wszystkimi gatunkami drewna a zmieniaj\u0105c rodzaj szlifu forniru, pigmentacj\u0119 i ostatecznie uk\u0142ad monta\u017cu mo\u017cna stworzy\u0107 interesuj\u0105ce wn\u0119trza inspirowane natur\u0105. Nasze panele akustyczne s\u0105 montowane przy u\u017cyciu systemu Gustafs Capax, kt\u00f3ry jest \u0142atwy w obs\u0142udze i zapewnia dobry efekt ko\u0144cowy.<\/p>\n","protected":false},"excerpt":{"rendered":"<p>PANELE AKUSTYCZNE NA \u015aCIANY I SUFITY Panele z akustycznymi perforacjami typu PG \u0142\u0105cz\u0105 w sobie proste i ponadczasowe wzory z dobr\u0105 absorpcj\u0105 d\u017awi\u0119ku. Powierzchnia paneli o du\u017cej g\u0119sto\u015bci bez perforacji odbija d\u017awi\u0119k zapewniaj\u0105c optymalne \u015brodowisko akustyczne jakie wymagane jest w salach wyk\u0142adowych, konferencyjnych itp. Pracujemy z prawie wszystkimi gatunkami drewna a zmieniaj\u0105c rodzaj szlifu forniru, [&hellip;]<\/p>\n","protected":false},"featured_media":27761,"template":"","meta":{"_acf_changed":false,"inline_featured_image":false,"footnotes":""},"product_brand":[],"product_cat":[417],"product_tag":[],"class_list":{"0":"post-27760","1":"product","2":"type-product","3":"status-publish","4":"has-post-thumbnail","6":"product_cat-system-paneli","7":"pa_acoustic-class-d","9":"first","10":"instock","11":"shipping-taxable","12":"product-type-simple"},"acf":[],"yoast_head":"<!-- This site is optimized with the Yoast SEO plugin v25.4 - https:\/\/yoast.com\/wordpress\/plugins\/seo\/ -->\n<title>Drewniany panel akustyczny PG8 | Gustafs Scandinavia<\/title>\n<meta name=\"description\" content=\"Architektoniczny drewniany panel akustyczny PG8 nadaje wn\u0119trzu \u015bwietn\u0105 akustyk\u0119 z najlepsz\u0105 klasyfikacj\u0105 ogniow\u0105 na rynku - A2-s1,d0\" \/>\n<meta name=\"robots\" content=\"index, follow, max-snippet:-1, max-image-preview:large, max-video-preview:-1\" \/>\n<link rel=\"canonical\" href=\"https:\/\/gustafs.com\/pl\/produkt\/panel-akustyczny-pg8\/\" \/>\n<meta property=\"og:locale\" content=\"pl_PL\" \/>\n<meta property=\"og:type\" content=\"article\" \/>\n<meta property=\"og:title\" content=\"Drewniany panel akustyczny PG8 | Gustafs Scandinavia\" \/>\n<meta property=\"og:description\" content=\"Architektoniczny drewniany panel akustyczny PG8 nadaje wn\u0119trzu \u015bwietn\u0105 akustyk\u0119 z najlepsz\u0105 klasyfikacj\u0105 ogniow\u0105 na rynku - A2-s1,d0\" \/>\n<meta property=\"og:url\" content=\"https:\/\/gustafs.com\/pl\/produkt\/panel-akustyczny-pg8\/\" \/>\n<meta property=\"og:site_name\" content=\"Gustafs Scandinavia\" \/>\n<meta property=\"article:modified_time\" content=\"2025-09-26T16:42:23+00:00\" \/>\n<meta property=\"og:image\" content=\"https:\/\/gustafs.com\/wp-content\/uploads\/2022\/02\/oak-panel-acoustic-pg8-grouped.jpg\" \/>\n\t<meta property=\"og:image:width\" content=\"1030\" \/>\n\t<meta property=\"og:image:height\" content=\"1290\" \/>\n\t<meta property=\"og:image:type\" content=\"image\/jpeg\" \/>\n<meta name=\"twitter:card\" content=\"summary_large_image\" \/>\n<meta name=\"twitter:label1\" content=\"Szacowany czas czytania\" \/>\n\t<meta name=\"twitter:data1\" content=\"1 minuta\" \/>\n<script type=\"application\/ld+json\" class=\"yoast-schema-graph\">{\"@context\":\"https:\/\/schema.org\",\"@graph\":[{\"@type\":\"WebPage\",\"@id\":\"https:\/\/gustafs.com\/pl\/produkt\/panel-akustyczny-pg8\/\",\"url\":\"https:\/\/gustafs.com\/pl\/produkt\/panel-akustyczny-pg8\/\",\"name\":\"Drewniany panel akustyczny PG8 | Gustafs Scandinavia\",\"isPartOf\":{\"@id\":\"https:\/\/gustafs.com\/pl\/#website\"},\"primaryImageOfPage\":{\"@id\":\"https:\/\/gustafs.com\/pl\/produkt\/panel-akustyczny-pg8\/#primaryimage\"},\"image\":{\"@id\":\"https:\/\/gustafs.com\/pl\/produkt\/panel-akustyczny-pg8\/#primaryimage\"},\"thumbnailUrl\":\"https:\/\/gustafs.com\/wp-content\/uploads\/2022\/02\/oak-panel-acoustic-pg8-grouped.jpg\",\"datePublished\":\"2025-05-05T18:13:54+00:00\",\"dateModified\":\"2025-09-26T16:42:23+00:00\",\"description\":\"Architektoniczny drewniany panel akustyczny PG8 nadaje wn\u0119trzu \u015bwietn\u0105 akustyk\u0119 z najlepsz\u0105 klasyfikacj\u0105 ogniow\u0105 na rynku - A2-s1,d0\",\"breadcrumb\":{\"@id\":\"https:\/\/gustafs.com\/pl\/produkt\/panel-akustyczny-pg8\/#breadcrumb\"},\"inLanguage\":\"pl-PL\",\"potentialAction\":[{\"@type\":\"ReadAction\",\"target\":[\"https:\/\/gustafs.com\/pl\/produkt\/panel-akustyczny-pg8\/\"]}]},{\"@type\":\"ImageObject\",\"inLanguage\":\"pl-PL\",\"@id\":\"https:\/\/gustafs.com\/pl\/produkt\/panel-akustyczny-pg8\/#primaryimage\",\"url\":\"https:\/\/gustafs.com\/wp-content\/uploads\/2022\/02\/oak-panel-acoustic-pg8-grouped.jpg\",\"contentUrl\":\"https:\/\/gustafs.com\/wp-content\/uploads\/2022\/02\/oak-panel-acoustic-pg8-grouped.jpg\",\"width\":1030,\"height\":1290},{\"@type\":\"BreadcrumbList\",\"@id\":\"https:\/\/gustafs.com\/pl\/produkt\/panel-akustyczny-pg8\/#breadcrumb\",\"itemListElement\":[{\"@type\":\"ListItem\",\"position\":1,\"name\":\"Gustafs\",\"item\":\"https:\/\/gustafs.com\/pl\/\"},{\"@type\":\"ListItem\",\"position\":2,\"name\":\"Produkty\",\"item\":\"https:\/\/gustafs.com\/pl\/produktow\/\"},{\"@type\":\"ListItem\",\"position\":3,\"name\":\"System paneli\",\"item\":\"https:\/\/gustafs.com\/pl\/kategoria-produktu\/system-paneli\/\"},{\"@type\":\"ListItem\",\"position\":4,\"name\":\"Panel akustyczny PG8\"}]},{\"@type\":\"WebSite\",\"@id\":\"https:\/\/gustafs.com\/pl\/#website\",\"url\":\"https:\/\/gustafs.com\/pl\/\",\"name\":\"Gustafs Scandinavia\",\"description\":\"Exclusive Wooden Panels And Acoustic Panels\",\"potentialAction\":[{\"@type\":\"SearchAction\",\"target\":{\"@type\":\"EntryPoint\",\"urlTemplate\":\"https:\/\/gustafs.com\/pl\/?s={search_term_string}\"},\"query-input\":{\"@type\":\"PropertyValueSpecification\",\"valueRequired\":true,\"valueName\":\"search_term_string\"}}],\"inLanguage\":\"pl-PL\"}]}<\/script>\n<!-- \/ Yoast SEO plugin. -->","yoast_head_json":{"title":"Drewniany panel akustyczny PG8 | Gustafs Scandinavia","description":"Architektoniczny drewniany panel akustyczny PG8 nadaje wn\u0119trzu \u015bwietn\u0105 akustyk\u0119 z najlepsz\u0105 klasyfikacj\u0105 ogniow\u0105 na rynku - A2-s1,d0","robots":{"index":"index","follow":"follow","max-snippet":"max-snippet:-1","max-image-preview":"max-image-preview:large","max-video-preview":"max-video-preview:-1"},"canonical":"https:\/\/gustafs.com\/pl\/produkt\/panel-akustyczny-pg8\/","og_locale":"pl_PL","og_type":"article","og_title":"Drewniany panel akustyczny PG8 | Gustafs Scandinavia","og_description":"Architektoniczny drewniany panel akustyczny PG8 nadaje wn\u0119trzu \u015bwietn\u0105 akustyk\u0119 z najlepsz\u0105 klasyfikacj\u0105 ogniow\u0105 na rynku - A2-s1,d0","og_url":"https:\/\/gustafs.com\/pl\/produkt\/panel-akustyczny-pg8\/","og_site_name":"Gustafs Scandinavia","article_modified_time":"2025-09-26T16:42:23+00:00","og_image":[{"width":1030,"height":1290,"url":"https:\/\/gustafs.com\/wp-content\/uploads\/2022\/02\/oak-panel-acoustic-pg8-grouped.jpg","type":"image\/jpeg"}],"twitter_card":"summary_large_image","twitter_misc":{"Szacowany czas czytania":"1 minuta"},"schema":{"@context":"https:\/\/schema.org","@graph":[{"@type":"WebPage","@id":"https:\/\/gustafs.com\/pl\/produkt\/panel-akustyczny-pg8\/","url":"https:\/\/gustafs.com\/pl\/produkt\/panel-akustyczny-pg8\/","name":"Drewniany panel akustyczny PG8 | Gustafs Scandinavia","isPartOf":{"@id":"https:\/\/gustafs.com\/pl\/#website"},"primaryImageOfPage":{"@id":"https:\/\/gustafs.com\/pl\/produkt\/panel-akustyczny-pg8\/#primaryimage"},"image":{"@id":"https:\/\/gustafs.com\/pl\/produkt\/panel-akustyczny-pg8\/#primaryimage"},"thumbnailUrl":"https:\/\/gustafs.com\/wp-content\/uploads\/2022\/02\/oak-panel-acoustic-pg8-grouped.jpg","datePublished":"2025-05-05T18:13:54+00:00","dateModified":"2025-09-26T16:42:23+00:00","description":"Architektoniczny drewniany panel akustyczny PG8 nadaje wn\u0119trzu \u015bwietn\u0105 akustyk\u0119 z najlepsz\u0105 klasyfikacj\u0105 ogniow\u0105 na rynku - A2-s1,d0","breadcrumb":{"@id":"https:\/\/gustafs.com\/pl\/produkt\/panel-akustyczny-pg8\/#breadcrumb"},"inLanguage":"pl-PL","potentialAction":[{"@type":"ReadAction","target":["https:\/\/gustafs.com\/pl\/produkt\/panel-akustyczny-pg8\/"]}]},{"@type":"ImageObject","inLanguage":"pl-PL","@id":"https:\/\/gustafs.com\/pl\/produkt\/panel-akustyczny-pg8\/#primaryimage","url":"https:\/\/gustafs.com\/wp-content\/uploads\/2022\/02\/oak-panel-acoustic-pg8-grouped.jpg","contentUrl":"https:\/\/gustafs.com\/wp-content\/uploads\/2022\/02\/oak-panel-acoustic-pg8-grouped.jpg","width":1030,"height":1290},{"@type":"BreadcrumbList","@id":"https:\/\/gustafs.com\/pl\/produkt\/panel-akustyczny-pg8\/#breadcrumb","itemListElement":[{"@type":"ListItem","position":1,"name":"Gustafs","item":"https:\/\/gustafs.com\/pl\/"},{"@type":"ListItem","position":2,"name":"Produkty","item":"https:\/\/gustafs.com\/pl\/produktow\/"},{"@type":"ListItem","position":3,"name":"System paneli","item":"https:\/\/gustafs.com\/pl\/kategoria-produktu\/system-paneli\/"},{"@type":"ListItem","position":4,"name":"Panel akustyczny PG8"}]},{"@type":"WebSite","@id":"https:\/\/gustafs.com\/pl\/#website","url":"https:\/\/gustafs.com\/pl\/","name":"Gustafs Scandinavia","description":"Exclusive Wooden Panels And Acoustic Panels","potentialAction":[{"@type":"SearchAction","target":{"@type":"EntryPoint","urlTemplate":"https:\/\/gustafs.com\/pl\/?s={search_term_string}"},"query-input":{"@type":"PropertyValueSpecification","valueRequired":true,"valueName":"search_term_string"}}],"inLanguage":"pl-PL"}]}},"_links":{"self":[{"href":"https:\/\/gustafs.com\/pl\/wp-json\/wp\/v2\/product\/27760","targetHints":{"allow":["GET"]}}],"collection":[{"href":"https:\/\/gustafs.com\/pl\/wp-json\/wp\/v2\/product"}],"about":[{"href":"https:\/\/gustafs.com\/pl\/wp-json\/wp\/v2\/types\/product"}],"version-history":[{"count":13,"href":"https:\/\/gustafs.com\/pl\/wp-json\/wp\/v2\/product\/27760\/revisions"}],"predecessor-version":[{"id":34514,"href":"https:\/\/gustafs.com\/pl\/wp-json\/wp\/v2\/product\/27760\/revisions\/34514"}],"wp:featuredmedia":[{"embeddable":true,"href":"https:\/\/gustafs.com\/pl\/wp-json\/wp\/v2\/media\/27761"}],"wp:attachment":[{"href":"https:\/\/gustafs.com\/pl\/wp-json\/wp\/v2\/media?parent=27760"}],"wp:term":[{"taxonomy":"product_brand","embeddable":true,"href":"https:\/\/gustafs.com\/pl\/wp-json\/wp\/v2\/product_brand?post=27760"},{"taxonomy":"product_cat","embeddable":true,"href":"https:\/\/gustafs.com\/pl\/wp-json\/wp\/v2\/product_cat?post=27760"},{"taxonomy":"product_tag","embeddable":true,"href":"https:\/\/gustafs.com\/pl\/wp-json\/wp\/v2\/product_tag?post=27760"}],"curies":[{"name":"wp","href":"https:\/\/api.w.org\/{rel}","templated":true}]}}