{"id":27751,"date":"2022-05-05T07:17:47","date_gmt":"2025-05-05T18:13:49","guid":{"rendered":"https:\/\/gustafs.com\/product\/panel-akustyczny-pd8\/"},"modified":"2025-09-26T18:28:21","modified_gmt":"2025-09-26T16:28:21","slug":"panel-akustyczny-pd8","status":"publish","type":"product","link":"https:\/\/gustafs.com\/pl\/produkt\/panel-akustyczny-pd8\/","title":{"rendered":"Panel akustyczny PD8"},"content":{"rendered":"<p style=\"letter-spacing: 1px;\">PANELE AKUSTYCZNE NA \u015aCIANY I SUFITY<\/p>\n<p>Panele z akustyczn\u0105 perforacj\u0105 PD8 s\u0105 jednym z naszych najpopularniejszych rozwi\u0105za\u0144 dla ok\u0142adzin \u015bciennych i sufit\u00f3w poniewa\u017c stosunkowo du\u017ca otwarta przestrze\u0144 otwarta gwarantuje wysoki poziom poch\u0142aniania d\u017awi\u0119ku. W naszej fabryce forniru mo\u017cemy pracowa\u0107 z prawie ka\u017cdym gatunkiem drewna, a zmieniaj\u0105c rodzaj ci\u0119cia forniru, pigmentacj\u0119 i ostatecznie wz\u00f3r monta\u017cu, mo\u017cna stworzy\u0107 wspania\u0142e naturalne efekty we wn\u0119trzach. Nasze panele akustyczne s\u0105 montowane z cenionym przez Gustafs systemem Capax co zapewnia \u0142atwo\u015b\u0107 u\u017cytkowania i pi\u0119kny efekt ko\u0144cowy.<\/p>\n","protected":false},"excerpt":{"rendered":"<p>PANELE AKUSTYCZNE NA \u015aCIANY I SUFITY Panele z akustyczn\u0105 perforacj\u0105 PD8 s\u0105 jednym z naszych najpopularniejszych rozwi\u0105za\u0144 dla ok\u0142adzin \u015bciennych i sufit\u00f3w poniewa\u017c stosunkowo du\u017ca otwarta przestrze\u0144 otwarta gwarantuje wysoki poziom poch\u0142aniania d\u017awi\u0119ku. W naszej fabryce forniru mo\u017cemy pracowa\u0107 z prawie ka\u017cdym gatunkiem drewna, a zmieniaj\u0105c rodzaj ci\u0119cia forniru, pigmentacj\u0119 i ostatecznie wz\u00f3r monta\u017cu, mo\u017cna [&hellip;]<\/p>\n","protected":false},"featured_media":27752,"template":"","meta":{"_acf_changed":false,"inline_featured_image":false,"footnotes":""},"product_brand":[],"product_cat":[417],"product_tag":[],"class_list":{"0":"post-27751","1":"product","2":"type-product","3":"status-publish","4":"has-post-thumbnail","6":"product_cat-system-paneli","7":"pa_acoustic-class-a","8":"pa_acoustic-class-b","9":"pa_acoustic-class-d","11":"first","12":"instock","13":"shipping-taxable","14":"product-type-simple"},"acf":[],"yoast_head":"<!-- This site is optimized with the Yoast SEO plugin v25.4 - https:\/\/yoast.com\/wordpress\/plugins\/seo\/ -->\n<title>Drewniany panel akustyczny PD8 | Scandinavia<\/title>\n<meta name=\"description\" content=\"Drewniany panel architektoniczny akustyczny PD8 nadaje wn\u0119trzu doskona\u0142\u0105 akustyk\u0119 z najlepsz\u0105 klasyfikacj\u0105 ogniow\u0105 na rynku - A2-s1,d0\" \/>\n<meta name=\"robots\" content=\"index, follow, max-snippet:-1, max-image-preview:large, max-video-preview:-1\" \/>\n<link rel=\"canonical\" href=\"https:\/\/gustafs.com\/pl\/produkt\/panel-akustyczny-pd8\/\" \/>\n<meta property=\"og:locale\" content=\"pl_PL\" \/>\n<meta property=\"og:type\" content=\"article\" \/>\n<meta property=\"og:title\" content=\"Drewniany panel akustyczny PD8 | Scandinavia\" \/>\n<meta property=\"og:description\" content=\"Drewniany panel architektoniczny akustyczny PD8 nadaje wn\u0119trzu doskona\u0142\u0105 akustyk\u0119 z najlepsz\u0105 klasyfikacj\u0105 ogniow\u0105 na rynku - A2-s1,d0\" \/>\n<meta property=\"og:url\" content=\"https:\/\/gustafs.com\/pl\/produkt\/panel-akustyczny-pd8\/\" \/>\n<meta property=\"og:site_name\" content=\"Gustafs Scandinavia\" \/>\n<meta property=\"article:modified_time\" content=\"2025-09-26T16:28:21+00:00\" \/>\n<meta property=\"og:image\" content=\"https:\/\/gustafs.com\/wp-content\/uploads\/2015\/11\/ash-pd8-acoustic-panel.jpg\" \/>\n\t<meta property=\"og:image:width\" content=\"1030\" \/>\n\t<meta property=\"og:image:height\" content=\"1290\" \/>\n\t<meta property=\"og:image:type\" content=\"image\/jpeg\" \/>\n<meta name=\"twitter:card\" content=\"summary_large_image\" \/>\n<meta name=\"twitter:label1\" content=\"Szacowany czas czytania\" \/>\n\t<meta name=\"twitter:data1\" content=\"1 minuta\" \/>\n<script type=\"application\/ld+json\" class=\"yoast-schema-graph\">{\"@context\":\"https:\/\/schema.org\",\"@graph\":[{\"@type\":\"WebPage\",\"@id\":\"https:\/\/gustafs.com\/pl\/produkt\/panel-akustyczny-pd8\/\",\"url\":\"https:\/\/gustafs.com\/pl\/produkt\/panel-akustyczny-pd8\/\",\"name\":\"Drewniany panel akustyczny PD8 | Scandinavia\",\"isPartOf\":{\"@id\":\"https:\/\/gustafs.com\/pl\/#website\"},\"primaryImageOfPage\":{\"@id\":\"https:\/\/gustafs.com\/pl\/produkt\/panel-akustyczny-pd8\/#primaryimage\"},\"image\":{\"@id\":\"https:\/\/gustafs.com\/pl\/produkt\/panel-akustyczny-pd8\/#primaryimage\"},\"thumbnailUrl\":\"https:\/\/gustafs.com\/wp-content\/uploads\/2015\/11\/ash-pd8-acoustic-panel.jpg\",\"datePublished\":\"2025-05-05T18:13:49+00:00\",\"dateModified\":\"2025-09-26T16:28:21+00:00\",\"description\":\"Drewniany panel architektoniczny akustyczny PD8 nadaje wn\u0119trzu doskona\u0142\u0105 akustyk\u0119 z najlepsz\u0105 klasyfikacj\u0105 ogniow\u0105 na rynku - A2-s1,d0\",\"breadcrumb\":{\"@id\":\"https:\/\/gustafs.com\/pl\/produkt\/panel-akustyczny-pd8\/#breadcrumb\"},\"inLanguage\":\"pl-PL\",\"potentialAction\":[{\"@type\":\"ReadAction\",\"target\":[\"https:\/\/gustafs.com\/pl\/produkt\/panel-akustyczny-pd8\/\"]}]},{\"@type\":\"ImageObject\",\"inLanguage\":\"pl-PL\",\"@id\":\"https:\/\/gustafs.com\/pl\/produkt\/panel-akustyczny-pd8\/#primaryimage\",\"url\":\"https:\/\/gustafs.com\/wp-content\/uploads\/2015\/11\/ash-pd8-acoustic-panel.jpg\",\"contentUrl\":\"https:\/\/gustafs.com\/wp-content\/uploads\/2015\/11\/ash-pd8-acoustic-panel.jpg\",\"width\":1030,\"height\":1290},{\"@type\":\"BreadcrumbList\",\"@id\":\"https:\/\/gustafs.com\/pl\/produkt\/panel-akustyczny-pd8\/#breadcrumb\",\"itemListElement\":[{\"@type\":\"ListItem\",\"position\":1,\"name\":\"Gustafs\",\"item\":\"https:\/\/gustafs.com\/pl\/\"},{\"@type\":\"ListItem\",\"position\":2,\"name\":\"Produkty\",\"item\":\"https:\/\/gustafs.com\/pl\/produktow\/\"},{\"@type\":\"ListItem\",\"position\":3,\"name\":\"System paneli\",\"item\":\"https:\/\/gustafs.com\/pl\/kategoria-produktu\/system-paneli\/\"},{\"@type\":\"ListItem\",\"position\":4,\"name\":\"Panel akustyczny PD8\"}]},{\"@type\":\"WebSite\",\"@id\":\"https:\/\/gustafs.com\/pl\/#website\",\"url\":\"https:\/\/gustafs.com\/pl\/\",\"name\":\"Gustafs Scandinavia\",\"description\":\"Exclusive Wooden Panels And Acoustic Panels\",\"potentialAction\":[{\"@type\":\"SearchAction\",\"target\":{\"@type\":\"EntryPoint\",\"urlTemplate\":\"https:\/\/gustafs.com\/pl\/?s={search_term_string}\"},\"query-input\":{\"@type\":\"PropertyValueSpecification\",\"valueRequired\":true,\"valueName\":\"search_term_string\"}}],\"inLanguage\":\"pl-PL\"}]}<\/script>\n<!-- \/ Yoast SEO plugin. -->","yoast_head_json":{"title":"Drewniany panel akustyczny PD8 | Scandinavia","description":"Drewniany panel architektoniczny akustyczny PD8 nadaje wn\u0119trzu doskona\u0142\u0105 akustyk\u0119 z najlepsz\u0105 klasyfikacj\u0105 ogniow\u0105 na rynku - A2-s1,d0","robots":{"index":"index","follow":"follow","max-snippet":"max-snippet:-1","max-image-preview":"max-image-preview:large","max-video-preview":"max-video-preview:-1"},"canonical":"https:\/\/gustafs.com\/pl\/produkt\/panel-akustyczny-pd8\/","og_locale":"pl_PL","og_type":"article","og_title":"Drewniany panel akustyczny PD8 | Scandinavia","og_description":"Drewniany panel architektoniczny akustyczny PD8 nadaje wn\u0119trzu doskona\u0142\u0105 akustyk\u0119 z najlepsz\u0105 klasyfikacj\u0105 ogniow\u0105 na rynku - A2-s1,d0","og_url":"https:\/\/gustafs.com\/pl\/produkt\/panel-akustyczny-pd8\/","og_site_name":"Gustafs Scandinavia","article_modified_time":"2025-09-26T16:28:21+00:00","og_image":[{"width":1030,"height":1290,"url":"https:\/\/gustafs.com\/wp-content\/uploads\/2015\/11\/ash-pd8-acoustic-panel.jpg","type":"image\/jpeg"}],"twitter_card":"summary_large_image","twitter_misc":{"Szacowany czas czytania":"1 minuta"},"schema":{"@context":"https:\/\/schema.org","@graph":[{"@type":"WebPage","@id":"https:\/\/gustafs.com\/pl\/produkt\/panel-akustyczny-pd8\/","url":"https:\/\/gustafs.com\/pl\/produkt\/panel-akustyczny-pd8\/","name":"Drewniany panel akustyczny PD8 | Scandinavia","isPartOf":{"@id":"https:\/\/gustafs.com\/pl\/#website"},"primaryImageOfPage":{"@id":"https:\/\/gustafs.com\/pl\/produkt\/panel-akustyczny-pd8\/#primaryimage"},"image":{"@id":"https:\/\/gustafs.com\/pl\/produkt\/panel-akustyczny-pd8\/#primaryimage"},"thumbnailUrl":"https:\/\/gustafs.com\/wp-content\/uploads\/2015\/11\/ash-pd8-acoustic-panel.jpg","datePublished":"2025-05-05T18:13:49+00:00","dateModified":"2025-09-26T16:28:21+00:00","description":"Drewniany panel architektoniczny akustyczny PD8 nadaje wn\u0119trzu doskona\u0142\u0105 akustyk\u0119 z najlepsz\u0105 klasyfikacj\u0105 ogniow\u0105 na rynku - A2-s1,d0","breadcrumb":{"@id":"https:\/\/gustafs.com\/pl\/produkt\/panel-akustyczny-pd8\/#breadcrumb"},"inLanguage":"pl-PL","potentialAction":[{"@type":"ReadAction","target":["https:\/\/gustafs.com\/pl\/produkt\/panel-akustyczny-pd8\/"]}]},{"@type":"ImageObject","inLanguage":"pl-PL","@id":"https:\/\/gustafs.com\/pl\/produkt\/panel-akustyczny-pd8\/#primaryimage","url":"https:\/\/gustafs.com\/wp-content\/uploads\/2015\/11\/ash-pd8-acoustic-panel.jpg","contentUrl":"https:\/\/gustafs.com\/wp-content\/uploads\/2015\/11\/ash-pd8-acoustic-panel.jpg","width":1030,"height":1290},{"@type":"BreadcrumbList","@id":"https:\/\/gustafs.com\/pl\/produkt\/panel-akustyczny-pd8\/#breadcrumb","itemListElement":[{"@type":"ListItem","position":1,"name":"Gustafs","item":"https:\/\/gustafs.com\/pl\/"},{"@type":"ListItem","position":2,"name":"Produkty","item":"https:\/\/gustafs.com\/pl\/produktow\/"},{"@type":"ListItem","position":3,"name":"System paneli","item":"https:\/\/gustafs.com\/pl\/kategoria-produktu\/system-paneli\/"},{"@type":"ListItem","position":4,"name":"Panel akustyczny PD8"}]},{"@type":"WebSite","@id":"https:\/\/gustafs.com\/pl\/#website","url":"https:\/\/gustafs.com\/pl\/","name":"Gustafs Scandinavia","description":"Exclusive Wooden Panels And Acoustic Panels","potentialAction":[{"@type":"SearchAction","target":{"@type":"EntryPoint","urlTemplate":"https:\/\/gustafs.com\/pl\/?s={search_term_string}"},"query-input":{"@type":"PropertyValueSpecification","valueRequired":true,"valueName":"search_term_string"}}],"inLanguage":"pl-PL"}]}},"_links":{"self":[{"href":"https:\/\/gustafs.com\/pl\/wp-json\/wp\/v2\/product\/27751","targetHints":{"allow":["GET"]}}],"collection":[{"href":"https:\/\/gustafs.com\/pl\/wp-json\/wp\/v2\/product"}],"about":[{"href":"https:\/\/gustafs.com\/pl\/wp-json\/wp\/v2\/types\/product"}],"version-history":[{"count":16,"href":"https:\/\/gustafs.com\/pl\/wp-json\/wp\/v2\/product\/27751\/revisions"}],"predecessor-version":[{"id":34513,"href":"https:\/\/gustafs.com\/pl\/wp-json\/wp\/v2\/product\/27751\/revisions\/34513"}],"wp:featuredmedia":[{"embeddable":true,"href":"https:\/\/gustafs.com\/pl\/wp-json\/wp\/v2\/media\/27752"}],"wp:attachment":[{"href":"https:\/\/gustafs.com\/pl\/wp-json\/wp\/v2\/media?parent=27751"}],"wp:term":[{"taxonomy":"product_brand","embeddable":true,"href":"https:\/\/gustafs.com\/pl\/wp-json\/wp\/v2\/product_brand?post=27751"},{"taxonomy":"product_cat","embeddable":true,"href":"https:\/\/gustafs.com\/pl\/wp-json\/wp\/v2\/product_cat?post=27751"},{"taxonomy":"product_tag","embeddable":true,"href":"https:\/\/gustafs.com\/pl\/wp-json\/wp\/v2\/product_tag?post=27751"}],"curies":[{"name":"wp","href":"https:\/\/api.w.org\/{rel}","templated":true}]}}