{"id":27730,"date":"2022-05-02T11:13:36","date_gmt":"2025-05-05T18:13:43","guid":{"rendered":"https:\/\/gustafs.com\/product\/panel-akustyczny-nano\/"},"modified":"2025-09-26T17:06:47","modified_gmt":"2025-09-26T15:06:47","slug":"panel-akustyczny-nano","status":"publish","type":"product","link":"https:\/\/gustafs.com\/pl\/produkt\/panel-akustyczny-nano\/","title":{"rendered":"Panel akustyczny Nano"},"content":{"rendered":"<p style=\"letter-spacing: 1px;\">PANELE MIKROPERFOROWANE NA \u015aCIANY I SUFITY<\/p>\n<p>Od strony wizualnej perforacja Nano jest praktycznie niewidoczna, ale w\u0142a\u015bciwo\u015bci akustyczne s\u0105 doskona\u0142e dzi\u0119ki klasie absorpcji A (\u03b1w 0,90). System Gustafs Nano jest mniej zale\u017cny od izolacji i pustki powietrznej za panelem wi\u0119c og\u00f3lnie rzecz bior\u0105c, mo\u017cna uzyska\u0107 cie\u0144sz\u0105 grubo\u015b\u0107 ok\u0142adzin \u015bciennych i sufit\u00f3w oszcz\u0119dzaj\u0105c cenn\u0105 przestrze\u0144.\u2028W zale\u017cno\u015bci od gatunku drewna, rodzaju szlifu forniru, pigmentacji i ostatecznie wzoru monta\u017cu, drewniany panel Nano wprowadza okre\u015blony klimat do wn\u0119trz. Nasze panele akustyczne s\u0105 montowane za pomoc\u0105 znanego systemu Gustafs Capax zapewniaj\u0105c pi\u0119kny efekt ko\u0144cowy.<\/p>\n","protected":false},"excerpt":{"rendered":"<p>PANELE MIKROPERFOROWANE NA \u015aCIANY I SUFITY Od strony wizualnej perforacja Nano jest praktycznie niewidoczna, ale w\u0142a\u015bciwo\u015bci akustyczne s\u0105 doskona\u0142e dzi\u0119ki klasie absorpcji A (\u03b1w 0,90). System Gustafs Nano jest mniej zale\u017cny od izolacji i pustki powietrznej za panelem wi\u0119c og\u00f3lnie rzecz bior\u0105c, mo\u017cna uzyska\u0107 cie\u0144sz\u0105 grubo\u015b\u0107 ok\u0142adzin \u015bciennych i sufit\u00f3w oszcz\u0119dzaj\u0105c cenn\u0105 przestrze\u0144.\u2028W zale\u017cno\u015bci od [&hellip;]<\/p>\n","protected":false},"featured_media":27731,"template":"","meta":{"_acf_changed":false,"inline_featured_image":false,"footnotes":""},"product_brand":[],"product_cat":[417],"product_tag":[],"class_list":{"0":"post-27730","1":"product","2":"type-product","3":"status-publish","4":"has-post-thumbnail","6":"product_cat-system-paneli","7":"pa_acoustic-class-a","8":"pa_acoustic-class-c","10":"first","11":"instock","12":"shipping-taxable","13":"product-type-simple"},"acf":[],"yoast_head":"<!-- This site is optimized with the Yoast SEO plugin v25.4 - https:\/\/yoast.com\/wordpress\/plugins\/seo\/ -->\n<title>Akustyczny panel drewniany Nano | Gustafs Scandinavia<\/title>\n<meta name=\"description\" content=\"Drewniany panel akustyczny Gustafs, Nano, nadaje wn\u0119trzu \u015bwietn\u0105 akustyk\u0119 z najlepsz\u0105 klasyfikacj\u0105 ogniow\u0105 na rynku - b-s1,d0\" \/>\n<meta name=\"robots\" content=\"index, follow, max-snippet:-1, max-image-preview:large, max-video-preview:-1\" \/>\n<link rel=\"canonical\" href=\"https:\/\/gustafs.com\/pl\/produkt\/panel-akustyczny-nano\/\" \/>\n<meta property=\"og:locale\" content=\"pl_PL\" \/>\n<meta property=\"og:type\" content=\"article\" \/>\n<meta property=\"og:title\" content=\"Akustyczny panel drewniany Nano | Gustafs Scandinavia\" \/>\n<meta property=\"og:description\" content=\"Drewniany panel akustyczny Gustafs, Nano, nadaje wn\u0119trzu \u015bwietn\u0105 akustyk\u0119 z najlepsz\u0105 klasyfikacj\u0105 ogniow\u0105 na rynku - b-s1,d0\" \/>\n<meta property=\"og:url\" content=\"https:\/\/gustafs.com\/pl\/produkt\/panel-akustyczny-nano\/\" \/>\n<meta property=\"og:site_name\" content=\"Gustafs Scandinavia\" \/>\n<meta property=\"article:modified_time\" content=\"2025-09-26T15:06:47+00:00\" \/>\n<meta property=\"og:image\" content=\"https:\/\/gustafs.com\/wp-content\/uploads\/2022\/05\/acoustic-nano-panel-micro-perforation.jpg\" \/>\n\t<meta property=\"og:image:width\" content=\"1030\" \/>\n\t<meta property=\"og:image:height\" content=\"1290\" \/>\n\t<meta property=\"og:image:type\" content=\"image\/jpeg\" \/>\n<meta name=\"twitter:card\" content=\"summary_large_image\" \/>\n<meta name=\"twitter:label1\" content=\"Szacowany czas czytania\" \/>\n\t<meta name=\"twitter:data1\" content=\"1 minuta\" \/>\n<script type=\"application\/ld+json\" class=\"yoast-schema-graph\">{\"@context\":\"https:\/\/schema.org\",\"@graph\":[{\"@type\":\"WebPage\",\"@id\":\"https:\/\/gustafs.com\/pl\/produkt\/panel-akustyczny-nano\/\",\"url\":\"https:\/\/gustafs.com\/pl\/produkt\/panel-akustyczny-nano\/\",\"name\":\"Akustyczny panel drewniany Nano | Gustafs Scandinavia\",\"isPartOf\":{\"@id\":\"https:\/\/gustafs.com\/pl\/#website\"},\"primaryImageOfPage\":{\"@id\":\"https:\/\/gustafs.com\/pl\/produkt\/panel-akustyczny-nano\/#primaryimage\"},\"image\":{\"@id\":\"https:\/\/gustafs.com\/pl\/produkt\/panel-akustyczny-nano\/#primaryimage\"},\"thumbnailUrl\":\"https:\/\/gustafs.com\/wp-content\/uploads\/2022\/05\/acoustic-nano-panel-micro-perforation.jpg\",\"datePublished\":\"2025-05-05T18:13:43+00:00\",\"dateModified\":\"2025-09-26T15:06:47+00:00\",\"description\":\"Drewniany panel akustyczny Gustafs, Nano, nadaje wn\u0119trzu \u015bwietn\u0105 akustyk\u0119 z najlepsz\u0105 klasyfikacj\u0105 ogniow\u0105 na rynku - b-s1,d0\",\"breadcrumb\":{\"@id\":\"https:\/\/gustafs.com\/pl\/produkt\/panel-akustyczny-nano\/#breadcrumb\"},\"inLanguage\":\"pl-PL\",\"potentialAction\":[{\"@type\":\"ReadAction\",\"target\":[\"https:\/\/gustafs.com\/pl\/produkt\/panel-akustyczny-nano\/\"]}]},{\"@type\":\"ImageObject\",\"inLanguage\":\"pl-PL\",\"@id\":\"https:\/\/gustafs.com\/pl\/produkt\/panel-akustyczny-nano\/#primaryimage\",\"url\":\"https:\/\/gustafs.com\/wp-content\/uploads\/2022\/05\/acoustic-nano-panel-micro-perforation.jpg\",\"contentUrl\":\"https:\/\/gustafs.com\/wp-content\/uploads\/2022\/05\/acoustic-nano-panel-micro-perforation.jpg\",\"width\":1030,\"height\":1290},{\"@type\":\"BreadcrumbList\",\"@id\":\"https:\/\/gustafs.com\/pl\/produkt\/panel-akustyczny-nano\/#breadcrumb\",\"itemListElement\":[{\"@type\":\"ListItem\",\"position\":1,\"name\":\"Gustafs\",\"item\":\"https:\/\/gustafs.com\/pl\/\"},{\"@type\":\"ListItem\",\"position\":2,\"name\":\"Produkty\",\"item\":\"https:\/\/gustafs.com\/pl\/produktow\/\"},{\"@type\":\"ListItem\",\"position\":3,\"name\":\"System paneli\",\"item\":\"https:\/\/gustafs.com\/pl\/kategoria-produktu\/system-paneli\/\"},{\"@type\":\"ListItem\",\"position\":4,\"name\":\"Panel akustyczny Nano\"}]},{\"@type\":\"WebSite\",\"@id\":\"https:\/\/gustafs.com\/pl\/#website\",\"url\":\"https:\/\/gustafs.com\/pl\/\",\"name\":\"Gustafs Scandinavia\",\"description\":\"Exclusive Wooden Panels And Acoustic Panels\",\"potentialAction\":[{\"@type\":\"SearchAction\",\"target\":{\"@type\":\"EntryPoint\",\"urlTemplate\":\"https:\/\/gustafs.com\/pl\/?s={search_term_string}\"},\"query-input\":{\"@type\":\"PropertyValueSpecification\",\"valueRequired\":true,\"valueName\":\"search_term_string\"}}],\"inLanguage\":\"pl-PL\"}]}<\/script>\n<!-- \/ Yoast SEO plugin. -->","yoast_head_json":{"title":"Akustyczny panel drewniany Nano | Gustafs Scandinavia","description":"Drewniany panel akustyczny Gustafs, Nano, nadaje wn\u0119trzu \u015bwietn\u0105 akustyk\u0119 z najlepsz\u0105 klasyfikacj\u0105 ogniow\u0105 na rynku - b-s1,d0","robots":{"index":"index","follow":"follow","max-snippet":"max-snippet:-1","max-image-preview":"max-image-preview:large","max-video-preview":"max-video-preview:-1"},"canonical":"https:\/\/gustafs.com\/pl\/produkt\/panel-akustyczny-nano\/","og_locale":"pl_PL","og_type":"article","og_title":"Akustyczny panel drewniany Nano | Gustafs Scandinavia","og_description":"Drewniany panel akustyczny Gustafs, Nano, nadaje wn\u0119trzu \u015bwietn\u0105 akustyk\u0119 z najlepsz\u0105 klasyfikacj\u0105 ogniow\u0105 na rynku - b-s1,d0","og_url":"https:\/\/gustafs.com\/pl\/produkt\/panel-akustyczny-nano\/","og_site_name":"Gustafs Scandinavia","article_modified_time":"2025-09-26T15:06:47+00:00","og_image":[{"width":1030,"height":1290,"url":"https:\/\/gustafs.com\/wp-content\/uploads\/2022\/05\/acoustic-nano-panel-micro-perforation.jpg","type":"image\/jpeg"}],"twitter_card":"summary_large_image","twitter_misc":{"Szacowany czas czytania":"1 minuta"},"schema":{"@context":"https:\/\/schema.org","@graph":[{"@type":"WebPage","@id":"https:\/\/gustafs.com\/pl\/produkt\/panel-akustyczny-nano\/","url":"https:\/\/gustafs.com\/pl\/produkt\/panel-akustyczny-nano\/","name":"Akustyczny panel drewniany Nano | Gustafs Scandinavia","isPartOf":{"@id":"https:\/\/gustafs.com\/pl\/#website"},"primaryImageOfPage":{"@id":"https:\/\/gustafs.com\/pl\/produkt\/panel-akustyczny-nano\/#primaryimage"},"image":{"@id":"https:\/\/gustafs.com\/pl\/produkt\/panel-akustyczny-nano\/#primaryimage"},"thumbnailUrl":"https:\/\/gustafs.com\/wp-content\/uploads\/2022\/05\/acoustic-nano-panel-micro-perforation.jpg","datePublished":"2025-05-05T18:13:43+00:00","dateModified":"2025-09-26T15:06:47+00:00","description":"Drewniany panel akustyczny Gustafs, Nano, nadaje wn\u0119trzu \u015bwietn\u0105 akustyk\u0119 z najlepsz\u0105 klasyfikacj\u0105 ogniow\u0105 na rynku - b-s1,d0","breadcrumb":{"@id":"https:\/\/gustafs.com\/pl\/produkt\/panel-akustyczny-nano\/#breadcrumb"},"inLanguage":"pl-PL","potentialAction":[{"@type":"ReadAction","target":["https:\/\/gustafs.com\/pl\/produkt\/panel-akustyczny-nano\/"]}]},{"@type":"ImageObject","inLanguage":"pl-PL","@id":"https:\/\/gustafs.com\/pl\/produkt\/panel-akustyczny-nano\/#primaryimage","url":"https:\/\/gustafs.com\/wp-content\/uploads\/2022\/05\/acoustic-nano-panel-micro-perforation.jpg","contentUrl":"https:\/\/gustafs.com\/wp-content\/uploads\/2022\/05\/acoustic-nano-panel-micro-perforation.jpg","width":1030,"height":1290},{"@type":"BreadcrumbList","@id":"https:\/\/gustafs.com\/pl\/produkt\/panel-akustyczny-nano\/#breadcrumb","itemListElement":[{"@type":"ListItem","position":1,"name":"Gustafs","item":"https:\/\/gustafs.com\/pl\/"},{"@type":"ListItem","position":2,"name":"Produkty","item":"https:\/\/gustafs.com\/pl\/produktow\/"},{"@type":"ListItem","position":3,"name":"System paneli","item":"https:\/\/gustafs.com\/pl\/kategoria-produktu\/system-paneli\/"},{"@type":"ListItem","position":4,"name":"Panel akustyczny Nano"}]},{"@type":"WebSite","@id":"https:\/\/gustafs.com\/pl\/#website","url":"https:\/\/gustafs.com\/pl\/","name":"Gustafs Scandinavia","description":"Exclusive Wooden Panels And Acoustic Panels","potentialAction":[{"@type":"SearchAction","target":{"@type":"EntryPoint","urlTemplate":"https:\/\/gustafs.com\/pl\/?s={search_term_string}"},"query-input":{"@type":"PropertyValueSpecification","valueRequired":true,"valueName":"search_term_string"}}],"inLanguage":"pl-PL"}]}},"_links":{"self":[{"href":"https:\/\/gustafs.com\/pl\/wp-json\/wp\/v2\/product\/27730","targetHints":{"allow":["GET"]}}],"collection":[{"href":"https:\/\/gustafs.com\/pl\/wp-json\/wp\/v2\/product"}],"about":[{"href":"https:\/\/gustafs.com\/pl\/wp-json\/wp\/v2\/types\/product"}],"version-history":[{"count":30,"href":"https:\/\/gustafs.com\/pl\/wp-json\/wp\/v2\/product\/27730\/revisions"}],"predecessor-version":[{"id":34507,"href":"https:\/\/gustafs.com\/pl\/wp-json\/wp\/v2\/product\/27730\/revisions\/34507"}],"wp:featuredmedia":[{"embeddable":true,"href":"https:\/\/gustafs.com\/pl\/wp-json\/wp\/v2\/media\/27731"}],"wp:attachment":[{"href":"https:\/\/gustafs.com\/pl\/wp-json\/wp\/v2\/media?parent=27730"}],"wp:term":[{"taxonomy":"product_brand","embeddable":true,"href":"https:\/\/gustafs.com\/pl\/wp-json\/wp\/v2\/product_brand?post=27730"},{"taxonomy":"product_cat","embeddable":true,"href":"https:\/\/gustafs.com\/pl\/wp-json\/wp\/v2\/product_cat?post=27730"},{"taxonomy":"product_tag","embeddable":true,"href":"https:\/\/gustafs.com\/pl\/wp-json\/wp\/v2\/product_tag?post=27730"}],"curies":[{"name":"wp","href":"https:\/\/api.w.org\/{rel}","templated":true}]}}