{"id":27645,"date":"2022-05-11T09:09:07","date_gmt":"2025-05-05T18:13:17","guid":{"rendered":"https:\/\/gustafs.com\/product\/panel-o-wysokiej-odpornosci-na-uderzenia-ehip\/"},"modified":"2025-09-26T20:54:48","modified_gmt":"2025-09-26T18:54:48","slug":"panel-o-wysokiej-odpornosci-na-uderzenia-ehip","status":"publish","type":"product","link":"https:\/\/gustafs.com\/pl\/produkt\/panel-o-wysokiej-odpornosci-na-uderzenia-ehip\/","title":{"rendered":"Panel o wysokiej odporno\u015bci na uderzenia EHIP"},"content":{"rendered":"<p style=\"letter-spacing: 1px;\">PANELE DO PRACY W TRUDNYCH WARUNKACH<\/p>\n<p>Panele Gustafs High Impact s\u0105 niezwykle wytrzyma\u0142e i odporne na uderzenia, a wszystko to dzi\u0119ki zastosowaniu rdzenia gipsowego wzmocnionego w\u0142\u00f3knami o du\u017cej g\u0119sto\u015bci. Potr\u00f3jny system lakierowania UV gwarantuje wysok\u0105 odporno\u015b\u0107 na zarysowania i umo\u017cliwia czyszczenie \u015brodkami higienicznymi na bazie alkoholu. Panele EHIP doskonale nadaj\u0105 si\u0119 do stosowania w s\u0142u\u017cbie zdrowia, szko\u0142ach, szpitalach, restauracjach, centrach handlowych i s\u0105 obj\u0119te przed\u0142u\u017con\u0105 gwarancj\u0105 oraz programem bezp\u0142atnej wymiany. Dost\u0119pne we wszystkich okleinach i wi\u0119kszo\u015bci naszych wzor\u00f3w perforacji akustycznych.<\/p>\n","protected":false},"excerpt":{"rendered":"<p>PANELE DO PRACY W TRUDNYCH WARUNKACH Panele Gustafs High Impact s\u0105 niezwykle wytrzyma\u0142e i odporne na uderzenia, a wszystko to dzi\u0119ki zastosowaniu rdzenia gipsowego wzmocnionego w\u0142\u00f3knami o du\u017cej g\u0119sto\u015bci. Potr\u00f3jny system lakierowania UV gwarantuje wysok\u0105 odporno\u015b\u0107 na zarysowania i umo\u017cliwia czyszczenie \u015brodkami higienicznymi na bazie alkoholu. Panele EHIP doskonale nadaj\u0105 si\u0119 do stosowania w s\u0142u\u017cbie [&hellip;]<\/p>\n","protected":false},"featured_media":27646,"template":"","meta":{"_acf_changed":false,"inline_featured_image":false,"footnotes":""},"product_brand":[],"product_cat":[417],"product_tag":[],"class_list":{"0":"post-27645","1":"product","2":"type-product","3":"status-publish","4":"has-post-thumbnail","6":"product_cat-system-paneli","7":"pa_acoustic-class-brak-klasy","8":"pa_acoustic-class-d","9":"pa_acoustic-class-e","11":"first","12":"instock","13":"shipping-taxable","14":"product-type-simple"},"acf":[],"yoast_head":"<!-- This site is optimized with the Yoast SEO plugin v25.4 - https:\/\/yoast.com\/wordpress\/plugins\/seo\/ -->\n<title>Panele o wysokiej odporno\u015bci | Scandinavia<\/title>\n<meta name=\"description\" content=\"Panele Gustafs High Impact s\u0105 niezwykle wytrzyma\u0142e i odporne na uderzenia dzi\u0119ki zastosowaniu rdzenia gipsowego wzmocnionego w\u0142\u00f3knami o du\u017cej g\u0119sto\u015bci.\" \/>\n<meta name=\"robots\" content=\"index, follow, max-snippet:-1, max-image-preview:large, max-video-preview:-1\" \/>\n<link rel=\"canonical\" href=\"https:\/\/gustafs.com\/pl\/produkt\/panel-o-wysokiej-odpornosci-na-uderzenia-ehip\/\" \/>\n<meta property=\"og:locale\" content=\"pl_PL\" \/>\n<meta property=\"og:type\" content=\"article\" \/>\n<meta property=\"og:title\" content=\"Panele o wysokiej odporno\u015bci | Scandinavia\" \/>\n<meta property=\"og:description\" content=\"Panele Gustafs High Impact s\u0105 niezwykle wytrzyma\u0142e i odporne na uderzenia dzi\u0119ki zastosowaniu rdzenia gipsowego wzmocnionego w\u0142\u00f3knami o du\u017cej g\u0119sto\u015bci.\" \/>\n<meta property=\"og:url\" content=\"https:\/\/gustafs.com\/pl\/produkt\/panel-o-wysokiej-odpornosci-na-uderzenia-ehip\/\" \/>\n<meta property=\"og:site_name\" content=\"Gustafs Scandinavia\" \/>\n<meta property=\"article:modified_time\" content=\"2025-09-26T18:54:48+00:00\" \/>\n<meta property=\"og:image\" content=\"https:\/\/gustafs.com\/wp-content\/uploads\/2021\/11\/oak-non-perforated-panel.jpg\" \/>\n\t<meta property=\"og:image:width\" content=\"1030\" \/>\n\t<meta property=\"og:image:height\" content=\"1290\" \/>\n\t<meta property=\"og:image:type\" content=\"image\/jpeg\" \/>\n<meta name=\"twitter:card\" content=\"summary_large_image\" \/>\n<meta name=\"twitter:label1\" content=\"Szacowany czas czytania\" \/>\n\t<meta name=\"twitter:data1\" content=\"1 minuta\" \/>\n<script type=\"application\/ld+json\" class=\"yoast-schema-graph\">{\"@context\":\"https:\/\/schema.org\",\"@graph\":[{\"@type\":\"WebPage\",\"@id\":\"https:\/\/gustafs.com\/pl\/produkt\/panel-o-wysokiej-odpornosci-na-uderzenia-ehip\/\",\"url\":\"https:\/\/gustafs.com\/pl\/produkt\/panel-o-wysokiej-odpornosci-na-uderzenia-ehip\/\",\"name\":\"Panele o wysokiej odporno\u015bci | Scandinavia\",\"isPartOf\":{\"@id\":\"https:\/\/gustafs.com\/pl\/#website\"},\"primaryImageOfPage\":{\"@id\":\"https:\/\/gustafs.com\/pl\/produkt\/panel-o-wysokiej-odpornosci-na-uderzenia-ehip\/#primaryimage\"},\"image\":{\"@id\":\"https:\/\/gustafs.com\/pl\/produkt\/panel-o-wysokiej-odpornosci-na-uderzenia-ehip\/#primaryimage\"},\"thumbnailUrl\":\"https:\/\/gustafs.com\/wp-content\/uploads\/2021\/11\/oak-non-perforated-panel.jpg\",\"datePublished\":\"2025-05-05T18:13:17+00:00\",\"dateModified\":\"2025-09-26T18:54:48+00:00\",\"description\":\"Panele Gustafs High Impact s\u0105 niezwykle wytrzyma\u0142e i odporne na uderzenia dzi\u0119ki zastosowaniu rdzenia gipsowego wzmocnionego w\u0142\u00f3knami o du\u017cej g\u0119sto\u015bci.\",\"breadcrumb\":{\"@id\":\"https:\/\/gustafs.com\/pl\/produkt\/panel-o-wysokiej-odpornosci-na-uderzenia-ehip\/#breadcrumb\"},\"inLanguage\":\"pl-PL\",\"potentialAction\":[{\"@type\":\"ReadAction\",\"target\":[\"https:\/\/gustafs.com\/pl\/produkt\/panel-o-wysokiej-odpornosci-na-uderzenia-ehip\/\"]}]},{\"@type\":\"ImageObject\",\"inLanguage\":\"pl-PL\",\"@id\":\"https:\/\/gustafs.com\/pl\/produkt\/panel-o-wysokiej-odpornosci-na-uderzenia-ehip\/#primaryimage\",\"url\":\"https:\/\/gustafs.com\/wp-content\/uploads\/2021\/11\/oak-non-perforated-panel.jpg\",\"contentUrl\":\"https:\/\/gustafs.com\/wp-content\/uploads\/2021\/11\/oak-non-perforated-panel.jpg\",\"width\":1030,\"height\":1290,\"caption\":\"Panel drewniany z fornirem d\u0119bowym\"},{\"@type\":\"BreadcrumbList\",\"@id\":\"https:\/\/gustafs.com\/pl\/produkt\/panel-o-wysokiej-odpornosci-na-uderzenia-ehip\/#breadcrumb\",\"itemListElement\":[{\"@type\":\"ListItem\",\"position\":1,\"name\":\"Gustafs\",\"item\":\"https:\/\/gustafs.com\/pl\/\"},{\"@type\":\"ListItem\",\"position\":2,\"name\":\"Produkty\",\"item\":\"https:\/\/gustafs.com\/pl\/produktow\/\"},{\"@type\":\"ListItem\",\"position\":3,\"name\":\"System paneli\",\"item\":\"https:\/\/gustafs.com\/pl\/kategoria-produktu\/system-paneli\/\"},{\"@type\":\"ListItem\",\"position\":4,\"name\":\"Panel o wysokiej odporno\u015bci na uderzenia EHIP\"}]},{\"@type\":\"WebSite\",\"@id\":\"https:\/\/gustafs.com\/pl\/#website\",\"url\":\"https:\/\/gustafs.com\/pl\/\",\"name\":\"Gustafs Scandinavia\",\"description\":\"Exclusive Wooden Panels And Acoustic Panels\",\"potentialAction\":[{\"@type\":\"SearchAction\",\"target\":{\"@type\":\"EntryPoint\",\"urlTemplate\":\"https:\/\/gustafs.com\/pl\/?s={search_term_string}\"},\"query-input\":{\"@type\":\"PropertyValueSpecification\",\"valueRequired\":true,\"valueName\":\"search_term_string\"}}],\"inLanguage\":\"pl-PL\"}]}<\/script>\n<!-- \/ Yoast SEO plugin. -->","yoast_head_json":{"title":"Panele o wysokiej odporno\u015bci | Scandinavia","description":"Panele Gustafs High Impact s\u0105 niezwykle wytrzyma\u0142e i odporne na uderzenia dzi\u0119ki zastosowaniu rdzenia gipsowego wzmocnionego w\u0142\u00f3knami o du\u017cej g\u0119sto\u015bci.","robots":{"index":"index","follow":"follow","max-snippet":"max-snippet:-1","max-image-preview":"max-image-preview:large","max-video-preview":"max-video-preview:-1"},"canonical":"https:\/\/gustafs.com\/pl\/produkt\/panel-o-wysokiej-odpornosci-na-uderzenia-ehip\/","og_locale":"pl_PL","og_type":"article","og_title":"Panele o wysokiej odporno\u015bci | Scandinavia","og_description":"Panele Gustafs High Impact s\u0105 niezwykle wytrzyma\u0142e i odporne na uderzenia dzi\u0119ki zastosowaniu rdzenia gipsowego wzmocnionego w\u0142\u00f3knami o du\u017cej g\u0119sto\u015bci.","og_url":"https:\/\/gustafs.com\/pl\/produkt\/panel-o-wysokiej-odpornosci-na-uderzenia-ehip\/","og_site_name":"Gustafs Scandinavia","article_modified_time":"2025-09-26T18:54:48+00:00","og_image":[{"width":1030,"height":1290,"url":"https:\/\/gustafs.com\/wp-content\/uploads\/2021\/11\/oak-non-perforated-panel.jpg","type":"image\/jpeg"}],"twitter_card":"summary_large_image","twitter_misc":{"Szacowany czas czytania":"1 minuta"},"schema":{"@context":"https:\/\/schema.org","@graph":[{"@type":"WebPage","@id":"https:\/\/gustafs.com\/pl\/produkt\/panel-o-wysokiej-odpornosci-na-uderzenia-ehip\/","url":"https:\/\/gustafs.com\/pl\/produkt\/panel-o-wysokiej-odpornosci-na-uderzenia-ehip\/","name":"Panele o wysokiej odporno\u015bci | Scandinavia","isPartOf":{"@id":"https:\/\/gustafs.com\/pl\/#website"},"primaryImageOfPage":{"@id":"https:\/\/gustafs.com\/pl\/produkt\/panel-o-wysokiej-odpornosci-na-uderzenia-ehip\/#primaryimage"},"image":{"@id":"https:\/\/gustafs.com\/pl\/produkt\/panel-o-wysokiej-odpornosci-na-uderzenia-ehip\/#primaryimage"},"thumbnailUrl":"https:\/\/gustafs.com\/wp-content\/uploads\/2021\/11\/oak-non-perforated-panel.jpg","datePublished":"2025-05-05T18:13:17+00:00","dateModified":"2025-09-26T18:54:48+00:00","description":"Panele Gustafs High Impact s\u0105 niezwykle wytrzyma\u0142e i odporne na uderzenia dzi\u0119ki zastosowaniu rdzenia gipsowego wzmocnionego w\u0142\u00f3knami o du\u017cej g\u0119sto\u015bci.","breadcrumb":{"@id":"https:\/\/gustafs.com\/pl\/produkt\/panel-o-wysokiej-odpornosci-na-uderzenia-ehip\/#breadcrumb"},"inLanguage":"pl-PL","potentialAction":[{"@type":"ReadAction","target":["https:\/\/gustafs.com\/pl\/produkt\/panel-o-wysokiej-odpornosci-na-uderzenia-ehip\/"]}]},{"@type":"ImageObject","inLanguage":"pl-PL","@id":"https:\/\/gustafs.com\/pl\/produkt\/panel-o-wysokiej-odpornosci-na-uderzenia-ehip\/#primaryimage","url":"https:\/\/gustafs.com\/wp-content\/uploads\/2021\/11\/oak-non-perforated-panel.jpg","contentUrl":"https:\/\/gustafs.com\/wp-content\/uploads\/2021\/11\/oak-non-perforated-panel.jpg","width":1030,"height":1290,"caption":"Panel drewniany z fornirem d\u0119bowym"},{"@type":"BreadcrumbList","@id":"https:\/\/gustafs.com\/pl\/produkt\/panel-o-wysokiej-odpornosci-na-uderzenia-ehip\/#breadcrumb","itemListElement":[{"@type":"ListItem","position":1,"name":"Gustafs","item":"https:\/\/gustafs.com\/pl\/"},{"@type":"ListItem","position":2,"name":"Produkty","item":"https:\/\/gustafs.com\/pl\/produktow\/"},{"@type":"ListItem","position":3,"name":"System paneli","item":"https:\/\/gustafs.com\/pl\/kategoria-produktu\/system-paneli\/"},{"@type":"ListItem","position":4,"name":"Panel o wysokiej odporno\u015bci na uderzenia EHIP"}]},{"@type":"WebSite","@id":"https:\/\/gustafs.com\/pl\/#website","url":"https:\/\/gustafs.com\/pl\/","name":"Gustafs Scandinavia","description":"Exclusive Wooden Panels And Acoustic Panels","potentialAction":[{"@type":"SearchAction","target":{"@type":"EntryPoint","urlTemplate":"https:\/\/gustafs.com\/pl\/?s={search_term_string}"},"query-input":{"@type":"PropertyValueSpecification","valueRequired":true,"valueName":"search_term_string"}}],"inLanguage":"pl-PL"}]}},"_links":{"self":[{"href":"https:\/\/gustafs.com\/pl\/wp-json\/wp\/v2\/product\/27645","targetHints":{"allow":["GET"]}}],"collection":[{"href":"https:\/\/gustafs.com\/pl\/wp-json\/wp\/v2\/product"}],"about":[{"href":"https:\/\/gustafs.com\/pl\/wp-json\/wp\/v2\/types\/product"}],"version-history":[{"count":8,"href":"https:\/\/gustafs.com\/pl\/wp-json\/wp\/v2\/product\/27645\/revisions"}],"predecessor-version":[{"id":34524,"href":"https:\/\/gustafs.com\/pl\/wp-json\/wp\/v2\/product\/27645\/revisions\/34524"}],"wp:featuredmedia":[{"embeddable":true,"href":"https:\/\/gustafs.com\/pl\/wp-json\/wp\/v2\/media\/27646"}],"wp:attachment":[{"href":"https:\/\/gustafs.com\/pl\/wp-json\/wp\/v2\/media?parent=27645"}],"wp:term":[{"taxonomy":"product_brand","embeddable":true,"href":"https:\/\/gustafs.com\/pl\/wp-json\/wp\/v2\/product_brand?post=27645"},{"taxonomy":"product_cat","embeddable":true,"href":"https:\/\/gustafs.com\/pl\/wp-json\/wp\/v2\/product_cat?post=27645"},{"taxonomy":"product_tag","embeddable":true,"href":"https:\/\/gustafs.com\/pl\/wp-json\/wp\/v2\/product_tag?post=27645"}],"curies":[{"name":"wp","href":"https:\/\/api.w.org\/{rel}","templated":true}]}}