{"id":27620,"date":"2023-12-18T15:45:01","date_gmt":"2025-05-05T18:10:25","guid":{"rendered":"https:\/\/gustafs.com\/product\/lamelowa-cera\/"},"modified":"2025-09-30T07:14:53","modified_gmt":"2025-09-30T05:14:53","slug":"lamelowa-cera","status":"publish","type":"product","link":"https:\/\/gustafs.com\/pl\/produkt\/lamelowa-cera\/","title":{"rendered":"Lamellow+ Cera"},"content":{"rendered":"<p style=\"letter-spacing: 1px;\">AKUSTYCZNE PANELE LINIOWE DO \u015aCIAN I SUFIT\u00d3W<\/p>\n<p>Stabilny filcowy podk\u0142ad i listwy z nowocze\u015bnie wygl\u0105daj\u0105cego materia\u0142u kompozytowego pokrytego ochronnym potr\u00f3jnym systemem pow\u0142ok UV. Prosty i szybki monta\u017c na \u015bcianach za pomoc\u0105 gwo\u017adzi lub kleju, na suficie ze sprawdzonym systemem T24 firmy Gustafs. Panele s\u0105 zawsze montowane z ukrytymi po\u0142\u0105czeniami pomi\u0119dzy nimi, we wszystkich 4 kierunkach. Lamellow+ Cera posiada solidn\u0105 klasyfikacj\u0119 ogniow\u0105 B-s1,d0, Gustafs osiaga j\u0105 bez konieczno\u015bci impregnacji chemicznej. Spe\u0142nia wszystkie kryteria do stosowania w przestrzeni publicznej. Jeste\u015b projektantem wn\u0119trz &#8211; rzu\u0107 nam wyzwanie z w\u0142asnym wzorem projektowym z naszej serii Lamellow+!<\/p>\n","protected":false},"excerpt":{"rendered":"<p>AKUSTYCZNE PANELE LINIOWE DO \u015aCIAN I SUFIT\u00d3W Stabilny filcowy podk\u0142ad i listwy z nowocze\u015bnie wygl\u0105daj\u0105cego materia\u0142u kompozytowego pokrytego ochronnym potr\u00f3jnym systemem pow\u0142ok UV. Prosty i szybki monta\u017c na \u015bcianach za pomoc\u0105 gwo\u017adzi lub kleju, na suficie ze sprawdzonym systemem T24 firmy Gustafs. Panele s\u0105 zawsze montowane z ukrytymi po\u0142\u0105czeniami pomi\u0119dzy nimi, we wszystkich 4 kierunkach. [&hellip;]<\/p>\n","protected":false},"featured_media":77365,"template":"","meta":{"_acf_changed":false,"inline_featured_image":false,"footnotes":""},"product_brand":[],"product_cat":[429,431],"product_tag":[432],"class_list":{"0":"post-27620","1":"product","2":"type-product","3":"status-publish","4":"has-post-thumbnail","6":"product_cat-liniowe","7":"product_cat-panele-liniowe","8":"product_tag-panele-liniowe","9":"pa_acoustic-class-a","10":"pa_acoustic-class-d","12":"first","13":"instock","14":"shipping-taxable","15":"product-type-simple"},"acf":[],"yoast_head":"<!-- This site is optimized with the Yoast SEO plugin v25.4 - https:\/\/yoast.com\/wordpress\/plugins\/seo\/ -->\n<title>Lamellow+ Cera | Gustafs Scandinavia<\/title>\n<meta name=\"robots\" content=\"index, follow, max-snippet:-1, max-image-preview:large, max-video-preview:-1\" \/>\n<link rel=\"canonical\" href=\"https:\/\/gustafs.com\/pl\/produkt\/lamelowa-cera\/\" \/>\n<meta property=\"og:locale\" content=\"pl_PL\" \/>\n<meta property=\"og:type\" content=\"article\" \/>\n<meta property=\"og:title\" content=\"Lamellow+ Cera | Gustafs Scandinavia\" \/>\n<meta property=\"og:description\" content=\"AKUSTYCZNE PANELE LINIOWE DO \u015aCIAN I SUFIT\u00d3W Stabilny filcowy podk\u0142ad i listwy z nowocze\u015bnie wygl\u0105daj\u0105cego materia\u0142u kompozytowego pokrytego ochronnym potr\u00f3jnym systemem pow\u0142ok UV. Prosty i szybki monta\u017c na \u015bcianach za pomoc\u0105 gwo\u017adzi lub kleju, na suficie ze sprawdzonym systemem T24 firmy Gustafs. Panele s\u0105 zawsze montowane z ukrytymi po\u0142\u0105czeniami pomi\u0119dzy nimi, we wszystkich 4 kierunkach. [&hellip;]\" \/>\n<meta property=\"og:url\" content=\"https:\/\/gustafs.com\/pl\/produkt\/lamelowa-cera\/\" \/>\n<meta property=\"og:site_name\" content=\"Gustafs Scandinavia\" \/>\n<meta property=\"article:modified_time\" content=\"2025-09-30T05:14:53+00:00\" \/>\n<meta property=\"og:image\" content=\"https:\/\/gustafs.com\/wp-content\/uploads\/2023\/12\/lamellow-cera-linear-dark-grey-produktkort-new.jpg\" \/>\n\t<meta property=\"og:image:width\" content=\"1030\" \/>\n\t<meta property=\"og:image:height\" content=\"1290\" \/>\n\t<meta property=\"og:image:type\" content=\"image\/jpeg\" \/>\n<meta name=\"twitter:card\" content=\"summary_large_image\" \/>\n<meta name=\"twitter:label1\" content=\"Szacowany czas czytania\" \/>\n\t<meta name=\"twitter:data1\" content=\"1 minuta\" \/>\n<script type=\"application\/ld+json\" class=\"yoast-schema-graph\">{\"@context\":\"https:\/\/schema.org\",\"@graph\":[{\"@type\":\"WebPage\",\"@id\":\"https:\/\/gustafs.com\/pl\/produkt\/lamelowa-cera\/\",\"url\":\"https:\/\/gustafs.com\/pl\/produkt\/lamelowa-cera\/\",\"name\":\"Lamellow+ Cera | Gustafs Scandinavia\",\"isPartOf\":{\"@id\":\"https:\/\/gustafs.com\/pl\/#website\"},\"primaryImageOfPage\":{\"@id\":\"https:\/\/gustafs.com\/pl\/produkt\/lamelowa-cera\/#primaryimage\"},\"image\":{\"@id\":\"https:\/\/gustafs.com\/pl\/produkt\/lamelowa-cera\/#primaryimage\"},\"thumbnailUrl\":\"https:\/\/gustafs.com\/wp-content\/uploads\/2023\/12\/lamellow-cera-linear-dark-grey-produktkort.jpg\",\"datePublished\":\"2025-05-05T18:10:25+00:00\",\"dateModified\":\"2025-09-30T05:14:53+00:00\",\"breadcrumb\":{\"@id\":\"https:\/\/gustafs.com\/pl\/produkt\/lamelowa-cera\/#breadcrumb\"},\"inLanguage\":\"pl-PL\",\"potentialAction\":[{\"@type\":\"ReadAction\",\"target\":[\"https:\/\/gustafs.com\/pl\/produkt\/lamelowa-cera\/\"]}]},{\"@type\":\"ImageObject\",\"inLanguage\":\"pl-PL\",\"@id\":\"https:\/\/gustafs.com\/pl\/produkt\/lamelowa-cera\/#primaryimage\",\"url\":\"https:\/\/gustafs.com\/wp-content\/uploads\/2023\/12\/lamellow-cera-linear-dark-grey-produktkort.jpg\",\"contentUrl\":\"https:\/\/gustafs.com\/wp-content\/uploads\/2023\/12\/lamellow-cera-linear-dark-grey-produktkort.jpg\",\"width\":1030,\"height\":1290},{\"@type\":\"BreadcrumbList\",\"@id\":\"https:\/\/gustafs.com\/pl\/produkt\/lamelowa-cera\/#breadcrumb\",\"itemListElement\":[{\"@type\":\"ListItem\",\"position\":1,\"name\":\"Gustafs\",\"item\":\"https:\/\/gustafs.com\/pl\/\"},{\"@type\":\"ListItem\",\"position\":2,\"name\":\"Produkty\",\"item\":\"https:\/\/gustafs.com\/pl\/produktow\/\"},{\"@type\":\"ListItem\",\"position\":3,\"name\":\"Listwy\",\"item\":\"https:\/\/gustafs.com\/pl\/kategoria-produktu\/liniowe\/\"},{\"@type\":\"ListItem\",\"position\":4,\"name\":\"Lamellow+ Cera\"}]},{\"@type\":\"WebSite\",\"@id\":\"https:\/\/gustafs.com\/pl\/#website\",\"url\":\"https:\/\/gustafs.com\/pl\/\",\"name\":\"Gustafs Scandinavia\",\"description\":\"Exclusive Wooden Panels And Acoustic Panels\",\"potentialAction\":[{\"@type\":\"SearchAction\",\"target\":{\"@type\":\"EntryPoint\",\"urlTemplate\":\"https:\/\/gustafs.com\/pl\/?s={search_term_string}\"},\"query-input\":{\"@type\":\"PropertyValueSpecification\",\"valueRequired\":true,\"valueName\":\"search_term_string\"}}],\"inLanguage\":\"pl-PL\"}]}<\/script>\n<!-- \/ Yoast SEO plugin. -->","yoast_head_json":{"title":"Lamellow+ Cera | Gustafs Scandinavia","robots":{"index":"index","follow":"follow","max-snippet":"max-snippet:-1","max-image-preview":"max-image-preview:large","max-video-preview":"max-video-preview:-1"},"canonical":"https:\/\/gustafs.com\/pl\/produkt\/lamelowa-cera\/","og_locale":"pl_PL","og_type":"article","og_title":"Lamellow+ Cera | Gustafs Scandinavia","og_description":"AKUSTYCZNE PANELE LINIOWE DO \u015aCIAN I SUFIT\u00d3W Stabilny filcowy podk\u0142ad i listwy z nowocze\u015bnie wygl\u0105daj\u0105cego materia\u0142u kompozytowego pokrytego ochronnym potr\u00f3jnym systemem pow\u0142ok UV. Prosty i szybki monta\u017c na \u015bcianach za pomoc\u0105 gwo\u017adzi lub kleju, na suficie ze sprawdzonym systemem T24 firmy Gustafs. Panele s\u0105 zawsze montowane z ukrytymi po\u0142\u0105czeniami pomi\u0119dzy nimi, we wszystkich 4 kierunkach. [&hellip;]","og_url":"https:\/\/gustafs.com\/pl\/produkt\/lamelowa-cera\/","og_site_name":"Gustafs Scandinavia","article_modified_time":"2025-09-30T05:14:53+00:00","og_image":[{"width":1030,"height":1290,"url":"https:\/\/gustafs.com\/wp-content\/uploads\/2023\/12\/lamellow-cera-linear-dark-grey-produktkort-new.jpg","type":"image\/jpeg"}],"twitter_card":"summary_large_image","twitter_misc":{"Szacowany czas czytania":"1 minuta"},"schema":{"@context":"https:\/\/schema.org","@graph":[{"@type":"WebPage","@id":"https:\/\/gustafs.com\/pl\/produkt\/lamelowa-cera\/","url":"https:\/\/gustafs.com\/pl\/produkt\/lamelowa-cera\/","name":"Lamellow+ Cera | Gustafs Scandinavia","isPartOf":{"@id":"https:\/\/gustafs.com\/pl\/#website"},"primaryImageOfPage":{"@id":"https:\/\/gustafs.com\/pl\/produkt\/lamelowa-cera\/#primaryimage"},"image":{"@id":"https:\/\/gustafs.com\/pl\/produkt\/lamelowa-cera\/#primaryimage"},"thumbnailUrl":"https:\/\/gustafs.com\/wp-content\/uploads\/2023\/12\/lamellow-cera-linear-dark-grey-produktkort.jpg","datePublished":"2025-05-05T18:10:25+00:00","dateModified":"2025-09-30T05:14:53+00:00","breadcrumb":{"@id":"https:\/\/gustafs.com\/pl\/produkt\/lamelowa-cera\/#breadcrumb"},"inLanguage":"pl-PL","potentialAction":[{"@type":"ReadAction","target":["https:\/\/gustafs.com\/pl\/produkt\/lamelowa-cera\/"]}]},{"@type":"ImageObject","inLanguage":"pl-PL","@id":"https:\/\/gustafs.com\/pl\/produkt\/lamelowa-cera\/#primaryimage","url":"https:\/\/gustafs.com\/wp-content\/uploads\/2023\/12\/lamellow-cera-linear-dark-grey-produktkort.jpg","contentUrl":"https:\/\/gustafs.com\/wp-content\/uploads\/2023\/12\/lamellow-cera-linear-dark-grey-produktkort.jpg","width":1030,"height":1290},{"@type":"BreadcrumbList","@id":"https:\/\/gustafs.com\/pl\/produkt\/lamelowa-cera\/#breadcrumb","itemListElement":[{"@type":"ListItem","position":1,"name":"Gustafs","item":"https:\/\/gustafs.com\/pl\/"},{"@type":"ListItem","position":2,"name":"Produkty","item":"https:\/\/gustafs.com\/pl\/produktow\/"},{"@type":"ListItem","position":3,"name":"Listwy","item":"https:\/\/gustafs.com\/pl\/kategoria-produktu\/liniowe\/"},{"@type":"ListItem","position":4,"name":"Lamellow+ Cera"}]},{"@type":"WebSite","@id":"https:\/\/gustafs.com\/pl\/#website","url":"https:\/\/gustafs.com\/pl\/","name":"Gustafs Scandinavia","description":"Exclusive Wooden Panels And Acoustic Panels","potentialAction":[{"@type":"SearchAction","target":{"@type":"EntryPoint","urlTemplate":"https:\/\/gustafs.com\/pl\/?s={search_term_string}"},"query-input":{"@type":"PropertyValueSpecification","valueRequired":true,"valueName":"search_term_string"}}],"inLanguage":"pl-PL"}]}},"_links":{"self":[{"href":"https:\/\/gustafs.com\/pl\/wp-json\/wp\/v2\/product\/27620","targetHints":{"allow":["GET"]}}],"collection":[{"href":"https:\/\/gustafs.com\/pl\/wp-json\/wp\/v2\/product"}],"about":[{"href":"https:\/\/gustafs.com\/pl\/wp-json\/wp\/v2\/types\/product"}],"version-history":[{"count":22,"href":"https:\/\/gustafs.com\/pl\/wp-json\/wp\/v2\/product\/27620\/revisions"}],"predecessor-version":[{"id":34650,"href":"https:\/\/gustafs.com\/pl\/wp-json\/wp\/v2\/product\/27620\/revisions\/34650"}],"wp:featuredmedia":[{"embeddable":true,"href":"https:\/\/gustafs.com\/pl\/wp-json\/wp\/v2\/media\/77365"}],"wp:attachment":[{"href":"https:\/\/gustafs.com\/pl\/wp-json\/wp\/v2\/media?parent=27620"}],"wp:term":[{"taxonomy":"product_brand","embeddable":true,"href":"https:\/\/gustafs.com\/pl\/wp-json\/wp\/v2\/product_brand?post=27620"},{"taxonomy":"product_cat","embeddable":true,"href":"https:\/\/gustafs.com\/pl\/wp-json\/wp\/v2\/product_cat?post=27620"},{"taxonomy":"product_tag","embeddable":true,"href":"https:\/\/gustafs.com\/pl\/wp-json\/wp\/v2\/product_tag?post=27620"}],"curies":[{"name":"wp","href":"https:\/\/api.w.org\/{rel}","templated":true}]}}