{"id":27583,"date":"2023-11-29T15:42:49","date_gmt":"2025-05-05T18:10:19","guid":{"rendered":"https:\/\/gustafs.com\/product\/piksel-filcowy\/"},"modified":"2025-10-01T14:34:45","modified_gmt":"2025-10-01T12:34:45","slug":"piksel-filcowy","status":"publish","type":"product","link":"https:\/\/gustafs.com\/pl\/produkt\/piksel-filcowy\/","title":{"rendered":"Feltfon Pixels"},"content":{"rendered":"<p style=\"letter-spacing: 1px;\">Filc liniowy t\u0142umi\u0105cy d\u017awi\u0119k z elementami obrazu<\/p>\n<p>Gustafs Feltfon\u00a9 Pixel umo\u017cliwia tworzenie d\u017awi\u0119koch\u0142onnych \u015bcian i sufit\u00f3w o mi\u0119kkiej i ciep\u0142ej estetyce. System monta\u017cowy Capax Quick-Up jest dost\u0119pny dla \u015bcian i sufit\u00f3w. Jest to system dedykowany dla szk\u00f3\u0142, i biur, pozwalaj\u0105cy na kreatywne rozwi\u0105zania architekt\u00f3w. Charakteryzuje si\u0119 bardzo dobrymi parametrami akustycznymi i ognioodporno\u015bci\u0105 bez impregnacji, a tak\u017ce nisk\u0105 cen\u0105. To system atrakcyjny dla ka\u017cdego. Jest zr\u00f3wnowa\u017conym rozwi\u0105zaniem, wykonanym w co najmniej 50% z materia\u0142\u00f3w pochodz\u0105cych z recyklingu pokazuj\u0105cym nasze zaanga\u017cowanie w zmniejszanie szkodliwego wp\u0142ywu na \u015brodowisko. Pozwala na generowanie ciekawych wzor\u00f3w u\u017cywaj\u0105c pikseli z r\u00f3\u017cnych materia\u0142\u00f3w, takich jak drewno lub filc<\/p>\n","protected":false},"excerpt":{"rendered":"<p>Filc liniowy t\u0142umi\u0105cy d\u017awi\u0119k z elementami obrazu Gustafs Feltfon\u00a9 Pixel umo\u017cliwia tworzenie d\u017awi\u0119koch\u0142onnych \u015bcian i sufit\u00f3w o mi\u0119kkiej i ciep\u0142ej estetyce. System monta\u017cowy Capax Quick-Up jest dost\u0119pny dla \u015bcian i sufit\u00f3w. Jest to system dedykowany dla szk\u00f3\u0142, i biur, pozwalaj\u0105cy na kreatywne rozwi\u0105zania architekt\u00f3w. Charakteryzuje si\u0119 bardzo dobrymi parametrami akustycznymi i ognioodporno\u015bci\u0105 bez impregnacji, a [&hellip;]<\/p>\n","protected":false},"featured_media":27585,"template":"","meta":{"_acf_changed":false,"inline_featured_image":false,"footnotes":""},"product_brand":[],"product_cat":[419,420],"product_tag":[],"class_list":{"0":"post-27583","1":"product","2":"type-product","3":"status-publish","4":"has-post-thumbnail","6":"product_cat-feltfon","7":"product_cat-wektor","8":"pa_acoustic-class-a","9":"pa_acoustic-class-b","10":"pa_acoustic-class-c","11":"pa_acoustic-class-d","13":"first","14":"instock","15":"shipping-taxable","16":"product-type-simple"},"acf":[],"yoast_head":"<!-- This site is optimized with the Yoast SEO plugin v25.4 - https:\/\/yoast.com\/wordpress\/plugins\/seo\/ -->\n<title>Feltfon Pixels | Gustafs Scandinavia<\/title>\n<meta name=\"robots\" content=\"index, follow, max-snippet:-1, max-image-preview:large, max-video-preview:-1\" \/>\n<link rel=\"canonical\" href=\"https:\/\/gustafs.com\/pl\/produkt\/piksel-filcowy\/\" \/>\n<meta property=\"og:locale\" content=\"pl_PL\" \/>\n<meta property=\"og:type\" content=\"article\" \/>\n<meta property=\"og:title\" content=\"Feltfon Pixels | Gustafs Scandinavia\" \/>\n<meta property=\"og:description\" content=\"Filc liniowy t\u0142umi\u0105cy d\u017awi\u0119k z elementami obrazu Gustafs Feltfon\u00a9 Pixel umo\u017cliwia tworzenie d\u017awi\u0119koch\u0142onnych \u015bcian i sufit\u00f3w o mi\u0119kkiej i ciep\u0142ej estetyce. System monta\u017cowy Capax Quick-Up jest dost\u0119pny dla \u015bcian i sufit\u00f3w. Jest to system dedykowany dla szk\u00f3\u0142, i biur, pozwalaj\u0105cy na kreatywne rozwi\u0105zania architekt\u00f3w. Charakteryzuje si\u0119 bardzo dobrymi parametrami akustycznymi i ognioodporno\u015bci\u0105 bez impregnacji, a [&hellip;]\" \/>\n<meta property=\"og:url\" content=\"https:\/\/gustafs.com\/pl\/produkt\/piksel-filcowy\/\" \/>\n<meta property=\"og:site_name\" content=\"Gustafs Scandinavia\" \/>\n<meta property=\"article:modified_time\" content=\"2025-10-01T12:34:45+00:00\" \/>\n<meta property=\"og:image\" content=\"https:\/\/gustafs.com\/wp-content\/uploads\/2023\/11\/linear-feltfon-pixel-sand-walnut-product.jpg\" \/>\n\t<meta property=\"og:image:width\" content=\"1030\" \/>\n\t<meta property=\"og:image:height\" content=\"1290\" \/>\n\t<meta property=\"og:image:type\" content=\"image\/jpeg\" \/>\n<meta name=\"twitter:card\" content=\"summary_large_image\" \/>\n<meta name=\"twitter:label1\" content=\"Szacowany czas czytania\" \/>\n\t<meta name=\"twitter:data1\" content=\"1 minuta\" \/>\n<script type=\"application\/ld+json\" class=\"yoast-schema-graph\">{\"@context\":\"https:\/\/schema.org\",\"@graph\":[{\"@type\":\"WebPage\",\"@id\":\"https:\/\/gustafs.com\/pl\/produkt\/piksel-filcowy\/\",\"url\":\"https:\/\/gustafs.com\/pl\/produkt\/piksel-filcowy\/\",\"name\":\"Feltfon Pixels | Gustafs Scandinavia\",\"isPartOf\":{\"@id\":\"https:\/\/gustafs.com\/pl\/#website\"},\"primaryImageOfPage\":{\"@id\":\"https:\/\/gustafs.com\/pl\/produkt\/piksel-filcowy\/#primaryimage\"},\"image\":{\"@id\":\"https:\/\/gustafs.com\/pl\/produkt\/piksel-filcowy\/#primaryimage\"},\"thumbnailUrl\":\"https:\/\/gustafs.com\/wp-content\/uploads\/2023\/11\/feltfon-pixle-acoustic-wall-burned-clay-1030-scaled.jpg\",\"datePublished\":\"2025-05-05T18:10:19+00:00\",\"dateModified\":\"2025-10-01T12:34:45+00:00\",\"breadcrumb\":{\"@id\":\"https:\/\/gustafs.com\/pl\/produkt\/piksel-filcowy\/#breadcrumb\"},\"inLanguage\":\"pl-PL\",\"potentialAction\":[{\"@type\":\"ReadAction\",\"target\":[\"https:\/\/gustafs.com\/pl\/produkt\/piksel-filcowy\/\"]}]},{\"@type\":\"ImageObject\",\"inLanguage\":\"pl-PL\",\"@id\":\"https:\/\/gustafs.com\/pl\/produkt\/piksel-filcowy\/#primaryimage\",\"url\":\"https:\/\/gustafs.com\/wp-content\/uploads\/2023\/11\/feltfon-pixle-acoustic-wall-burned-clay-1030-scaled.jpg\",\"contentUrl\":\"https:\/\/gustafs.com\/wp-content\/uploads\/2023\/11\/feltfon-pixle-acoustic-wall-burned-clay-1030-scaled.jpg\",\"width\":2044,\"height\":2560},{\"@type\":\"BreadcrumbList\",\"@id\":\"https:\/\/gustafs.com\/pl\/produkt\/piksel-filcowy\/#breadcrumb\",\"itemListElement\":[{\"@type\":\"ListItem\",\"position\":1,\"name\":\"Gustafs\",\"item\":\"https:\/\/gustafs.com\/pl\/\"},{\"@type\":\"ListItem\",\"position\":2,\"name\":\"Produkty\",\"item\":\"https:\/\/gustafs.com\/pl\/produktow\/\"},{\"@type\":\"ListItem\",\"position\":3,\"name\":\"Ok\u0142adziny filcowe Feltfon\",\"item\":\"https:\/\/gustafs.com\/pl\/kategoria-produktu\/feltfon\/\"},{\"@type\":\"ListItem\",\"position\":4,\"name\":\"Feltfon Pixels\"}]},{\"@type\":\"WebSite\",\"@id\":\"https:\/\/gustafs.com\/pl\/#website\",\"url\":\"https:\/\/gustafs.com\/pl\/\",\"name\":\"Gustafs Scandinavia\",\"description\":\"Exclusive Wooden Panels And Acoustic Panels\",\"potentialAction\":[{\"@type\":\"SearchAction\",\"target\":{\"@type\":\"EntryPoint\",\"urlTemplate\":\"https:\/\/gustafs.com\/pl\/?s={search_term_string}\"},\"query-input\":{\"@type\":\"PropertyValueSpecification\",\"valueRequired\":true,\"valueName\":\"search_term_string\"}}],\"inLanguage\":\"pl-PL\"}]}<\/script>\n<!-- \/ Yoast SEO plugin. -->","yoast_head_json":{"title":"Feltfon Pixels | Gustafs Scandinavia","robots":{"index":"index","follow":"follow","max-snippet":"max-snippet:-1","max-image-preview":"max-image-preview:large","max-video-preview":"max-video-preview:-1"},"canonical":"https:\/\/gustafs.com\/pl\/produkt\/piksel-filcowy\/","og_locale":"pl_PL","og_type":"article","og_title":"Feltfon Pixels | Gustafs Scandinavia","og_description":"Filc liniowy t\u0142umi\u0105cy d\u017awi\u0119k z elementami obrazu Gustafs Feltfon\u00a9 Pixel umo\u017cliwia tworzenie d\u017awi\u0119koch\u0142onnych \u015bcian i sufit\u00f3w o mi\u0119kkiej i ciep\u0142ej estetyce. System monta\u017cowy Capax Quick-Up jest dost\u0119pny dla \u015bcian i sufit\u00f3w. Jest to system dedykowany dla szk\u00f3\u0142, i biur, pozwalaj\u0105cy na kreatywne rozwi\u0105zania architekt\u00f3w. Charakteryzuje si\u0119 bardzo dobrymi parametrami akustycznymi i ognioodporno\u015bci\u0105 bez impregnacji, a [&hellip;]","og_url":"https:\/\/gustafs.com\/pl\/produkt\/piksel-filcowy\/","og_site_name":"Gustafs Scandinavia","article_modified_time":"2025-10-01T12:34:45+00:00","og_image":[{"width":1030,"height":1290,"url":"https:\/\/gustafs.com\/wp-content\/uploads\/2023\/11\/linear-feltfon-pixel-sand-walnut-product.jpg","type":"image\/jpeg"}],"twitter_card":"summary_large_image","twitter_misc":{"Szacowany czas czytania":"1 minuta"},"schema":{"@context":"https:\/\/schema.org","@graph":[{"@type":"WebPage","@id":"https:\/\/gustafs.com\/pl\/produkt\/piksel-filcowy\/","url":"https:\/\/gustafs.com\/pl\/produkt\/piksel-filcowy\/","name":"Feltfon Pixels | Gustafs Scandinavia","isPartOf":{"@id":"https:\/\/gustafs.com\/pl\/#website"},"primaryImageOfPage":{"@id":"https:\/\/gustafs.com\/pl\/produkt\/piksel-filcowy\/#primaryimage"},"image":{"@id":"https:\/\/gustafs.com\/pl\/produkt\/piksel-filcowy\/#primaryimage"},"thumbnailUrl":"https:\/\/gustafs.com\/wp-content\/uploads\/2023\/11\/feltfon-pixle-acoustic-wall-burned-clay-1030-scaled.jpg","datePublished":"2025-05-05T18:10:19+00:00","dateModified":"2025-10-01T12:34:45+00:00","breadcrumb":{"@id":"https:\/\/gustafs.com\/pl\/produkt\/piksel-filcowy\/#breadcrumb"},"inLanguage":"pl-PL","potentialAction":[{"@type":"ReadAction","target":["https:\/\/gustafs.com\/pl\/produkt\/piksel-filcowy\/"]}]},{"@type":"ImageObject","inLanguage":"pl-PL","@id":"https:\/\/gustafs.com\/pl\/produkt\/piksel-filcowy\/#primaryimage","url":"https:\/\/gustafs.com\/wp-content\/uploads\/2023\/11\/feltfon-pixle-acoustic-wall-burned-clay-1030-scaled.jpg","contentUrl":"https:\/\/gustafs.com\/wp-content\/uploads\/2023\/11\/feltfon-pixle-acoustic-wall-burned-clay-1030-scaled.jpg","width":2044,"height":2560},{"@type":"BreadcrumbList","@id":"https:\/\/gustafs.com\/pl\/produkt\/piksel-filcowy\/#breadcrumb","itemListElement":[{"@type":"ListItem","position":1,"name":"Gustafs","item":"https:\/\/gustafs.com\/pl\/"},{"@type":"ListItem","position":2,"name":"Produkty","item":"https:\/\/gustafs.com\/pl\/produktow\/"},{"@type":"ListItem","position":3,"name":"Ok\u0142adziny filcowe Feltfon","item":"https:\/\/gustafs.com\/pl\/kategoria-produktu\/feltfon\/"},{"@type":"ListItem","position":4,"name":"Feltfon Pixels"}]},{"@type":"WebSite","@id":"https:\/\/gustafs.com\/pl\/#website","url":"https:\/\/gustafs.com\/pl\/","name":"Gustafs Scandinavia","description":"Exclusive Wooden Panels And Acoustic Panels","potentialAction":[{"@type":"SearchAction","target":{"@type":"EntryPoint","urlTemplate":"https:\/\/gustafs.com\/pl\/?s={search_term_string}"},"query-input":{"@type":"PropertyValueSpecification","valueRequired":true,"valueName":"search_term_string"}}],"inLanguage":"pl-PL"}]}},"_links":{"self":[{"href":"https:\/\/gustafs.com\/pl\/wp-json\/wp\/v2\/product\/27583","targetHints":{"allow":["GET"]}}],"collection":[{"href":"https:\/\/gustafs.com\/pl\/wp-json\/wp\/v2\/product"}],"about":[{"href":"https:\/\/gustafs.com\/pl\/wp-json\/wp\/v2\/types\/product"}],"version-history":[{"count":15,"href":"https:\/\/gustafs.com\/pl\/wp-json\/wp\/v2\/product\/27583\/revisions"}],"predecessor-version":[{"id":34869,"href":"https:\/\/gustafs.com\/pl\/wp-json\/wp\/v2\/product\/27583\/revisions\/34869"}],"wp:featuredmedia":[{"embeddable":true,"href":"https:\/\/gustafs.com\/pl\/wp-json\/wp\/v2\/media\/27585"}],"wp:attachment":[{"href":"https:\/\/gustafs.com\/pl\/wp-json\/wp\/v2\/media?parent=27583"}],"wp:term":[{"taxonomy":"product_brand","embeddable":true,"href":"https:\/\/gustafs.com\/pl\/wp-json\/wp\/v2\/product_brand?post=27583"},{"taxonomy":"product_cat","embeddable":true,"href":"https:\/\/gustafs.com\/pl\/wp-json\/wp\/v2\/product_cat?post=27583"},{"taxonomy":"product_tag","embeddable":true,"href":"https:\/\/gustafs.com\/pl\/wp-json\/wp\/v2\/product_tag?post=27583"}],"curies":[{"name":"wp","href":"https:\/\/api.w.org\/{rel}","templated":true}]}}