{"id":27529,"date":"2023-10-02T09:03:30","date_gmt":"2025-05-05T18:10:13","guid":{"rendered":"https:\/\/gustafs.com\/product\/krzywe-filcowe\/"},"modified":"2025-10-01T14:26:33","modified_gmt":"2025-10-01T12:26:33","slug":"krzywe-filcowe","status":"publish","type":"product","link":"https:\/\/gustafs.com\/pl\/produkt\/krzywe-filcowe\/","title":{"rendered":"Feltfon Curves"},"content":{"rendered":"<p style=\"letter-spacing: 1px;\"> D\u017awi\u0119koch\u0142onne listwy filcowe z po\u0142\u0105czonymi \u0142ukowymi krzywiznami<\/p>\n<p>System umo\u017cliwia projektantowi na nieograniczon\u0105 kreatywno\u015b\u0107 dzi\u0119ki zakrzywionym listwom filcowym, kt\u00f3re pozwalaj\u0105 na stworzenie przeplataj\u0105cych si\u0119 wzor\u00f3w w formie \u0142uk\u00f3w u\u017cywaj\u0105c Feltfon\u00a9 Linear Rib jako bazy. Dopracowany w ka\u017cdym szczeg\u00f3le system Capax Quick-Up zapewnia odporny na uderzenia prosty monta\u017c do \u015bcian i sufit\u00f3w. System Feltfon Curves nadaje si\u0119 do zastosowania w miejscach o wysokim poziomie wilgotno\u015bci. Pozwala na dostosowanie indywidualnego projektu poprzez zmian\u0119 szeroko\u015bci, g\u0142\u0119boko\u015bci, koloru, szeroko\u015bci odst\u0119p\u00f3w lub dodanie drewnianych listew wype\u0142niaj\u0105cych. Feltfon\u00a9 Curves jest ognioodporny bez impregnacji. Do wyboru s\u0105 dwa warianty konstrukcyjne: \u0107wiartki okr\u0119g\u00f3w i p\u00f3\u0142kola.<\/p>\n","protected":false},"excerpt":{"rendered":"<p>D\u017awi\u0119koch\u0142onne listwy filcowe z po\u0142\u0105czonymi \u0142ukowymi krzywiznami System umo\u017cliwia projektantowi na nieograniczon\u0105 kreatywno\u015b\u0107 dzi\u0119ki zakrzywionym listwom filcowym, kt\u00f3re pozwalaj\u0105 na stworzenie przeplataj\u0105cych si\u0119 wzor\u00f3w w formie \u0142uk\u00f3w u\u017cywaj\u0105c Feltfon\u00a9 Linear Rib jako bazy. Dopracowany w ka\u017cdym szczeg\u00f3le system Capax Quick-Up zapewnia odporny na uderzenia prosty monta\u017c do \u015bcian i sufit\u00f3w. System Feltfon Curves nadaje si\u0119 [&hellip;]<\/p>\n","protected":false},"featured_media":27531,"template":"","meta":{"_acf_changed":false,"inline_featured_image":false,"footnotes":""},"product_brand":[],"product_cat":[419,420],"product_tag":[],"class_list":{"0":"post-27529","1":"product","2":"type-product","3":"status-publish","4":"has-post-thumbnail","6":"product_cat-feltfon","7":"product_cat-wektor","8":"pa_acoustic-class-a","9":"pa_acoustic-class-b","10":"pa_acoustic-class-c","11":"pa_acoustic-class-d","13":"first","14":"instock","15":"shipping-taxable","16":"product-type-simple"},"acf":[],"yoast_head":"<!-- This site is optimized with the Yoast SEO plugin v25.4 - https:\/\/yoast.com\/wordpress\/plugins\/seo\/ -->\n<title>Feltfon Curves | Gustafs Scandinavia<\/title>\n<meta name=\"robots\" content=\"index, follow, max-snippet:-1, max-image-preview:large, max-video-preview:-1\" \/>\n<link rel=\"canonical\" href=\"https:\/\/gustafs.com\/pl\/produkt\/krzywe-filcowe\/\" \/>\n<meta property=\"og:locale\" content=\"pl_PL\" \/>\n<meta property=\"og:type\" content=\"article\" \/>\n<meta property=\"og:title\" content=\"Feltfon Curves | Gustafs Scandinavia\" \/>\n<meta property=\"og:description\" content=\"D\u017awi\u0119koch\u0142onne listwy filcowe z po\u0142\u0105czonymi \u0142ukowymi krzywiznami System umo\u017cliwia projektantowi na nieograniczon\u0105 kreatywno\u015b\u0107 dzi\u0119ki zakrzywionym listwom filcowym, kt\u00f3re pozwalaj\u0105 na stworzenie przeplataj\u0105cych si\u0119 wzor\u00f3w w formie \u0142uk\u00f3w u\u017cywaj\u0105c Feltfon\u00a9 Linear Rib jako bazy. Dopracowany w ka\u017cdym szczeg\u00f3le system Capax Quick-Up zapewnia odporny na uderzenia prosty monta\u017c do \u015bcian i sufit\u00f3w. System Feltfon Curves nadaje si\u0119 [&hellip;]\" \/>\n<meta property=\"og:url\" content=\"https:\/\/gustafs.com\/pl\/produkt\/krzywe-filcowe\/\" \/>\n<meta property=\"og:site_name\" content=\"Gustafs Scandinavia\" \/>\n<meta property=\"article:modified_time\" content=\"2025-10-01T12:26:33+00:00\" \/>\n<meta property=\"og:image\" content=\"https:\/\/gustafs.com\/wp-content\/uploads\/2023\/10\/curves-1030-1290-scaled.jpg\" \/>\n\t<meta property=\"og:image:width\" content=\"2044\" \/>\n\t<meta property=\"og:image:height\" content=\"2560\" \/>\n\t<meta property=\"og:image:type\" content=\"image\/jpeg\" \/>\n<meta name=\"twitter:card\" content=\"summary_large_image\" \/>\n<meta name=\"twitter:label1\" content=\"Szacowany czas czytania\" \/>\n\t<meta name=\"twitter:data1\" content=\"1 minuta\" \/>\n<script type=\"application\/ld+json\" class=\"yoast-schema-graph\">{\"@context\":\"https:\/\/schema.org\",\"@graph\":[{\"@type\":\"WebPage\",\"@id\":\"https:\/\/gustafs.com\/pl\/produkt\/krzywe-filcowe\/\",\"url\":\"https:\/\/gustafs.com\/pl\/produkt\/krzywe-filcowe\/\",\"name\":\"Feltfon Curves | Gustafs Scandinavia\",\"isPartOf\":{\"@id\":\"https:\/\/gustafs.com\/pl\/#website\"},\"primaryImageOfPage\":{\"@id\":\"https:\/\/gustafs.com\/pl\/produkt\/krzywe-filcowe\/#primaryimage\"},\"image\":{\"@id\":\"https:\/\/gustafs.com\/pl\/produkt\/krzywe-filcowe\/#primaryimage\"},\"thumbnailUrl\":\"https:\/\/gustafs.com\/wp-content\/uploads\/2023\/10\/curves-1030-1290-scaled.jpg\",\"datePublished\":\"2025-05-05T18:10:13+00:00\",\"dateModified\":\"2025-10-01T12:26:33+00:00\",\"breadcrumb\":{\"@id\":\"https:\/\/gustafs.com\/pl\/produkt\/krzywe-filcowe\/#breadcrumb\"},\"inLanguage\":\"pl-PL\",\"potentialAction\":[{\"@type\":\"ReadAction\",\"target\":[\"https:\/\/gustafs.com\/pl\/produkt\/krzywe-filcowe\/\"]}]},{\"@type\":\"ImageObject\",\"inLanguage\":\"pl-PL\",\"@id\":\"https:\/\/gustafs.com\/pl\/produkt\/krzywe-filcowe\/#primaryimage\",\"url\":\"https:\/\/gustafs.com\/wp-content\/uploads\/2023\/10\/curves-1030-1290-scaled.jpg\",\"contentUrl\":\"https:\/\/gustafs.com\/wp-content\/uploads\/2023\/10\/curves-1030-1290-scaled.jpg\",\"width\":2044,\"height\":2560},{\"@type\":\"BreadcrumbList\",\"@id\":\"https:\/\/gustafs.com\/pl\/produkt\/krzywe-filcowe\/#breadcrumb\",\"itemListElement\":[{\"@type\":\"ListItem\",\"position\":1,\"name\":\"Gustafs\",\"item\":\"https:\/\/gustafs.com\/pl\/\"},{\"@type\":\"ListItem\",\"position\":2,\"name\":\"Produkty\",\"item\":\"https:\/\/gustafs.com\/pl\/produktow\/\"},{\"@type\":\"ListItem\",\"position\":3,\"name\":\"Ok\u0142adziny filcowe Feltfon\",\"item\":\"https:\/\/gustafs.com\/pl\/kategoria-produktu\/feltfon\/\"},{\"@type\":\"ListItem\",\"position\":4,\"name\":\"Feltfon Curves\"}]},{\"@type\":\"WebSite\",\"@id\":\"https:\/\/gustafs.com\/pl\/#website\",\"url\":\"https:\/\/gustafs.com\/pl\/\",\"name\":\"Gustafs Scandinavia\",\"description\":\"Exclusive Wooden Panels And Acoustic Panels\",\"potentialAction\":[{\"@type\":\"SearchAction\",\"target\":{\"@type\":\"EntryPoint\",\"urlTemplate\":\"https:\/\/gustafs.com\/pl\/?s={search_term_string}\"},\"query-input\":{\"@type\":\"PropertyValueSpecification\",\"valueRequired\":true,\"valueName\":\"search_term_string\"}}],\"inLanguage\":\"pl-PL\"}]}<\/script>\n<!-- \/ Yoast SEO plugin. -->","yoast_head_json":{"title":"Feltfon Curves | Gustafs Scandinavia","robots":{"index":"index","follow":"follow","max-snippet":"max-snippet:-1","max-image-preview":"max-image-preview:large","max-video-preview":"max-video-preview:-1"},"canonical":"https:\/\/gustafs.com\/pl\/produkt\/krzywe-filcowe\/","og_locale":"pl_PL","og_type":"article","og_title":"Feltfon Curves | Gustafs Scandinavia","og_description":"D\u017awi\u0119koch\u0142onne listwy filcowe z po\u0142\u0105czonymi \u0142ukowymi krzywiznami System umo\u017cliwia projektantowi na nieograniczon\u0105 kreatywno\u015b\u0107 dzi\u0119ki zakrzywionym listwom filcowym, kt\u00f3re pozwalaj\u0105 na stworzenie przeplataj\u0105cych si\u0119 wzor\u00f3w w formie \u0142uk\u00f3w u\u017cywaj\u0105c Feltfon\u00a9 Linear Rib jako bazy. Dopracowany w ka\u017cdym szczeg\u00f3le system Capax Quick-Up zapewnia odporny na uderzenia prosty monta\u017c do \u015bcian i sufit\u00f3w. System Feltfon Curves nadaje si\u0119 [&hellip;]","og_url":"https:\/\/gustafs.com\/pl\/produkt\/krzywe-filcowe\/","og_site_name":"Gustafs Scandinavia","article_modified_time":"2025-10-01T12:26:33+00:00","og_image":[{"width":2044,"height":2560,"url":"https:\/\/gustafs.com\/wp-content\/uploads\/2023\/10\/curves-1030-1290-scaled.jpg","type":"image\/jpeg"}],"twitter_card":"summary_large_image","twitter_misc":{"Szacowany czas czytania":"1 minuta"},"schema":{"@context":"https:\/\/schema.org","@graph":[{"@type":"WebPage","@id":"https:\/\/gustafs.com\/pl\/produkt\/krzywe-filcowe\/","url":"https:\/\/gustafs.com\/pl\/produkt\/krzywe-filcowe\/","name":"Feltfon Curves | Gustafs Scandinavia","isPartOf":{"@id":"https:\/\/gustafs.com\/pl\/#website"},"primaryImageOfPage":{"@id":"https:\/\/gustafs.com\/pl\/produkt\/krzywe-filcowe\/#primaryimage"},"image":{"@id":"https:\/\/gustafs.com\/pl\/produkt\/krzywe-filcowe\/#primaryimage"},"thumbnailUrl":"https:\/\/gustafs.com\/wp-content\/uploads\/2023\/10\/curves-1030-1290-scaled.jpg","datePublished":"2025-05-05T18:10:13+00:00","dateModified":"2025-10-01T12:26:33+00:00","breadcrumb":{"@id":"https:\/\/gustafs.com\/pl\/produkt\/krzywe-filcowe\/#breadcrumb"},"inLanguage":"pl-PL","potentialAction":[{"@type":"ReadAction","target":["https:\/\/gustafs.com\/pl\/produkt\/krzywe-filcowe\/"]}]},{"@type":"ImageObject","inLanguage":"pl-PL","@id":"https:\/\/gustafs.com\/pl\/produkt\/krzywe-filcowe\/#primaryimage","url":"https:\/\/gustafs.com\/wp-content\/uploads\/2023\/10\/curves-1030-1290-scaled.jpg","contentUrl":"https:\/\/gustafs.com\/wp-content\/uploads\/2023\/10\/curves-1030-1290-scaled.jpg","width":2044,"height":2560},{"@type":"BreadcrumbList","@id":"https:\/\/gustafs.com\/pl\/produkt\/krzywe-filcowe\/#breadcrumb","itemListElement":[{"@type":"ListItem","position":1,"name":"Gustafs","item":"https:\/\/gustafs.com\/pl\/"},{"@type":"ListItem","position":2,"name":"Produkty","item":"https:\/\/gustafs.com\/pl\/produktow\/"},{"@type":"ListItem","position":3,"name":"Ok\u0142adziny filcowe Feltfon","item":"https:\/\/gustafs.com\/pl\/kategoria-produktu\/feltfon\/"},{"@type":"ListItem","position":4,"name":"Feltfon Curves"}]},{"@type":"WebSite","@id":"https:\/\/gustafs.com\/pl\/#website","url":"https:\/\/gustafs.com\/pl\/","name":"Gustafs Scandinavia","description":"Exclusive Wooden Panels And Acoustic Panels","potentialAction":[{"@type":"SearchAction","target":{"@type":"EntryPoint","urlTemplate":"https:\/\/gustafs.com\/pl\/?s={search_term_string}"},"query-input":{"@type":"PropertyValueSpecification","valueRequired":true,"valueName":"search_term_string"}}],"inLanguage":"pl-PL"}]}},"_links":{"self":[{"href":"https:\/\/gustafs.com\/pl\/wp-json\/wp\/v2\/product\/27529","targetHints":{"allow":["GET"]}}],"collection":[{"href":"https:\/\/gustafs.com\/pl\/wp-json\/wp\/v2\/product"}],"about":[{"href":"https:\/\/gustafs.com\/pl\/wp-json\/wp\/v2\/types\/product"}],"version-history":[{"count":15,"href":"https:\/\/gustafs.com\/pl\/wp-json\/wp\/v2\/product\/27529\/revisions"}],"predecessor-version":[{"id":34868,"href":"https:\/\/gustafs.com\/pl\/wp-json\/wp\/v2\/product\/27529\/revisions\/34868"}],"wp:featuredmedia":[{"embeddable":true,"href":"https:\/\/gustafs.com\/pl\/wp-json\/wp\/v2\/media\/27531"}],"wp:attachment":[{"href":"https:\/\/gustafs.com\/pl\/wp-json\/wp\/v2\/media?parent=27529"}],"wp:term":[{"taxonomy":"product_brand","embeddable":true,"href":"https:\/\/gustafs.com\/pl\/wp-json\/wp\/v2\/product_brand?post=27529"},{"taxonomy":"product_cat","embeddable":true,"href":"https:\/\/gustafs.com\/pl\/wp-json\/wp\/v2\/product_cat?post=27529"},{"taxonomy":"product_tag","embeddable":true,"href":"https:\/\/gustafs.com\/pl\/wp-json\/wp\/v2\/product_tag?post=27529"}],"curies":[{"name":"wp","href":"https:\/\/api.w.org\/{rel}","templated":true}]}}