{"id":27508,"date":"2023-09-19T12:55:22","date_gmt":"2025-05-05T18:10:07","guid":{"rendered":"https:\/\/gustafs.com\/product\/feltfon-ciecie\/"},"modified":"2025-10-01T14:47:35","modified_gmt":"2025-10-01T12:47:35","slug":"feltfon-ciecie","status":"publish","type":"product","link":"https:\/\/gustafs.com\/pl\/produkt\/feltfon-ciecie\/","title":{"rendered":"Feltfon Slash"},"content":{"rendered":"<p style=\"letter-spacing: 1px;\">Sko\u015bne \u017cebra z filcu akustycznego do \u015bcian i sufit\u00f3w<\/p>\n<p>System pozwala na przeniesienie realizacji na wy\u017cszy poziom dzi\u0119ki nieograniczonemu potencja\u0142owi projektowemu i stworzeniu w\u0142asnych, niestandardowych kszta\u0142t\u00f3w paneli \u015bciennych, kt\u00f3re b\u0119d\u0105 tworzy\u0107 niepowtarzalny styl. Feltfon\u00a9 Slash, z uko\u015bnymi po\u0142\u0105czeniami liniowymi, wykorzystuje Feltfon\u00a9 Linear Rib jako podstaw\u0119. Dzi\u0119ki temu mo\u017cna miesza\u0107 kolory i tworzy\u0107 wzory na \u015bcianie. Dzi\u0119ki dopasowanym k\u0105tom ci\u0119cia uzyskujemy bezszwow\u0105 kombinacj\u0119 zapewniaj\u0105c\u0105 niesko\u0144czone mo\u017cliwo\u015bci projektowe. System Capax Quick-Up zapewnia solidny i przyjazny dla u\u017cytkownika monta\u017c ok\u0142adzin \u015bcian i sufit\u00f3w. System jest zaprojektowany tak, aby by\u0142 odporny na wod\u0119 i dopuszczony do stosowania w wilgotnych pomieszczeniach. Pozwala modyfikowa\u0107 wygl\u0105d, zmieniaj\u0105c szeroko\u015b\u0107, g\u0142\u0119boko\u015b\u0107, kolor, szeroko\u015b\u0107 odst\u0119p\u00f3w lub dodaj\u0105c drewniane listwy wype\u0142niaj\u0105ce. Feltfon\u00a9 Slash jest ognioodporny bez konieczno\u015bci impregnacji.<\/p>\n","protected":false},"excerpt":{"rendered":"<p>Sko\u015bne \u017cebra z filcu akustycznego do \u015bcian i sufit\u00f3w System pozwala na przeniesienie realizacji na wy\u017cszy poziom dzi\u0119ki nieograniczonemu potencja\u0142owi projektowemu i stworzeniu w\u0142asnych, niestandardowych kszta\u0142t\u00f3w paneli \u015bciennych, kt\u00f3re b\u0119d\u0105 tworzy\u0107 niepowtarzalny styl. Feltfon\u00a9 Slash, z uko\u015bnymi po\u0142\u0105czeniami liniowymi, wykorzystuje Feltfon\u00a9 Linear Rib jako podstaw\u0119. Dzi\u0119ki temu mo\u017cna miesza\u0107 kolory i tworzy\u0107 wzory na \u015bcianie. [&hellip;]<\/p>\n","protected":false},"featured_media":27510,"template":"","meta":{"_acf_changed":false,"inline_featured_image":false,"footnotes":""},"product_brand":[],"product_cat":[419,420],"product_tag":[],"class_list":{"0":"post-27508","1":"product","2":"type-product","3":"status-publish","4":"has-post-thumbnail","6":"product_cat-feltfon","7":"product_cat-wektor","8":"pa_acoustic-class-a","9":"pa_acoustic-class-b","10":"pa_acoustic-class-c","11":"pa_acoustic-class-d","13":"first","14":"instock","15":"shipping-taxable","16":"product-type-simple"},"acf":[],"yoast_head":"<!-- This site is optimized with the Yoast SEO plugin v25.4 - https:\/\/yoast.com\/wordpress\/plugins\/seo\/ -->\n<title>Feltfon Slash | Gustafs Scandinavia<\/title>\n<meta name=\"robots\" content=\"index, follow, max-snippet:-1, max-image-preview:large, max-video-preview:-1\" \/>\n<link rel=\"canonical\" href=\"https:\/\/gustafs.com\/pl\/produkt\/feltfon-ciecie\/\" \/>\n<meta property=\"og:locale\" content=\"pl_PL\" \/>\n<meta property=\"og:type\" content=\"article\" \/>\n<meta property=\"og:title\" content=\"Feltfon Slash | Gustafs Scandinavia\" \/>\n<meta property=\"og:description\" content=\"Sko\u015bne \u017cebra z filcu akustycznego do \u015bcian i sufit\u00f3w System pozwala na przeniesienie realizacji na wy\u017cszy poziom dzi\u0119ki nieograniczonemu potencja\u0142owi projektowemu i stworzeniu w\u0142asnych, niestandardowych kszta\u0142t\u00f3w paneli \u015bciennych, kt\u00f3re b\u0119d\u0105 tworzy\u0107 niepowtarzalny styl. Feltfon\u00a9 Slash, z uko\u015bnymi po\u0142\u0105czeniami liniowymi, wykorzystuje Feltfon\u00a9 Linear Rib jako podstaw\u0119. Dzi\u0119ki temu mo\u017cna miesza\u0107 kolory i tworzy\u0107 wzory na \u015bcianie. [&hellip;]\" \/>\n<meta property=\"og:url\" content=\"https:\/\/gustafs.com\/pl\/produkt\/feltfon-ciecie\/\" \/>\n<meta property=\"og:site_name\" content=\"Gustafs Scandinavia\" \/>\n<meta property=\"article:modified_time\" content=\"2025-10-01T12:47:35+00:00\" \/>\n<meta property=\"og:image\" content=\"https:\/\/gustafs.com\/wp-content\/uploads\/2023\/09\/slach-pattern-1030-scaled.jpg\" \/>\n\t<meta property=\"og:image:width\" content=\"2044\" \/>\n\t<meta property=\"og:image:height\" content=\"2560\" \/>\n\t<meta property=\"og:image:type\" content=\"image\/jpeg\" \/>\n<meta name=\"twitter:card\" content=\"summary_large_image\" \/>\n<meta name=\"twitter:label1\" content=\"Szacowany czas czytania\" \/>\n\t<meta name=\"twitter:data1\" content=\"1 minuta\" \/>\n<script type=\"application\/ld+json\" class=\"yoast-schema-graph\">{\"@context\":\"https:\/\/schema.org\",\"@graph\":[{\"@type\":\"WebPage\",\"@id\":\"https:\/\/gustafs.com\/pl\/produkt\/feltfon-ciecie\/\",\"url\":\"https:\/\/gustafs.com\/pl\/produkt\/feltfon-ciecie\/\",\"name\":\"Feltfon Slash | Gustafs Scandinavia\",\"isPartOf\":{\"@id\":\"https:\/\/gustafs.com\/pl\/#website\"},\"primaryImageOfPage\":{\"@id\":\"https:\/\/gustafs.com\/pl\/produkt\/feltfon-ciecie\/#primaryimage\"},\"image\":{\"@id\":\"https:\/\/gustafs.com\/pl\/produkt\/feltfon-ciecie\/#primaryimage\"},\"thumbnailUrl\":\"https:\/\/gustafs.com\/wp-content\/uploads\/2023\/09\/slach-pattern-1030-scaled.jpg\",\"datePublished\":\"2025-05-05T18:10:07+00:00\",\"dateModified\":\"2025-10-01T12:47:35+00:00\",\"breadcrumb\":{\"@id\":\"https:\/\/gustafs.com\/pl\/produkt\/feltfon-ciecie\/#breadcrumb\"},\"inLanguage\":\"pl-PL\",\"potentialAction\":[{\"@type\":\"ReadAction\",\"target\":[\"https:\/\/gustafs.com\/pl\/produkt\/feltfon-ciecie\/\"]}]},{\"@type\":\"ImageObject\",\"inLanguage\":\"pl-PL\",\"@id\":\"https:\/\/gustafs.com\/pl\/produkt\/feltfon-ciecie\/#primaryimage\",\"url\":\"https:\/\/gustafs.com\/wp-content\/uploads\/2023\/09\/slach-pattern-1030-scaled.jpg\",\"contentUrl\":\"https:\/\/gustafs.com\/wp-content\/uploads\/2023\/09\/slach-pattern-1030-scaled.jpg\",\"width\":2044,\"height\":2560,\"caption\":\"Contemporary white beige interior with acoustic wall panel, sofa and decor.\"},{\"@type\":\"BreadcrumbList\",\"@id\":\"https:\/\/gustafs.com\/pl\/produkt\/feltfon-ciecie\/#breadcrumb\",\"itemListElement\":[{\"@type\":\"ListItem\",\"position\":1,\"name\":\"Gustafs\",\"item\":\"https:\/\/gustafs.com\/pl\/\"},{\"@type\":\"ListItem\",\"position\":2,\"name\":\"Produkty\",\"item\":\"https:\/\/gustafs.com\/pl\/produktow\/\"},{\"@type\":\"ListItem\",\"position\":3,\"name\":\"Ok\u0142adziny filcowe Feltfon\",\"item\":\"https:\/\/gustafs.com\/pl\/kategoria-produktu\/feltfon\/\"},{\"@type\":\"ListItem\",\"position\":4,\"name\":\"Feltfon Slash\"}]},{\"@type\":\"WebSite\",\"@id\":\"https:\/\/gustafs.com\/pl\/#website\",\"url\":\"https:\/\/gustafs.com\/pl\/\",\"name\":\"Gustafs Scandinavia\",\"description\":\"Exclusive Wooden Panels And Acoustic Panels\",\"potentialAction\":[{\"@type\":\"SearchAction\",\"target\":{\"@type\":\"EntryPoint\",\"urlTemplate\":\"https:\/\/gustafs.com\/pl\/?s={search_term_string}\"},\"query-input\":{\"@type\":\"PropertyValueSpecification\",\"valueRequired\":true,\"valueName\":\"search_term_string\"}}],\"inLanguage\":\"pl-PL\"}]}<\/script>\n<!-- \/ Yoast SEO plugin. -->","yoast_head_json":{"title":"Feltfon Slash | Gustafs Scandinavia","robots":{"index":"index","follow":"follow","max-snippet":"max-snippet:-1","max-image-preview":"max-image-preview:large","max-video-preview":"max-video-preview:-1"},"canonical":"https:\/\/gustafs.com\/pl\/produkt\/feltfon-ciecie\/","og_locale":"pl_PL","og_type":"article","og_title":"Feltfon Slash | Gustafs Scandinavia","og_description":"Sko\u015bne \u017cebra z filcu akustycznego do \u015bcian i sufit\u00f3w System pozwala na przeniesienie realizacji na wy\u017cszy poziom dzi\u0119ki nieograniczonemu potencja\u0142owi projektowemu i stworzeniu w\u0142asnych, niestandardowych kszta\u0142t\u00f3w paneli \u015bciennych, kt\u00f3re b\u0119d\u0105 tworzy\u0107 niepowtarzalny styl. Feltfon\u00a9 Slash, z uko\u015bnymi po\u0142\u0105czeniami liniowymi, wykorzystuje Feltfon\u00a9 Linear Rib jako podstaw\u0119. Dzi\u0119ki temu mo\u017cna miesza\u0107 kolory i tworzy\u0107 wzory na \u015bcianie. [&hellip;]","og_url":"https:\/\/gustafs.com\/pl\/produkt\/feltfon-ciecie\/","og_site_name":"Gustafs Scandinavia","article_modified_time":"2025-10-01T12:47:35+00:00","og_image":[{"width":2044,"height":2560,"url":"https:\/\/gustafs.com\/wp-content\/uploads\/2023\/09\/slach-pattern-1030-scaled.jpg","type":"image\/jpeg"}],"twitter_card":"summary_large_image","twitter_misc":{"Szacowany czas czytania":"1 minuta"},"schema":{"@context":"https:\/\/schema.org","@graph":[{"@type":"WebPage","@id":"https:\/\/gustafs.com\/pl\/produkt\/feltfon-ciecie\/","url":"https:\/\/gustafs.com\/pl\/produkt\/feltfon-ciecie\/","name":"Feltfon Slash | Gustafs Scandinavia","isPartOf":{"@id":"https:\/\/gustafs.com\/pl\/#website"},"primaryImageOfPage":{"@id":"https:\/\/gustafs.com\/pl\/produkt\/feltfon-ciecie\/#primaryimage"},"image":{"@id":"https:\/\/gustafs.com\/pl\/produkt\/feltfon-ciecie\/#primaryimage"},"thumbnailUrl":"https:\/\/gustafs.com\/wp-content\/uploads\/2023\/09\/slach-pattern-1030-scaled.jpg","datePublished":"2025-05-05T18:10:07+00:00","dateModified":"2025-10-01T12:47:35+00:00","breadcrumb":{"@id":"https:\/\/gustafs.com\/pl\/produkt\/feltfon-ciecie\/#breadcrumb"},"inLanguage":"pl-PL","potentialAction":[{"@type":"ReadAction","target":["https:\/\/gustafs.com\/pl\/produkt\/feltfon-ciecie\/"]}]},{"@type":"ImageObject","inLanguage":"pl-PL","@id":"https:\/\/gustafs.com\/pl\/produkt\/feltfon-ciecie\/#primaryimage","url":"https:\/\/gustafs.com\/wp-content\/uploads\/2023\/09\/slach-pattern-1030-scaled.jpg","contentUrl":"https:\/\/gustafs.com\/wp-content\/uploads\/2023\/09\/slach-pattern-1030-scaled.jpg","width":2044,"height":2560,"caption":"Contemporary white beige interior with acoustic wall panel, sofa and decor."},{"@type":"BreadcrumbList","@id":"https:\/\/gustafs.com\/pl\/produkt\/feltfon-ciecie\/#breadcrumb","itemListElement":[{"@type":"ListItem","position":1,"name":"Gustafs","item":"https:\/\/gustafs.com\/pl\/"},{"@type":"ListItem","position":2,"name":"Produkty","item":"https:\/\/gustafs.com\/pl\/produktow\/"},{"@type":"ListItem","position":3,"name":"Ok\u0142adziny filcowe Feltfon","item":"https:\/\/gustafs.com\/pl\/kategoria-produktu\/feltfon\/"},{"@type":"ListItem","position":4,"name":"Feltfon Slash"}]},{"@type":"WebSite","@id":"https:\/\/gustafs.com\/pl\/#website","url":"https:\/\/gustafs.com\/pl\/","name":"Gustafs Scandinavia","description":"Exclusive Wooden Panels And Acoustic Panels","potentialAction":[{"@type":"SearchAction","target":{"@type":"EntryPoint","urlTemplate":"https:\/\/gustafs.com\/pl\/?s={search_term_string}"},"query-input":{"@type":"PropertyValueSpecification","valueRequired":true,"valueName":"search_term_string"}}],"inLanguage":"pl-PL"}]}},"_links":{"self":[{"href":"https:\/\/gustafs.com\/pl\/wp-json\/wp\/v2\/product\/27508","targetHints":{"allow":["GET"]}}],"collection":[{"href":"https:\/\/gustafs.com\/pl\/wp-json\/wp\/v2\/product"}],"about":[{"href":"https:\/\/gustafs.com\/pl\/wp-json\/wp\/v2\/types\/product"}],"version-history":[{"count":15,"href":"https:\/\/gustafs.com\/pl\/wp-json\/wp\/v2\/product\/27508\/revisions"}],"predecessor-version":[{"id":34872,"href":"https:\/\/gustafs.com\/pl\/wp-json\/wp\/v2\/product\/27508\/revisions\/34872"}],"wp:featuredmedia":[{"embeddable":true,"href":"https:\/\/gustafs.com\/pl\/wp-json\/wp\/v2\/media\/27510"}],"wp:attachment":[{"href":"https:\/\/gustafs.com\/pl\/wp-json\/wp\/v2\/media?parent=27508"}],"wp:term":[{"taxonomy":"product_brand","embeddable":true,"href":"https:\/\/gustafs.com\/pl\/wp-json\/wp\/v2\/product_brand?post=27508"},{"taxonomy":"product_cat","embeddable":true,"href":"https:\/\/gustafs.com\/pl\/wp-json\/wp\/v2\/product_cat?post=27508"},{"taxonomy":"product_tag","embeddable":true,"href":"https:\/\/gustafs.com\/pl\/wp-json\/wp\/v2\/product_tag?post=27508"}],"curies":[{"name":"wp","href":"https:\/\/api.w.org\/{rel}","templated":true}]}}