{"id":27487,"date":"2022-07-04T13:17:11","date_gmt":"2025-05-05T18:10:00","guid":{"rendered":"https:\/\/gustafs.com\/product\/liniowy-pasek-xl\/"},"modified":"2025-09-30T07:58:21","modified_gmt":"2025-09-30T05:58:21","slug":"liniowy-stripe-xl","status":"publish","type":"product","link":"https:\/\/gustafs.com\/pl\/produkt\/liniowy-stripe-xl\/","title":{"rendered":"Linear Stripe-XL"},"content":{"rendered":"<p style=\"letter-spacing: 1px;\">LISTWY AKUSTYCZNE DO \u015aCIAN I SUFIT\u00d3W<\/p>\n<p>Gustafs Stripe-XL zapewnia najwy\u017csz\u0105 mo\u017cliw\u0105 jako\u015b\u0107 A2-s1,d0 i klas\u0119 przeciwpo\u017carow\u0105, pozwala tworzy\u0107 przestrzenie z efektownymi listwowymi sufitami i ok\u0142adzinami \u015bciennymi. Wykorzystuj\u0105c fornir z prawdziwego drewna, Gustafs Linear Rib System wykorzystuje system monta\u017cowy Capax, Quick-Up w celu uzyskania ekskluzywnego, dok\u0142adnego wyko\u0144czenia wn\u0119trza. Zmieniaj pigmentacj\u0119 okleiny i wyko\u0144czenia powierzchni aby stworzy\u0107 w\u0142asny projekt. Ok\u0142adzina Gustafs Stripe-XL mo\u017ce by\u0107 r\u00f3wnie\u017c stosowana do stworzenia powierzchni zakrzywionych, wypuk\u0142ych lub wkl\u0119s\u0142ych.<\/p>\n","protected":false},"excerpt":{"rendered":"<p>LISTWY AKUSTYCZNE DO \u015aCIAN I SUFIT\u00d3W Gustafs Stripe-XL zapewnia najwy\u017csz\u0105 mo\u017cliw\u0105 jako\u015b\u0107 A2-s1,d0 i klas\u0119 przeciwpo\u017carow\u0105, pozwala tworzy\u0107 przestrzenie z efektownymi listwowymi sufitami i ok\u0142adzinami \u015bciennymi. Wykorzystuj\u0105c fornir z prawdziwego drewna, Gustafs Linear Rib System wykorzystuje system monta\u017cowy Capax, Quick-Up w celu uzyskania ekskluzywnego, dok\u0142adnego wyko\u0144czenia wn\u0119trza. Zmieniaj pigmentacj\u0119 okleiny i wyko\u0144czenia powierzchni aby stworzy\u0107 [&hellip;]<\/p>\n","protected":false},"featured_media":27488,"template":"","meta":{"_acf_changed":false,"inline_featured_image":false,"footnotes":""},"product_brand":[],"product_cat":[429,430],"product_tag":[],"class_list":{"0":"post-27487","1":"product","2":"type-product","3":"status-publish","4":"has-post-thumbnail","6":"product_cat-liniowe","7":"product_cat-system-liniowy","8":"pa_acoustic-class-a","9":"pa_acoustic-class-b","10":"pa_acoustic-class-c","12":"first","13":"instock","14":"shipping-taxable","15":"product-type-simple"},"acf":[],"yoast_head":"<!-- This site is optimized with the Yoast SEO plugin v25.4 - https:\/\/yoast.com\/wordpress\/plugins\/seo\/ -->\n<title>Linear Stripe-XL | Gustafs Scandinavia<\/title>\n<meta name=\"robots\" content=\"index, follow, max-snippet:-1, max-image-preview:large, max-video-preview:-1\" \/>\n<link rel=\"canonical\" href=\"https:\/\/gustafs.com\/pl\/produkt\/liniowy-stripe-xl\/\" \/>\n<meta property=\"og:locale\" content=\"pl_PL\" \/>\n<meta property=\"og:type\" content=\"article\" \/>\n<meta property=\"og:title\" content=\"Linear Stripe-XL | Gustafs Scandinavia\" \/>\n<meta property=\"og:description\" content=\"LISTWY AKUSTYCZNE DO \u015aCIAN I SUFIT\u00d3W Gustafs Stripe-XL zapewnia najwy\u017csz\u0105 mo\u017cliw\u0105 jako\u015b\u0107 A2-s1,d0 i klas\u0119 przeciwpo\u017carow\u0105, pozwala tworzy\u0107 przestrzenie z efektownymi listwowymi sufitami i ok\u0142adzinami \u015bciennymi. Wykorzystuj\u0105c fornir z prawdziwego drewna, Gustafs Linear Rib System wykorzystuje system monta\u017cowy Capax, Quick-Up w celu uzyskania ekskluzywnego, dok\u0142adnego wyko\u0144czenia wn\u0119trza. Zmieniaj pigmentacj\u0119 okleiny i wyko\u0144czenia powierzchni aby stworzy\u0107 [&hellip;]\" \/>\n<meta property=\"og:url\" content=\"https:\/\/gustafs.com\/pl\/produkt\/liniowy-stripe-xl\/\" \/>\n<meta property=\"og:site_name\" content=\"Gustafs Scandinavia\" \/>\n<meta property=\"article:modified_time\" content=\"2025-09-30T05:58:21+00:00\" \/>\n<meta property=\"og:image\" content=\"https:\/\/gustafs.com\/wp-content\/uploads\/2022\/04\/gls-stripe-xl-walnut.jpg\" \/>\n\t<meta property=\"og:image:width\" content=\"1030\" \/>\n\t<meta property=\"og:image:height\" content=\"1290\" \/>\n\t<meta property=\"og:image:type\" content=\"image\/jpeg\" \/>\n<meta name=\"twitter:card\" content=\"summary_large_image\" \/>\n<meta name=\"twitter:label1\" content=\"Szacowany czas czytania\" \/>\n\t<meta name=\"twitter:data1\" content=\"1 minuta\" \/>\n<script type=\"application\/ld+json\" class=\"yoast-schema-graph\">{\"@context\":\"https:\/\/schema.org\",\"@graph\":[{\"@type\":\"WebPage\",\"@id\":\"https:\/\/gustafs.com\/pl\/produkt\/liniowy-stripe-xl\/\",\"url\":\"https:\/\/gustafs.com\/pl\/produkt\/liniowy-stripe-xl\/\",\"name\":\"Linear Stripe-XL | Gustafs Scandinavia\",\"isPartOf\":{\"@id\":\"https:\/\/gustafs.com\/pl\/#website\"},\"primaryImageOfPage\":{\"@id\":\"https:\/\/gustafs.com\/pl\/produkt\/liniowy-stripe-xl\/#primaryimage\"},\"image\":{\"@id\":\"https:\/\/gustafs.com\/pl\/produkt\/liniowy-stripe-xl\/#primaryimage\"},\"thumbnailUrl\":\"https:\/\/gustafs.com\/wp-content\/uploads\/2022\/04\/gls-stripe-xl-walnut.jpg\",\"datePublished\":\"2025-05-05T18:10:00+00:00\",\"dateModified\":\"2025-09-30T05:58:21+00:00\",\"breadcrumb\":{\"@id\":\"https:\/\/gustafs.com\/pl\/produkt\/liniowy-stripe-xl\/#breadcrumb\"},\"inLanguage\":\"pl-PL\",\"potentialAction\":[{\"@type\":\"ReadAction\",\"target\":[\"https:\/\/gustafs.com\/pl\/produkt\/liniowy-stripe-xl\/\"]}]},{\"@type\":\"ImageObject\",\"inLanguage\":\"pl-PL\",\"@id\":\"https:\/\/gustafs.com\/pl\/produkt\/liniowy-stripe-xl\/#primaryimage\",\"url\":\"https:\/\/gustafs.com\/wp-content\/uploads\/2022\/04\/gls-stripe-xl-walnut.jpg\",\"contentUrl\":\"https:\/\/gustafs.com\/wp-content\/uploads\/2022\/04\/gls-stripe-xl-walnut.jpg\",\"width\":1030,\"height\":1290},{\"@type\":\"BreadcrumbList\",\"@id\":\"https:\/\/gustafs.com\/pl\/produkt\/liniowy-stripe-xl\/#breadcrumb\",\"itemListElement\":[{\"@type\":\"ListItem\",\"position\":1,\"name\":\"Gustafs\",\"item\":\"https:\/\/gustafs.com\/pl\/\"},{\"@type\":\"ListItem\",\"position\":2,\"name\":\"Produkty\",\"item\":\"https:\/\/gustafs.com\/pl\/produktow\/\"},{\"@type\":\"ListItem\",\"position\":3,\"name\":\"Listwy\",\"item\":\"https:\/\/gustafs.com\/pl\/kategoria-produktu\/liniowe\/\"},{\"@type\":\"ListItem\",\"position\":4,\"name\":\"Linear Stripe-XL\"}]},{\"@type\":\"WebSite\",\"@id\":\"https:\/\/gustafs.com\/pl\/#website\",\"url\":\"https:\/\/gustafs.com\/pl\/\",\"name\":\"Gustafs Scandinavia\",\"description\":\"Exclusive Wooden Panels And Acoustic Panels\",\"potentialAction\":[{\"@type\":\"SearchAction\",\"target\":{\"@type\":\"EntryPoint\",\"urlTemplate\":\"https:\/\/gustafs.com\/pl\/?s={search_term_string}\"},\"query-input\":{\"@type\":\"PropertyValueSpecification\",\"valueRequired\":true,\"valueName\":\"search_term_string\"}}],\"inLanguage\":\"pl-PL\"}]}<\/script>\n<!-- \/ Yoast SEO plugin. -->","yoast_head_json":{"title":"Linear Stripe-XL | Gustafs Scandinavia","robots":{"index":"index","follow":"follow","max-snippet":"max-snippet:-1","max-image-preview":"max-image-preview:large","max-video-preview":"max-video-preview:-1"},"canonical":"https:\/\/gustafs.com\/pl\/produkt\/liniowy-stripe-xl\/","og_locale":"pl_PL","og_type":"article","og_title":"Linear Stripe-XL | Gustafs Scandinavia","og_description":"LISTWY AKUSTYCZNE DO \u015aCIAN I SUFIT\u00d3W Gustafs Stripe-XL zapewnia najwy\u017csz\u0105 mo\u017cliw\u0105 jako\u015b\u0107 A2-s1,d0 i klas\u0119 przeciwpo\u017carow\u0105, pozwala tworzy\u0107 przestrzenie z efektownymi listwowymi sufitami i ok\u0142adzinami \u015bciennymi. Wykorzystuj\u0105c fornir z prawdziwego drewna, Gustafs Linear Rib System wykorzystuje system monta\u017cowy Capax, Quick-Up w celu uzyskania ekskluzywnego, dok\u0142adnego wyko\u0144czenia wn\u0119trza. Zmieniaj pigmentacj\u0119 okleiny i wyko\u0144czenia powierzchni aby stworzy\u0107 [&hellip;]","og_url":"https:\/\/gustafs.com\/pl\/produkt\/liniowy-stripe-xl\/","og_site_name":"Gustafs Scandinavia","article_modified_time":"2025-09-30T05:58:21+00:00","og_image":[{"width":1030,"height":1290,"url":"https:\/\/gustafs.com\/wp-content\/uploads\/2022\/04\/gls-stripe-xl-walnut.jpg","type":"image\/jpeg"}],"twitter_card":"summary_large_image","twitter_misc":{"Szacowany czas czytania":"1 minuta"},"schema":{"@context":"https:\/\/schema.org","@graph":[{"@type":"WebPage","@id":"https:\/\/gustafs.com\/pl\/produkt\/liniowy-stripe-xl\/","url":"https:\/\/gustafs.com\/pl\/produkt\/liniowy-stripe-xl\/","name":"Linear Stripe-XL | Gustafs Scandinavia","isPartOf":{"@id":"https:\/\/gustafs.com\/pl\/#website"},"primaryImageOfPage":{"@id":"https:\/\/gustafs.com\/pl\/produkt\/liniowy-stripe-xl\/#primaryimage"},"image":{"@id":"https:\/\/gustafs.com\/pl\/produkt\/liniowy-stripe-xl\/#primaryimage"},"thumbnailUrl":"https:\/\/gustafs.com\/wp-content\/uploads\/2022\/04\/gls-stripe-xl-walnut.jpg","datePublished":"2025-05-05T18:10:00+00:00","dateModified":"2025-09-30T05:58:21+00:00","breadcrumb":{"@id":"https:\/\/gustafs.com\/pl\/produkt\/liniowy-stripe-xl\/#breadcrumb"},"inLanguage":"pl-PL","potentialAction":[{"@type":"ReadAction","target":["https:\/\/gustafs.com\/pl\/produkt\/liniowy-stripe-xl\/"]}]},{"@type":"ImageObject","inLanguage":"pl-PL","@id":"https:\/\/gustafs.com\/pl\/produkt\/liniowy-stripe-xl\/#primaryimage","url":"https:\/\/gustafs.com\/wp-content\/uploads\/2022\/04\/gls-stripe-xl-walnut.jpg","contentUrl":"https:\/\/gustafs.com\/wp-content\/uploads\/2022\/04\/gls-stripe-xl-walnut.jpg","width":1030,"height":1290},{"@type":"BreadcrumbList","@id":"https:\/\/gustafs.com\/pl\/produkt\/liniowy-stripe-xl\/#breadcrumb","itemListElement":[{"@type":"ListItem","position":1,"name":"Gustafs","item":"https:\/\/gustafs.com\/pl\/"},{"@type":"ListItem","position":2,"name":"Produkty","item":"https:\/\/gustafs.com\/pl\/produktow\/"},{"@type":"ListItem","position":3,"name":"Listwy","item":"https:\/\/gustafs.com\/pl\/kategoria-produktu\/liniowe\/"},{"@type":"ListItem","position":4,"name":"Linear Stripe-XL"}]},{"@type":"WebSite","@id":"https:\/\/gustafs.com\/pl\/#website","url":"https:\/\/gustafs.com\/pl\/","name":"Gustafs Scandinavia","description":"Exclusive Wooden Panels And Acoustic Panels","potentialAction":[{"@type":"SearchAction","target":{"@type":"EntryPoint","urlTemplate":"https:\/\/gustafs.com\/pl\/?s={search_term_string}"},"query-input":{"@type":"PropertyValueSpecification","valueRequired":true,"valueName":"search_term_string"}}],"inLanguage":"pl-PL"}]}},"_links":{"self":[{"href":"https:\/\/gustafs.com\/pl\/wp-json\/wp\/v2\/product\/27487","targetHints":{"allow":["GET"]}}],"collection":[{"href":"https:\/\/gustafs.com\/pl\/wp-json\/wp\/v2\/product"}],"about":[{"href":"https:\/\/gustafs.com\/pl\/wp-json\/wp\/v2\/types\/product"}],"version-history":[{"count":15,"href":"https:\/\/gustafs.com\/pl\/wp-json\/wp\/v2\/product\/27487\/revisions"}],"predecessor-version":[{"id":34665,"href":"https:\/\/gustafs.com\/pl\/wp-json\/wp\/v2\/product\/27487\/revisions\/34665"}],"wp:featuredmedia":[{"embeddable":true,"href":"https:\/\/gustafs.com\/pl\/wp-json\/wp\/v2\/media\/27488"}],"wp:attachment":[{"href":"https:\/\/gustafs.com\/pl\/wp-json\/wp\/v2\/media?parent=27487"}],"wp:term":[{"taxonomy":"product_brand","embeddable":true,"href":"https:\/\/gustafs.com\/pl\/wp-json\/wp\/v2\/product_brand?post=27487"},{"taxonomy":"product_cat","embeddable":true,"href":"https:\/\/gustafs.com\/pl\/wp-json\/wp\/v2\/product_cat?post=27487"},{"taxonomy":"product_tag","embeddable":true,"href":"https:\/\/gustafs.com\/pl\/wp-json\/wp\/v2\/product_tag?post=27487"}],"curies":[{"name":"wp","href":"https:\/\/api.w.org\/{rel}","templated":true}]}}