{"id":27469,"date":"2024-07-09T13:38:05","date_gmt":"2025-05-05T18:09:49","guid":{"rendered":"https:\/\/gustafs.com\/product\/montaz-lamellow-t24-da-sufit\/"},"modified":"2025-10-02T17:47:20","modified_gmt":"2025-10-02T15:47:20","slug":"montaz-lamellow-t24-da-sufit","status":"publish","type":"product","link":"https:\/\/gustafs.com\/pl\/produkt\/montaz-lamellow-t24-da-sufit\/","title":{"rendered":"Monta\u017c Lamellow T24-DA &#8211; sufit"},"content":{"rendered":"<p>Do szybkiego i demontowalnego monta\u017cu za pomoc\u0105 uniwersalnych ruszt\u00f3w sufitowych T24 lub T15. Konstrukcja jest widoczna. Monta\u017c daje klas\u0119 akustyczn\u0105 A przy pustce powietrznej 300 mm, bez konieczno\u015bci dodatkowej izolacji. <\/p>\n","protected":false},"excerpt":{"rendered":"<p>Do szybkiego i demontowalnego monta\u017cu za pomoc\u0105 uniwersalnych ruszt\u00f3w sufitowych T24 lub T15. Konstrukcja jest widoczna. Monta\u017c daje klas\u0119 akustyczn\u0105 A przy pustce powietrznej 300 mm, bez konieczno\u015bci dodatkowej izolacji.<\/p>\n","protected":false},"featured_media":27470,"template":"","meta":{"_acf_changed":false,"inline_featured_image":false,"footnotes":""},"product_brand":[],"product_cat":[406],"product_tag":[],"class_list":{"0":"post-27469","1":"product","2":"type-product","3":"status-publish","4":"has-post-thumbnail","6":"product_cat-systemy-montazowe-capax","8":"first","9":"instock","10":"shipping-taxable","11":"product-type-simple"},"acf":[],"yoast_head":"<!-- This site is optimized with the Yoast SEO plugin v25.4 - https:\/\/yoast.com\/wordpress\/plugins\/seo\/ -->\n<title>Monta\u017c Lamellow T24-DA - sufit | Gustafs Scandinavia<\/title>\n<meta name=\"robots\" content=\"index, follow, max-snippet:-1, max-image-preview:large, max-video-preview:-1\" \/>\n<link rel=\"canonical\" href=\"https:\/\/gustafs.com\/pl\/produkt\/montaz-lamellow-t24-da-sufit\/\" \/>\n<meta property=\"og:locale\" content=\"pl_PL\" \/>\n<meta property=\"og:type\" content=\"article\" \/>\n<meta property=\"og:title\" content=\"Monta\u017c Lamellow T24-DA - sufit | Gustafs Scandinavia\" \/>\n<meta property=\"og:description\" content=\"Do szybkiego i demontowalnego monta\u017cu za pomoc\u0105 uniwersalnych ruszt\u00f3w sufitowych T24 lub T15. Konstrukcja jest widoczna. Monta\u017c daje klas\u0119 akustyczn\u0105 A przy pustce powietrznej 300 mm, bez konieczno\u015bci dodatkowej izolacji.\" \/>\n<meta property=\"og:url\" content=\"https:\/\/gustafs.com\/pl\/produkt\/montaz-lamellow-t24-da-sufit\/\" \/>\n<meta property=\"og:site_name\" content=\"Gustafs Scandinavia\" \/>\n<meta property=\"article:modified_time\" content=\"2025-10-02T15:47:20+00:00\" \/>\n<meta property=\"og:image\" content=\"https:\/\/gustafs.com\/wp-content\/uploads\/2024\/07\/lamellow-da-t24-installation.jpg\" \/>\n\t<meta property=\"og:image:width\" content=\"1030\" \/>\n\t<meta property=\"og:image:height\" content=\"1290\" \/>\n\t<meta property=\"og:image:type\" content=\"image\/jpeg\" \/>\n<meta name=\"twitter:card\" content=\"summary_large_image\" \/>\n<meta name=\"twitter:label1\" content=\"Szacowany czas czytania\" \/>\n\t<meta name=\"twitter:data1\" content=\"1 minuta\" \/>\n<script type=\"application\/ld+json\" class=\"yoast-schema-graph\">{\"@context\":\"https:\/\/schema.org\",\"@graph\":[{\"@type\":\"WebPage\",\"@id\":\"https:\/\/gustafs.com\/pl\/produkt\/montaz-lamellow-t24-da-sufit\/\",\"url\":\"https:\/\/gustafs.com\/pl\/produkt\/montaz-lamellow-t24-da-sufit\/\",\"name\":\"Monta\u017c Lamellow T24-DA - sufit | Gustafs Scandinavia\",\"isPartOf\":{\"@id\":\"https:\/\/gustafs.com\/pl\/#website\"},\"primaryImageOfPage\":{\"@id\":\"https:\/\/gustafs.com\/pl\/produkt\/montaz-lamellow-t24-da-sufit\/#primaryimage\"},\"image\":{\"@id\":\"https:\/\/gustafs.com\/pl\/produkt\/montaz-lamellow-t24-da-sufit\/#primaryimage\"},\"thumbnailUrl\":\"https:\/\/gustafs.com\/wp-content\/uploads\/2024\/07\/lamellow-da-t24-installation.jpg\",\"datePublished\":\"2025-05-05T18:09:49+00:00\",\"dateModified\":\"2025-10-02T15:47:20+00:00\",\"breadcrumb\":{\"@id\":\"https:\/\/gustafs.com\/pl\/produkt\/montaz-lamellow-t24-da-sufit\/#breadcrumb\"},\"inLanguage\":\"pl-PL\",\"potentialAction\":[{\"@type\":\"ReadAction\",\"target\":[\"https:\/\/gustafs.com\/pl\/produkt\/montaz-lamellow-t24-da-sufit\/\"]}]},{\"@type\":\"ImageObject\",\"inLanguage\":\"pl-PL\",\"@id\":\"https:\/\/gustafs.com\/pl\/produkt\/montaz-lamellow-t24-da-sufit\/#primaryimage\",\"url\":\"https:\/\/gustafs.com\/wp-content\/uploads\/2024\/07\/lamellow-da-t24-installation.jpg\",\"contentUrl\":\"https:\/\/gustafs.com\/wp-content\/uploads\/2024\/07\/lamellow-da-t24-installation.jpg\",\"width\":1030,\"height\":1290},{\"@type\":\"BreadcrumbList\",\"@id\":\"https:\/\/gustafs.com\/pl\/produkt\/montaz-lamellow-t24-da-sufit\/#breadcrumb\",\"itemListElement\":[{\"@type\":\"ListItem\",\"position\":1,\"name\":\"Gustafs\",\"item\":\"https:\/\/gustafs.com\/pl\/\"},{\"@type\":\"ListItem\",\"position\":2,\"name\":\"Produkty\",\"item\":\"https:\/\/gustafs.com\/pl\/produktow\/\"},{\"@type\":\"ListItem\",\"position\":3,\"name\":\"Systemy monta\u017cowe Capax\",\"item\":\"https:\/\/gustafs.com\/pl\/kategoria-produktu\/systemy-montazowe-capax\/\"},{\"@type\":\"ListItem\",\"position\":4,\"name\":\"Monta\u017c Lamellow T24-DA &#8211; sufit\"}]},{\"@type\":\"WebSite\",\"@id\":\"https:\/\/gustafs.com\/pl\/#website\",\"url\":\"https:\/\/gustafs.com\/pl\/\",\"name\":\"Gustafs Scandinavia\",\"description\":\"Exclusive Wooden Panels And Acoustic Panels\",\"potentialAction\":[{\"@type\":\"SearchAction\",\"target\":{\"@type\":\"EntryPoint\",\"urlTemplate\":\"https:\/\/gustafs.com\/pl\/?s={search_term_string}\"},\"query-input\":{\"@type\":\"PropertyValueSpecification\",\"valueRequired\":true,\"valueName\":\"search_term_string\"}}],\"inLanguage\":\"pl-PL\"}]}<\/script>\n<!-- \/ Yoast SEO plugin. -->","yoast_head_json":{"title":"Monta\u017c Lamellow T24-DA - sufit | Gustafs Scandinavia","robots":{"index":"index","follow":"follow","max-snippet":"max-snippet:-1","max-image-preview":"max-image-preview:large","max-video-preview":"max-video-preview:-1"},"canonical":"https:\/\/gustafs.com\/pl\/produkt\/montaz-lamellow-t24-da-sufit\/","og_locale":"pl_PL","og_type":"article","og_title":"Monta\u017c Lamellow T24-DA - sufit | Gustafs Scandinavia","og_description":"Do szybkiego i demontowalnego monta\u017cu za pomoc\u0105 uniwersalnych ruszt\u00f3w sufitowych T24 lub T15. Konstrukcja jest widoczna. Monta\u017c daje klas\u0119 akustyczn\u0105 A przy pustce powietrznej 300 mm, bez konieczno\u015bci dodatkowej izolacji.","og_url":"https:\/\/gustafs.com\/pl\/produkt\/montaz-lamellow-t24-da-sufit\/","og_site_name":"Gustafs Scandinavia","article_modified_time":"2025-10-02T15:47:20+00:00","og_image":[{"width":1030,"height":1290,"url":"https:\/\/gustafs.com\/wp-content\/uploads\/2024\/07\/lamellow-da-t24-installation.jpg","type":"image\/jpeg"}],"twitter_card":"summary_large_image","twitter_misc":{"Szacowany czas czytania":"1 minuta"},"schema":{"@context":"https:\/\/schema.org","@graph":[{"@type":"WebPage","@id":"https:\/\/gustafs.com\/pl\/produkt\/montaz-lamellow-t24-da-sufit\/","url":"https:\/\/gustafs.com\/pl\/produkt\/montaz-lamellow-t24-da-sufit\/","name":"Monta\u017c Lamellow T24-DA - sufit | Gustafs Scandinavia","isPartOf":{"@id":"https:\/\/gustafs.com\/pl\/#website"},"primaryImageOfPage":{"@id":"https:\/\/gustafs.com\/pl\/produkt\/montaz-lamellow-t24-da-sufit\/#primaryimage"},"image":{"@id":"https:\/\/gustafs.com\/pl\/produkt\/montaz-lamellow-t24-da-sufit\/#primaryimage"},"thumbnailUrl":"https:\/\/gustafs.com\/wp-content\/uploads\/2024\/07\/lamellow-da-t24-installation.jpg","datePublished":"2025-05-05T18:09:49+00:00","dateModified":"2025-10-02T15:47:20+00:00","breadcrumb":{"@id":"https:\/\/gustafs.com\/pl\/produkt\/montaz-lamellow-t24-da-sufit\/#breadcrumb"},"inLanguage":"pl-PL","potentialAction":[{"@type":"ReadAction","target":["https:\/\/gustafs.com\/pl\/produkt\/montaz-lamellow-t24-da-sufit\/"]}]},{"@type":"ImageObject","inLanguage":"pl-PL","@id":"https:\/\/gustafs.com\/pl\/produkt\/montaz-lamellow-t24-da-sufit\/#primaryimage","url":"https:\/\/gustafs.com\/wp-content\/uploads\/2024\/07\/lamellow-da-t24-installation.jpg","contentUrl":"https:\/\/gustafs.com\/wp-content\/uploads\/2024\/07\/lamellow-da-t24-installation.jpg","width":1030,"height":1290},{"@type":"BreadcrumbList","@id":"https:\/\/gustafs.com\/pl\/produkt\/montaz-lamellow-t24-da-sufit\/#breadcrumb","itemListElement":[{"@type":"ListItem","position":1,"name":"Gustafs","item":"https:\/\/gustafs.com\/pl\/"},{"@type":"ListItem","position":2,"name":"Produkty","item":"https:\/\/gustafs.com\/pl\/produktow\/"},{"@type":"ListItem","position":3,"name":"Systemy monta\u017cowe Capax","item":"https:\/\/gustafs.com\/pl\/kategoria-produktu\/systemy-montazowe-capax\/"},{"@type":"ListItem","position":4,"name":"Monta\u017c Lamellow T24-DA &#8211; sufit"}]},{"@type":"WebSite","@id":"https:\/\/gustafs.com\/pl\/#website","url":"https:\/\/gustafs.com\/pl\/","name":"Gustafs Scandinavia","description":"Exclusive Wooden Panels And Acoustic Panels","potentialAction":[{"@type":"SearchAction","target":{"@type":"EntryPoint","urlTemplate":"https:\/\/gustafs.com\/pl\/?s={search_term_string}"},"query-input":{"@type":"PropertyValueSpecification","valueRequired":true,"valueName":"search_term_string"}}],"inLanguage":"pl-PL"}]}},"_links":{"self":[{"href":"https:\/\/gustafs.com\/pl\/wp-json\/wp\/v2\/product\/27469","targetHints":{"allow":["GET"]}}],"collection":[{"href":"https:\/\/gustafs.com\/pl\/wp-json\/wp\/v2\/product"}],"about":[{"href":"https:\/\/gustafs.com\/pl\/wp-json\/wp\/v2\/types\/product"}],"version-history":[{"count":4,"href":"https:\/\/gustafs.com\/pl\/wp-json\/wp\/v2\/product\/27469\/revisions"}],"predecessor-version":[{"id":34939,"href":"https:\/\/gustafs.com\/pl\/wp-json\/wp\/v2\/product\/27469\/revisions\/34939"}],"wp:featuredmedia":[{"embeddable":true,"href":"https:\/\/gustafs.com\/pl\/wp-json\/wp\/v2\/media\/27470"}],"wp:attachment":[{"href":"https:\/\/gustafs.com\/pl\/wp-json\/wp\/v2\/media?parent=27469"}],"wp:term":[{"taxonomy":"product_brand","embeddable":true,"href":"https:\/\/gustafs.com\/pl\/wp-json\/wp\/v2\/product_brand?post=27469"},{"taxonomy":"product_cat","embeddable":true,"href":"https:\/\/gustafs.com\/pl\/wp-json\/wp\/v2\/product_cat?post=27469"},{"taxonomy":"product_tag","embeddable":true,"href":"https:\/\/gustafs.com\/pl\/wp-json\/wp\/v2\/product_tag?post=27469"}],"curies":[{"name":"wp","href":"https:\/\/api.w.org\/{rel}","templated":true}]}}