{"id":27433,"date":"2023-11-27T15:28:40","date_gmt":"2025-05-05T18:09:44","guid":{"rendered":"https:\/\/gustafs.com\/product\/filcfon-addstyle\/"},"modified":"2025-10-01T15:41:45","modified_gmt":"2025-10-01T13:41:45","slug":"feltfon-addstyle","status":"publish","type":"product","link":"https:\/\/gustafs.com\/pl\/produkt\/feltfon-addstyle\/","title":{"rendered":"Feltfon AddStyle"},"content":{"rendered":"<p style=\"letter-spacing: 1px;\">Ramki akustyczne do ruszt\u00f3w sufitowych T24 i T15<\/p>\n<p>Filcowy\u00a9 AddStyle podnosi estetyk\u0119 i akustyk\u0119 ka\u017cdego sufitu, niezale\u017cnie od tego, czy jest to ods\u0142oni\u0119ty otwarty sufit T-Grid, czy istniej\u0105cy konwencjonalny sufit z mi\u0119kkich kaseton\u00f3w. Mo\u017cna nada\u0107 sufitowi ciekawego wyrazu i sprawi\u0107, by wygl\u0105da\u0142 pi\u0119knie. Elementy AddStyle bez trudu zatrzaskuj\u0105 si\u0119 na rusztach sufitowych T15 lub T24. Dzi\u0119ki szerokiej gamie wzor\u00f3w, g\u0142\u0119bi i kolor\u00f3w filcu mo\u017cna nada\u0107 sufitom spersonalizowany styl. Wybiera\u0107 mo\u017cna spo\u015br\u00f3d wzor\u00f3w prostych, uko\u015bnych lub falowych albo uwolni\u0107 swoj\u0105 kreatywno\u015b\u0107 i zaprojektowa\u0107 w\u0142asne. Co wa\u017cne, Feltfon\u00a9 AddStyle utrzymuje klas\u0119 ogniow\u0105 B-s1,d0 bez konieczno\u015bci impregnacji.<\/p>\n","protected":false},"excerpt":{"rendered":"<p>Ramki akustyczne do ruszt\u00f3w sufitowych T24 i T15 Filcowy\u00a9 AddStyle podnosi estetyk\u0119 i akustyk\u0119 ka\u017cdego sufitu, niezale\u017cnie od tego, czy jest to ods\u0142oni\u0119ty otwarty sufit T-Grid, czy istniej\u0105cy konwencjonalny sufit z mi\u0119kkich kaseton\u00f3w. Mo\u017cna nada\u0107 sufitowi ciekawego wyrazu i sprawi\u0107, by wygl\u0105da\u0142 pi\u0119knie. Elementy AddStyle bez trudu zatrzaskuj\u0105 si\u0119 na rusztach sufitowych T15 lub T24. [&hellip;]<\/p>\n","protected":false},"featured_media":27459,"template":"","meta":{"_acf_changed":false,"inline_featured_image":false,"footnotes":""},"product_brand":[],"product_cat":[426,419],"product_tag":[],"class_list":{"0":"post-27433","1":"product","2":"type-product","3":"status-publish","4":"has-post-thumbnail","6":"product_cat-addstyle-t24","7":"product_cat-feltfon","8":"pa_acoustic-class-a","9":"pa_acoustic-class-b","10":"pa_acoustic-class-c","12":"first","13":"instock","14":"shipping-taxable","15":"product-type-simple"},"acf":[],"yoast_head":"<!-- This site is optimized with the Yoast SEO plugin v25.4 - https:\/\/yoast.com\/wordpress\/plugins\/seo\/ -->\n<title>Feltfon AddStyle | D\u017awi\u0119koch\u0142onne \u015bciany i sufity od Gustafs Scandinavia<\/title>\n<meta name=\"description\" content=\"Dzi\u0119ki Gustafs Feltfon Linear mo\u017cesz stworzy\u0107 d\u017awi\u0119koch\u0142onne \u015bciany i sufity o mi\u0119kkim i ciep\u0142ym wyrazie. Projektuj dowolnie, zmieniaj\u0105c szeroko\u015b\u0107, g\u0142\u0119boko\u015b\u0107 i kolor filcowych \u017ceber.\" \/>\n<meta name=\"robots\" content=\"index, follow, max-snippet:-1, max-image-preview:large, max-video-preview:-1\" \/>\n<link rel=\"canonical\" href=\"https:\/\/gustafs.com\/pl\/produkt\/feltfon-addstyle\/\" \/>\n<meta property=\"og:locale\" content=\"pl_PL\" \/>\n<meta property=\"og:type\" content=\"article\" \/>\n<meta property=\"og:title\" content=\"Feltfon AddStyle | D\u017awi\u0119koch\u0142onne \u015bciany i sufity od Gustafs Scandinavia\" \/>\n<meta property=\"og:description\" content=\"Dzi\u0119ki Gustafs Feltfon Linear mo\u017cesz stworzy\u0107 d\u017awi\u0119koch\u0142onne \u015bciany i sufity o mi\u0119kkim i ciep\u0142ym wyrazie. Projektuj dowolnie, zmieniaj\u0105c szeroko\u015b\u0107, g\u0142\u0119boko\u015b\u0107 i kolor filcowych \u017ceber.\" \/>\n<meta property=\"og:url\" content=\"https:\/\/gustafs.com\/pl\/produkt\/feltfon-addstyle\/\" \/>\n<meta property=\"og:site_name\" content=\"Gustafs Scandinavia\" \/>\n<meta property=\"article:modified_time\" content=\"2025-10-01T13:41:45+00:00\" \/>\n<meta property=\"og:image\" content=\"https:\/\/gustafs.com\/wp-content\/uploads\/2023\/11\/diagonal-818x1024.gif\" \/>\n\t<meta property=\"og:image:width\" content=\"818\" \/>\n\t<meta property=\"og:image:height\" content=\"1024\" \/>\n\t<meta property=\"og:image:type\" content=\"image\/gif\" \/>\n<meta name=\"twitter:card\" content=\"summary_large_image\" \/>\n<meta name=\"twitter:label1\" content=\"Szacowany czas czytania\" \/>\n\t<meta name=\"twitter:data1\" content=\"1 minuta\" \/>\n<script type=\"application\/ld+json\" class=\"yoast-schema-graph\">{\"@context\":\"https:\/\/schema.org\",\"@graph\":[{\"@type\":\"WebPage\",\"@id\":\"https:\/\/gustafs.com\/pl\/produkt\/feltfon-addstyle\/\",\"url\":\"https:\/\/gustafs.com\/pl\/produkt\/feltfon-addstyle\/\",\"name\":\"Feltfon AddStyle | D\u017awi\u0119koch\u0142onne \u015bciany i sufity od Gustafs Scandinavia\",\"isPartOf\":{\"@id\":\"https:\/\/gustafs.com\/pl\/#website\"},\"primaryImageOfPage\":{\"@id\":\"https:\/\/gustafs.com\/pl\/produkt\/feltfon-addstyle\/#primaryimage\"},\"image\":{\"@id\":\"https:\/\/gustafs.com\/pl\/produkt\/feltfon-addstyle\/#primaryimage\"},\"thumbnailUrl\":\"https:\/\/gustafs.com\/wp-content\/uploads\/2023\/11\/diagonal.gif\",\"datePublished\":\"2025-05-05T18:09:44+00:00\",\"dateModified\":\"2025-10-01T13:41:45+00:00\",\"description\":\"Dzi\u0119ki Gustafs Feltfon Linear mo\u017cesz stworzy\u0107 d\u017awi\u0119koch\u0142onne \u015bciany i sufity o mi\u0119kkim i ciep\u0142ym wyrazie. Projektuj dowolnie, zmieniaj\u0105c szeroko\u015b\u0107, g\u0142\u0119boko\u015b\u0107 i kolor filcowych \u017ceber.\",\"breadcrumb\":{\"@id\":\"https:\/\/gustafs.com\/pl\/produkt\/feltfon-addstyle\/#breadcrumb\"},\"inLanguage\":\"pl-PL\",\"potentialAction\":[{\"@type\":\"ReadAction\",\"target\":[\"https:\/\/gustafs.com\/pl\/produkt\/feltfon-addstyle\/\"]}]},{\"@type\":\"ImageObject\",\"inLanguage\":\"pl-PL\",\"@id\":\"https:\/\/gustafs.com\/pl\/produkt\/feltfon-addstyle\/#primaryimage\",\"url\":\"https:\/\/gustafs.com\/wp-content\/uploads\/2023\/11\/diagonal.gif\",\"contentUrl\":\"https:\/\/gustafs.com\/wp-content\/uploads\/2023\/11\/diagonal.gif\",\"width\":1030,\"height\":1290,\"caption\":\"Acoustic ceilings for Acoustic tiles, AddStyle\"},{\"@type\":\"BreadcrumbList\",\"@id\":\"https:\/\/gustafs.com\/pl\/produkt\/feltfon-addstyle\/#breadcrumb\",\"itemListElement\":[{\"@type\":\"ListItem\",\"position\":1,\"name\":\"Gustafs\",\"item\":\"https:\/\/gustafs.com\/pl\/\"},{\"@type\":\"ListItem\",\"position\":2,\"name\":\"Produkty\",\"item\":\"https:\/\/gustafs.com\/pl\/produktow\/\"},{\"@type\":\"ListItem\",\"position\":3,\"name\":\"Ok\u0142adziny filcowe Feltfon\",\"item\":\"https:\/\/gustafs.com\/pl\/kategoria-produktu\/feltfon\/\"},{\"@type\":\"ListItem\",\"position\":4,\"name\":\"Feltfon AddStyle\"}]},{\"@type\":\"WebSite\",\"@id\":\"https:\/\/gustafs.com\/pl\/#website\",\"url\":\"https:\/\/gustafs.com\/pl\/\",\"name\":\"Gustafs Scandinavia\",\"description\":\"Exclusive Wooden Panels And Acoustic Panels\",\"potentialAction\":[{\"@type\":\"SearchAction\",\"target\":{\"@type\":\"EntryPoint\",\"urlTemplate\":\"https:\/\/gustafs.com\/pl\/?s={search_term_string}\"},\"query-input\":{\"@type\":\"PropertyValueSpecification\",\"valueRequired\":true,\"valueName\":\"search_term_string\"}}],\"inLanguage\":\"pl-PL\"}]}<\/script>\n<!-- \/ Yoast SEO plugin. -->","yoast_head_json":{"title":"Feltfon AddStyle | D\u017awi\u0119koch\u0142onne \u015bciany i sufity od Gustafs Scandinavia","description":"Dzi\u0119ki Gustafs Feltfon Linear mo\u017cesz stworzy\u0107 d\u017awi\u0119koch\u0142onne \u015bciany i sufity o mi\u0119kkim i ciep\u0142ym wyrazie. Projektuj dowolnie, zmieniaj\u0105c szeroko\u015b\u0107, g\u0142\u0119boko\u015b\u0107 i kolor filcowych \u017ceber.","robots":{"index":"index","follow":"follow","max-snippet":"max-snippet:-1","max-image-preview":"max-image-preview:large","max-video-preview":"max-video-preview:-1"},"canonical":"https:\/\/gustafs.com\/pl\/produkt\/feltfon-addstyle\/","og_locale":"pl_PL","og_type":"article","og_title":"Feltfon AddStyle | D\u017awi\u0119koch\u0142onne \u015bciany i sufity od Gustafs Scandinavia","og_description":"Dzi\u0119ki Gustafs Feltfon Linear mo\u017cesz stworzy\u0107 d\u017awi\u0119koch\u0142onne \u015bciany i sufity o mi\u0119kkim i ciep\u0142ym wyrazie. Projektuj dowolnie, zmieniaj\u0105c szeroko\u015b\u0107, g\u0142\u0119boko\u015b\u0107 i kolor filcowych \u017ceber.","og_url":"https:\/\/gustafs.com\/pl\/produkt\/feltfon-addstyle\/","og_site_name":"Gustafs Scandinavia","article_modified_time":"2025-10-01T13:41:45+00:00","og_image":[{"width":818,"height":1024,"url":"https:\/\/gustafs.com\/wp-content\/uploads\/2023\/11\/diagonal-818x1024.gif","type":"image\/gif"}],"twitter_card":"summary_large_image","twitter_misc":{"Szacowany czas czytania":"1 minuta"},"schema":{"@context":"https:\/\/schema.org","@graph":[{"@type":"WebPage","@id":"https:\/\/gustafs.com\/pl\/produkt\/feltfon-addstyle\/","url":"https:\/\/gustafs.com\/pl\/produkt\/feltfon-addstyle\/","name":"Feltfon AddStyle | D\u017awi\u0119koch\u0142onne \u015bciany i sufity od Gustafs Scandinavia","isPartOf":{"@id":"https:\/\/gustafs.com\/pl\/#website"},"primaryImageOfPage":{"@id":"https:\/\/gustafs.com\/pl\/produkt\/feltfon-addstyle\/#primaryimage"},"image":{"@id":"https:\/\/gustafs.com\/pl\/produkt\/feltfon-addstyle\/#primaryimage"},"thumbnailUrl":"https:\/\/gustafs.com\/wp-content\/uploads\/2023\/11\/diagonal.gif","datePublished":"2025-05-05T18:09:44+00:00","dateModified":"2025-10-01T13:41:45+00:00","description":"Dzi\u0119ki Gustafs Feltfon Linear mo\u017cesz stworzy\u0107 d\u017awi\u0119koch\u0142onne \u015bciany i sufity o mi\u0119kkim i ciep\u0142ym wyrazie. Projektuj dowolnie, zmieniaj\u0105c szeroko\u015b\u0107, g\u0142\u0119boko\u015b\u0107 i kolor filcowych \u017ceber.","breadcrumb":{"@id":"https:\/\/gustafs.com\/pl\/produkt\/feltfon-addstyle\/#breadcrumb"},"inLanguage":"pl-PL","potentialAction":[{"@type":"ReadAction","target":["https:\/\/gustafs.com\/pl\/produkt\/feltfon-addstyle\/"]}]},{"@type":"ImageObject","inLanguage":"pl-PL","@id":"https:\/\/gustafs.com\/pl\/produkt\/feltfon-addstyle\/#primaryimage","url":"https:\/\/gustafs.com\/wp-content\/uploads\/2023\/11\/diagonal.gif","contentUrl":"https:\/\/gustafs.com\/wp-content\/uploads\/2023\/11\/diagonal.gif","width":1030,"height":1290,"caption":"Acoustic ceilings for Acoustic tiles, AddStyle"},{"@type":"BreadcrumbList","@id":"https:\/\/gustafs.com\/pl\/produkt\/feltfon-addstyle\/#breadcrumb","itemListElement":[{"@type":"ListItem","position":1,"name":"Gustafs","item":"https:\/\/gustafs.com\/pl\/"},{"@type":"ListItem","position":2,"name":"Produkty","item":"https:\/\/gustafs.com\/pl\/produktow\/"},{"@type":"ListItem","position":3,"name":"Ok\u0142adziny filcowe Feltfon","item":"https:\/\/gustafs.com\/pl\/kategoria-produktu\/feltfon\/"},{"@type":"ListItem","position":4,"name":"Feltfon AddStyle"}]},{"@type":"WebSite","@id":"https:\/\/gustafs.com\/pl\/#website","url":"https:\/\/gustafs.com\/pl\/","name":"Gustafs Scandinavia","description":"Exclusive Wooden Panels And Acoustic Panels","potentialAction":[{"@type":"SearchAction","target":{"@type":"EntryPoint","urlTemplate":"https:\/\/gustafs.com\/pl\/?s={search_term_string}"},"query-input":{"@type":"PropertyValueSpecification","valueRequired":true,"valueName":"search_term_string"}}],"inLanguage":"pl-PL"}]}},"_links":{"self":[{"href":"https:\/\/gustafs.com\/pl\/wp-json\/wp\/v2\/product\/27433","targetHints":{"allow":["GET"]}}],"collection":[{"href":"https:\/\/gustafs.com\/pl\/wp-json\/wp\/v2\/product"}],"about":[{"href":"https:\/\/gustafs.com\/pl\/wp-json\/wp\/v2\/types\/product"}],"version-history":[{"count":18,"href":"https:\/\/gustafs.com\/pl\/wp-json\/wp\/v2\/product\/27433\/revisions"}],"predecessor-version":[{"id":34876,"href":"https:\/\/gustafs.com\/pl\/wp-json\/wp\/v2\/product\/27433\/revisions\/34876"}],"wp:featuredmedia":[{"embeddable":true,"href":"https:\/\/gustafs.com\/pl\/wp-json\/wp\/v2\/media\/27459"}],"wp:attachment":[{"href":"https:\/\/gustafs.com\/pl\/wp-json\/wp\/v2\/media?parent=27433"}],"wp:term":[{"taxonomy":"product_brand","embeddable":true,"href":"https:\/\/gustafs.com\/pl\/wp-json\/wp\/v2\/product_brand?post=27433"},{"taxonomy":"product_cat","embeddable":true,"href":"https:\/\/gustafs.com\/pl\/wp-json\/wp\/v2\/product_cat?post=27433"},{"taxonomy":"product_tag","embeddable":true,"href":"https:\/\/gustafs.com\/pl\/wp-json\/wp\/v2\/product_tag?post=27433"}],"curies":[{"name":"wp","href":"https:\/\/api.w.org\/{rel}","templated":true}]}}