{"id":27376,"date":"2023-11-14T09:46:30","date_gmt":"2025-05-05T18:09:31","guid":{"rendered":"https:\/\/gustafs.com\/product\/feltfon-diabolo\/"},"modified":"2025-10-01T13:56:45","modified_gmt":"2025-10-01T11:56:45","slug":"feltfon-diabolo","status":"publish","type":"product","link":"https:\/\/gustafs.com\/pl\/produkt\/feltfon-diabolo\/","title":{"rendered":"Feltfon Diabolo"},"content":{"rendered":"<p style=\"letter-spacing: 1px;\">K\u0105towe liniowe lamele filcowe<\/p>\n<p>Feltfon\u00a9 Diabolo to lamele ustawione pod r\u00f3\u017cnymi k\u0105tami, tworz\u0105ce dynamiczn\u0105, pofalowan\u0105 \u015bcian\u0119 lub strop. Belki te, o znacznej g\u0142\u0119boko\u015bci, s\u0105 zbudowane z przepuszczalnego materia\u0142u filcowego i zawieraj\u0105 pusty rdze\u0144, zapewniaj\u0105c wyj\u0105tkowe w\u0142a\u015bciwo\u015bci t\u0142umienia d\u017awi\u0119ku w przestrzeni. \u0141atwy do demonta\u017cu system instalacyjny Capax, jest odpowiedni do \u015bcian i sufit\u00f3w, zapewnia trwa\u0142o\u015b\u0107 w miejscach o du\u017cym nat\u0119\u017ceniu ruchu, takich jak szko\u0142y, biura, sklepy i centra handlowe. Profile monta\u017cowe dostosowane s\u0105 do r\u00f3\u017cnych szeroko\u015bci lameli i umo\u017cliwiaj\u0105 odpowiednie dostosowanie szeroko\u015bci, wysoko\u015bci, koloru i odst\u0119p\u00f3w. Dodatkowo projektanci mog\u0105 jeszcze bardziej spersonalizowa\u0107 wygl\u0105d, wype\u0142niaj\u0105c odst\u0119py drewnianymi listwami. Podobnie jak w przypadku wszystkich produkt\u00f3w Gustafs, Feltfon\u00a9 Diabolo stawia na pierwszym miejscu bezpiecze\u0144stwo, przestrzegaj\u0105c norm bezpiecze\u0144stwa przeciwpo\u017carowego.     <\/p>\n","protected":false},"excerpt":{"rendered":"<p>K\u0105towe liniowe lamele filcowe Feltfon\u00a9 Diabolo to lamele ustawione pod r\u00f3\u017cnymi k\u0105tami, tworz\u0105ce dynamiczn\u0105, pofalowan\u0105 \u015bcian\u0119 lub strop. Belki te, o znacznej g\u0142\u0119boko\u015bci, s\u0105 zbudowane z przepuszczalnego materia\u0142u filcowego i zawieraj\u0105 pusty rdze\u0144, zapewniaj\u0105c wyj\u0105tkowe w\u0142a\u015bciwo\u015bci t\u0142umienia d\u017awi\u0119ku w przestrzeni. \u0141atwy do demonta\u017cu system instalacyjny Capax, jest odpowiedni do \u015bcian i sufit\u00f3w, zapewnia trwa\u0142o\u015b\u0107 w [&hellip;]<\/p>\n","protected":false},"featured_media":27392,"template":"","meta":{"_acf_changed":false,"inline_featured_image":false,"footnotes":""},"product_brand":[],"product_cat":[424,419],"product_tag":[],"class_list":{"0":"post-27376","1":"product","2":"type-product","3":"status-publish","4":"has-post-thumbnail","6":"product_cat-liniowy","7":"product_cat-feltfon","8":"pa_acoustic-class-a","9":"pa_acoustic-class-c","10":"pa_acoustic-class-d","12":"first","13":"instock","14":"shipping-taxable","15":"product-type-simple"},"acf":[],"yoast_head":"<!-- This site is optimized with the Yoast SEO plugin v25.4 - https:\/\/yoast.com\/wordpress\/plugins\/seo\/ -->\n<title>Feltfon Diabolo | Gustafs Scandinavia<\/title>\n<meta name=\"robots\" content=\"index, follow, max-snippet:-1, max-image-preview:large, max-video-preview:-1\" \/>\n<link rel=\"canonical\" href=\"https:\/\/gustafs.com\/pl\/produkt\/feltfon-diabolo\/\" \/>\n<meta property=\"og:locale\" content=\"pl_PL\" \/>\n<meta property=\"og:type\" content=\"article\" \/>\n<meta property=\"og:title\" content=\"Feltfon Diabolo | Gustafs Scandinavia\" \/>\n<meta property=\"og:description\" content=\"K\u0105towe liniowe lamele filcowe Feltfon\u00a9 Diabolo to lamele ustawione pod r\u00f3\u017cnymi k\u0105tami, tworz\u0105ce dynamiczn\u0105, pofalowan\u0105 \u015bcian\u0119 lub strop. Belki te, o znacznej g\u0142\u0119boko\u015bci, s\u0105 zbudowane z przepuszczalnego materia\u0142u filcowego i zawieraj\u0105 pusty rdze\u0144, zapewniaj\u0105c wyj\u0105tkowe w\u0142a\u015bciwo\u015bci t\u0142umienia d\u017awi\u0119ku w przestrzeni. \u0141atwy do demonta\u017cu system instalacyjny Capax, jest odpowiedni do \u015bcian i sufit\u00f3w, zapewnia trwa\u0142o\u015b\u0107 w [&hellip;]\" \/>\n<meta property=\"og:url\" content=\"https:\/\/gustafs.com\/pl\/produkt\/feltfon-diabolo\/\" \/>\n<meta property=\"og:site_name\" content=\"Gustafs Scandinavia\" \/>\n<meta property=\"article:modified_time\" content=\"2025-10-01T11:56:45+00:00\" \/>\n<meta property=\"og:image\" content=\"https:\/\/gustafs.com\/wp-content\/uploads\/2023\/11\/prod-bild-diabolo.jpg\" \/>\n\t<meta property=\"og:image:width\" content=\"1030\" \/>\n\t<meta property=\"og:image:height\" content=\"1290\" \/>\n\t<meta property=\"og:image:type\" content=\"image\/jpeg\" \/>\n<meta name=\"twitter:card\" content=\"summary_large_image\" \/>\n<meta name=\"twitter:label1\" content=\"Szacowany czas czytania\" \/>\n\t<meta name=\"twitter:data1\" content=\"1 minuta\" \/>\n<script type=\"application\/ld+json\" class=\"yoast-schema-graph\">{\"@context\":\"https:\/\/schema.org\",\"@graph\":[{\"@type\":\"WebPage\",\"@id\":\"https:\/\/gustafs.com\/pl\/produkt\/feltfon-diabolo\/\",\"url\":\"https:\/\/gustafs.com\/pl\/produkt\/feltfon-diabolo\/\",\"name\":\"Feltfon Diabolo | Gustafs Scandinavia\",\"isPartOf\":{\"@id\":\"https:\/\/gustafs.com\/pl\/#website\"},\"primaryImageOfPage\":{\"@id\":\"https:\/\/gustafs.com\/pl\/produkt\/feltfon-diabolo\/#primaryimage\"},\"image\":{\"@id\":\"https:\/\/gustafs.com\/pl\/produkt\/feltfon-diabolo\/#primaryimage\"},\"thumbnailUrl\":\"https:\/\/gustafs.com\/wp-content\/uploads\/2023\/11\/feltfon-diabolo-ceiling-1290-scaled.jpg\",\"datePublished\":\"2025-05-05T18:09:31+00:00\",\"dateModified\":\"2025-10-01T11:56:45+00:00\",\"breadcrumb\":{\"@id\":\"https:\/\/gustafs.com\/pl\/produkt\/feltfon-diabolo\/#breadcrumb\"},\"inLanguage\":\"pl-PL\",\"potentialAction\":[{\"@type\":\"ReadAction\",\"target\":[\"https:\/\/gustafs.com\/pl\/produkt\/feltfon-diabolo\/\"]}]},{\"@type\":\"ImageObject\",\"inLanguage\":\"pl-PL\",\"@id\":\"https:\/\/gustafs.com\/pl\/produkt\/feltfon-diabolo\/#primaryimage\",\"url\":\"https:\/\/gustafs.com\/wp-content\/uploads\/2023\/11\/feltfon-diabolo-ceiling-1290-scaled.jpg\",\"contentUrl\":\"https:\/\/gustafs.com\/wp-content\/uploads\/2023\/11\/feltfon-diabolo-ceiling-1290-scaled.jpg\",\"width\":2044,\"height\":2560},{\"@type\":\"BreadcrumbList\",\"@id\":\"https:\/\/gustafs.com\/pl\/produkt\/feltfon-diabolo\/#breadcrumb\",\"itemListElement\":[{\"@type\":\"ListItem\",\"position\":1,\"name\":\"Gustafs\",\"item\":\"https:\/\/gustafs.com\/pl\/\"},{\"@type\":\"ListItem\",\"position\":2,\"name\":\"Produkty\",\"item\":\"https:\/\/gustafs.com\/pl\/produktow\/\"},{\"@type\":\"ListItem\",\"position\":3,\"name\":\"Ok\u0142adziny filcowe Feltfon\",\"item\":\"https:\/\/gustafs.com\/pl\/kategoria-produktu\/feltfon\/\"},{\"@type\":\"ListItem\",\"position\":4,\"name\":\"Feltfon Diabolo\"}]},{\"@type\":\"WebSite\",\"@id\":\"https:\/\/gustafs.com\/pl\/#website\",\"url\":\"https:\/\/gustafs.com\/pl\/\",\"name\":\"Gustafs Scandinavia\",\"description\":\"Exclusive Wooden Panels And Acoustic Panels\",\"potentialAction\":[{\"@type\":\"SearchAction\",\"target\":{\"@type\":\"EntryPoint\",\"urlTemplate\":\"https:\/\/gustafs.com\/pl\/?s={search_term_string}\"},\"query-input\":{\"@type\":\"PropertyValueSpecification\",\"valueRequired\":true,\"valueName\":\"search_term_string\"}}],\"inLanguage\":\"pl-PL\"}]}<\/script>\n<!-- \/ Yoast SEO plugin. -->","yoast_head_json":{"title":"Feltfon Diabolo | Gustafs Scandinavia","robots":{"index":"index","follow":"follow","max-snippet":"max-snippet:-1","max-image-preview":"max-image-preview:large","max-video-preview":"max-video-preview:-1"},"canonical":"https:\/\/gustafs.com\/pl\/produkt\/feltfon-diabolo\/","og_locale":"pl_PL","og_type":"article","og_title":"Feltfon Diabolo | Gustafs Scandinavia","og_description":"K\u0105towe liniowe lamele filcowe Feltfon\u00a9 Diabolo to lamele ustawione pod r\u00f3\u017cnymi k\u0105tami, tworz\u0105ce dynamiczn\u0105, pofalowan\u0105 \u015bcian\u0119 lub strop. Belki te, o znacznej g\u0142\u0119boko\u015bci, s\u0105 zbudowane z przepuszczalnego materia\u0142u filcowego i zawieraj\u0105 pusty rdze\u0144, zapewniaj\u0105c wyj\u0105tkowe w\u0142a\u015bciwo\u015bci t\u0142umienia d\u017awi\u0119ku w przestrzeni. \u0141atwy do demonta\u017cu system instalacyjny Capax, jest odpowiedni do \u015bcian i sufit\u00f3w, zapewnia trwa\u0142o\u015b\u0107 w [&hellip;]","og_url":"https:\/\/gustafs.com\/pl\/produkt\/feltfon-diabolo\/","og_site_name":"Gustafs Scandinavia","article_modified_time":"2025-10-01T11:56:45+00:00","og_image":[{"width":1030,"height":1290,"url":"https:\/\/gustafs.com\/wp-content\/uploads\/2023\/11\/prod-bild-diabolo.jpg","type":"image\/jpeg"}],"twitter_card":"summary_large_image","twitter_misc":{"Szacowany czas czytania":"1 minuta"},"schema":{"@context":"https:\/\/schema.org","@graph":[{"@type":"WebPage","@id":"https:\/\/gustafs.com\/pl\/produkt\/feltfon-diabolo\/","url":"https:\/\/gustafs.com\/pl\/produkt\/feltfon-diabolo\/","name":"Feltfon Diabolo | Gustafs Scandinavia","isPartOf":{"@id":"https:\/\/gustafs.com\/pl\/#website"},"primaryImageOfPage":{"@id":"https:\/\/gustafs.com\/pl\/produkt\/feltfon-diabolo\/#primaryimage"},"image":{"@id":"https:\/\/gustafs.com\/pl\/produkt\/feltfon-diabolo\/#primaryimage"},"thumbnailUrl":"https:\/\/gustafs.com\/wp-content\/uploads\/2023\/11\/feltfon-diabolo-ceiling-1290-scaled.jpg","datePublished":"2025-05-05T18:09:31+00:00","dateModified":"2025-10-01T11:56:45+00:00","breadcrumb":{"@id":"https:\/\/gustafs.com\/pl\/produkt\/feltfon-diabolo\/#breadcrumb"},"inLanguage":"pl-PL","potentialAction":[{"@type":"ReadAction","target":["https:\/\/gustafs.com\/pl\/produkt\/feltfon-diabolo\/"]}]},{"@type":"ImageObject","inLanguage":"pl-PL","@id":"https:\/\/gustafs.com\/pl\/produkt\/feltfon-diabolo\/#primaryimage","url":"https:\/\/gustafs.com\/wp-content\/uploads\/2023\/11\/feltfon-diabolo-ceiling-1290-scaled.jpg","contentUrl":"https:\/\/gustafs.com\/wp-content\/uploads\/2023\/11\/feltfon-diabolo-ceiling-1290-scaled.jpg","width":2044,"height":2560},{"@type":"BreadcrumbList","@id":"https:\/\/gustafs.com\/pl\/produkt\/feltfon-diabolo\/#breadcrumb","itemListElement":[{"@type":"ListItem","position":1,"name":"Gustafs","item":"https:\/\/gustafs.com\/pl\/"},{"@type":"ListItem","position":2,"name":"Produkty","item":"https:\/\/gustafs.com\/pl\/produktow\/"},{"@type":"ListItem","position":3,"name":"Ok\u0142adziny filcowe Feltfon","item":"https:\/\/gustafs.com\/pl\/kategoria-produktu\/feltfon\/"},{"@type":"ListItem","position":4,"name":"Feltfon Diabolo"}]},{"@type":"WebSite","@id":"https:\/\/gustafs.com\/pl\/#website","url":"https:\/\/gustafs.com\/pl\/","name":"Gustafs Scandinavia","description":"Exclusive Wooden Panels And Acoustic Panels","potentialAction":[{"@type":"SearchAction","target":{"@type":"EntryPoint","urlTemplate":"https:\/\/gustafs.com\/pl\/?s={search_term_string}"},"query-input":{"@type":"PropertyValueSpecification","valueRequired":true,"valueName":"search_term_string"}}],"inLanguage":"pl-PL"}]}},"_links":{"self":[{"href":"https:\/\/gustafs.com\/pl\/wp-json\/wp\/v2\/product\/27376","targetHints":{"allow":["GET"]}}],"collection":[{"href":"https:\/\/gustafs.com\/pl\/wp-json\/wp\/v2\/product"}],"about":[{"href":"https:\/\/gustafs.com\/pl\/wp-json\/wp\/v2\/types\/product"}],"version-history":[{"count":13,"href":"https:\/\/gustafs.com\/pl\/wp-json\/wp\/v2\/product\/27376\/revisions"}],"predecessor-version":[{"id":34864,"href":"https:\/\/gustafs.com\/pl\/wp-json\/wp\/v2\/product\/27376\/revisions\/34864"}],"wp:featuredmedia":[{"embeddable":true,"href":"https:\/\/gustafs.com\/pl\/wp-json\/wp\/v2\/media\/27392"}],"wp:attachment":[{"href":"https:\/\/gustafs.com\/pl\/wp-json\/wp\/v2\/media?parent=27376"}],"wp:term":[{"taxonomy":"product_brand","embeddable":true,"href":"https:\/\/gustafs.com\/pl\/wp-json\/wp\/v2\/product_brand?post=27376"},{"taxonomy":"product_cat","embeddable":true,"href":"https:\/\/gustafs.com\/pl\/wp-json\/wp\/v2\/product_cat?post=27376"},{"taxonomy":"product_tag","embeddable":true,"href":"https:\/\/gustafs.com\/pl\/wp-json\/wp\/v2\/product_tag?post=27376"}],"curies":[{"name":"wp","href":"https:\/\/api.w.org\/{rel}","templated":true}]}}