{"id":27344,"date":"2023-11-14T09:32:27","date_gmt":"2025-05-05T18:09:26","guid":{"rendered":"https:\/\/gustafs.com\/product\/filcon-ametyst\/"},"modified":"2025-10-01T11:37:54","modified_gmt":"2025-10-01T09:37:54","slug":"filcon-ametyst","status":"publish","type":"product","link":"https:\/\/gustafs.com\/pl\/produkt\/filcon-ametyst\/","title":{"rendered":"Feltfon Amethyst"},"content":{"rendered":"<p style=\"letter-spacing: 1px;\">Bloczki kszta\u0142towane przestrzennie do cichych \u015bcian<\/p>\n<p>Znaczna grubo\u015b\u0107 Feltfon\u00a9 Amethyst wykonanego z wysoce przepuszczalnego filcu skutkuje super ch\u0142onnym panelem. Feltfon\u00a9 Amethyst umo\u017cliwia tworzenie pi\u0119knych przestrzeni akustycznych, a poprzez obracanie 3-wymiarowych bloczk\u00f3w pod r\u00f3\u017cnymi k\u0105tami mo\u017cna uzyska\u0107 niesamowite efekty wizualne w niesko\u0144czonej liczbie wzor\u00f3w. Ze wzgl\u0119du na trwa\u0142o\u015b\u0107, wodoodporno\u015b\u0107 i solidn\u0105 klas\u0119 ogniow\u0105 B-s1,d0 mo\u017cna u\u017cywa\u0107 Feltfon Amethyst prawie wsz\u0119dzie. W prosty spos\u00f3b mo\u017cna uzyska\u0107 profesjonaln\u0105, wyt\u0142umion\u0105 d\u017awi\u0119kowo przestrze\u0144 z przytuln\u0105 atmosfer\u0105, zast\u0119puj\u0105c p\u0142ytki z Feltfon Amethyst kwadratowymi wype\u0142nieniami wykonanymi z innych materia\u0142\u00f3w, takich jak drewno, sk\u00f3ra lub lustra.<\/p>\n","protected":false},"excerpt":{"rendered":"<p>Bloczki kszta\u0142towane przestrzennie do cichych \u015bcian Znaczna grubo\u015b\u0107 Feltfon\u00a9 Amethyst wykonanego z wysoce przepuszczalnego filcu skutkuje super ch\u0142onnym panelem. Feltfon\u00a9 Amethyst umo\u017cliwia tworzenie pi\u0119knych przestrzeni akustycznych, a poprzez obracanie 3-wymiarowych bloczk\u00f3w pod r\u00f3\u017cnymi k\u0105tami mo\u017cna uzyska\u0107 niesamowite efekty wizualne w niesko\u0144czonej liczbie wzor\u00f3w. Ze wzgl\u0119du na trwa\u0142o\u015b\u0107, wodoodporno\u015b\u0107 i solidn\u0105 klas\u0119 ogniow\u0105 B-s1,d0 mo\u017cna u\u017cywa\u0107 [&hellip;]<\/p>\n","protected":false},"featured_media":77662,"template":"","meta":{"_acf_changed":false,"inline_featured_image":false,"footnotes":""},"product_brand":[],"product_cat":[422,419],"product_tag":[],"class_list":{"0":"post-27344","1":"product","2":"type-product","3":"status-publish","4":"has-post-thumbnail","6":"product_cat-klejnot","7":"product_cat-feltfon","8":"pa_acoustic-class-a","9":"pa_acoustic-class-b","10":"pa_acoustic-class-c","11":"pa_acoustic-class-d","13":"first","14":"instock","15":"shipping-taxable","16":"product-type-simple"},"acf":[],"yoast_head":"<!-- This site is optimized with the Yoast SEO plugin v25.4 - https:\/\/yoast.com\/wordpress\/plugins\/seo\/ -->\n<title>Feltfon Amethyst | D\u017awi\u0119koch\u0142onne \u015bciany i sufity od Gustafs Scandinavia<\/title>\n<meta name=\"description\" content=\"Dzi\u0119ki Gustafs Feltfon Linear mo\u017cesz stworzy\u0107 d\u017awi\u0119koch\u0142onne \u015bciany i sufity o mi\u0119kkim i ciep\u0142ym wyrazie. Projektuj dowolnie, zmieniaj\u0105c szeroko\u015b\u0107, g\u0142\u0119boko\u015b\u0107 i kolor filcowych \u017ceber.\" \/>\n<meta name=\"robots\" content=\"index, follow, max-snippet:-1, max-image-preview:large, max-video-preview:-1\" \/>\n<link rel=\"canonical\" href=\"https:\/\/gustafs.com\/pl\/produkt\/filcon-ametyst\/\" \/>\n<meta property=\"og:locale\" content=\"pl_PL\" \/>\n<meta property=\"og:type\" content=\"article\" \/>\n<meta property=\"og:title\" content=\"Feltfon Amethyst | D\u017awi\u0119koch\u0142onne \u015bciany i sufity od Gustafs Scandinavia\" \/>\n<meta property=\"og:description\" content=\"Dzi\u0119ki Gustafs Feltfon Linear mo\u017cesz stworzy\u0107 d\u017awi\u0119koch\u0142onne \u015bciany i sufity o mi\u0119kkim i ciep\u0142ym wyrazie. Projektuj dowolnie, zmieniaj\u0105c szeroko\u015b\u0107, g\u0142\u0119boko\u015b\u0107 i kolor filcowych \u017ceber.\" \/>\n<meta property=\"og:url\" content=\"https:\/\/gustafs.com\/pl\/produkt\/filcon-ametyst\/\" \/>\n<meta property=\"og:site_name\" content=\"Gustafs Scandinavia\" \/>\n<meta property=\"article:modified_time\" content=\"2025-10-01T09:37:54+00:00\" \/>\n<meta property=\"og:image\" content=\"https:\/\/gustafs.com\/wp-content\/uploads\/2023\/11\/gustafs-december-miljoer-paneler-6-of-84-2-kopiera.jpg\" \/>\n\t<meta property=\"og:image:width\" content=\"1030\" \/>\n\t<meta property=\"og:image:height\" content=\"1290\" \/>\n\t<meta property=\"og:image:type\" content=\"image\/jpeg\" \/>\n<meta name=\"twitter:card\" content=\"summary_large_image\" \/>\n<meta name=\"twitter:label1\" content=\"Szacowany czas czytania\" \/>\n\t<meta name=\"twitter:data1\" content=\"1 minuta\" \/>\n<script type=\"application\/ld+json\" class=\"yoast-schema-graph\">{\"@context\":\"https:\/\/schema.org\",\"@graph\":[{\"@type\":\"WebPage\",\"@id\":\"https:\/\/gustafs.com\/pl\/produkt\/filcon-ametyst\/\",\"url\":\"https:\/\/gustafs.com\/pl\/produkt\/filcon-ametyst\/\",\"name\":\"Feltfon Amethyst | D\u017awi\u0119koch\u0142onne \u015bciany i sufity od Gustafs Scandinavia\",\"isPartOf\":{\"@id\":\"https:\/\/gustafs.com\/pl\/#website\"},\"primaryImageOfPage\":{\"@id\":\"https:\/\/gustafs.com\/pl\/produkt\/filcon-ametyst\/#primaryimage\"},\"image\":{\"@id\":\"https:\/\/gustafs.com\/pl\/produkt\/filcon-ametyst\/#primaryimage\"},\"thumbnailUrl\":\"https:\/\/gustafs.com\/wp-content\/uploads\/2023\/11\/gustafs-amethyst.jpg\",\"datePublished\":\"2025-05-05T18:09:26+00:00\",\"dateModified\":\"2025-10-01T09:37:54+00:00\",\"description\":\"Dzi\u0119ki Gustafs Feltfon Linear mo\u017cesz stworzy\u0107 d\u017awi\u0119koch\u0142onne \u015bciany i sufity o mi\u0119kkim i ciep\u0142ym wyrazie. Projektuj dowolnie, zmieniaj\u0105c szeroko\u015b\u0107, g\u0142\u0119boko\u015b\u0107 i kolor filcowych \u017ceber.\",\"breadcrumb\":{\"@id\":\"https:\/\/gustafs.com\/pl\/produkt\/filcon-ametyst\/#breadcrumb\"},\"inLanguage\":\"pl-PL\",\"potentialAction\":[{\"@type\":\"ReadAction\",\"target\":[\"https:\/\/gustafs.com\/pl\/produkt\/filcon-ametyst\/\"]}]},{\"@type\":\"ImageObject\",\"inLanguage\":\"pl-PL\",\"@id\":\"https:\/\/gustafs.com\/pl\/produkt\/filcon-ametyst\/#primaryimage\",\"url\":\"https:\/\/gustafs.com\/wp-content\/uploads\/2023\/11\/gustafs-amethyst.jpg\",\"contentUrl\":\"https:\/\/gustafs.com\/wp-content\/uploads\/2023\/11\/gustafs-amethyst.jpg\",\"width\":1030,\"height\":1290},{\"@type\":\"BreadcrumbList\",\"@id\":\"https:\/\/gustafs.com\/pl\/produkt\/filcon-ametyst\/#breadcrumb\",\"itemListElement\":[{\"@type\":\"ListItem\",\"position\":1,\"name\":\"Gustafs\",\"item\":\"https:\/\/gustafs.com\/pl\/\"},{\"@type\":\"ListItem\",\"position\":2,\"name\":\"Produkty\",\"item\":\"https:\/\/gustafs.com\/pl\/produktow\/\"},{\"@type\":\"ListItem\",\"position\":3,\"name\":\"Ok\u0142adziny filcowe Feltfon\",\"item\":\"https:\/\/gustafs.com\/pl\/kategoria-produktu\/feltfon\/\"},{\"@type\":\"ListItem\",\"position\":4,\"name\":\"Feltfon Amethyst\"}]},{\"@type\":\"WebSite\",\"@id\":\"https:\/\/gustafs.com\/pl\/#website\",\"url\":\"https:\/\/gustafs.com\/pl\/\",\"name\":\"Gustafs Scandinavia\",\"description\":\"Exclusive Wooden Panels And Acoustic Panels\",\"potentialAction\":[{\"@type\":\"SearchAction\",\"target\":{\"@type\":\"EntryPoint\",\"urlTemplate\":\"https:\/\/gustafs.com\/pl\/?s={search_term_string}\"},\"query-input\":{\"@type\":\"PropertyValueSpecification\",\"valueRequired\":true,\"valueName\":\"search_term_string\"}}],\"inLanguage\":\"pl-PL\"}]}<\/script>\n<!-- \/ Yoast SEO plugin. -->","yoast_head_json":{"title":"Feltfon Amethyst | D\u017awi\u0119koch\u0142onne \u015bciany i sufity od Gustafs Scandinavia","description":"Dzi\u0119ki Gustafs Feltfon Linear mo\u017cesz stworzy\u0107 d\u017awi\u0119koch\u0142onne \u015bciany i sufity o mi\u0119kkim i ciep\u0142ym wyrazie. Projektuj dowolnie, zmieniaj\u0105c szeroko\u015b\u0107, g\u0142\u0119boko\u015b\u0107 i kolor filcowych \u017ceber.","robots":{"index":"index","follow":"follow","max-snippet":"max-snippet:-1","max-image-preview":"max-image-preview:large","max-video-preview":"max-video-preview:-1"},"canonical":"https:\/\/gustafs.com\/pl\/produkt\/filcon-ametyst\/","og_locale":"pl_PL","og_type":"article","og_title":"Feltfon Amethyst | D\u017awi\u0119koch\u0142onne \u015bciany i sufity od Gustafs Scandinavia","og_description":"Dzi\u0119ki Gustafs Feltfon Linear mo\u017cesz stworzy\u0107 d\u017awi\u0119koch\u0142onne \u015bciany i sufity o mi\u0119kkim i ciep\u0142ym wyrazie. Projektuj dowolnie, zmieniaj\u0105c szeroko\u015b\u0107, g\u0142\u0119boko\u015b\u0107 i kolor filcowych \u017ceber.","og_url":"https:\/\/gustafs.com\/pl\/produkt\/filcon-ametyst\/","og_site_name":"Gustafs Scandinavia","article_modified_time":"2025-10-01T09:37:54+00:00","og_image":[{"width":1030,"height":1290,"url":"https:\/\/gustafs.com\/wp-content\/uploads\/2023\/11\/gustafs-december-miljoer-paneler-6-of-84-2-kopiera.jpg","type":"image\/jpeg"}],"twitter_card":"summary_large_image","twitter_misc":{"Szacowany czas czytania":"1 minuta"},"schema":{"@context":"https:\/\/schema.org","@graph":[{"@type":"WebPage","@id":"https:\/\/gustafs.com\/pl\/produkt\/filcon-ametyst\/","url":"https:\/\/gustafs.com\/pl\/produkt\/filcon-ametyst\/","name":"Feltfon Amethyst | D\u017awi\u0119koch\u0142onne \u015bciany i sufity od Gustafs Scandinavia","isPartOf":{"@id":"https:\/\/gustafs.com\/pl\/#website"},"primaryImageOfPage":{"@id":"https:\/\/gustafs.com\/pl\/produkt\/filcon-ametyst\/#primaryimage"},"image":{"@id":"https:\/\/gustafs.com\/pl\/produkt\/filcon-ametyst\/#primaryimage"},"thumbnailUrl":"https:\/\/gustafs.com\/wp-content\/uploads\/2023\/11\/gustafs-amethyst.jpg","datePublished":"2025-05-05T18:09:26+00:00","dateModified":"2025-10-01T09:37:54+00:00","description":"Dzi\u0119ki Gustafs Feltfon Linear mo\u017cesz stworzy\u0107 d\u017awi\u0119koch\u0142onne \u015bciany i sufity o mi\u0119kkim i ciep\u0142ym wyrazie. Projektuj dowolnie, zmieniaj\u0105c szeroko\u015b\u0107, g\u0142\u0119boko\u015b\u0107 i kolor filcowych \u017ceber.","breadcrumb":{"@id":"https:\/\/gustafs.com\/pl\/produkt\/filcon-ametyst\/#breadcrumb"},"inLanguage":"pl-PL","potentialAction":[{"@type":"ReadAction","target":["https:\/\/gustafs.com\/pl\/produkt\/filcon-ametyst\/"]}]},{"@type":"ImageObject","inLanguage":"pl-PL","@id":"https:\/\/gustafs.com\/pl\/produkt\/filcon-ametyst\/#primaryimage","url":"https:\/\/gustafs.com\/wp-content\/uploads\/2023\/11\/gustafs-amethyst.jpg","contentUrl":"https:\/\/gustafs.com\/wp-content\/uploads\/2023\/11\/gustafs-amethyst.jpg","width":1030,"height":1290},{"@type":"BreadcrumbList","@id":"https:\/\/gustafs.com\/pl\/produkt\/filcon-ametyst\/#breadcrumb","itemListElement":[{"@type":"ListItem","position":1,"name":"Gustafs","item":"https:\/\/gustafs.com\/pl\/"},{"@type":"ListItem","position":2,"name":"Produkty","item":"https:\/\/gustafs.com\/pl\/produktow\/"},{"@type":"ListItem","position":3,"name":"Ok\u0142adziny filcowe Feltfon","item":"https:\/\/gustafs.com\/pl\/kategoria-produktu\/feltfon\/"},{"@type":"ListItem","position":4,"name":"Feltfon Amethyst"}]},{"@type":"WebSite","@id":"https:\/\/gustafs.com\/pl\/#website","url":"https:\/\/gustafs.com\/pl\/","name":"Gustafs Scandinavia","description":"Exclusive Wooden Panels And Acoustic Panels","potentialAction":[{"@type":"SearchAction","target":{"@type":"EntryPoint","urlTemplate":"https:\/\/gustafs.com\/pl\/?s={search_term_string}"},"query-input":{"@type":"PropertyValueSpecification","valueRequired":true,"valueName":"search_term_string"}}],"inLanguage":"pl-PL"}]}},"_links":{"self":[{"href":"https:\/\/gustafs.com\/pl\/wp-json\/wp\/v2\/product\/27344","targetHints":{"allow":["GET"]}}],"collection":[{"href":"https:\/\/gustafs.com\/pl\/wp-json\/wp\/v2\/product"}],"about":[{"href":"https:\/\/gustafs.com\/pl\/wp-json\/wp\/v2\/types\/product"}],"version-history":[{"count":11,"href":"https:\/\/gustafs.com\/pl\/wp-json\/wp\/v2\/product\/27344\/revisions"}],"predecessor-version":[{"id":34841,"href":"https:\/\/gustafs.com\/pl\/wp-json\/wp\/v2\/product\/27344\/revisions\/34841"}],"wp:featuredmedia":[{"embeddable":true,"href":"https:\/\/gustafs.com\/pl\/wp-json\/wp\/v2\/media\/77662"}],"wp:attachment":[{"href":"https:\/\/gustafs.com\/pl\/wp-json\/wp\/v2\/media?parent=27344"}],"wp:term":[{"taxonomy":"product_brand","embeddable":true,"href":"https:\/\/gustafs.com\/pl\/wp-json\/wp\/v2\/product_brand?post=27344"},{"taxonomy":"product_cat","embeddable":true,"href":"https:\/\/gustafs.com\/pl\/wp-json\/wp\/v2\/product_cat?post=27344"},{"taxonomy":"product_tag","embeddable":true,"href":"https:\/\/gustafs.com\/pl\/wp-json\/wp\/v2\/product_tag?post=27344"}],"curies":[{"name":"wp","href":"https:\/\/api.w.org\/{rel}","templated":true}]}}