{"id":27221,"date":"2023-07-06T12:30:13","date_gmt":"2025-05-05T18:09:03","guid":{"rendered":"https:\/\/gustafs.com\/product\/warstwy-filcu\/"},"modified":"2025-10-01T14:55:29","modified_gmt":"2025-10-01T12:55:29","slug":"feltfon-layers","status":"publish","type":"product","link":"https:\/\/gustafs.com\/pl\/produkt\/feltfon-layers\/","title":{"rendered":"Feltfon Layers"},"content":{"rendered":"<p>Sztuka redukuj\u0105ca ha\u0142as do \u015bcian i sufit\u00f3w d\u017awi\u0119koch\u0142onnych<\/p>\n<p>Dzi\u0119ki warstwom Feltfon\u00a9 mo\u017cna poczu\u0107 swobod\u0119 tworzenia zapieraj\u0105cych dech w piersiach warstwowych grafik akustycznych tworz\u0105cych urzekaj\u0105c\u0105, warstwow\u0105 sztuk\u0119 akustyczn\u0105, \u0142\u0105cz\u0105c\u0105 proste i zakrzywione linie w nak\u0142adaj\u0105ce si\u0119 na siebie wzory w wybranych kolorach filcu. Indywidualna wizja jest mo\u017cliwa dzi\u0119ki szerokiej gamie opcji. Feltfon\u00a9 Layers jest ognioodporny bez konieczno\u015bci impregnacji, stawiaj\u0105c na pierwszym miejscu bezpiecze\u0144stwo bez uszczerbku dla stylu. System monta\u017cu Capax Quick-Up zapewnia \u0142atwo\u015b\u0107, trwa\u0142o\u015b\u0107 i mo\u017cliwo\u015b\u0107 demonta\u017cu. Gustafs Feltfon\u00a9 jest wodoodporny, do u\u017cytku w spa, halach z basenami i w innych podobnych obiektach.<\/p>\n","protected":false},"excerpt":{"rendered":"<p>Sztuka redukuj\u0105ca ha\u0142as do \u015bcian i sufit\u00f3w d\u017awi\u0119koch\u0142onnych Dzi\u0119ki warstwom Feltfon\u00a9 mo\u017cna poczu\u0107 swobod\u0119 tworzenia zapieraj\u0105cych dech w piersiach warstwowych grafik akustycznych tworz\u0105cych urzekaj\u0105c\u0105, warstwow\u0105 sztuk\u0119 akustyczn\u0105, \u0142\u0105cz\u0105c\u0105 proste i zakrzywione linie w nak\u0142adaj\u0105ce si\u0119 na siebie wzory w wybranych kolorach filcu. Indywidualna wizja jest mo\u017cliwa dzi\u0119ki szerokiej gamie opcji. Feltfon\u00a9 Layers jest ognioodporny bez [&hellip;]<\/p>\n","protected":false},"featured_media":27223,"template":"","meta":{"_acf_changed":false,"inline_featured_image":false,"footnotes":""},"product_brand":[],"product_cat":[419,420],"product_tag":[],"class_list":{"0":"post-27221","1":"product","2":"type-product","3":"status-publish","4":"has-post-thumbnail","6":"product_cat-feltfon","7":"product_cat-wektor","8":"pa_acoustic-class-a","9":"pa_acoustic-class-b","10":"pa_acoustic-class-c","11":"pa_acoustic-class-d","13":"first","14":"instock","15":"shipping-taxable","16":"product-type-simple"},"acf":[],"yoast_head":"<!-- This site is optimized with the Yoast SEO plugin v25.4 - https:\/\/yoast.com\/wordpress\/plugins\/seo\/ -->\n<title>Feltfon Layers | Gustafs Scandinavia<\/title>\n<meta name=\"robots\" content=\"index, follow, max-snippet:-1, max-image-preview:large, max-video-preview:-1\" \/>\n<link rel=\"canonical\" href=\"https:\/\/gustafs.com\/pl\/produkt\/feltfon-layers\/\" \/>\n<meta property=\"og:locale\" content=\"pl_PL\" \/>\n<meta property=\"og:type\" content=\"article\" \/>\n<meta property=\"og:title\" content=\"Feltfon Layers | Gustafs Scandinavia\" \/>\n<meta property=\"og:description\" content=\"Sztuka redukuj\u0105ca ha\u0142as do \u015bcian i sufit\u00f3w d\u017awi\u0119koch\u0142onnych Dzi\u0119ki warstwom Feltfon\u00a9 mo\u017cna poczu\u0107 swobod\u0119 tworzenia zapieraj\u0105cych dech w piersiach warstwowych grafik akustycznych tworz\u0105cych urzekaj\u0105c\u0105, warstwow\u0105 sztuk\u0119 akustyczn\u0105, \u0142\u0105cz\u0105c\u0105 proste i zakrzywione linie w nak\u0142adaj\u0105ce si\u0119 na siebie wzory w wybranych kolorach filcu. Indywidualna wizja jest mo\u017cliwa dzi\u0119ki szerokiej gamie opcji. Feltfon\u00a9 Layers jest ognioodporny bez [&hellip;]\" \/>\n<meta property=\"og:url\" content=\"https:\/\/gustafs.com\/pl\/produkt\/feltfon-layers\/\" \/>\n<meta property=\"og:site_name\" content=\"Gustafs Scandinavia\" \/>\n<meta property=\"article:modified_time\" content=\"2025-10-01T12:55:29+00:00\" \/>\n<meta property=\"og:image\" content=\"https:\/\/gustafs.com\/wp-content\/uploads\/2023\/07\/heart-feltfon-layers.jpg\" \/>\n\t<meta property=\"og:image:width\" content=\"1999\" \/>\n\t<meta property=\"og:image:height\" content=\"2504\" \/>\n\t<meta property=\"og:image:type\" content=\"image\/jpeg\" \/>\n<meta name=\"twitter:card\" content=\"summary_large_image\" \/>\n<meta name=\"twitter:label1\" content=\"Szacowany czas czytania\" \/>\n\t<meta name=\"twitter:data1\" content=\"1 minuta\" \/>\n<script type=\"application\/ld+json\" class=\"yoast-schema-graph\">{\"@context\":\"https:\/\/schema.org\",\"@graph\":[{\"@type\":\"WebPage\",\"@id\":\"https:\/\/gustafs.com\/pl\/produkt\/feltfon-layers\/\",\"url\":\"https:\/\/gustafs.com\/pl\/produkt\/feltfon-layers\/\",\"name\":\"Feltfon Layers | Gustafs Scandinavia\",\"isPartOf\":{\"@id\":\"https:\/\/gustafs.com\/pl\/#website\"},\"primaryImageOfPage\":{\"@id\":\"https:\/\/gustafs.com\/pl\/produkt\/feltfon-layers\/#primaryimage\"},\"image\":{\"@id\":\"https:\/\/gustafs.com\/pl\/produkt\/feltfon-layers\/#primaryimage\"},\"thumbnailUrl\":\"https:\/\/gustafs.com\/wp-content\/uploads\/2023\/07\/heart-feltfon-layers.jpg\",\"datePublished\":\"2025-05-05T18:09:03+00:00\",\"dateModified\":\"2025-10-01T12:55:29+00:00\",\"breadcrumb\":{\"@id\":\"https:\/\/gustafs.com\/pl\/produkt\/feltfon-layers\/#breadcrumb\"},\"inLanguage\":\"pl-PL\",\"potentialAction\":[{\"@type\":\"ReadAction\",\"target\":[\"https:\/\/gustafs.com\/pl\/produkt\/feltfon-layers\/\"]}]},{\"@type\":\"ImageObject\",\"inLanguage\":\"pl-PL\",\"@id\":\"https:\/\/gustafs.com\/pl\/produkt\/feltfon-layers\/#primaryimage\",\"url\":\"https:\/\/gustafs.com\/wp-content\/uploads\/2023\/07\/heart-feltfon-layers.jpg\",\"contentUrl\":\"https:\/\/gustafs.com\/wp-content\/uploads\/2023\/07\/heart-feltfon-layers.jpg\",\"width\":1999,\"height\":2504},{\"@type\":\"BreadcrumbList\",\"@id\":\"https:\/\/gustafs.com\/pl\/produkt\/feltfon-layers\/#breadcrumb\",\"itemListElement\":[{\"@type\":\"ListItem\",\"position\":1,\"name\":\"Gustafs\",\"item\":\"https:\/\/gustafs.com\/pl\/\"},{\"@type\":\"ListItem\",\"position\":2,\"name\":\"Produkty\",\"item\":\"https:\/\/gustafs.com\/pl\/produktow\/\"},{\"@type\":\"ListItem\",\"position\":3,\"name\":\"Ok\u0142adziny filcowe Feltfon\",\"item\":\"https:\/\/gustafs.com\/pl\/kategoria-produktu\/feltfon\/\"},{\"@type\":\"ListItem\",\"position\":4,\"name\":\"Feltfon Layers\"}]},{\"@type\":\"WebSite\",\"@id\":\"https:\/\/gustafs.com\/pl\/#website\",\"url\":\"https:\/\/gustafs.com\/pl\/\",\"name\":\"Gustafs Scandinavia\",\"description\":\"Exclusive Wooden Panels And Acoustic Panels\",\"potentialAction\":[{\"@type\":\"SearchAction\",\"target\":{\"@type\":\"EntryPoint\",\"urlTemplate\":\"https:\/\/gustafs.com\/pl\/?s={search_term_string}\"},\"query-input\":{\"@type\":\"PropertyValueSpecification\",\"valueRequired\":true,\"valueName\":\"search_term_string\"}}],\"inLanguage\":\"pl-PL\"}]}<\/script>\n<!-- \/ Yoast SEO plugin. -->","yoast_head_json":{"title":"Feltfon Layers | Gustafs Scandinavia","robots":{"index":"index","follow":"follow","max-snippet":"max-snippet:-1","max-image-preview":"max-image-preview:large","max-video-preview":"max-video-preview:-1"},"canonical":"https:\/\/gustafs.com\/pl\/produkt\/feltfon-layers\/","og_locale":"pl_PL","og_type":"article","og_title":"Feltfon Layers | Gustafs Scandinavia","og_description":"Sztuka redukuj\u0105ca ha\u0142as do \u015bcian i sufit\u00f3w d\u017awi\u0119koch\u0142onnych Dzi\u0119ki warstwom Feltfon\u00a9 mo\u017cna poczu\u0107 swobod\u0119 tworzenia zapieraj\u0105cych dech w piersiach warstwowych grafik akustycznych tworz\u0105cych urzekaj\u0105c\u0105, warstwow\u0105 sztuk\u0119 akustyczn\u0105, \u0142\u0105cz\u0105c\u0105 proste i zakrzywione linie w nak\u0142adaj\u0105ce si\u0119 na siebie wzory w wybranych kolorach filcu. Indywidualna wizja jest mo\u017cliwa dzi\u0119ki szerokiej gamie opcji. Feltfon\u00a9 Layers jest ognioodporny bez [&hellip;]","og_url":"https:\/\/gustafs.com\/pl\/produkt\/feltfon-layers\/","og_site_name":"Gustafs Scandinavia","article_modified_time":"2025-10-01T12:55:29+00:00","og_image":[{"width":1999,"height":2504,"url":"https:\/\/gustafs.com\/wp-content\/uploads\/2023\/07\/heart-feltfon-layers.jpg","type":"image\/jpeg"}],"twitter_card":"summary_large_image","twitter_misc":{"Szacowany czas czytania":"1 minuta"},"schema":{"@context":"https:\/\/schema.org","@graph":[{"@type":"WebPage","@id":"https:\/\/gustafs.com\/pl\/produkt\/feltfon-layers\/","url":"https:\/\/gustafs.com\/pl\/produkt\/feltfon-layers\/","name":"Feltfon Layers | Gustafs Scandinavia","isPartOf":{"@id":"https:\/\/gustafs.com\/pl\/#website"},"primaryImageOfPage":{"@id":"https:\/\/gustafs.com\/pl\/produkt\/feltfon-layers\/#primaryimage"},"image":{"@id":"https:\/\/gustafs.com\/pl\/produkt\/feltfon-layers\/#primaryimage"},"thumbnailUrl":"https:\/\/gustafs.com\/wp-content\/uploads\/2023\/07\/heart-feltfon-layers.jpg","datePublished":"2025-05-05T18:09:03+00:00","dateModified":"2025-10-01T12:55:29+00:00","breadcrumb":{"@id":"https:\/\/gustafs.com\/pl\/produkt\/feltfon-layers\/#breadcrumb"},"inLanguage":"pl-PL","potentialAction":[{"@type":"ReadAction","target":["https:\/\/gustafs.com\/pl\/produkt\/feltfon-layers\/"]}]},{"@type":"ImageObject","inLanguage":"pl-PL","@id":"https:\/\/gustafs.com\/pl\/produkt\/feltfon-layers\/#primaryimage","url":"https:\/\/gustafs.com\/wp-content\/uploads\/2023\/07\/heart-feltfon-layers.jpg","contentUrl":"https:\/\/gustafs.com\/wp-content\/uploads\/2023\/07\/heart-feltfon-layers.jpg","width":1999,"height":2504},{"@type":"BreadcrumbList","@id":"https:\/\/gustafs.com\/pl\/produkt\/feltfon-layers\/#breadcrumb","itemListElement":[{"@type":"ListItem","position":1,"name":"Gustafs","item":"https:\/\/gustafs.com\/pl\/"},{"@type":"ListItem","position":2,"name":"Produkty","item":"https:\/\/gustafs.com\/pl\/produktow\/"},{"@type":"ListItem","position":3,"name":"Ok\u0142adziny filcowe Feltfon","item":"https:\/\/gustafs.com\/pl\/kategoria-produktu\/feltfon\/"},{"@type":"ListItem","position":4,"name":"Feltfon Layers"}]},{"@type":"WebSite","@id":"https:\/\/gustafs.com\/pl\/#website","url":"https:\/\/gustafs.com\/pl\/","name":"Gustafs Scandinavia","description":"Exclusive Wooden Panels And Acoustic Panels","potentialAction":[{"@type":"SearchAction","target":{"@type":"EntryPoint","urlTemplate":"https:\/\/gustafs.com\/pl\/?s={search_term_string}"},"query-input":{"@type":"PropertyValueSpecification","valueRequired":true,"valueName":"search_term_string"}}],"inLanguage":"pl-PL"}]}},"_links":{"self":[{"href":"https:\/\/gustafs.com\/pl\/wp-json\/wp\/v2\/product\/27221","targetHints":{"allow":["GET"]}}],"collection":[{"href":"https:\/\/gustafs.com\/pl\/wp-json\/wp\/v2\/product"}],"about":[{"href":"https:\/\/gustafs.com\/pl\/wp-json\/wp\/v2\/types\/product"}],"version-history":[{"count":16,"href":"https:\/\/gustafs.com\/pl\/wp-json\/wp\/v2\/product\/27221\/revisions"}],"predecessor-version":[{"id":34873,"href":"https:\/\/gustafs.com\/pl\/wp-json\/wp\/v2\/product\/27221\/revisions\/34873"}],"wp:featuredmedia":[{"embeddable":true,"href":"https:\/\/gustafs.com\/pl\/wp-json\/wp\/v2\/media\/27223"}],"wp:attachment":[{"href":"https:\/\/gustafs.com\/pl\/wp-json\/wp\/v2\/media?parent=27221"}],"wp:term":[{"taxonomy":"product_brand","embeddable":true,"href":"https:\/\/gustafs.com\/pl\/wp-json\/wp\/v2\/product_brand?post=27221"},{"taxonomy":"product_cat","embeddable":true,"href":"https:\/\/gustafs.com\/pl\/wp-json\/wp\/v2\/product_cat?post=27221"},{"taxonomy":"product_tag","embeddable":true,"href":"https:\/\/gustafs.com\/pl\/wp-json\/wp\/v2\/product_tag?post=27221"}],"curies":[{"name":"wp","href":"https:\/\/api.w.org\/{rel}","templated":true}]}}