{"id":27197,"date":"2023-06-27T12:03:07","date_gmt":"2025-05-05T18:08:57","guid":{"rendered":"https:\/\/gustafs.com\/product\/panel-akustyczny-figura\/"},"modified":"2025-09-26T20:50:28","modified_gmt":"2025-09-26T18:50:28","slug":"panel-akustyczny-figura","status":"publish","type":"product","link":"https:\/\/gustafs.com\/pl\/produkt\/panel-akustyczny-figura\/","title":{"rendered":"Panel akustyczny Figura+"},"content":{"rendered":"<p style=\"letter-spacing: 1px;\">AKUSTYCZNE PANELE ARTYSTYCZNE NA \u015aCIANY<\/p>\n<p>Bezpiecze\u0144stwo i elegancja w jednym. Panele akustyczne Figura+ mog\u0105 poszczyci\u0107 si\u0119 doskona\u0142\u0105 klas\u0105 odporno\u015bci ogniowej B-s1,d0 zapewniaj\u0105c bezpiecze\u0144stwo w ka\u017cdej przestrzeni publicznej. Wykonane z najwy\u017cszej jako\u015bci fornir\u00f3w drewnianych, panele te dodaj\u0105 odrobin\u0119 wyrafinowania i naturalnego pi\u0119kna ka\u017cdej przestrzeni. Czerpi\u0105c inspiracj\u0119 z bogactwa form natury, Figura+ oferuje cztery urzekaj\u0105ce wzory; b\u0105belki, plusk, kamyki i w\u0105\u017c. Panele akustyczne Figura+ s\u0105 gotowe do u\u017cycia z solidnym podk\u0142adem z filcu akustycznego o grubo\u015bci 9 mm wykonanym z PET co odzwierciedla nasze zaanga\u017cowanie w zr\u00f3wnowa\u017cone praktyki. Dzi\u0119ki nieograniczonej gamie fornir\u00f3w z prawdziwego drewna i wielu standardowym kolorom filcu, panele te pozwalaj\u0105 projektantom dopasowa\u0107 estetyk\u0119 do ka\u017cdej przestrzeni, przyczyniaj\u0105c si\u0119 jednocze\u015bnie do bardziej ekologicznej przysz\u0142o\u015bci.<\/p>\n","protected":false},"excerpt":{"rendered":"<p>AKUSTYCZNE PANELE ARTYSTYCZNE NA \u015aCIANY Bezpiecze\u0144stwo i elegancja w jednym. Panele akustyczne Figura+ mog\u0105 poszczyci\u0107 si\u0119 doskona\u0142\u0105 klas\u0105 odporno\u015bci ogniowej B-s1,d0 zapewniaj\u0105c bezpiecze\u0144stwo w ka\u017cdej przestrzeni publicznej. Wykonane z najwy\u017cszej jako\u015bci fornir\u00f3w drewnianych, panele te dodaj\u0105 odrobin\u0119 wyrafinowania i naturalnego pi\u0119kna ka\u017cdej przestrzeni. Czerpi\u0105c inspiracj\u0119 z bogactwa form natury, Figura+ oferuje cztery urzekaj\u0105ce wzory; b\u0105belki, [&hellip;]<\/p>\n","protected":false},"featured_media":27200,"template":"","meta":{"_acf_changed":false,"inline_featured_image":false,"footnotes":""},"product_brand":[],"product_cat":[417],"product_tag":[],"class_list":{"0":"post-27197","1":"product","2":"type-product","3":"status-publish","4":"has-post-thumbnail","6":"product_cat-system-paneli","7":"pa_acoustic-class-a","8":"pa_acoustic-class-b","9":"pa_acoustic-class-c","11":"first","12":"instock","13":"shipping-taxable","14":"product-type-simple"},"acf":[],"yoast_head":"<!-- This site is optimized with the Yoast SEO plugin v25.4 - https:\/\/yoast.com\/wordpress\/plugins\/seo\/ -->\n<title>Gustafs Figura+ | Gustafs Scandinavia<\/title>\n<meta name=\"description\" content=\"Drewniane panele architektoniczne Gustafs do \u015bcian i sufit\u00f3w nadaj\u0105 wn\u0119trzu ekskluzywny charakter i najlepsz\u0105 mo\u017cliw\u0105 ochron\u0119 przeciwpo\u017carow\u0105.\" \/>\n<meta name=\"robots\" content=\"index, follow, max-snippet:-1, max-image-preview:large, max-video-preview:-1\" \/>\n<link rel=\"canonical\" href=\"https:\/\/gustafs.com\/pl\/produkt\/panel-akustyczny-figura\/\" \/>\n<meta property=\"og:locale\" content=\"pl_PL\" \/>\n<meta property=\"og:type\" content=\"article\" \/>\n<meta property=\"og:title\" content=\"Gustafs Figura+ | Gustafs Scandinavia\" \/>\n<meta property=\"og:description\" content=\"Drewniane panele architektoniczne Gustafs do \u015bcian i sufit\u00f3w nadaj\u0105 wn\u0119trzu ekskluzywny charakter i najlepsz\u0105 mo\u017cliw\u0105 ochron\u0119 przeciwpo\u017carow\u0105.\" \/>\n<meta property=\"og:url\" content=\"https:\/\/gustafs.com\/pl\/produkt\/panel-akustyczny-figura\/\" \/>\n<meta property=\"og:site_name\" content=\"Gustafs Scandinavia\" \/>\n<meta property=\"article:modified_time\" content=\"2025-09-26T18:50:28+00:00\" \/>\n<meta property=\"og:image\" content=\"https:\/\/gustafs.com\/wp-content\/uploads\/2023\/06\/figurabubbles-2b-kopieraweb-scaled.jpg\" \/>\n\t<meta property=\"og:image:width\" content=\"2044\" \/>\n\t<meta property=\"og:image:height\" content=\"2560\" \/>\n\t<meta property=\"og:image:type\" content=\"image\/jpeg\" \/>\n<meta name=\"twitter:card\" content=\"summary_large_image\" \/>\n<meta name=\"twitter:label1\" content=\"Szacowany czas czytania\" \/>\n\t<meta name=\"twitter:data1\" content=\"1 minuta\" \/>\n<script type=\"application\/ld+json\" class=\"yoast-schema-graph\">{\"@context\":\"https:\/\/schema.org\",\"@graph\":[{\"@type\":\"WebPage\",\"@id\":\"https:\/\/gustafs.com\/pl\/produkt\/panel-akustyczny-figura\/\",\"url\":\"https:\/\/gustafs.com\/pl\/produkt\/panel-akustyczny-figura\/\",\"name\":\"Gustafs Figura+ | Gustafs Scandinavia\",\"isPartOf\":{\"@id\":\"https:\/\/gustafs.com\/pl\/#website\"},\"primaryImageOfPage\":{\"@id\":\"https:\/\/gustafs.com\/pl\/produkt\/panel-akustyczny-figura\/#primaryimage\"},\"image\":{\"@id\":\"https:\/\/gustafs.com\/pl\/produkt\/panel-akustyczny-figura\/#primaryimage\"},\"thumbnailUrl\":\"https:\/\/gustafs.com\/wp-content\/uploads\/2023\/06\/figurabubbles-2b-kopieraweb-scaled.jpg\",\"datePublished\":\"2025-05-05T18:08:57+00:00\",\"dateModified\":\"2025-09-26T18:50:28+00:00\",\"description\":\"Drewniane panele architektoniczne Gustafs do \u015bcian i sufit\u00f3w nadaj\u0105 wn\u0119trzu ekskluzywny charakter i najlepsz\u0105 mo\u017cliw\u0105 ochron\u0119 przeciwpo\u017carow\u0105.\",\"breadcrumb\":{\"@id\":\"https:\/\/gustafs.com\/pl\/produkt\/panel-akustyczny-figura\/#breadcrumb\"},\"inLanguage\":\"pl-PL\",\"potentialAction\":[{\"@type\":\"ReadAction\",\"target\":[\"https:\/\/gustafs.com\/pl\/produkt\/panel-akustyczny-figura\/\"]}]},{\"@type\":\"ImageObject\",\"inLanguage\":\"pl-PL\",\"@id\":\"https:\/\/gustafs.com\/pl\/produkt\/panel-akustyczny-figura\/#primaryimage\",\"url\":\"https:\/\/gustafs.com\/wp-content\/uploads\/2023\/06\/figurabubbles-2b-kopieraweb-scaled.jpg\",\"contentUrl\":\"https:\/\/gustafs.com\/wp-content\/uploads\/2023\/06\/figurabubbles-2b-kopieraweb-scaled.jpg\",\"width\":2044,\"height\":2560},{\"@type\":\"BreadcrumbList\",\"@id\":\"https:\/\/gustafs.com\/pl\/produkt\/panel-akustyczny-figura\/#breadcrumb\",\"itemListElement\":[{\"@type\":\"ListItem\",\"position\":1,\"name\":\"Gustafs\",\"item\":\"https:\/\/gustafs.com\/pl\/\"},{\"@type\":\"ListItem\",\"position\":2,\"name\":\"Produkty\",\"item\":\"https:\/\/gustafs.com\/pl\/produktow\/\"},{\"@type\":\"ListItem\",\"position\":3,\"name\":\"System paneli\",\"item\":\"https:\/\/gustafs.com\/pl\/kategoria-produktu\/system-paneli\/\"},{\"@type\":\"ListItem\",\"position\":4,\"name\":\"Panel akustyczny Figura+\"}]},{\"@type\":\"WebSite\",\"@id\":\"https:\/\/gustafs.com\/pl\/#website\",\"url\":\"https:\/\/gustafs.com\/pl\/\",\"name\":\"Gustafs Scandinavia\",\"description\":\"Exclusive Wooden Panels And Acoustic Panels\",\"potentialAction\":[{\"@type\":\"SearchAction\",\"target\":{\"@type\":\"EntryPoint\",\"urlTemplate\":\"https:\/\/gustafs.com\/pl\/?s={search_term_string}\"},\"query-input\":{\"@type\":\"PropertyValueSpecification\",\"valueRequired\":true,\"valueName\":\"search_term_string\"}}],\"inLanguage\":\"pl-PL\"}]}<\/script>\n<!-- \/ Yoast SEO plugin. -->","yoast_head_json":{"title":"Gustafs Figura+ | Gustafs Scandinavia","description":"Drewniane panele architektoniczne Gustafs do \u015bcian i sufit\u00f3w nadaj\u0105 wn\u0119trzu ekskluzywny charakter i najlepsz\u0105 mo\u017cliw\u0105 ochron\u0119 przeciwpo\u017carow\u0105.","robots":{"index":"index","follow":"follow","max-snippet":"max-snippet:-1","max-image-preview":"max-image-preview:large","max-video-preview":"max-video-preview:-1"},"canonical":"https:\/\/gustafs.com\/pl\/produkt\/panel-akustyczny-figura\/","og_locale":"pl_PL","og_type":"article","og_title":"Gustafs Figura+ | Gustafs Scandinavia","og_description":"Drewniane panele architektoniczne Gustafs do \u015bcian i sufit\u00f3w nadaj\u0105 wn\u0119trzu ekskluzywny charakter i najlepsz\u0105 mo\u017cliw\u0105 ochron\u0119 przeciwpo\u017carow\u0105.","og_url":"https:\/\/gustafs.com\/pl\/produkt\/panel-akustyczny-figura\/","og_site_name":"Gustafs Scandinavia","article_modified_time":"2025-09-26T18:50:28+00:00","og_image":[{"width":2044,"height":2560,"url":"https:\/\/gustafs.com\/wp-content\/uploads\/2023\/06\/figurabubbles-2b-kopieraweb-scaled.jpg","type":"image\/jpeg"}],"twitter_card":"summary_large_image","twitter_misc":{"Szacowany czas czytania":"1 minuta"},"schema":{"@context":"https:\/\/schema.org","@graph":[{"@type":"WebPage","@id":"https:\/\/gustafs.com\/pl\/produkt\/panel-akustyczny-figura\/","url":"https:\/\/gustafs.com\/pl\/produkt\/panel-akustyczny-figura\/","name":"Gustafs Figura+ | Gustafs Scandinavia","isPartOf":{"@id":"https:\/\/gustafs.com\/pl\/#website"},"primaryImageOfPage":{"@id":"https:\/\/gustafs.com\/pl\/produkt\/panel-akustyczny-figura\/#primaryimage"},"image":{"@id":"https:\/\/gustafs.com\/pl\/produkt\/panel-akustyczny-figura\/#primaryimage"},"thumbnailUrl":"https:\/\/gustafs.com\/wp-content\/uploads\/2023\/06\/figurabubbles-2b-kopieraweb-scaled.jpg","datePublished":"2025-05-05T18:08:57+00:00","dateModified":"2025-09-26T18:50:28+00:00","description":"Drewniane panele architektoniczne Gustafs do \u015bcian i sufit\u00f3w nadaj\u0105 wn\u0119trzu ekskluzywny charakter i najlepsz\u0105 mo\u017cliw\u0105 ochron\u0119 przeciwpo\u017carow\u0105.","breadcrumb":{"@id":"https:\/\/gustafs.com\/pl\/produkt\/panel-akustyczny-figura\/#breadcrumb"},"inLanguage":"pl-PL","potentialAction":[{"@type":"ReadAction","target":["https:\/\/gustafs.com\/pl\/produkt\/panel-akustyczny-figura\/"]}]},{"@type":"ImageObject","inLanguage":"pl-PL","@id":"https:\/\/gustafs.com\/pl\/produkt\/panel-akustyczny-figura\/#primaryimage","url":"https:\/\/gustafs.com\/wp-content\/uploads\/2023\/06\/figurabubbles-2b-kopieraweb-scaled.jpg","contentUrl":"https:\/\/gustafs.com\/wp-content\/uploads\/2023\/06\/figurabubbles-2b-kopieraweb-scaled.jpg","width":2044,"height":2560},{"@type":"BreadcrumbList","@id":"https:\/\/gustafs.com\/pl\/produkt\/panel-akustyczny-figura\/#breadcrumb","itemListElement":[{"@type":"ListItem","position":1,"name":"Gustafs","item":"https:\/\/gustafs.com\/pl\/"},{"@type":"ListItem","position":2,"name":"Produkty","item":"https:\/\/gustafs.com\/pl\/produktow\/"},{"@type":"ListItem","position":3,"name":"System paneli","item":"https:\/\/gustafs.com\/pl\/kategoria-produktu\/system-paneli\/"},{"@type":"ListItem","position":4,"name":"Panel akustyczny Figura+"}]},{"@type":"WebSite","@id":"https:\/\/gustafs.com\/pl\/#website","url":"https:\/\/gustafs.com\/pl\/","name":"Gustafs Scandinavia","description":"Exclusive Wooden Panels And Acoustic Panels","potentialAction":[{"@type":"SearchAction","target":{"@type":"EntryPoint","urlTemplate":"https:\/\/gustafs.com\/pl\/?s={search_term_string}"},"query-input":{"@type":"PropertyValueSpecification","valueRequired":true,"valueName":"search_term_string"}}],"inLanguage":"pl-PL"}]}},"_links":{"self":[{"href":"https:\/\/gustafs.com\/pl\/wp-json\/wp\/v2\/product\/27197","targetHints":{"allow":["GET"]}}],"collection":[{"href":"https:\/\/gustafs.com\/pl\/wp-json\/wp\/v2\/product"}],"about":[{"href":"https:\/\/gustafs.com\/pl\/wp-json\/wp\/v2\/types\/product"}],"version-history":[{"count":9,"href":"https:\/\/gustafs.com\/pl\/wp-json\/wp\/v2\/product\/27197\/revisions"}],"predecessor-version":[{"id":34523,"href":"https:\/\/gustafs.com\/pl\/wp-json\/wp\/v2\/product\/27197\/revisions\/34523"}],"wp:featuredmedia":[{"embeddable":true,"href":"https:\/\/gustafs.com\/pl\/wp-json\/wp\/v2\/media\/27200"}],"wp:attachment":[{"href":"https:\/\/gustafs.com\/pl\/wp-json\/wp\/v2\/media?parent=27197"}],"wp:term":[{"taxonomy":"product_brand","embeddable":true,"href":"https:\/\/gustafs.com\/pl\/wp-json\/wp\/v2\/product_brand?post=27197"},{"taxonomy":"product_cat","embeddable":true,"href":"https:\/\/gustafs.com\/pl\/wp-json\/wp\/v2\/product_cat?post=27197"},{"taxonomy":"product_tag","embeddable":true,"href":"https:\/\/gustafs.com\/pl\/wp-json\/wp\/v2\/product_tag?post=27197"}],"curies":[{"name":"wp","href":"https:\/\/api.w.org\/{rel}","templated":true}]}}