{"id":27988,"date":"2025-05-05T20:39:46","date_gmt":"2025-05-05T18:39:46","guid":{"rendered":"https:\/\/gustafs.com\/nasz-proces\/"},"modified":"2025-05-05T20:39:48","modified_gmt":"2025-05-05T18:39:48","slug":"nasz-proces","status":"publish","type":"page","link":"https:\/\/gustafs.com\/pl\/nasz-proces\/","title":{"rendered":"Nasz proces"},"content":{"rendered":"\r\n<section class=\"large-media\">\r\n        <div class=\"image\"><img decoding=\"async\" src=\"https:\/\/gustafs.com\/wp-content\/uploads\/2022\/03\/gustafshow.png\" alt=\"\"><\/div>\r\n         <\/section>\r\n\n<h2 class=\"wp-block-heading\">Proces Gustafsa i spos\u00f3b pracy<\/h2>\n\n<p>Nasi klienci maj\u0105 dost\u0119p do bogactwa kompetencji i wiedzy, gdy szukaj\u0105 naszej wsp\u00f3\u0142pracy. Dzi\u0119ki wieloletniemu do\u015bwiadczeniu w realizacji projekt\u00f3w krajowych i mi\u0119dzynarodowych wiemy, jak wspiera\u0107, prowadzi\u0107 i dba\u0107 o ca\u0142y proces, od pomys\u0142u i projektu po ostateczn\u0105 instalacj\u0119 \u2013 umowa z Gustafs to niezawodny zakup w jednym miejscu, kt\u00f3ry u\u0142atwi Ci \u017cycie! <\/p>\n\r\n<section class=\"large-media\">\r\n        <div class=\"image\"><img decoding=\"async\" src=\"https:\/\/gustafs.com\/wp-content\/uploads\/2022\/03\/resurs-3.png\" alt=\"\"><\/div>\r\n         <\/section>\r\n\n<section class=\"image-plus-text-left-right has-left-column has-right-column\">\n    <div class=\"container\">\n        <div class=\"row\">\n            \n            <div class=\"col-md-6 col-left\">\n                                <div class=\"image \">\n                    <img decoding=\"async\" src=\"https:\/\/gustafs.com\/wp-content\/uploads\/2022\/03\/developemant-1030-380x475.png\" alt=\"\" srcset=\"https:\/\/gustafs.com\/wp-content\/uploads\/2022\/03\/developemant-1030-240x300.png 240w, https:\/\/gustafs.com\/wp-content\/uploads\/2022\/03\/developemant-1030-818x1024.png 818w, https:\/\/gustafs.com\/wp-content\/uploads\/2022\/03\/developemant-1030-768x962.png 768w, https:\/\/gustafs.com\/wp-content\/uploads\/2022\/03\/developemant-1030-720x900.png 720w, https:\/\/gustafs.com\/wp-content\/uploads\/2022\/03\/developemant-1030-645x810.png 645w, https:\/\/gustafs.com\/wp-content\/uploads\/2022\/03\/developemant-1030-380x475.png 380w, https:\/\/gustafs.com\/wp-content\/uploads\/2022\/03\/developemant-1030-845x1058.png 845w, https:\/\/gustafs.com\/wp-content\/uploads\/2022\/03\/developemant-1030-635x795.png 635w, https:\/\/gustafs.com\/wp-content\/uploads\/2022\/03\/developemant-1030-575x720.png 575w, https:\/\/gustafs.com\/wp-content\/uploads\/2022\/03\/developemant-1030-485x607.png 485w, https:\/\/gustafs.com\/wp-content\/uploads\/2022\/03\/developemant-1030-970x1215.png 970w, https:\/\/gustafs.com\/wp-content\/uploads\/2022\/03\/developemant-1030-435x545.png 435w, https:\/\/gustafs.com\/wp-content\/uploads\/2022\/03\/developemant-1030-870x1090.png 870w, https:\/\/gustafs.com\/wp-content\/uploads\/2022\/03\/developemant-1030-415x520.png 415w, https:\/\/gustafs.com\/wp-content\/uploads\/2022\/03\/developemant-1030-830x1040.png 830w, https:\/\/gustafs.com\/wp-content\/uploads\/2022\/03\/developemant-1030-395x495.png 395w, https:\/\/gustafs.com\/wp-content\/uploads\/2022\/03\/developemant-1030-790x989.png 790w, https:\/\/gustafs.com\/wp-content\/uploads\/2022\/03\/developemant-1030-363x455.png 363w, https:\/\/gustafs.com\/wp-content\/uploads\/2022\/03\/developemant-1030-726x909.png 726w, https:\/\/gustafs.com\/wp-content\/uploads\/2022\/03\/developemant-1030-275x344.png 275w, https:\/\/gustafs.com\/wp-content\/uploads\/2022\/03\/developemant-1030-550x689.png 550w, https:\/\/gustafs.com\/wp-content\/uploads\/2022\/03\/developemant-1030-273x342.png 273w, https:\/\/gustafs.com\/wp-content\/uploads\/2022\/03\/developemant-1030-546x684.png 546w, https:\/\/gustafs.com\/wp-content\/uploads\/2022\/03\/developemant-1030-183x229.png 183w, https:\/\/gustafs.com\/wp-content\/uploads\/2022\/03\/developemant-1030-366x458.png 366w, https:\/\/gustafs.com\/wp-content\/uploads\/2022\/03\/developemant-1030-113x142.png 113w, https:\/\/gustafs.com\/wp-content\/uploads\/2022\/03\/developemant-1030-226x283.png 226w, https:\/\/gustafs.com\/wp-content\/uploads\/2022\/03\/developemant-1030.png 1030w\">\n                <\/div>\n                                                                <div class=\"content-wrapper\">\n                    <div class=\"title\"><\/div>\n                    <div class=\"content\">\n                                                <div class=\"text font-13px\"><h5>02. Rozw\u00f3j i budowa<\/h5>\n<p>W fazie 2 wspieramy Ci\u0119 w przekszta\u0142ceniu Twoich projekt\u00f3w w rzeczywiste i mo\u017cliwe do wyprodukowania konstrukcje z realistycznymi metodami monta\u017cu. Pobieramy pr\u00f3bki i w razie potrzeby dostarczamy makiety w pe\u0142nej skali. <\/p>\n<\/div>\n                                             \n                                            <\/div>\n                <\/div>                  \n            <\/div>\n            \n            <div class=\"col-md-6 col-right\">\n                           \n                <div class=\"image \">\n                    <img decoding=\"async\" src=\"https:\/\/gustafs.com\/wp-content\/uploads\/2022\/03\/design-1030-380x475.png\" alt=\"\" srcset=\"https:\/\/gustafs.com\/wp-content\/uploads\/2022\/03\/design-1030-240x300.png 240w, https:\/\/gustafs.com\/wp-content\/uploads\/2022\/03\/design-1030-818x1024.png 818w, https:\/\/gustafs.com\/wp-content\/uploads\/2022\/03\/design-1030-768x962.png 768w, https:\/\/gustafs.com\/wp-content\/uploads\/2022\/03\/design-1030-720x900.png 720w, https:\/\/gustafs.com\/wp-content\/uploads\/2022\/03\/design-1030-645x810.png 645w, https:\/\/gustafs.com\/wp-content\/uploads\/2022\/03\/design-1030-380x475.png 380w, https:\/\/gustafs.com\/wp-content\/uploads\/2022\/03\/design-1030-845x1058.png 845w, https:\/\/gustafs.com\/wp-content\/uploads\/2022\/03\/design-1030-635x795.png 635w, https:\/\/gustafs.com\/wp-content\/uploads\/2022\/03\/design-1030-575x720.png 575w, https:\/\/gustafs.com\/wp-content\/uploads\/2022\/03\/design-1030-485x607.png 485w, https:\/\/gustafs.com\/wp-content\/uploads\/2022\/03\/design-1030-970x1215.png 970w, https:\/\/gustafs.com\/wp-content\/uploads\/2022\/03\/design-1030-435x545.png 435w, https:\/\/gustafs.com\/wp-content\/uploads\/2022\/03\/design-1030-870x1090.png 870w, https:\/\/gustafs.com\/wp-content\/uploads\/2022\/03\/design-1030-415x520.png 415w, https:\/\/gustafs.com\/wp-content\/uploads\/2022\/03\/design-1030-830x1040.png 830w, https:\/\/gustafs.com\/wp-content\/uploads\/2022\/03\/design-1030-395x495.png 395w, https:\/\/gustafs.com\/wp-content\/uploads\/2022\/03\/design-1030-790x989.png 790w, https:\/\/gustafs.com\/wp-content\/uploads\/2022\/03\/design-1030-363x455.png 363w, https:\/\/gustafs.com\/wp-content\/uploads\/2022\/03\/design-1030-726x909.png 726w, https:\/\/gustafs.com\/wp-content\/uploads\/2022\/03\/design-1030-275x344.png 275w, https:\/\/gustafs.com\/wp-content\/uploads\/2022\/03\/design-1030-550x689.png 550w, https:\/\/gustafs.com\/wp-content\/uploads\/2022\/03\/design-1030-273x342.png 273w, https:\/\/gustafs.com\/wp-content\/uploads\/2022\/03\/design-1030-546x684.png 546w, https:\/\/gustafs.com\/wp-content\/uploads\/2022\/03\/design-1030-183x229.png 183w, https:\/\/gustafs.com\/wp-content\/uploads\/2022\/03\/design-1030-366x458.png 366w, https:\/\/gustafs.com\/wp-content\/uploads\/2022\/03\/design-1030-113x142.png 113w, https:\/\/gustafs.com\/wp-content\/uploads\/2022\/03\/design-1030-226x283.png 226w, https:\/\/gustafs.com\/wp-content\/uploads\/2022\/03\/design-1030.png 1030w\">\n                <\/div>\n                                                                <div class=\"content-wrapper\">\n                    <div class=\"title\"><\/div>\n                    <div class=\"content\">\n                                                <div class=\"text font-13px\"><h5>01. Projektowanie i burza m\u00f3zg\u00f3w<\/h5>\n<p>W fazie projektowania inspirujemy doskona\u0142\u0105 bibliotek\u0105 referencyjn\u0105 oraz rozwi\u0105zaniami i materia\u0142ami, kt\u00f3re pozwalaj\u0105 na personalizacj\u0119. Wspieramy Ci\u0119 w znalezieniu projektu w granicach rozs\u0105dnych koszt\u00f3w, produktywno\u015bci, trwa\u0142o\u015bci, bezpiecze\u0144stwa, komfortu akustycznego i uczciwych termin\u00f3w realizacji. <\/p>\n<\/div>\n                                             \n                                            <\/div>\n                <\/div>              \n            <\/div>\n            \n        <\/div>\n    <\/div>\n<\/section>\n\n<section class=\"image-plus-text-left-right has-left-column has-right-column\">\n    <div class=\"container\">\n        <div class=\"row\">\n            \n            <div class=\"col-md-6 col-left\">\n                                <div class=\"image \">\n                    <img decoding=\"async\" src=\"https:\/\/gustafs.com\/wp-content\/uploads\/2022\/03\/production-1030-1-380x475.png\" alt=\"\" srcset=\"https:\/\/gustafs.com\/wp-content\/uploads\/2022\/03\/production-1030-1-240x300.png 240w, https:\/\/gustafs.com\/wp-content\/uploads\/2022\/03\/production-1030-1-818x1024.png 818w, https:\/\/gustafs.com\/wp-content\/uploads\/2022\/03\/production-1030-1-768x962.png 768w, https:\/\/gustafs.com\/wp-content\/uploads\/2022\/03\/production-1030-1-720x900.png 720w, https:\/\/gustafs.com\/wp-content\/uploads\/2022\/03\/production-1030-1-645x810.png 645w, https:\/\/gustafs.com\/wp-content\/uploads\/2022\/03\/production-1030-1-380x475.png 380w, https:\/\/gustafs.com\/wp-content\/uploads\/2022\/03\/production-1030-1-845x1058.png 845w, https:\/\/gustafs.com\/wp-content\/uploads\/2022\/03\/production-1030-1-635x795.png 635w, https:\/\/gustafs.com\/wp-content\/uploads\/2022\/03\/production-1030-1-575x720.png 575w, https:\/\/gustafs.com\/wp-content\/uploads\/2022\/03\/production-1030-1-485x607.png 485w, https:\/\/gustafs.com\/wp-content\/uploads\/2022\/03\/production-1030-1-970x1215.png 970w, https:\/\/gustafs.com\/wp-content\/uploads\/2022\/03\/production-1030-1-435x545.png 435w, https:\/\/gustafs.com\/wp-content\/uploads\/2022\/03\/production-1030-1-870x1090.png 870w, https:\/\/gustafs.com\/wp-content\/uploads\/2022\/03\/production-1030-1-415x520.png 415w, https:\/\/gustafs.com\/wp-content\/uploads\/2022\/03\/production-1030-1-830x1040.png 830w, https:\/\/gustafs.com\/wp-content\/uploads\/2022\/03\/production-1030-1-395x495.png 395w, https:\/\/gustafs.com\/wp-content\/uploads\/2022\/03\/production-1030-1-790x989.png 790w, https:\/\/gustafs.com\/wp-content\/uploads\/2022\/03\/production-1030-1-363x455.png 363w, https:\/\/gustafs.com\/wp-content\/uploads\/2022\/03\/production-1030-1-726x909.png 726w, https:\/\/gustafs.com\/wp-content\/uploads\/2022\/03\/production-1030-1-275x344.png 275w, https:\/\/gustafs.com\/wp-content\/uploads\/2022\/03\/production-1030-1-550x689.png 550w, https:\/\/gustafs.com\/wp-content\/uploads\/2022\/03\/production-1030-1-273x342.png 273w, https:\/\/gustafs.com\/wp-content\/uploads\/2022\/03\/production-1030-1-546x684.png 546w, https:\/\/gustafs.com\/wp-content\/uploads\/2022\/03\/production-1030-1-183x229.png 183w, https:\/\/gustafs.com\/wp-content\/uploads\/2022\/03\/production-1030-1-366x458.png 366w, https:\/\/gustafs.com\/wp-content\/uploads\/2022\/03\/production-1030-1-113x142.png 113w, https:\/\/gustafs.com\/wp-content\/uploads\/2022\/03\/production-1030-1-226x283.png 226w, https:\/\/gustafs.com\/wp-content\/uploads\/2022\/03\/production-1030-1.png 1030w\">\n                <\/div>\n                                                                <div class=\"content-wrapper\">\n                    <div class=\"title\"><\/div>\n                    <div class=\"content\">\n                                                <div class=\"text font-13px\"><h5>04. Produkcja<\/h5>\n<p>Produkcja i obr\u00f3bka drewna s\u0105 w naszych korzeniach od 1913 roku, a nasza podstawowa kompetencja nigdy nie przestaje si\u0119 rozwija\u0107. Doskona\u0142a jako\u015b\u0107 to co\u015b, co dostarczamy od ponad 100 lat. <\/p>\n<\/div>\n                                             \n                                            <\/div>\n                <\/div>                  \n            <\/div>\n            \n            <div class=\"col-md-6 col-right\">\n                           \n                <div class=\"image \">\n                    <img decoding=\"async\" src=\"https:\/\/gustafs.com\/wp-content\/uploads\/2022\/03\/management-1030-380x475.png\" alt=\"\" srcset=\"https:\/\/gustafs.com\/wp-content\/uploads\/2022\/03\/management-1030-240x300.png 240w, https:\/\/gustafs.com\/wp-content\/uploads\/2022\/03\/management-1030-818x1024.png 818w, https:\/\/gustafs.com\/wp-content\/uploads\/2022\/03\/management-1030-768x962.png 768w, https:\/\/gustafs.com\/wp-content\/uploads\/2022\/03\/management-1030-720x900.png 720w, https:\/\/gustafs.com\/wp-content\/uploads\/2022\/03\/management-1030-645x810.png 645w, https:\/\/gustafs.com\/wp-content\/uploads\/2022\/03\/management-1030-380x475.png 380w, https:\/\/gustafs.com\/wp-content\/uploads\/2022\/03\/management-1030-845x1058.png 845w, https:\/\/gustafs.com\/wp-content\/uploads\/2022\/03\/management-1030-635x795.png 635w, https:\/\/gustafs.com\/wp-content\/uploads\/2022\/03\/management-1030-575x720.png 575w, https:\/\/gustafs.com\/wp-content\/uploads\/2022\/03\/management-1030-485x607.png 485w, https:\/\/gustafs.com\/wp-content\/uploads\/2022\/03\/management-1030-970x1215.png 970w, https:\/\/gustafs.com\/wp-content\/uploads\/2022\/03\/management-1030-435x545.png 435w, https:\/\/gustafs.com\/wp-content\/uploads\/2022\/03\/management-1030-870x1090.png 870w, https:\/\/gustafs.com\/wp-content\/uploads\/2022\/03\/management-1030-415x520.png 415w, https:\/\/gustafs.com\/wp-content\/uploads\/2022\/03\/management-1030-830x1040.png 830w, https:\/\/gustafs.com\/wp-content\/uploads\/2022\/03\/management-1030-395x495.png 395w, https:\/\/gustafs.com\/wp-content\/uploads\/2022\/03\/management-1030-790x989.png 790w, https:\/\/gustafs.com\/wp-content\/uploads\/2022\/03\/management-1030-363x455.png 363w, https:\/\/gustafs.com\/wp-content\/uploads\/2022\/03\/management-1030-726x909.png 726w, https:\/\/gustafs.com\/wp-content\/uploads\/2022\/03\/management-1030-275x344.png 275w, https:\/\/gustafs.com\/wp-content\/uploads\/2022\/03\/management-1030-550x689.png 550w, https:\/\/gustafs.com\/wp-content\/uploads\/2022\/03\/management-1030-273x342.png 273w, https:\/\/gustafs.com\/wp-content\/uploads\/2022\/03\/management-1030-546x684.png 546w, https:\/\/gustafs.com\/wp-content\/uploads\/2022\/03\/management-1030-183x229.png 183w, https:\/\/gustafs.com\/wp-content\/uploads\/2022\/03\/management-1030-366x458.png 366w, https:\/\/gustafs.com\/wp-content\/uploads\/2022\/03\/management-1030-113x142.png 113w, https:\/\/gustafs.com\/wp-content\/uploads\/2022\/03\/management-1030-226x283.png 226w, https:\/\/gustafs.com\/wp-content\/uploads\/2022\/03\/management-1030.png 1030w\">\n                <\/div>\n                                                                <div class=\"content-wrapper\">\n                    <div class=\"title\"><\/div>\n                    <div class=\"content\">\n                                                <div class=\"text font-13px\"><h5>03. Zarz\u0105dzanie projektami<\/h5>\n<p>W tej fazie przygotowujemy si\u0119 i wspieramy, aby Twoje \u017cycie sta\u0142o si\u0119 prostsze. Ustalamy ostateczne szczeg\u00f3\u0142y zam\u00f3wienia i planujemy codzienn\u0105 akcj\u0119 nast\u0119pcz\u0105 oraz informacje zwrotne na temat ko\u0144cowej linii, poprzez produkcj\u0119, dostaw\u0119 i instalacj\u0119. <\/p>\n<\/div>\n                                             \n                                            <\/div>\n                <\/div>              \n            <\/div>\n            \n        <\/div>\n    <\/div>\n<\/section>\n\n<section class=\"image-plus-text-left-right  has-right-column\">\n    <div class=\"container\">\n        <div class=\"row\">\n            \n            <div class=\"col-md-6 col-left\">\n                                                                <div class=\"content-wrapper\">\n                    <div class=\"title\"><\/div>\n                    <div class=\"content\">\n                                             \n                                            <\/div>\n                <\/div>                  \n            <\/div>\n            \n            <div class=\"col-md-6 col-right\">\n                           \n                <div class=\"image \">\n                    <img decoding=\"async\" src=\"https:\/\/gustafs.com\/wp-content\/uploads\/2022\/03\/installation-1030-380x475.png\" alt=\"\" srcset=\"https:\/\/gustafs.com\/wp-content\/uploads\/2022\/03\/installation-1030-240x300.png 240w, https:\/\/gustafs.com\/wp-content\/uploads\/2022\/03\/installation-1030-818x1024.png 818w, https:\/\/gustafs.com\/wp-content\/uploads\/2022\/03\/installation-1030-768x962.png 768w, https:\/\/gustafs.com\/wp-content\/uploads\/2022\/03\/installation-1030-720x900.png 720w, https:\/\/gustafs.com\/wp-content\/uploads\/2022\/03\/installation-1030-645x810.png 645w, https:\/\/gustafs.com\/wp-content\/uploads\/2022\/03\/installation-1030-380x475.png 380w, https:\/\/gustafs.com\/wp-content\/uploads\/2022\/03\/installation-1030-845x1058.png 845w, https:\/\/gustafs.com\/wp-content\/uploads\/2022\/03\/installation-1030-635x795.png 635w, https:\/\/gustafs.com\/wp-content\/uploads\/2022\/03\/installation-1030-575x720.png 575w, https:\/\/gustafs.com\/wp-content\/uploads\/2022\/03\/installation-1030-485x607.png 485w, https:\/\/gustafs.com\/wp-content\/uploads\/2022\/03\/installation-1030-970x1215.png 970w, https:\/\/gustafs.com\/wp-content\/uploads\/2022\/03\/installation-1030-435x545.png 435w, https:\/\/gustafs.com\/wp-content\/uploads\/2022\/03\/installation-1030-870x1090.png 870w, https:\/\/gustafs.com\/wp-content\/uploads\/2022\/03\/installation-1030-415x520.png 415w, https:\/\/gustafs.com\/wp-content\/uploads\/2022\/03\/installation-1030-830x1040.png 830w, https:\/\/gustafs.com\/wp-content\/uploads\/2022\/03\/installation-1030-395x495.png 395w, https:\/\/gustafs.com\/wp-content\/uploads\/2022\/03\/installation-1030-790x989.png 790w, https:\/\/gustafs.com\/wp-content\/uploads\/2022\/03\/installation-1030-363x455.png 363w, https:\/\/gustafs.com\/wp-content\/uploads\/2022\/03\/installation-1030-726x909.png 726w, https:\/\/gustafs.com\/wp-content\/uploads\/2022\/03\/installation-1030-275x344.png 275w, https:\/\/gustafs.com\/wp-content\/uploads\/2022\/03\/installation-1030-550x689.png 550w, https:\/\/gustafs.com\/wp-content\/uploads\/2022\/03\/installation-1030-273x342.png 273w, https:\/\/gustafs.com\/wp-content\/uploads\/2022\/03\/installation-1030-546x684.png 546w, https:\/\/gustafs.com\/wp-content\/uploads\/2022\/03\/installation-1030-183x229.png 183w, https:\/\/gustafs.com\/wp-content\/uploads\/2022\/03\/installation-1030-366x458.png 366w, https:\/\/gustafs.com\/wp-content\/uploads\/2022\/03\/installation-1030-113x142.png 113w, https:\/\/gustafs.com\/wp-content\/uploads\/2022\/03\/installation-1030-226x283.png 226w, https:\/\/gustafs.com\/wp-content\/uploads\/2022\/03\/installation-1030.png 1030w\">\n                <\/div>\n                                                                <div class=\"content-wrapper\">\n                    <div class=\"title\"><\/div>\n                    <div class=\"content\">\n                                                <div class=\"text font-13px\"><h5>05. Dostawa i monta\u017c<\/h5>\n<p>Pakowanie i dostawa zosta\u0142y ju\u017c opracowane i zaplanowane we wczesnej fazie 2. Wiemy wszystko o \u015bwiatowej wysy\u0142ce konstrukcji na zam\u00f3wienie. Instalacja jest w bezpiecznych r\u0119kach naszych do\u015bwiadczonych stolarzy i kierownik\u00f3w projekt\u00f3w.  <\/p>\n<\/div>\n                                             \n                                            <\/div>\n                <\/div>              \n            <\/div>\n            \n        <\/div>\n    <\/div>\n<\/section>\n","protected":false},"excerpt":{"rendered":"<p>Proces Gustafsa i spos\u00f3b pracy Nasi klienci maj\u0105 dost\u0119p do bogactwa kompetencji i wiedzy, gdy szukaj\u0105 naszej wsp\u00f3\u0142pracy. Dzi\u0119ki wieloletniemu do\u015bwiadczeniu w realizacji projekt\u00f3w krajowych i mi\u0119dzynarodowych wiemy, jak wspiera\u0107, prowadzi\u0107 i dba\u0107 o ca\u0142y proces, od pomys\u0142u i projektu po ostateczn\u0105 instalacj\u0119 \u2013 umowa z Gustafs to niezawodny zakup w jednym miejscu, kt\u00f3ry u\u0142atwi [&hellip;]<\/p>\n","protected":false},"author":10,"featured_media":0,"parent":0,"menu_order":0,"comment_status":"closed","ping_status":"closed","template":"","meta":{"_acf_changed":false,"inline_featured_image":false,"footnotes":""},"class_list":["post-27988","page","type-page","status-publish","hentry"],"acf":[],"yoast_head":"<!-- This site is optimized with the Yoast SEO plugin v25.4 - https:\/\/yoast.com\/wordpress\/plugins\/seo\/ -->\n<title>Nasz proces | Gustafs Scandinavia<\/title>\n<meta name=\"description\" content=\"Znale\u017ali\u015bmy zwyci\u0119sk\u0105 koncepcj\u0119, nad kt\u00f3r\u0105 pracujemy. Przywiod\u0142o nas tu nasze wieloletnie do\u015bwiadczenie i umiej\u0119tno\u015bci zawodowe.\" \/>\n<meta name=\"robots\" content=\"index, follow, max-snippet:-1, max-image-preview:large, max-video-preview:-1\" \/>\n<link rel=\"canonical\" href=\"https:\/\/gustafs.com\/pl\/nasz-proces\/\" \/>\n<meta property=\"og:locale\" content=\"pl_PL\" \/>\n<meta property=\"og:type\" content=\"article\" \/>\n<meta property=\"og:title\" content=\"Nasz proces | Gustafs Scandinavia\" \/>\n<meta property=\"og:description\" content=\"Znale\u017ali\u015bmy zwyci\u0119sk\u0105 koncepcj\u0119, nad kt\u00f3r\u0105 pracujemy. Przywiod\u0142o nas tu nasze wieloletnie do\u015bwiadczenie i umiej\u0119tno\u015bci zawodowe.\" \/>\n<meta property=\"og:url\" content=\"https:\/\/gustafs.com\/pl\/nasz-proces\/\" \/>\n<meta property=\"og:site_name\" content=\"Gustafs Scandinavia\" \/>\n<meta property=\"article:modified_time\" content=\"2025-05-05T18:39:48+00:00\" \/>\n<meta name=\"twitter:card\" content=\"summary_large_image\" \/>\n<script type=\"application\/ld+json\" class=\"yoast-schema-graph\">{\"@context\":\"https:\/\/schema.org\",\"@graph\":[{\"@type\":\"WebPage\",\"@id\":\"https:\/\/gustafs.com\/pl\/nasz-proces\/\",\"url\":\"https:\/\/gustafs.com\/pl\/nasz-proces\/\",\"name\":\"Nasz proces | Gustafs Scandinavia\",\"isPartOf\":{\"@id\":\"https:\/\/gustafs.com\/pl\/#website\"},\"datePublished\":\"2025-05-05T18:39:46+00:00\",\"dateModified\":\"2025-05-05T18:39:48+00:00\",\"description\":\"Znale\u017ali\u015bmy zwyci\u0119sk\u0105 koncepcj\u0119, nad kt\u00f3r\u0105 pracujemy. Przywiod\u0142o nas tu nasze wieloletnie do\u015bwiadczenie i umiej\u0119tno\u015bci zawodowe.\",\"breadcrumb\":{\"@id\":\"https:\/\/gustafs.com\/pl\/nasz-proces\/#breadcrumb\"},\"inLanguage\":\"pl-PL\",\"potentialAction\":[{\"@type\":\"ReadAction\",\"target\":[\"https:\/\/gustafs.com\/pl\/nasz-proces\/\"]}]},{\"@type\":\"BreadcrumbList\",\"@id\":\"https:\/\/gustafs.com\/pl\/nasz-proces\/#breadcrumb\",\"itemListElement\":[{\"@type\":\"ListItem\",\"position\":1,\"name\":\"Gustafs\",\"item\":\"https:\/\/gustafs.com\/pl\/\"},{\"@type\":\"ListItem\",\"position\":2,\"name\":\"Nasz proces\"}]},{\"@type\":\"WebSite\",\"@id\":\"https:\/\/gustafs.com\/pl\/#website\",\"url\":\"https:\/\/gustafs.com\/pl\/\",\"name\":\"Gustafs Scandinavia\",\"description\":\"Exclusive Wooden Panels And Acoustic Panels\",\"potentialAction\":[{\"@type\":\"SearchAction\",\"target\":{\"@type\":\"EntryPoint\",\"urlTemplate\":\"https:\/\/gustafs.com\/pl\/?s={search_term_string}\"},\"query-input\":{\"@type\":\"PropertyValueSpecification\",\"valueRequired\":true,\"valueName\":\"search_term_string\"}}],\"inLanguage\":\"pl-PL\"}]}<\/script>\n<!-- \/ Yoast SEO plugin. -->","yoast_head_json":{"title":"Nasz proces | Gustafs Scandinavia","description":"Znale\u017ali\u015bmy zwyci\u0119sk\u0105 koncepcj\u0119, nad kt\u00f3r\u0105 pracujemy. Przywiod\u0142o nas tu nasze wieloletnie do\u015bwiadczenie i umiej\u0119tno\u015bci zawodowe.","robots":{"index":"index","follow":"follow","max-snippet":"max-snippet:-1","max-image-preview":"max-image-preview:large","max-video-preview":"max-video-preview:-1"},"canonical":"https:\/\/gustafs.com\/pl\/nasz-proces\/","og_locale":"pl_PL","og_type":"article","og_title":"Nasz proces | Gustafs Scandinavia","og_description":"Znale\u017ali\u015bmy zwyci\u0119sk\u0105 koncepcj\u0119, nad kt\u00f3r\u0105 pracujemy. Przywiod\u0142o nas tu nasze wieloletnie do\u015bwiadczenie i umiej\u0119tno\u015bci zawodowe.","og_url":"https:\/\/gustafs.com\/pl\/nasz-proces\/","og_site_name":"Gustafs Scandinavia","article_modified_time":"2025-05-05T18:39:48+00:00","twitter_card":"summary_large_image","schema":{"@context":"https:\/\/schema.org","@graph":[{"@type":"WebPage","@id":"https:\/\/gustafs.com\/pl\/nasz-proces\/","url":"https:\/\/gustafs.com\/pl\/nasz-proces\/","name":"Nasz proces | Gustafs Scandinavia","isPartOf":{"@id":"https:\/\/gustafs.com\/pl\/#website"},"datePublished":"2025-05-05T18:39:46+00:00","dateModified":"2025-05-05T18:39:48+00:00","description":"Znale\u017ali\u015bmy zwyci\u0119sk\u0105 koncepcj\u0119, nad kt\u00f3r\u0105 pracujemy. Przywiod\u0142o nas tu nasze wieloletnie do\u015bwiadczenie i umiej\u0119tno\u015bci zawodowe.","breadcrumb":{"@id":"https:\/\/gustafs.com\/pl\/nasz-proces\/#breadcrumb"},"inLanguage":"pl-PL","potentialAction":[{"@type":"ReadAction","target":["https:\/\/gustafs.com\/pl\/nasz-proces\/"]}]},{"@type":"BreadcrumbList","@id":"https:\/\/gustafs.com\/pl\/nasz-proces\/#breadcrumb","itemListElement":[{"@type":"ListItem","position":1,"name":"Gustafs","item":"https:\/\/gustafs.com\/pl\/"},{"@type":"ListItem","position":2,"name":"Nasz proces"}]},{"@type":"WebSite","@id":"https:\/\/gustafs.com\/pl\/#website","url":"https:\/\/gustafs.com\/pl\/","name":"Gustafs Scandinavia","description":"Exclusive Wooden Panels And Acoustic Panels","potentialAction":[{"@type":"SearchAction","target":{"@type":"EntryPoint","urlTemplate":"https:\/\/gustafs.com\/pl\/?s={search_term_string}"},"query-input":{"@type":"PropertyValueSpecification","valueRequired":true,"valueName":"search_term_string"}}],"inLanguage":"pl-PL"}]}},"_links":{"self":[{"href":"https:\/\/gustafs.com\/pl\/wp-json\/wp\/v2\/pages\/27988","targetHints":{"allow":["GET"]}}],"collection":[{"href":"https:\/\/gustafs.com\/pl\/wp-json\/wp\/v2\/pages"}],"about":[{"href":"https:\/\/gustafs.com\/pl\/wp-json\/wp\/v2\/types\/page"}],"author":[{"embeddable":true,"href":"https:\/\/gustafs.com\/pl\/wp-json\/wp\/v2\/users\/10"}],"replies":[{"embeddable":true,"href":"https:\/\/gustafs.com\/pl\/wp-json\/wp\/v2\/comments?post=27988"}],"version-history":[{"count":1,"href":"https:\/\/gustafs.com\/pl\/wp-json\/wp\/v2\/pages\/27988\/revisions"}],"predecessor-version":[{"id":27999,"href":"https:\/\/gustafs.com\/pl\/wp-json\/wp\/v2\/pages\/27988\/revisions\/27999"}],"wp:attachment":[{"href":"https:\/\/gustafs.com\/pl\/wp-json\/wp\/v2\/media?parent=27988"}],"curies":[{"name":"wp","href":"https:\/\/api.w.org\/{rel}","templated":true}]}}