{"id":27985,"date":"2025-05-05T20:39:34","date_gmt":"2025-05-05T18:39:34","guid":{"rendered":"https:\/\/gustafs.com\/projekty\/"},"modified":"2025-05-05T20:39:34","modified_gmt":"2025-05-05T18:39:34","slug":"projekty","status":"publish","type":"page","link":"https:\/\/gustafs.com\/pl\/projekty\/","title":{"rendered":"Projekty"},"content":{"rendered":"","protected":false},"excerpt":{"rendered":"","protected":false},"author":10,"featured_media":0,"parent":0,"menu_order":0,"comment_status":"closed","ping_status":"closed","template":"templates\/template-projects.php","meta":{"_acf_changed":false,"inline_featured_image":false,"footnotes":""},"class_list":["post-27985","page","type-page","status-publish","hentry"],"acf":[],"yoast_head":"<!-- This site is optimized with the Yoast SEO plugin v25.4 - https:\/\/yoast.com\/wordpress\/plugins\/seo\/ -->\n<title>Projekty Gustafs z ca\u0142ego \u015bwiata | Gustafs Scandinavia<\/title>\n<meta name=\"description\" content=\"Tutaj znajdziesz inspiracj\u0119 do swojego kolejnego projektu. Stw\u00f3rz osza\u0142amiaj\u0105ce drewniane wn\u0119trza dzi\u0119ki naszym drewnianym panelom \u015bciennym i sufitowym.\" \/>\n<meta name=\"robots\" content=\"index, follow, max-snippet:-1, max-image-preview:large, max-video-preview:-1\" \/>\n<link rel=\"canonical\" href=\"https:\/\/gustafs.com\/pl\/projekty\/\" \/>\n<meta property=\"og:locale\" content=\"pl_PL\" \/>\n<meta property=\"og:type\" content=\"article\" \/>\n<meta property=\"og:title\" content=\"Projekty Gustafs z ca\u0142ego \u015bwiata | Gustafs Scandinavia\" \/>\n<meta property=\"og:description\" content=\"Tutaj znajdziesz inspiracj\u0119 do swojego kolejnego projektu. Stw\u00f3rz osza\u0142amiaj\u0105ce drewniane wn\u0119trza dzi\u0119ki naszym drewnianym panelom \u015bciennym i sufitowym.\" \/>\n<meta property=\"og:url\" content=\"https:\/\/gustafs.com\/pl\/projekty\/\" \/>\n<meta property=\"og:site_name\" content=\"Gustafs Scandinavia\" \/>\n<meta name=\"twitter:card\" content=\"summary_large_image\" \/>\n<script type=\"application\/ld+json\" class=\"yoast-schema-graph\">{\"@context\":\"https:\/\/schema.org\",\"@graph\":[{\"@type\":\"WebPage\",\"@id\":\"https:\/\/gustafs.com\/pl\/projekty\/\",\"url\":\"https:\/\/gustafs.com\/pl\/projekty\/\",\"name\":\"Projekty Gustafs z ca\u0142ego \u015bwiata | Gustafs Scandinavia\",\"isPartOf\":{\"@id\":\"https:\/\/gustafs.com\/pl\/#website\"},\"datePublished\":\"2025-05-05T18:39:34+00:00\",\"description\":\"Tutaj znajdziesz inspiracj\u0119 do swojego kolejnego projektu. Stw\u00f3rz osza\u0142amiaj\u0105ce drewniane wn\u0119trza dzi\u0119ki naszym drewnianym panelom \u015bciennym i sufitowym.\",\"breadcrumb\":{\"@id\":\"https:\/\/gustafs.com\/pl\/projekty\/#breadcrumb\"},\"inLanguage\":\"pl-PL\",\"potentialAction\":[{\"@type\":\"ReadAction\",\"target\":[\"https:\/\/gustafs.com\/pl\/projekty\/\"]}]},{\"@type\":\"BreadcrumbList\",\"@id\":\"https:\/\/gustafs.com\/pl\/projekty\/#breadcrumb\",\"itemListElement\":[{\"@type\":\"ListItem\",\"position\":1,\"name\":\"Gustafs\",\"item\":\"https:\/\/gustafs.com\/pl\/\"},{\"@type\":\"ListItem\",\"position\":2,\"name\":\"Projekty\"}]},{\"@type\":\"WebSite\",\"@id\":\"https:\/\/gustafs.com\/pl\/#website\",\"url\":\"https:\/\/gustafs.com\/pl\/\",\"name\":\"Gustafs Scandinavia\",\"description\":\"Exclusive Wooden Panels And Acoustic Panels\",\"potentialAction\":[{\"@type\":\"SearchAction\",\"target\":{\"@type\":\"EntryPoint\",\"urlTemplate\":\"https:\/\/gustafs.com\/pl\/?s={search_term_string}\"},\"query-input\":{\"@type\":\"PropertyValueSpecification\",\"valueRequired\":true,\"valueName\":\"search_term_string\"}}],\"inLanguage\":\"pl-PL\"}]}<\/script>\n<!-- \/ Yoast SEO plugin. -->","yoast_head_json":{"title":"Projekty Gustafs z ca\u0142ego \u015bwiata | Gustafs Scandinavia","description":"Tutaj znajdziesz inspiracj\u0119 do swojego kolejnego projektu. Stw\u00f3rz osza\u0142amiaj\u0105ce drewniane wn\u0119trza dzi\u0119ki naszym drewnianym panelom \u015bciennym i sufitowym.","robots":{"index":"index","follow":"follow","max-snippet":"max-snippet:-1","max-image-preview":"max-image-preview:large","max-video-preview":"max-video-preview:-1"},"canonical":"https:\/\/gustafs.com\/pl\/projekty\/","og_locale":"pl_PL","og_type":"article","og_title":"Projekty Gustafs z ca\u0142ego \u015bwiata | Gustafs Scandinavia","og_description":"Tutaj znajdziesz inspiracj\u0119 do swojego kolejnego projektu. Stw\u00f3rz osza\u0142amiaj\u0105ce drewniane wn\u0119trza dzi\u0119ki naszym drewnianym panelom \u015bciennym i sufitowym.","og_url":"https:\/\/gustafs.com\/pl\/projekty\/","og_site_name":"Gustafs Scandinavia","twitter_card":"summary_large_image","schema":{"@context":"https:\/\/schema.org","@graph":[{"@type":"WebPage","@id":"https:\/\/gustafs.com\/pl\/projekty\/","url":"https:\/\/gustafs.com\/pl\/projekty\/","name":"Projekty Gustafs z ca\u0142ego \u015bwiata | Gustafs Scandinavia","isPartOf":{"@id":"https:\/\/gustafs.com\/pl\/#website"},"datePublished":"2025-05-05T18:39:34+00:00","description":"Tutaj znajdziesz inspiracj\u0119 do swojego kolejnego projektu. Stw\u00f3rz osza\u0142amiaj\u0105ce drewniane wn\u0119trza dzi\u0119ki naszym drewnianym panelom \u015bciennym i sufitowym.","breadcrumb":{"@id":"https:\/\/gustafs.com\/pl\/projekty\/#breadcrumb"},"inLanguage":"pl-PL","potentialAction":[{"@type":"ReadAction","target":["https:\/\/gustafs.com\/pl\/projekty\/"]}]},{"@type":"BreadcrumbList","@id":"https:\/\/gustafs.com\/pl\/projekty\/#breadcrumb","itemListElement":[{"@type":"ListItem","position":1,"name":"Gustafs","item":"https:\/\/gustafs.com\/pl\/"},{"@type":"ListItem","position":2,"name":"Projekty"}]},{"@type":"WebSite","@id":"https:\/\/gustafs.com\/pl\/#website","url":"https:\/\/gustafs.com\/pl\/","name":"Gustafs Scandinavia","description":"Exclusive Wooden Panels And Acoustic Panels","potentialAction":[{"@type":"SearchAction","target":{"@type":"EntryPoint","urlTemplate":"https:\/\/gustafs.com\/pl\/?s={search_term_string}"},"query-input":{"@type":"PropertyValueSpecification","valueRequired":true,"valueName":"search_term_string"}}],"inLanguage":"pl-PL"}]}},"_links":{"self":[{"href":"https:\/\/gustafs.com\/pl\/wp-json\/wp\/v2\/pages\/27985","targetHints":{"allow":["GET"]}}],"collection":[{"href":"https:\/\/gustafs.com\/pl\/wp-json\/wp\/v2\/pages"}],"about":[{"href":"https:\/\/gustafs.com\/pl\/wp-json\/wp\/v2\/types\/page"}],"author":[{"embeddable":true,"href":"https:\/\/gustafs.com\/pl\/wp-json\/wp\/v2\/users\/10"}],"replies":[{"embeddable":true,"href":"https:\/\/gustafs.com\/pl\/wp-json\/wp\/v2\/comments?post=27985"}],"version-history":[{"count":0,"href":"https:\/\/gustafs.com\/pl\/wp-json\/wp\/v2\/pages\/27985\/revisions"}],"wp:attachment":[{"href":"https:\/\/gustafs.com\/pl\/wp-json\/wp\/v2\/media?parent=27985"}],"curies":[{"name":"wp","href":"https:\/\/api.w.org\/{rel}","templated":true}]}}