{"id":27971,"date":"2025-05-05T20:39:29","date_gmt":"2025-05-05T18:39:29","guid":{"rendered":"https:\/\/gustafs.com\/lokalni-przedstawiciele\/"},"modified":"2025-05-05T20:39:29","modified_gmt":"2025-05-05T18:39:29","slug":"lokalni-przedstawiciele","status":"publish","type":"page","link":"https:\/\/gustafs.com\/pl\/lokalni-przedstawiciele\/","title":{"rendered":"Lokalni przedstawiciele"},"content":{"rendered":"\n<h2 class=\"wp-block-heading\">Lokalni przedstawiciele<\/h2>\n\n<p>Gustafs eksportuje drewniane meble na ca\u0142y \u015bwiat. Skontaktuj si\u0119 z nami bezpo\u015brednio za pomoc\u0105 formularza lub znajd\u017a lokalnego przedstawiciela handlowego w swoim kraju. <\/p>\n\n<p><\/p>\n\n<a class=\"button\" href=\"https:\/\/gustafs.com\/pl\/faq-czesto-zadawane-pytania\/\">PYTANIA DOTYCZ\u0104CE PRODUKTU? ODWIED\u0179 NASZ\u0104 STRON\u0118 Z CZ\u0118STO ZADAWANYMI PYTANIAMI <\/a>\n<section class=\"icon-plus-text\">\n    <div class=\"row\">\n                        <div class=\"col-xl-6 col-lg-12\">\n            <div class=\"inner\">\n                <div class=\"image\">\n                    <img decoding=\"async\" src=\"https:\/\/gustafs.com\/wp-content\/uploads\/2022\/11\/europe.png\" alt=\"\">\n                <\/div>\n                <div class=\"content\"><p><a class=\"button\" href=\"https:\/\/gustafs.com\/local-representatives\/europe\/\">EUROPE<\/a><\/p>\n<p>Find your local European support and sales representatives.<\/p>\n<\/div>\n            <\/div>\n        <\/div>\n                        <div class=\"col-xl-6 col-lg-12\">\n            <div class=\"inner\">\n                <div class=\"image\">\n                    <img decoding=\"async\" src=\"https:\/\/gustafs.com\/wp-content\/uploads\/2022\/11\/north.png\" alt=\"\">\n                <\/div>\n                <div class=\"content\"><p><a class=\"button\" href=\"https:\/\/gustafs.com\/local-representatives\/north-america\/\">NORTH AMERICA<\/a><\/p>\n<p>Find your local North American support and sales representatives.<\/p>\n<\/div>\n            <\/div>\n        <\/div>\n                        <div class=\"col-xl-6 col-lg-12\">\n            <div class=\"inner\">\n                <div class=\"image\">\n                    <img decoding=\"async\" src=\"https:\/\/gustafs.com\/wp-content\/uploads\/2022\/11\/asia.png\" alt=\"\">\n                <\/div>\n                <div class=\"content\"><p><a class=\"button\" href=\"https:\/\/gustafs.com\/local-representatives\/asia\/\">ASIA<\/a><\/p>\n<p>Find your local Asian support and sales representatives.<\/p>\n<\/div>\n            <\/div>\n        <\/div>\n                        <div class=\"col-xl-6 col-lg-12\">\n            <div class=\"inner\">\n                <div class=\"image\">\n                    <img decoding=\"async\" src=\"https:\/\/gustafs.com\/wp-content\/uploads\/2022\/11\/middle-east.png\" alt=\"\">\n                <\/div>\n                <div class=\"content\"><p><a class=\"button\" href=\"https:\/\/gustafs.com\/local-representatives\/middle-east\/\">MIDDLE EAST<\/a><\/p>\n<p>Find your local Middle Eastern support and sales representatives.<\/p>\n<\/div>\n            <\/div>\n        <\/div>\n            <\/div>\n<\/section>\n\n<div style=\"height:100px\" aria-hidden=\"true\" class=\"wp-block-spacer\"><\/div>\n\n<a class=\"button\" href=\"https:\/\/gustafs.com\/pl\/kontakt\/\">SKONTAKTUJ SI\u0118 Z GUSTAFS<\/a>\n\r\n<section class=\"large-media\">\r\n        <div class=\"image\"><img decoding=\"async\" src=\"\" alt=\"\"><\/div>\r\n         <\/section>\r\n\n<!-- SharpSpring Form for Contact Gustafs multi options -->\n<script type=\"text\/javascript\">\n    var ss_form = {'account': 'MzawMLEwsTSwAAA', 'formID': 'SzZJTk5KNDfQTTKysNQ1STNP000yNDDWTTM3sExJNDAwTjM0BwA'};\n    ss_form.width = '100%';\n    ss_form.domain = 'app-3QNO6NBLL8.marketingautomation.services';\n    \/\/ ss_form.hidden = {'field_id': 'value'}; \/\/ Modify this for sending hidden variables, or overriding values\n    \/\/ ss_form.target_id = 'target'; \/\/ Optional parameter: forms will be placed inside the element with the specified id\n    \/\/ ss_form.polling = true; \/\/ Optional parameter: set to true ONLY if your page loads dynamically and the id needs to be polled continually.\n<\/script>\n<script type=\"text\/javascript\" src=\"https:\/\/koi-3QNO6NBLL8.marketingautomation.services\/client\/form.js?ver=2.0.1\"><\/script>\n<section class=\"icon-plus-text\">\n    <div class=\"row\">\n            <\/div>\n<\/section>\n<section class=\"icon-plus-text\">\n    <div class=\"row\">\n            <\/div>\n<\/section>\n","protected":false},"excerpt":{"rendered":"<p>Lokalni przedstawiciele Gustafs eksportuje drewniane meble na ca\u0142y \u015bwiat. Skontaktuj si\u0119 z nami bezpo\u015brednio za pomoc\u0105 formularza lub znajd\u017a lokalnego przedstawiciela handlowego w swoim kraju. PYTANIA DOTYCZ\u0104CE PRODUKTU? ODWIED\u0179 NASZ\u0104 STRON\u0118 Z CZ\u0118STO ZADAWANYMI PYTANIAMI SKONTAKTUJ SI\u0118 Z GUSTAFS<\/p>\n","protected":false},"author":10,"featured_media":0,"parent":0,"menu_order":0,"comment_status":"closed","ping_status":"closed","template":"templates\/template-local-representatives.php","meta":{"_acf_changed":false,"inline_featured_image":false,"footnotes":""},"class_list":["post-27971","page","type-page","status-publish","hentry"],"acf":[],"yoast_head":"<!-- This site is optimized with the Yoast SEO plugin v25.4 - https:\/\/yoast.com\/wordpress\/plugins\/seo\/ -->\n<title>Lokalni przedstawiciele | Gustafs Scandinavia<\/title>\n<meta name=\"description\" content=\"Nasze produkty mog\u0105 by\u0107 dostarczone w ka\u017cdy zak\u0105tek \u015bwiata. Skontaktuj si\u0119 z nami bezpo\u015brednio lub z nasz\u0105 rozleg\u0142\u0105 sieci\u0105 dealer\u00f3w.\" \/>\n<meta name=\"robots\" content=\"index, follow, max-snippet:-1, max-image-preview:large, max-video-preview:-1\" \/>\n<link rel=\"canonical\" href=\"https:\/\/gustafs.com\/pl\/lokalni-przedstawiciele\/\" \/>\n<meta property=\"og:locale\" content=\"pl_PL\" \/>\n<meta property=\"og:type\" content=\"article\" \/>\n<meta property=\"og:title\" content=\"Lokalni przedstawiciele | Gustafs Scandinavia\" \/>\n<meta property=\"og:description\" content=\"Nasze produkty mog\u0105 by\u0107 dostarczone w ka\u017cdy zak\u0105tek \u015bwiata. Skontaktuj si\u0119 z nami bezpo\u015brednio lub z nasz\u0105 rozleg\u0142\u0105 sieci\u0105 dealer\u00f3w.\" \/>\n<meta property=\"og:url\" content=\"https:\/\/gustafs.com\/pl\/lokalni-przedstawiciele\/\" \/>\n<meta property=\"og:site_name\" content=\"Gustafs Scandinavia\" \/>\n<meta name=\"twitter:card\" content=\"summary_large_image\" \/>\n<script type=\"application\/ld+json\" class=\"yoast-schema-graph\">{\"@context\":\"https:\/\/schema.org\",\"@graph\":[{\"@type\":\"WebPage\",\"@id\":\"https:\/\/gustafs.com\/pl\/lokalni-przedstawiciele\/\",\"url\":\"https:\/\/gustafs.com\/pl\/lokalni-przedstawiciele\/\",\"name\":\"Lokalni przedstawiciele | Gustafs Scandinavia\",\"isPartOf\":{\"@id\":\"https:\/\/gustafs.com\/pl\/#website\"},\"datePublished\":\"2025-05-05T18:39:29+00:00\",\"description\":\"Nasze produkty mog\u0105 by\u0107 dostarczone w ka\u017cdy zak\u0105tek \u015bwiata. Skontaktuj si\u0119 z nami bezpo\u015brednio lub z nasz\u0105 rozleg\u0142\u0105 sieci\u0105 dealer\u00f3w.\",\"breadcrumb\":{\"@id\":\"https:\/\/gustafs.com\/pl\/lokalni-przedstawiciele\/#breadcrumb\"},\"inLanguage\":\"pl-PL\",\"potentialAction\":[{\"@type\":\"ReadAction\",\"target\":[\"https:\/\/gustafs.com\/pl\/lokalni-przedstawiciele\/\"]}]},{\"@type\":\"BreadcrumbList\",\"@id\":\"https:\/\/gustafs.com\/pl\/lokalni-przedstawiciele\/#breadcrumb\",\"itemListElement\":[{\"@type\":\"ListItem\",\"position\":1,\"name\":\"Gustafs\",\"item\":\"https:\/\/gustafs.com\/pl\/\"},{\"@type\":\"ListItem\",\"position\":2,\"name\":\"Lokalni przedstawiciele\"}]},{\"@type\":\"WebSite\",\"@id\":\"https:\/\/gustafs.com\/pl\/#website\",\"url\":\"https:\/\/gustafs.com\/pl\/\",\"name\":\"Gustafs Scandinavia\",\"description\":\"Exclusive Wooden Panels And Acoustic Panels\",\"potentialAction\":[{\"@type\":\"SearchAction\",\"target\":{\"@type\":\"EntryPoint\",\"urlTemplate\":\"https:\/\/gustafs.com\/pl\/?s={search_term_string}\"},\"query-input\":{\"@type\":\"PropertyValueSpecification\",\"valueRequired\":true,\"valueName\":\"search_term_string\"}}],\"inLanguage\":\"pl-PL\"}]}<\/script>\n<!-- \/ Yoast SEO plugin. -->","yoast_head_json":{"title":"Lokalni przedstawiciele | Gustafs Scandinavia","description":"Nasze produkty mog\u0105 by\u0107 dostarczone w ka\u017cdy zak\u0105tek \u015bwiata. Skontaktuj si\u0119 z nami bezpo\u015brednio lub z nasz\u0105 rozleg\u0142\u0105 sieci\u0105 dealer\u00f3w.","robots":{"index":"index","follow":"follow","max-snippet":"max-snippet:-1","max-image-preview":"max-image-preview:large","max-video-preview":"max-video-preview:-1"},"canonical":"https:\/\/gustafs.com\/pl\/lokalni-przedstawiciele\/","og_locale":"pl_PL","og_type":"article","og_title":"Lokalni przedstawiciele | Gustafs Scandinavia","og_description":"Nasze produkty mog\u0105 by\u0107 dostarczone w ka\u017cdy zak\u0105tek \u015bwiata. Skontaktuj si\u0119 z nami bezpo\u015brednio lub z nasz\u0105 rozleg\u0142\u0105 sieci\u0105 dealer\u00f3w.","og_url":"https:\/\/gustafs.com\/pl\/lokalni-przedstawiciele\/","og_site_name":"Gustafs Scandinavia","twitter_card":"summary_large_image","schema":{"@context":"https:\/\/schema.org","@graph":[{"@type":"WebPage","@id":"https:\/\/gustafs.com\/pl\/lokalni-przedstawiciele\/","url":"https:\/\/gustafs.com\/pl\/lokalni-przedstawiciele\/","name":"Lokalni przedstawiciele | Gustafs Scandinavia","isPartOf":{"@id":"https:\/\/gustafs.com\/pl\/#website"},"datePublished":"2025-05-05T18:39:29+00:00","description":"Nasze produkty mog\u0105 by\u0107 dostarczone w ka\u017cdy zak\u0105tek \u015bwiata. Skontaktuj si\u0119 z nami bezpo\u015brednio lub z nasz\u0105 rozleg\u0142\u0105 sieci\u0105 dealer\u00f3w.","breadcrumb":{"@id":"https:\/\/gustafs.com\/pl\/lokalni-przedstawiciele\/#breadcrumb"},"inLanguage":"pl-PL","potentialAction":[{"@type":"ReadAction","target":["https:\/\/gustafs.com\/pl\/lokalni-przedstawiciele\/"]}]},{"@type":"BreadcrumbList","@id":"https:\/\/gustafs.com\/pl\/lokalni-przedstawiciele\/#breadcrumb","itemListElement":[{"@type":"ListItem","position":1,"name":"Gustafs","item":"https:\/\/gustafs.com\/pl\/"},{"@type":"ListItem","position":2,"name":"Lokalni przedstawiciele"}]},{"@type":"WebSite","@id":"https:\/\/gustafs.com\/pl\/#website","url":"https:\/\/gustafs.com\/pl\/","name":"Gustafs Scandinavia","description":"Exclusive Wooden Panels And Acoustic Panels","potentialAction":[{"@type":"SearchAction","target":{"@type":"EntryPoint","urlTemplate":"https:\/\/gustafs.com\/pl\/?s={search_term_string}"},"query-input":{"@type":"PropertyValueSpecification","valueRequired":true,"valueName":"search_term_string"}}],"inLanguage":"pl-PL"}]}},"_links":{"self":[{"href":"https:\/\/gustafs.com\/pl\/wp-json\/wp\/v2\/pages\/27971","targetHints":{"allow":["GET"]}}],"collection":[{"href":"https:\/\/gustafs.com\/pl\/wp-json\/wp\/v2\/pages"}],"about":[{"href":"https:\/\/gustafs.com\/pl\/wp-json\/wp\/v2\/types\/page"}],"author":[{"embeddable":true,"href":"https:\/\/gustafs.com\/pl\/wp-json\/wp\/v2\/users\/10"}],"replies":[{"embeddable":true,"href":"https:\/\/gustafs.com\/pl\/wp-json\/wp\/v2\/comments?post=27971"}],"version-history":[{"count":1,"href":"https:\/\/gustafs.com\/pl\/wp-json\/wp\/v2\/pages\/27971\/revisions"}],"predecessor-version":[{"id":27977,"href":"https:\/\/gustafs.com\/pl\/wp-json\/wp\/v2\/pages\/27971\/revisions\/27977"}],"wp:attachment":[{"href":"https:\/\/gustafs.com\/pl\/wp-json\/wp\/v2\/media?parent=27971"}],"curies":[{"name":"wp","href":"https:\/\/api.w.org\/{rel}","templated":true}]}}