{"id":27967,"date":"2025-05-05T20:19:35","date_gmt":"2025-05-05T18:19:35","guid":{"rendered":"https:\/\/gustafs.com\/polityka-plikow-cookie\/"},"modified":"2025-05-05T20:19:37","modified_gmt":"2025-05-05T18:19:37","slug":"polityka-plikow-cookie","status":"publish","type":"page","link":"https:\/\/gustafs.com\/pl\/polityka-plikow-cookie\/","title":{"rendered":"Polityka plik\u00f3w cookie"},"content":{"rendered":"\n<p><\/p>\n\n<div class=\"wp-block-columns is-layout-flex wp-container-core-columns-is-layout-9d6595d7 wp-block-columns-is-layout-flex\">\n<div class=\"wp-block-column is-layout-flow wp-block-column-is-layout-flow\" style=\"flex-basis:15%\"><\/div>\n\n\n\n<div class=\"wp-block-column is-layout-flow wp-block-column-is-layout-flow\" style=\"flex-basis:70%\">\n<h2 class=\"wp-block-heading\">Czym s\u0105 pliki cookie?<\/h2>\n\n\n\n<p>Pliki cookie to ma\u0142e pliki tekstowe zawieraj\u0105ce ci\u0105g znak\u00f3w, kt\u00f3re mog\u0105 by\u0107 umieszczone na komputerze lub urz\u0105dzeniu mobilnym u\u017cytkownika, a kt\u00f3re jednoznacznie identyfikuj\u0105 przegl\u0105dark\u0119 lub urz\u0105dzenie. Do czego s\u0142u\u017c\u0105 pliki cookie? <\/p>\n\n\n\n<p>Pliki cookie pozwalaj\u0105 witrynie lub us\u0142ugom dowiedzie\u0107 si\u0119, czy komputer lub urz\u0105dzenie u\u017cytkownika odwiedzi\u0142o wcze\u015bniej t\u0119 witryn\u0119 lub us\u0142ug\u0119. Pliki cookie mog\u0105 by\u0107 nast\u0119pnie wykorzystywane do zrozumienia, w jaki spos\u00f3b witryna lub us\u0142uga jest u\u017cywana, pomagaj\u0105 w efektywnym poruszaniu si\u0119 mi\u0119dzy stronami, pomagaj\u0105 zapami\u0119ta\u0107 preferencje u\u017cytkownika i og\u00f3lnie poprawiaj\u0105 komfort przegl\u0105dania. Pliki cookie mog\u0105 r\u00f3wnie\u017c pom\u00f3c w zapewnieniu, \u017ce materia\u0142y marketingowe, kt\u00f3re widzisz w Internecie, s\u0105 bardziej odpowiednie dla Ciebie i Twoich zainteresowa\u0144.  <\/p>\n\n\n\n<p><a href=\"javascript:%20Cookiebot.renew()\" class=\"button\">ZMIE\u0143 USTAWIENIA PLIK\u00d3W COOKIE<\/a><\/p>\n\n\n\n<h3 class=\"wp-block-heading\">Jakiego rodzaju plik\u00f3w cookie u\u017cywa Gustafs?<\/h3>\n\n\n\n<p>Og\u00f3lnie rzecz bior\u0105c, istniej\u0105 cztery kategorie plik\u00f3w cookie: &#8222;Absolutnie niezb\u0119dne&#8221;, &#8222;Wydajno\u015bciowe&#8221;, &#8222;Funkcjonalne&#8221; i &#8222;Ukierunkowane&#8221;. Gustafs rutynowo korzysta ze wszystkich czterech kategorii plik\u00f3w cookie w Serwisie. Wi\u0119cej informacji na temat ka\u017cdej kategorii plik\u00f3w cookie mo\u017cna znale\u017a\u0107 poni\u017cej.  <\/p>\n\n\n\n<h4 class=\"wp-block-heading\">1. Niezb\u0119dne pliki cookie.<\/h4>\n\n\n\n<p>Te pliki cookie s\u0105 niezb\u0119dne, poniewa\u017c umo\u017cliwiaj\u0105 poruszanie si\u0119 po Serwisie i korzystanie z jego funkcji, takich jak dost\u0119p do zalogowanych lub bezpiecznych obszar\u00f3w.<\/p>\n\n\n\n<h5 class=\"wp-block-heading\">Gustafs.com<\/h5>\n\n\n\n<figure class=\"wp-block-table\"><table><tbody><tr><td>PHPSESSID (Identyfikator J\u0119zyka Podstawowego)<\/td><td>Jest to Gustafs.com &#8222;sesyjny&#8221; plik cookie. Okre\u015bla, czy u\u017cytkownik jest zalogowany, czy nie. <\/td><\/tr><\/tbody><\/table><\/figure>\n\n\n\n<p><\/p>\n\n\n\n<h4 class=\"wp-block-heading\">2. Wydajno\u015bciowe pliki cookie.  <\/h4>\n\n\n\n<p>Te pliki cookie gromadz\u0105 informacje o tym, w jaki spos\u00f3b u\u017cytkownik korzysta\u0142 z Us\u0142ugi, na przyk\u0142ad informacje zwi\u0105zane z podan\u0105 przez niego unikaln\u0105 nazw\u0105 u\u017cytkownika, dzi\u0119ki czemu nasza infrastruktura zaplecza jest mniej obci\u0105\u017cona. Te pliki cookie mog\u0105 by\u0107 r\u00f3wnie\u017c wykorzystywane, aby umo\u017cliwi\u0107 nam dowiedzenie si\u0119, \u017ce u\u017cytkownik si\u0119 zalogowa\u0142, aby\u015bmy mogli wy\u015bwietla\u0107 mu \u015bwie\u017csze tre\u015bci ni\u017c u\u017cytkownik, kt\u00f3ry nigdy si\u0119 nie logowa\u0142. U\u017cywamy r\u00f3wnie\u017c plik\u00f3w cookie do \u015bledzenia zagregowanego korzystania z Us\u0142ugi oraz eksperymentowania z nowymi funkcjami i zmianami w Us\u0142udze. Zebrane informacje s\u0105 wykorzystywane w celu poprawy dzia\u0142ania Us\u0142ugi.   <\/p>\n\n\n\n<p><\/p>\n\n\n\n<h5 class=\"wp-block-heading\">Analityka Google<\/h5>\n\n\n\n<figure class=\"wp-block-table\"><table class=\"has-fixed-layout\"><tbody><tr><td>__utma<br\/>__utmb<br\/>__utmc<br\/>__utmz<br\/>___utmv<\/td><td>R\u00f3\u017cny czas trwania: mieszanka &#8222;sesyjnych&#8221; i &#8222;trwa\u0142ych&#8221; plik\u00f3w cookie trwaj\u0105cych 30 minut, 6 miesi\u0119cy lub 1-2 lata. Anonimowo \u015bledzi korzystanie ze strony internetowej. Te pliki cookie s\u0105 ustawiane lub aktualizowane na ka\u017cdej odwiedzanej stronie. Zobacz <a href=\"https:\/\/developers.google.com\/analytics\/devguides\/collection\/analyticsjs\/cookie-usage\">tutaj<\/a> , aby uzyska\u0107 szczeg\u00f3\u0142owe informacje. Ustawianych jest kilka plik\u00f3w cookie, ale wszystkie s\u0142u\u017c\u0105 temu samemu celowi: sprawdzaniu, w jaki spos\u00f3b u\u017cytkownicy dotarli do witryny i z niej korzystali, w tym z wyszukiwanych hase\u0142 i witryn odsy\u0142aj\u0105cych.    <\/td><\/tr><\/tbody><\/table><\/figure>\n\n\n\n<p><\/p>\n\n\n\n<h5 class=\"wp-block-heading\">Gor\u0105cy s\u0142oik<\/h5>\n\n\n\n<figure class=\"wp-block-table\"><table><tbody><tr><td>_hjIncludedInSample_hjMinimizedPolls_hjUserId_hjDonePolls<\/td><td>R\u00f3\u017cny czas trwania: mieszanka &#8222;sesyjnych&#8221; i &#8222;trwa\u0142ych&#8221; plik\u00f3w cookie trwaj\u0105cych 30 minut, 6 miesi\u0119cy lub 1-2 lata. Hotjar to narz\u0119dzie analityczne i opiniotw\u00f3rcze, kt\u00f3rego u\u017cywamy, aby zrozumie\u0107, w jaki spos\u00f3b nasza strona internetowa jest u\u017cywana i poprawi\u0107 jej u\u017cyteczno\u015b\u0107. Hotjar ustawia pliki cookie, aby pom\u00f3c nam \u015bledzi\u0107 zachowanie na stronach i kontrolowa\u0107 ankiety odwiedzaj\u0105cych. Pliki cookie nie zawieraj\u0105 \u017cadnych danych osobowych.<br\/>Aby dowiedzie\u0107 si\u0119 wi\u0119cej o plikach cookie Hotjar i o tym, jak je kontrolowa\u0107, przejd\u017a do<br\/>http:\/\/docs.hotjar.com\/docs\/cookies-stored-by-hotjar   <\/td><\/tr><\/tbody><\/table><\/figure>\n\n\n\n<p><\/p>\n\n\n\n<h4 class=\"wp-block-heading\">3. Funkcjonalne pliki cookie.  <\/h4>\n\n\n\n<p>Te pliki cookie pozwalaj\u0105 nam zapami\u0119ta\u0107, w jaki spos\u00f3b u\u017cytkownik jest zalogowany, czy zdecydowa\u0142 si\u0119 nie widzie\u0107 ju\u017c reklam, czy dokona\u0142 edycji artyku\u0142u w Serwisie po wylogowaniu, kiedy si\u0119 zalogowa\u0142 lub wylogowa\u0142, stan lub histori\u0119 narz\u0119dzi Serwisu, z kt\u00f3rych korzysta\u0142. Te pliki cookie pozwalaj\u0105 nam r\u00f3wnie\u017c dostosowa\u0107 Us\u0142ug\u0119 w celu zapewnienia u\u017cytkownikowi ulepszonych funkcji i tre\u015bci oraz zapami\u0119ta\u0107, w jaki spos\u00f3b u\u017cytkownik dostosowa\u0142 Us\u0142ug\u0119 w inny spos\u00f3b, na przyk\u0142ad dostosowuj\u0105c paski narz\u0119dzi, kt\u00f3re oferujemy w prawej kolumnie ka\u017cdej strony. Informacje gromadzone przez te pliki cookie mog\u0105 by\u0107 anonimowe i nie s\u0105 wykorzystywane do \u015bledzenia aktywno\u015bci przegl\u0105dania w innych witrynach lub us\u0142ugach.  <\/p>\n\n\n\n<p><\/p>\n\n\n\n<h4 class=\"wp-block-heading\">4. Pliki cookie do targetowania.  <\/h4>\n\n\n\n<p>Gustafs, nasi partnerzy reklamowi lub inni partnerzy zewn\u0119trzni mog\u0105 u\u017cywa\u0107 tego typu plik\u00f3w cookie do dostarczania reklam odpowiadaj\u0105cych Twoim zainteresowaniom. Te pliki cookie mog\u0105 zapami\u0119tywa\u0107, \u017ce Twoje urz\u0105dzenie odwiedzi\u0142o witryn\u0119 lub us\u0142ug\u0119, a tak\u017ce mog\u0105 by\u0107 w stanie \u015bledzi\u0107 aktywno\u015b\u0107 przegl\u0105dania Twojego urz\u0105dzenia w innych witrynach lub us\u0142ugach innych ni\u017c Gustafs. Informacje te mog\u0105 by\u0107 udost\u0119pniane organizacjom spoza firmy Gustafs, takim jak reklamodawcy i\/lub sieci reklamowe w celu dostarczania reklam i pomocy w mierzeniu skuteczno\u015bci kampanii reklamowej, lub innym partnerom biznesowym w celu dostarczania zbiorczych statystyk korzystania z Us\u0142ugi i zbiorczego testowania Us\u0142ugi.  <\/p>\n\n\n\n<p><\/p>\n\n\n\n<h5 class=\"wp-block-heading\">Aktualno\u015bci<\/h5>\n\n\n\n<figure class=\"wp-block-table\"><table class=\"has-fixed-layout\"><tbody><tr><td>Xs<br\/>bia\u0142y karze\u0142<br\/>js_ver<br\/>o<br\/>Pl<br\/>datr (datr)<br\/>Sb<br\/>PresenceAct (Akt obecno\u015bci)<br\/>c_user<\/td><td>R\u00f3\u017cny czas trwania: mieszanka &#8222;sesyjnych&#8221; i &#8222;trwa\u0142ych&#8221; plik\u00f3w cookie trwaj\u0105cych 30 minut, 6 miesi\u0119cy lub 1-2 lata.<br\/>Te pliki cookie, dostarczane przez Facebooka, s\u0105 ustawiane, gdy odwiedzaj\u0105cy jest zalogowany lub w inny spos\u00f3b korzysta z ich us\u0142ug. Dzi\u0119ki temu u\u017cytkownik mo\u017ce \u0142atwo skomentowa\u0107 lub udost\u0119pni\u0107 artyku\u0142 swoim r\u00f3wie\u015bnikom za po\u015brednictwem sieci spo\u0142eczno\u015bciowej. Aby dowiedzie\u0107 si\u0119 wi\u0119cej o plikach cookie Facebooka i o tym, jak je kontrolowa\u0107, przejd\u017a do http:\/\/www.facebook.com\/about\/privacy\/  <\/td><\/tr><\/tbody><\/table><\/figure>\n\n\n\n<h5 class=\"wp-block-heading\">Dwukrotne klikni\u0119cie<\/h5>\n\n\n\n<figure class=\"wp-block-table\"><table class=\"has-fixed-layout\"><tbody><tr><td>Identyfikator DSID<br\/>IDE<\/td><td>R\u00f3\u017cny czas trwania: mieszanka &#8222;sesyjnych&#8221; i &#8222;trwa\u0142ych&#8221; plik\u00f3w cookie trwaj\u0105cych 30 minut, 6 miesi\u0119cy lub 1-2 lata. Optymalizuj i wy\u015bwietlaj reklamy na podstawie wcze\u015bniejszych wizyt u\u017cytkownika w naszej witrynie i raportuj, w jaki spos\u00f3b wy\u015bwietlenia reklam, inne sposoby korzystania z us\u0142ug reklamowych oraz interakcje z tymi wy\u015bwietleniami reklam i us\u0142ugami reklamowymi s\u0105 powi\u0105zane z wizytami w naszej witrynie. Aby dowiedzie\u0107 si\u0119 wi\u0119cej o plikach cookie DoubleClick i o tym, jak je kontrolowa\u0107, przejd\u017a do http:\/\/www.google.com\/policies\/technologies\/ads\/ <\/td><\/tr><\/tbody><\/table><\/figure>\n\n\n\n<h5 class=\"wp-block-heading\">Linkedin (Linkedin)<\/h5>\n\n\n\n<figure class=\"wp-block-table\"><table class=\"has-fixed-layout\"><tbody><tr><td>BizoUserMatchHistory<br\/>Historia mecz\u00f3w u\u017cytkownik\u00f3w<br\/>Lang<br\/>BizoID (Identyfikator Bia\u0142ka)<br\/>_lipt<br\/>Lang<br\/>Lidc<br\/>Plik BCOOKIE<\/td><td>R\u00f3\u017cny czas trwania: mieszanka &#8222;sesyjnych&#8221; i &#8222;trwa\u0142ych&#8221; plik\u00f3w cookie trwaj\u0105cych 30 minut, 6 miesi\u0119cy lub 1-2 lata. Pliki cookie LinkedIn do cel\u00f3w reklamy opartej na zainteresowaniach. Aby dowiedzie\u0107 si\u0119 wi\u0119cej o plikach cookie Linkedin i o tym, jak je kontrolowa\u0107, przejd\u017a do http:\/\/www.linkedin.com\/legal\/cookie_policy  <\/td><\/tr><\/tbody><\/table><\/figure>\n\n\n\n<p><\/p>\n\n\n\n<h4 class=\"wp-block-heading\">Jak d\u0142ugo pliki cookie pozostan\u0105 na moim urz\u0105dzeniu?<\/h4>\n\n\n\n<p>Czas, przez jaki plik cookie pozostaje na komputerze lub urz\u0105dzeniu mobilnym u\u017cytkownika, zale\u017cy od tego, czy jest to plik cookie &#8222;trwa\u0142y&#8221; czy &#8222;sesyjny&#8221;. Sesyjne pliki cookie pozostan\u0105 na Twoim urz\u0105dzeniu tylko do momentu zako\u0144czenia przegl\u0105dania. Trwa\u0142e pliki cookie pozostaj\u0105 na komputerze lub urz\u0105dzeniu mobilnym do momentu ich wyga\u015bni\u0119cia lub usuni\u0119cia.  <\/p>\n\n\n\n<h4 class=\"wp-block-heading\">W\u0142asne pliki cookie i pliki cookie stron trzecich<\/h4>\n\n\n\n<p>W\u0142asne pliki cookie to pliki cookie nale\u017c\u0105ce do Gustafs, pliki cookie stron trzecich to pliki cookie, kt\u00f3re inna strona umieszcza na Twoim urz\u0105dzeniu za po\u015brednictwem naszej Us\u0142ugi. Pliki cookie stron trzecich mog\u0105 by\u0107 umieszczane na Twoim urz\u0105dzeniu przez osob\u0119 \u015bwiadcz\u0105c\u0105 us\u0142ugi dla Gustafs, na przyk\u0142ad w celu zrozumienia sposobu korzystania z naszej us\u0142ugi. Pliki cookie stron trzecich mog\u0105 by\u0107 r\u00f3wnie\u017c umieszczane na Twoim urz\u0105dzeniu przez naszych partner\u00f3w biznesowych, aby mogli ich u\u017cywa\u0107 do reklamowania Ci produkt\u00f3w i us\u0142ug w innych miejscach w Internecie.  <\/p>\n\n\n\n<h4 class=\"wp-block-heading\">Jak kontrolowa\u0107 i usuwa\u0107 pliki cookie<\/h4>\n\n\n\n<p>Mo\u017cesz jednak wy\u0142\u0105czy\u0107 pliki cookie na tej stronie i na innych. Najskuteczniejszym sposobem, aby to zrobi\u0107, jest wy\u0142\u0105czenie plik\u00f3w cookie w przegl\u0105darce. Sugerujemy zapoznanie si\u0119 z sekcj\u0105 Pomoc przegl\u0105darki lub zajrzenie na stron\u0119 internetow\u0105 Informacje o plikach cookie <a href=\"http:\/\/www.allaboutcookies.org\/\">www.allaboutcookies.org<\/a> kt\u00f3ra zawiera wskaz\u00f3wki dotycz\u0105ce wszystkich nowoczesnych przegl\u0105darek.  <\/p>\n\n\n\n<p><\/p>\n\n\n\n<h4 class=\"wp-block-heading\">Pliki cookie z naszego <a href=\"https:\/\/www.funnelbud.com\/en\/sharpspring\/\" target=\"_blank\" rel=\"noreferrer noopener\">systemu CRM i Marketing Automation<\/a><\/h4>\n\n\n\n<p>Wykorzystujemy nasz system CRM i Marketing Automation do komunikacji z naszymi potencjalnymi i obecnymi klientami. Oto nazwy tworzonych przez niego plik\u00f3w cookie: <\/p>\n\n\n\n<ul class=\"wp-block-list\"><li>Koitk powiedzia\u0142:<\/li><li>__\u00df<\/li><li>__ss_tk<\/li><li>__ss_referrer<\/li><\/ul>\n<\/div>\n\n\n\n<div class=\"wp-block-column is-layout-flow wp-block-column-is-layout-flow\" style=\"flex-basis:15%\"><\/div>\n<\/div>\n\n<p><\/p>\n","protected":false},"excerpt":{"rendered":"<p>Czym s\u0105 pliki cookie? Pliki cookie to ma\u0142e pliki tekstowe zawieraj\u0105ce ci\u0105g znak\u00f3w, kt\u00f3re mog\u0105 by\u0107 umieszczone na komputerze lub urz\u0105dzeniu mobilnym u\u017cytkownika, a kt\u00f3re jednoznacznie identyfikuj\u0105 przegl\u0105dark\u0119 lub urz\u0105dzenie. Do czego s\u0142u\u017c\u0105 pliki cookie? Pliki cookie pozwalaj\u0105 witrynie lub us\u0142ugom dowiedzie\u0107 si\u0119, czy komputer lub urz\u0105dzenie u\u017cytkownika odwiedzi\u0142o wcze\u015bniej t\u0119 witryn\u0119 lub us\u0142ug\u0119. Pliki [&hellip;]<\/p>\n","protected":false},"author":5,"featured_media":0,"parent":0,"menu_order":0,"comment_status":"closed","ping_status":"closed","template":"","meta":{"_acf_changed":false,"inline_featured_image":false,"footnotes":""},"class_list":["post-27967","page","type-page","status-publish","hentry"],"acf":[],"yoast_head":"<!-- This site is optimized with the Yoast SEO plugin v25.4 - https:\/\/yoast.com\/wordpress\/plugins\/seo\/ -->\n<title>Polityka plik\u00f3w cookie | Gustafs Scandinavia<\/title>\n<meta name=\"robots\" content=\"index, follow, max-snippet:-1, max-image-preview:large, max-video-preview:-1\" \/>\n<link rel=\"canonical\" href=\"https:\/\/gustafs.com\/pl\/polityka-plikow-cookie\/\" \/>\n<meta property=\"og:locale\" content=\"pl_PL\" \/>\n<meta property=\"og:type\" content=\"article\" \/>\n<meta property=\"og:title\" content=\"Polityka plik\u00f3w cookie | Gustafs Scandinavia\" \/>\n<meta property=\"og:description\" content=\"Czym s\u0105 pliki cookie? Pliki cookie to ma\u0142e pliki tekstowe zawieraj\u0105ce ci\u0105g znak\u00f3w, kt\u00f3re mog\u0105 by\u0107 umieszczone na komputerze lub urz\u0105dzeniu mobilnym u\u017cytkownika, a kt\u00f3re jednoznacznie identyfikuj\u0105 przegl\u0105dark\u0119 lub urz\u0105dzenie. Do czego s\u0142u\u017c\u0105 pliki cookie? Pliki cookie pozwalaj\u0105 witrynie lub us\u0142ugom dowiedzie\u0107 si\u0119, czy komputer lub urz\u0105dzenie u\u017cytkownika odwiedzi\u0142o wcze\u015bniej t\u0119 witryn\u0119 lub us\u0142ug\u0119. Pliki [&hellip;]\" \/>\n<meta property=\"og:url\" content=\"https:\/\/gustafs.com\/pl\/polityka-plikow-cookie\/\" \/>\n<meta property=\"og:site_name\" content=\"Gustafs Scandinavia\" \/>\n<meta property=\"article:modified_time\" content=\"2025-05-05T18:19:37+00:00\" \/>\n<meta name=\"twitter:card\" content=\"summary_large_image\" \/>\n<meta name=\"twitter:label1\" content=\"Szacowany czas czytania\" \/>\n\t<meta name=\"twitter:data1\" content=\"7 minut\" \/>\n<script type=\"application\/ld+json\" class=\"yoast-schema-graph\">{\"@context\":\"https:\/\/schema.org\",\"@graph\":[{\"@type\":\"WebPage\",\"@id\":\"https:\/\/gustafs.com\/pl\/polityka-plikow-cookie\/\",\"url\":\"https:\/\/gustafs.com\/pl\/polityka-plikow-cookie\/\",\"name\":\"Polityka plik\u00f3w cookie | Gustafs Scandinavia\",\"isPartOf\":{\"@id\":\"https:\/\/gustafs.com\/pl\/#website\"},\"datePublished\":\"2025-05-05T18:19:35+00:00\",\"dateModified\":\"2025-05-05T18:19:37+00:00\",\"breadcrumb\":{\"@id\":\"https:\/\/gustafs.com\/pl\/polityka-plikow-cookie\/#breadcrumb\"},\"inLanguage\":\"pl-PL\",\"potentialAction\":[{\"@type\":\"ReadAction\",\"target\":[\"https:\/\/gustafs.com\/pl\/polityka-plikow-cookie\/\"]}]},{\"@type\":\"BreadcrumbList\",\"@id\":\"https:\/\/gustafs.com\/pl\/polityka-plikow-cookie\/#breadcrumb\",\"itemListElement\":[{\"@type\":\"ListItem\",\"position\":1,\"name\":\"Gustafs\",\"item\":\"https:\/\/gustafs.com\/pl\/\"},{\"@type\":\"ListItem\",\"position\":2,\"name\":\"Polityka plik\u00f3w cookie\"}]},{\"@type\":\"WebSite\",\"@id\":\"https:\/\/gustafs.com\/pl\/#website\",\"url\":\"https:\/\/gustafs.com\/pl\/\",\"name\":\"Gustafs Scandinavia\",\"description\":\"Exclusive Wooden Panels And Acoustic Panels\",\"potentialAction\":[{\"@type\":\"SearchAction\",\"target\":{\"@type\":\"EntryPoint\",\"urlTemplate\":\"https:\/\/gustafs.com\/pl\/?s={search_term_string}\"},\"query-input\":{\"@type\":\"PropertyValueSpecification\",\"valueRequired\":true,\"valueName\":\"search_term_string\"}}],\"inLanguage\":\"pl-PL\"}]}<\/script>\n<!-- \/ Yoast SEO plugin. -->","yoast_head_json":{"title":"Polityka plik\u00f3w cookie | Gustafs Scandinavia","robots":{"index":"index","follow":"follow","max-snippet":"max-snippet:-1","max-image-preview":"max-image-preview:large","max-video-preview":"max-video-preview:-1"},"canonical":"https:\/\/gustafs.com\/pl\/polityka-plikow-cookie\/","og_locale":"pl_PL","og_type":"article","og_title":"Polityka plik\u00f3w cookie | Gustafs Scandinavia","og_description":"Czym s\u0105 pliki cookie? Pliki cookie to ma\u0142e pliki tekstowe zawieraj\u0105ce ci\u0105g znak\u00f3w, kt\u00f3re mog\u0105 by\u0107 umieszczone na komputerze lub urz\u0105dzeniu mobilnym u\u017cytkownika, a kt\u00f3re jednoznacznie identyfikuj\u0105 przegl\u0105dark\u0119 lub urz\u0105dzenie. Do czego s\u0142u\u017c\u0105 pliki cookie? Pliki cookie pozwalaj\u0105 witrynie lub us\u0142ugom dowiedzie\u0107 si\u0119, czy komputer lub urz\u0105dzenie u\u017cytkownika odwiedzi\u0142o wcze\u015bniej t\u0119 witryn\u0119 lub us\u0142ug\u0119. Pliki [&hellip;]","og_url":"https:\/\/gustafs.com\/pl\/polityka-plikow-cookie\/","og_site_name":"Gustafs Scandinavia","article_modified_time":"2025-05-05T18:19:37+00:00","twitter_card":"summary_large_image","twitter_misc":{"Szacowany czas czytania":"7 minut"},"schema":{"@context":"https:\/\/schema.org","@graph":[{"@type":"WebPage","@id":"https:\/\/gustafs.com\/pl\/polityka-plikow-cookie\/","url":"https:\/\/gustafs.com\/pl\/polityka-plikow-cookie\/","name":"Polityka plik\u00f3w cookie | Gustafs Scandinavia","isPartOf":{"@id":"https:\/\/gustafs.com\/pl\/#website"},"datePublished":"2025-05-05T18:19:35+00:00","dateModified":"2025-05-05T18:19:37+00:00","breadcrumb":{"@id":"https:\/\/gustafs.com\/pl\/polityka-plikow-cookie\/#breadcrumb"},"inLanguage":"pl-PL","potentialAction":[{"@type":"ReadAction","target":["https:\/\/gustafs.com\/pl\/polityka-plikow-cookie\/"]}]},{"@type":"BreadcrumbList","@id":"https:\/\/gustafs.com\/pl\/polityka-plikow-cookie\/#breadcrumb","itemListElement":[{"@type":"ListItem","position":1,"name":"Gustafs","item":"https:\/\/gustafs.com\/pl\/"},{"@type":"ListItem","position":2,"name":"Polityka plik\u00f3w cookie"}]},{"@type":"WebSite","@id":"https:\/\/gustafs.com\/pl\/#website","url":"https:\/\/gustafs.com\/pl\/","name":"Gustafs Scandinavia","description":"Exclusive Wooden Panels And Acoustic Panels","potentialAction":[{"@type":"SearchAction","target":{"@type":"EntryPoint","urlTemplate":"https:\/\/gustafs.com\/pl\/?s={search_term_string}"},"query-input":{"@type":"PropertyValueSpecification","valueRequired":true,"valueName":"search_term_string"}}],"inLanguage":"pl-PL"}]}},"_links":{"self":[{"href":"https:\/\/gustafs.com\/pl\/wp-json\/wp\/v2\/pages\/27967","targetHints":{"allow":["GET"]}}],"collection":[{"href":"https:\/\/gustafs.com\/pl\/wp-json\/wp\/v2\/pages"}],"about":[{"href":"https:\/\/gustafs.com\/pl\/wp-json\/wp\/v2\/types\/page"}],"author":[{"embeddable":true,"href":"https:\/\/gustafs.com\/pl\/wp-json\/wp\/v2\/users\/5"}],"replies":[{"embeddable":true,"href":"https:\/\/gustafs.com\/pl\/wp-json\/wp\/v2\/comments?post=27967"}],"version-history":[{"count":1,"href":"https:\/\/gustafs.com\/pl\/wp-json\/wp\/v2\/pages\/27967\/revisions"}],"predecessor-version":[{"id":27970,"href":"https:\/\/gustafs.com\/pl\/wp-json\/wp\/v2\/pages\/27967\/revisions\/27970"}],"wp:attachment":[{"href":"https:\/\/gustafs.com\/pl\/wp-json\/wp\/v2\/media?parent=27967"}],"curies":[{"name":"wp","href":"https:\/\/api.w.org\/{rel}","templated":true}]}}