{"id":27965,"date":"2025-05-05T20:19:33","date_gmt":"2025-05-05T18:19:33","guid":{"rendered":"https:\/\/gustafs.com\/polityka-prywatnosci\/"},"modified":"2025-05-05T20:19:37","modified_gmt":"2025-05-05T18:19:37","slug":"polityka-prywatnosci","status":"publish","type":"page","link":"https:\/\/gustafs.com\/pl\/polityka-prywatnosci\/","title":{"rendered":"Polityka prywatno\u015bci"},"content":{"rendered":"\n<div class=\"wp-block-columns is-layout-flex wp-container-core-columns-is-layout-9d6595d7 wp-block-columns-is-layout-flex\">\n<div class=\"wp-block-column is-layout-flow wp-block-column-is-layout-flow\" style=\"flex-basis:15%\"><\/div>\n\n\n\n<div class=\"wp-block-column is-layout-flow wp-block-column-is-layout-flow\" style=\"flex-basis:70%\">\n<p><\/p>\n\n\n\n<h1 class=\"wp-block-heading\">Polityka prywatno\u015bci<\/h1>\n\n\n\n<p>W Gustafs Scandinavia dok\u0142adamy wszelkich stara\u0144, aby chroni\u0107 i szanowa\u0107 Twoj\u0105 prywatno\u015b\u0107.<\/p>\n\n\n\n<p>Niniejsza Polityka wyja\u015bnia, kiedy i dlaczego gromadzimy dane osobowe os\u00f3b, kt\u00f3re odwiedzaj\u0105 nasz\u0105 stron\u0119 internetow\u0105, w jaki spos\u00f3b je wykorzystujemy, na jakich warunkach mo\u017cemy je ujawnia\u0107 innym oraz w jaki spos\u00f3b dbamy o ich bezpiecze\u0144stwo.<\/p>\n\n\n\n<p>Od czasu do czasu mo\u017cemy zmienia\u0107 niniejsz\u0105 Polityk\u0119, dlatego prosimy o sprawdzanie tej strony od czasu do czasu, aby upewni\u0107 si\u0119, \u017ce s\u0105 Pa\u0144stwo zadowoleni z wszelkich zmian. Korzystaj\u0105c z naszej strony internetowej, wyra\u017casz zgod\u0119 na przestrzeganie niniejszej Polityki. <\/p>\n\n\n\n<p>Wszelkie pytania dotycz\u0105ce niniejszej Polityki i naszych praktyk w zakresie prywatno\u015bci nale\u017cy przesy\u0142a\u0107 poczt\u0105 elektroniczn\u0105 na adres <a href=\"mailto:info@gustafs.com\">info@gustafs.com<\/a> lub telefonicznie pod numerem +46 (0)243 79 20 20.<\/p>\n\n\n\n<h3 class=\"wp-block-heading\">W jaki spos\u00f3b gromadzimy informacje o u\u017cytkowniku?<\/h3>\n\n\n\n<p>Uzyskujemy informacje o Tobie, gdy korzystasz z naszej strony internetowej, na przyk\u0142ad, gdy kontaktujesz si\u0119 z nami w sprawie produkt\u00f3w i us\u0142ug lub gdy rejestrujesz si\u0119 w celu otrzymywania naszego newslettera.<\/p>\n\n\n\n<h3 class=\"wp-block-heading\">Jakiego rodzaju informacje s\u0105 zbierane od u\u017cytkownika?<\/h3>\n\n\n\n<p>Dane osobowe, kt\u00f3re gromadzimy, mog\u0105 obejmowa\u0107 imi\u0119 i nazwisko, adres e-mail, adres IP, firm\u0119, kraj oraz informacje o tym, jakie strony s\u0105 odwiedzane i kiedy.<\/p>\n\n\n\n<h3 class=\"wp-block-heading\">W jaki spos\u00f3b wykorzystywane s\u0105 Twoje dane?<\/h3>\n\n\n\n<p>Mo\u017cemy wykorzystywa\u0107 informacje o u\u017cytkowniku w celu:<\/p>\n\n\n\n<div class=\"wp-block-columns is-layout-flex wp-container-core-columns-is-layout-9d6595d7 wp-block-columns-is-layout-flex\">\n<div class=\"wp-block-column is-layout-flow wp-block-column-is-layout-flow\" style=\"flex-basis:100%\">\n<ul class=\"wp-block-list\"><li>Przetwarzanie z\u0142o\u017conego przez Ciebie \u017c\u0105dania;<\/li><li>Przetwarzanie zam\u00f3wie\u0144, kt\u00f3re zosta\u0142y przez Ciebie z\u0142o\u017cone;<\/li><li>Post\u0119powanie ze zg\u0142oszeniami do konkursu;<\/li><li>powiadamiania u\u017cytkownika o zmianach w naszych us\u0142ugach;<\/li><li>Wysy\u0142ania Ci wiadomo\u015bci, o kt\u00f3re prosi\u0142e\u015b i kt\u00f3re mog\u0105 Ci\u0119 zainteresowa\u0107. Mog\u0105 to by\u0107 informacje o nowo\u015bciach produktowych, wiadomo\u015bciach o projektach, wiadomo\u015bciach o firmie i inne podobne informacje. <\/li><li>Przetwarzanie podania o prac\u0119.<\/li><\/ul>\n<\/div>\n<\/div>\n\n\n\n<p>B\u0119dziemy przechowywa\u0107 Twoje dane osobowe w naszych systemach tak d\u0142ugo, jak b\u0119dzie to konieczne do przeprowadzenia danej czynno\u015bci lub tak d\u0142ugo, jak b\u0119dzie to okre\u015blone w odpowiedniej umowie, kt\u00f3r\u0105 z nami zawar\u0142e\u015b.<\/p>\n\n\n\n<h3 class=\"wp-block-heading\">Kto ma dost\u0119p do Twoich danych?<\/h3>\n\n\n\n<p>Nie sprzedamy ani nie wypo\u017cyczymy Twoich danych osobom trzecim.<\/p>\n\n\n\n<p>Mo\u017cemy gromadzi\u0107 informacje, gdy u\u017cytkownik wchodzi w interakcj\u0119 z nasz\u0105 witryn\u0105, wiadomo\u015bciami e-mail i postami w mediach spo\u0142eczno\u015bciowych lub gdy kontaktujemy si\u0119 z u\u017cytkownikiem osobi\u015bcie. Robimy to, aby zapewni\u0107 odpowiednie informacje o naszych us\u0142ugach i obs\u0142udze klienta, w celach biznesowych. Korzystamy z systemu CRM i Marketing Automation do komunikacji z naszymi potencjalnymi i obecnymi klientami.    <\/p>\n\n\n\n<p>B\u0119dziemy udost\u0119pnia\u0107 Twoje dane us\u0142ugom stron trzecich w celach marketingowych. Jak; Facebook \u2013 do tworzenia list odbiorc\u00f3w pod k\u0105tem stworzenia grupy docelowej.   <\/p>\n\n\n\n<h3 class=\"wp-block-heading\">Twoje wybory<\/h3>\n\n\n\n<p>U\u017cytkownik ma wyb\u00f3r, czy chce otrzymywa\u0107 od nas informacje, czy te\u017c nie. Je\u015bli nie chcesz otrzymywa\u0107 od nas bezpo\u015brednich wiadomo\u015bci marketingowych, mo\u017cesz wybra\u0107 swoje opcje, zaznaczaj\u0105c odpowiednie pola znajduj\u0105ce si\u0119 w formularzu, za pomoc\u0105 kt\u00f3rego zbieramy Twoje dane. <\/p>\n\n\n\n<p>Nie b\u0119dziemy kontaktowa\u0107 si\u0119 z Tob\u0105 w celach marketingowych za po\u015brednictwem poczty elektronicznej, chyba \u017ce wcze\u015bniej wyrazisz na to zgod\u0119. Nie b\u0119dziemy kontaktowa\u0107 si\u0119 z Tob\u0105 w celach marketingowych drog\u0105 listown\u0105, je\u015bli zaznaczy\u0142e\u015b, \u017ce nie \u017cyczysz sobie, aby si\u0119 z Tob\u0105 kontaktowa\u0107. Mo\u017cesz zmieni\u0107 swoje preferencje marketingowe w dowolnym momencie, kontaktuj\u0105c si\u0119 z nami pod adresem e-mail: <a href=\"mailto:info@gustafs.com\">info@gustafs.com<\/a> lub telefonicznie pod numerem +46 (0)243 79 20 20.  <\/p>\n\n\n\n<h3 class=\"wp-block-heading\">W jaki spos\u00f3b u\u017cytkownik mo\u017ce uzyska\u0107 dost\u0119p do swoich danych i je aktualizowa\u0107<\/h3>\n\n\n\n<p>Dok\u0142adno\u015b\u0107 Twoich danych jest dla nas wa\u017cna. Je\u015bli chcesz zmieni\u0107 adres e-mail lub jakiekolwiek inne posiadane przez nas informacje s\u0105 niedok\u0142adne lub nieaktualne, napisz do nas na adres: <a href=\"mailto:info@gustafs.com\">marketing@gustafs.com<\/a> lub zadzwo\u0144 pod numer +46 (0)243 79 20 20. <\/p>\n\n\n\n<p>Masz prawo poprosi\u0107 o kopi\u0119 informacji na Tw\u00f3j temat przechowywanych przez Gustafs Scandinavia.<\/p>\n\n\n\n<h3 class=\"wp-block-heading\">\u015arodki ostro\u017cno\u015bci stosowane w celu ochrony przed utrat\u0105, niew\u0142a\u015bciwym wykorzystaniem lub zmian\u0105 informacji o u\u017cytkowniku<\/h3>\n\n\n\n<p>Kiedy przekazujesz nam dane osobowe, podejmujemy kroki w celu zapewnienia, \u017ce s\u0105 one traktowane w bezpieczny spos\u00f3b. Wszystkie strony na gustafs.com s\u0105 zabezpieczone 128-bitowym szyfrowaniem na SSL. Oznacza to ma\u0142\u0105 zielon\u0105 ikon\u0119 w przegl\u0105darce.  <\/p>\n\n\n\n<p>W przypadku naruszenia bezpiecze\u0144stwa w naszych systemach poinformujemy Ci\u0119, jakie informacje zosta\u0142y utracone, co to oznacza i jakie dzia\u0142ania podejmiemy w takiej sytuacji.<\/p>\n\n\n\n<h3 class=\"wp-block-heading\">Profilowania<\/h3>\n\n\n\n<p>Mo\u017cemy analizowa\u0107 Twoje dane osobowe w celu stworzenia profilu Twoich zainteresowa\u0144 i preferencji, aby\u015bmy mogli skontaktowa\u0107 si\u0119 z Tob\u0105 w celu uzyskania istotnych dla Ciebie informacji. Mo\u017cemy korzysta\u0107 z dodatkowych informacji o Tobie, je\u015bli s\u0105 one dost\u0119pne ze \u017ar\u00f3de\u0142 zewn\u0119trznych, aby pom\u00f3c nam w skutecznym wykonywaniu tych czynno\u015bci. <\/p>\n\n\n\n<h3 class=\"wp-block-heading\">Korzystanie z plik\u00f3w &#8222;cookies&#8221;<\/h3>\n\n\n\n<p>Podobnie jak wiele innych stron internetowych, strona Gustafs Scandinavia korzysta z plik\u00f3w cookie. &#8222;Pliki cookie&#8221; to ma\u0142e fragmenty informacji wysy\u0142ane przez organizacj\u0119 do komputera u\u017cytkownika i przechowywane na dysku twardym u\u017cytkownika, aby umo\u017cliwi\u0107 witrynie internetowej rozpoznanie u\u017cytkownika podczas jego wizyty. Gromadz\u0105 one dane statystyczne na temat dzia\u0142a\u0144 i wzorc\u00f3w przegl\u0105dania i nie identyfikuj\u0105 u\u017cytkownika jako osoby fizycznej. Na przyk\u0142ad u\u017cywamy plik\u00f3w cookie do przechowywania preferencji dotycz\u0105cych kraju. Pomaga nam to ulepsza\u0107 nasz\u0105 stron\u0119 internetow\u0105 i \u015bwiadczy\u0107 lepsze, bardziej spersonalizowane us\u0142ugi. U\u017cywamy r\u00f3wnie\u017c plik\u00f3w cookie w celu uzyskania informacji statystycznych o Twojej wizycie za po\u015brednictwem Google Analytics. Nasze pliki cookie otrzymuj\u0105 r\u00f3wnie\u017c informacje zwi\u0105zane z serwisami spo\u0142eczno\u015bciowymi, takimi jak Facebook (w tym Instagram), Linkedin, Twitter i Google AdWords. W tych serwisach wykorzystujemy Twoje dane do tworzenia list docelowych zwi\u0105zanych z Twoj\u0105 wizyt\u0105 na Gustafs.com. Informacje te s\u0105 chronione odpowiednio w serwisie.        <\/p>\n\n\n\n<p>Mo\u017cliwe jest wy\u0142\u0105czenie plik\u00f3w cookie poprzez ustawienie preferencji przegl\u0105darki. Aby uzyska\u0107 wi\u0119cej informacji na temat tego, jak wy\u0142\u0105czy\u0107 pliki cookie na komputerze, zapoznaj si\u0119 z nasz\u0105 pe\u0142n\u0105 polityk\u0105 plik\u00f3w cookie. W\u0142\u0105czenie plik\u00f3w cookie mo\u017ce spowodowa\u0107 utrat\u0119 funkcjonalno\u015bci podczas korzystania z naszej strony internetowej.  <\/p>\n\n\n\n<p>Mo\u017cesz przeczyta\u0107 wi\u0119cej o naszych plikach cookie i zobaczy\u0107, kt\u00f3rych plik\u00f3w cookie u\u017cywamy tutaj.<\/p>\n\n\n\n<a class=\"button\" href=\"https:\/\/gustafs.com\/cookie-policy\/\">POLITYKA COOKIES<\/a>\n\n\n\n<p><\/p>\n\n\n\n<h3 class=\"wp-block-heading\">Linki do innych stron internetowych<\/h3>\n\n\n\n<p>Nasza strona internetowa mo\u017ce zawiera\u0107 linki do innych stron internetowych prowadzonych przez inne organizacje. Niniejsza polityka prywatno\u015bci dotyczy wy\u0142\u0105cznie naszej strony internetowej, dlatego zach\u0119camy do zapoznania si\u0119 z o\u015bwiadczeniami o ochronie prywatno\u015bci na innych odwiedzanych stronach internetowych. Nie ponosimy odpowiedzialno\u015bci za polityk\u0119 prywatno\u015bci i praktyki innych witryn, nawet je\u015bli u\u017cytkownik uzyskuje do nich dost\u0119p za pomoc\u0105 link\u00f3w z naszej witryny.  <\/p>\n\n\n\n<p>Ponadto, je\u015bli u\u017cytkownik po\u0142\u0105czy\u0142 si\u0119 z nasz\u0105 witryn\u0105 internetow\u0105 ze strony osoby trzeciej, nie mo\u017cemy ponosi\u0107 odpowiedzialno\u015bci za polityk\u0119 prywatno\u015bci i praktyki w\u0142a\u015bcicieli i operator\u00f3w tej witryny osoby trzeciej i zalecamy zapoznanie si\u0119 z polityk\u0105 tej witryny osoby trzeciej.<\/p>\n\n\n\n<h3 class=\"wp-block-heading\">Nagrywanie stron internetowych<\/h3>\n\n\n\n<p>Nasza strona internetowa mo\u017ce r\u00f3wnie\u017c korzysta\u0107 z us\u0142ugi nagrywania strony internetowej Hotjar. Hotjar mo\u017ce rejestrowa\u0107 klikni\u0119cia mysz\u0105, ruchy myszy, przewijanie stron i dowolny tekst wprowadzany do formularzy internetowych. Gromadzone informacje nie obejmuj\u0105 danych osobowych ani \u017cadnych wra\u017cliwych danych osobowych. Dane gromadzone przez stron\u0119 internetow\u0105 Hotjar s\u0105 przeznaczone wy\u0142\u0105cznie do u\u017cytku wewn\u0119trznego Gustafs Scandinavia. Zebrane informacje s\u0105 wykorzystywane do poprawy u\u017cyteczno\u015bci naszej strony internetowej oraz s\u0105 przechowywane i wykorzystywane do raportowania zbiorczego i statystycznego.    <\/p>\n\n\n\n<h3 class=\"wp-block-heading\">Mened\u017cer danych<\/h3>\n\n\n\n<p>Dane odpowiedzialne za firm\u0119 to osoba prawna Gustafs Scandinavia AB, 556462-2198.<\/p>\n\n\n\n<p>Mened\u017cerem danych dla firmy jest dyrektor generalny firmy Ruben Krouwel.<\/p>\n\n\n\n<h3 class=\"wp-block-heading\">Przegl\u0105d niniejszej Polityki<\/h3>\n\n\n\n<p>Regularnie weryfikujemy niniejsz\u0105 Polityk\u0119. Ostatnia aktualizacja niniejszej Polityki mia\u0142a miejsce w styczniu 2020 r. <\/p>\n<\/div>\n\n\n\n<div class=\"wp-block-column is-layout-flow wp-block-column-is-layout-flow\" style=\"flex-basis:15%\"><\/div>\n<\/div>\n\n<h1 class=\"wp-block-heading\"><\/h1>\n","protected":false},"excerpt":{"rendered":"<p>Polityka prywatno\u015bci W Gustafs Scandinavia dok\u0142adamy wszelkich stara\u0144, aby chroni\u0107 i szanowa\u0107 Twoj\u0105 prywatno\u015b\u0107. Niniejsza Polityka wyja\u015bnia, kiedy i dlaczego gromadzimy dane osobowe os\u00f3b, kt\u00f3re odwiedzaj\u0105 nasz\u0105 stron\u0119 internetow\u0105, w jaki spos\u00f3b je wykorzystujemy, na jakich warunkach mo\u017cemy je ujawnia\u0107 innym oraz w jaki spos\u00f3b dbamy o ich bezpiecze\u0144stwo. Od czasu do czasu mo\u017cemy zmienia\u0107 [&hellip;]<\/p>\n","protected":false},"author":5,"featured_media":0,"parent":0,"menu_order":0,"comment_status":"closed","ping_status":"closed","template":"","meta":{"_acf_changed":false,"inline_featured_image":false,"footnotes":""},"class_list":["post-27965","page","type-page","status-publish","hentry"],"acf":[],"yoast_head":"<!-- This site is optimized with the Yoast SEO plugin v25.4 - https:\/\/yoast.com\/wordpress\/plugins\/seo\/ -->\n<title>Polityka prywatno\u015bci | Gustafs Scandinavia<\/title>\n<meta name=\"robots\" content=\"index, follow, max-snippet:-1, max-image-preview:large, max-video-preview:-1\" \/>\n<link rel=\"canonical\" href=\"https:\/\/gustafs.com\/pl\/polityka-prywatnosci\/\" \/>\n<meta property=\"og:locale\" content=\"pl_PL\" \/>\n<meta property=\"og:type\" content=\"article\" \/>\n<meta property=\"og:title\" content=\"Polityka prywatno\u015bci | Gustafs Scandinavia\" \/>\n<meta property=\"og:description\" content=\"Polityka prywatno\u015bci W Gustafs Scandinavia dok\u0142adamy wszelkich stara\u0144, aby chroni\u0107 i szanowa\u0107 Twoj\u0105 prywatno\u015b\u0107. Niniejsza Polityka wyja\u015bnia, kiedy i dlaczego gromadzimy dane osobowe os\u00f3b, kt\u00f3re odwiedzaj\u0105 nasz\u0105 stron\u0119 internetow\u0105, w jaki spos\u00f3b je wykorzystujemy, na jakich warunkach mo\u017cemy je ujawnia\u0107 innym oraz w jaki spos\u00f3b dbamy o ich bezpiecze\u0144stwo. Od czasu do czasu mo\u017cemy zmienia\u0107 [&hellip;]\" \/>\n<meta property=\"og:url\" content=\"https:\/\/gustafs.com\/pl\/polityka-prywatnosci\/\" \/>\n<meta property=\"og:site_name\" content=\"Gustafs Scandinavia\" \/>\n<meta property=\"article:modified_time\" content=\"2025-05-05T18:19:37+00:00\" \/>\n<meta name=\"twitter:card\" content=\"summary_large_image\" \/>\n<meta name=\"twitter:label1\" content=\"Szacowany czas czytania\" \/>\n\t<meta name=\"twitter:data1\" content=\"6 minut\" \/>\n<script type=\"application\/ld+json\" class=\"yoast-schema-graph\">{\"@context\":\"https:\/\/schema.org\",\"@graph\":[{\"@type\":\"WebPage\",\"@id\":\"https:\/\/gustafs.com\/pl\/polityka-prywatnosci\/\",\"url\":\"https:\/\/gustafs.com\/pl\/polityka-prywatnosci\/\",\"name\":\"Polityka prywatno\u015bci | Gustafs Scandinavia\",\"isPartOf\":{\"@id\":\"https:\/\/gustafs.com\/pl\/#website\"},\"datePublished\":\"2025-05-05T18:19:33+00:00\",\"dateModified\":\"2025-05-05T18:19:37+00:00\",\"breadcrumb\":{\"@id\":\"https:\/\/gustafs.com\/pl\/polityka-prywatnosci\/#breadcrumb\"},\"inLanguage\":\"pl-PL\",\"potentialAction\":[{\"@type\":\"ReadAction\",\"target\":[\"https:\/\/gustafs.com\/pl\/polityka-prywatnosci\/\"]}]},{\"@type\":\"BreadcrumbList\",\"@id\":\"https:\/\/gustafs.com\/pl\/polityka-prywatnosci\/#breadcrumb\",\"itemListElement\":[{\"@type\":\"ListItem\",\"position\":1,\"name\":\"Gustafs\",\"item\":\"https:\/\/gustafs.com\/pl\/\"},{\"@type\":\"ListItem\",\"position\":2,\"name\":\"Polityka prywatno\u015bci\"}]},{\"@type\":\"WebSite\",\"@id\":\"https:\/\/gustafs.com\/pl\/#website\",\"url\":\"https:\/\/gustafs.com\/pl\/\",\"name\":\"Gustafs Scandinavia\",\"description\":\"Exclusive Wooden Panels And Acoustic Panels\",\"potentialAction\":[{\"@type\":\"SearchAction\",\"target\":{\"@type\":\"EntryPoint\",\"urlTemplate\":\"https:\/\/gustafs.com\/pl\/?s={search_term_string}\"},\"query-input\":{\"@type\":\"PropertyValueSpecification\",\"valueRequired\":true,\"valueName\":\"search_term_string\"}}],\"inLanguage\":\"pl-PL\"}]}<\/script>\n<!-- \/ Yoast SEO plugin. -->","yoast_head_json":{"title":"Polityka prywatno\u015bci | Gustafs Scandinavia","robots":{"index":"index","follow":"follow","max-snippet":"max-snippet:-1","max-image-preview":"max-image-preview:large","max-video-preview":"max-video-preview:-1"},"canonical":"https:\/\/gustafs.com\/pl\/polityka-prywatnosci\/","og_locale":"pl_PL","og_type":"article","og_title":"Polityka prywatno\u015bci | Gustafs Scandinavia","og_description":"Polityka prywatno\u015bci W Gustafs Scandinavia dok\u0142adamy wszelkich stara\u0144, aby chroni\u0107 i szanowa\u0107 Twoj\u0105 prywatno\u015b\u0107. Niniejsza Polityka wyja\u015bnia, kiedy i dlaczego gromadzimy dane osobowe os\u00f3b, kt\u00f3re odwiedzaj\u0105 nasz\u0105 stron\u0119 internetow\u0105, w jaki spos\u00f3b je wykorzystujemy, na jakich warunkach mo\u017cemy je ujawnia\u0107 innym oraz w jaki spos\u00f3b dbamy o ich bezpiecze\u0144stwo. Od czasu do czasu mo\u017cemy zmienia\u0107 [&hellip;]","og_url":"https:\/\/gustafs.com\/pl\/polityka-prywatnosci\/","og_site_name":"Gustafs Scandinavia","article_modified_time":"2025-05-05T18:19:37+00:00","twitter_card":"summary_large_image","twitter_misc":{"Szacowany czas czytania":"6 minut"},"schema":{"@context":"https:\/\/schema.org","@graph":[{"@type":"WebPage","@id":"https:\/\/gustafs.com\/pl\/polityka-prywatnosci\/","url":"https:\/\/gustafs.com\/pl\/polityka-prywatnosci\/","name":"Polityka prywatno\u015bci | Gustafs Scandinavia","isPartOf":{"@id":"https:\/\/gustafs.com\/pl\/#website"},"datePublished":"2025-05-05T18:19:33+00:00","dateModified":"2025-05-05T18:19:37+00:00","breadcrumb":{"@id":"https:\/\/gustafs.com\/pl\/polityka-prywatnosci\/#breadcrumb"},"inLanguage":"pl-PL","potentialAction":[{"@type":"ReadAction","target":["https:\/\/gustafs.com\/pl\/polityka-prywatnosci\/"]}]},{"@type":"BreadcrumbList","@id":"https:\/\/gustafs.com\/pl\/polityka-prywatnosci\/#breadcrumb","itemListElement":[{"@type":"ListItem","position":1,"name":"Gustafs","item":"https:\/\/gustafs.com\/pl\/"},{"@type":"ListItem","position":2,"name":"Polityka prywatno\u015bci"}]},{"@type":"WebSite","@id":"https:\/\/gustafs.com\/pl\/#website","url":"https:\/\/gustafs.com\/pl\/","name":"Gustafs Scandinavia","description":"Exclusive Wooden Panels And Acoustic Panels","potentialAction":[{"@type":"SearchAction","target":{"@type":"EntryPoint","urlTemplate":"https:\/\/gustafs.com\/pl\/?s={search_term_string}"},"query-input":{"@type":"PropertyValueSpecification","valueRequired":true,"valueName":"search_term_string"}}],"inLanguage":"pl-PL"}]}},"_links":{"self":[{"href":"https:\/\/gustafs.com\/pl\/wp-json\/wp\/v2\/pages\/27965","targetHints":{"allow":["GET"]}}],"collection":[{"href":"https:\/\/gustafs.com\/pl\/wp-json\/wp\/v2\/pages"}],"about":[{"href":"https:\/\/gustafs.com\/pl\/wp-json\/wp\/v2\/types\/page"}],"author":[{"embeddable":true,"href":"https:\/\/gustafs.com\/pl\/wp-json\/wp\/v2\/users\/5"}],"replies":[{"embeddable":true,"href":"https:\/\/gustafs.com\/pl\/wp-json\/wp\/v2\/comments?post=27965"}],"version-history":[{"count":1,"href":"https:\/\/gustafs.com\/pl\/wp-json\/wp\/v2\/pages\/27965\/revisions"}],"predecessor-version":[{"id":27966,"href":"https:\/\/gustafs.com\/pl\/wp-json\/wp\/v2\/pages\/27965\/revisions\/27966"}],"wp:attachment":[{"href":"https:\/\/gustafs.com\/pl\/wp-json\/wp\/v2\/media?parent=27965"}],"curies":[{"name":"wp","href":"https:\/\/api.w.org\/{rel}","templated":true}]}}