{"id":27931,"date":"2025-05-05T20:19:27","date_gmt":"2025-05-05T18:19:27","guid":{"rendered":"https:\/\/gustafs.com\/centrum-wiedzy\/"},"modified":"2025-05-12T11:16:53","modified_gmt":"2025-05-12T09:16:53","slug":"knowledge-hub","status":"publish","type":"page","link":"https:\/\/gustafs.com\/pl\/knowledge-hub\/","title":{"rendered":"Knowledge hub"},"content":{"rendered":"\n<p><\/p>\n\n\n\n<section class=\"image-plus-text\">\n    <div class=\"container\">\n        <div class=\"row\">\n            \n            <div class=\"col-md-6 col-left col-video\">\n                                                                                                <div class=\"video\">\n                        <video autoplay muted playsinline loop>\n                            <source src=\"https:\/\/gustafs.com\/wp-content\/uploads\/2022\/03\/architect.mp4\" type=\"video\/mp4\">\n                            Your browser does not support the video tag.\n                        <\/video>\n                    <\/div>\n                                                    <div class=\"content-wrapper\">\n                                    <\/div>              \n            <\/div>\n            \n            <div class=\"col-md-6 col-right col-text\">\n                                <div class=\"content-wrapper\">\n                                                                    <div class=\"title\">TEMATY<\/div>\n                                                <div class=\"content\">\n                                                        <div class=\"text font-13px\"><h2>Poznaj korzy\u015bci p\u0142yn\u0105ce z naszych rozwi\u0105za\u0144<\/h2>\n<p>Nasz artyku\u0142 jest wype\u0142niony informacjami dotycz\u0105cymi szczeg\u00f3\u0142\u00f3w, fakt\u00f3w, danych i informacji o naszych produktach. Tutaj mo\u017cesz zag\u0142\u0119bi\u0107 si\u0119 w tematy zwi\u0105zane z akustyk\u0105, ogniem i materia\u0142ami. <\/p>\n<p>&nbsp;<\/p>\n<p><a class=\"button\" href=\"https:\/\/gustafs.com\/knowledge-hub\/room-acoustics\/\">AKUSTYKA<\/a><\/p>\n<p><a class=\"button\" href=\"https:\/\/gustafs.com\/academy\/fire-safety\/\">PO\u017bAR<\/a><\/p>\n<p><a class=\"button\" href=\"https:\/\/gustafs.com\/knowledge-hub\/core-materials\/\">MATERIA\u0141 RDZENIA<\/a><\/p>\n<p><a class=\"button\" href=\"https:\/\/gustafs.com\/knowledge-hub\/surfaces\/\">POWIERZCHNIE<\/a><\/p>\n<p><a class=\"button\" href=\"https:\/\/gustafs.com\/knowledge-hub\/emissions\/\">EMISJI<\/a><\/p>\n<p><a class=\"button\" href=\"https:\/\/gustafs.com\/knowledge-hub\/sustainabillity\/\">ZR\u00d3WNOWA\u017bONY ROZW\u00d3J<\/a><\/p>\n<p><a class=\"button\" href=\"https:\/\/gustafs.com\/knowledge-hub\/downloads-documents\/\">POBRA\u0143<\/a><\/p>\n<\/div>\n                                                                                <\/div>\n                                    <\/div>              \n            <\/div>\n            \n        <\/div>\n    <\/div>\n<\/section>\n\n\n\n<section class=\"image-plus-text-left-right has-left-column has-right-column\">\n    <div class=\"container\">\n        <div class=\"row\">\n            \n            <div class=\"col-md-6 col-left\">\n                                                                <div class=\"video\">\n                    <video autoplay muted playsinline loop>\n                        <source src=\"https:\/\/gustafs.com\/wp-content\/uploads\/2022\/04\/acoustics-kh.mp4\" type=\"video\/mp4\">\n                        Your browser does not support the video tag.\n                    <\/video>\n                <\/div>\n                                <div class=\"content-wrapper\">\n                    <div class=\"title\">AKUSTYKA<\/div>\n                    <div class=\"content\">\n                                                <div class=\"text font-13px\"><p>W naszej akademii akustyki omawiamy podstawowe zasady akustyki pomieszcze\u0144 i spos\u00f3b, w jaki nasze produkty mog\u0105 by\u0107 wykorzystywane do tworzenia harmonijnego \u015brodowiska.<\/p>\n<p><a class=\"button\" href=\"\/knowledge-hub\/acoustics\/\">AKUSTYKA<\/a><\/p>\n<\/div>\n                                             \n                                            <\/div>\n                <\/div>                  \n            <\/div>\n            \n            <div class=\"col-md-6 col-right\">\n                           \n                <div class=\"image \">\n                    <img decoding=\"async\" src=\"https:\/\/gustafs.com\/wp-content\/uploads\/2022\/03\/fire-ac2-380x475.jpg\" alt=\"\" srcset=\"https:\/\/gustafs.com\/wp-content\/uploads\/2022\/03\/fire-ac2-240x300.jpg 240w, https:\/\/gustafs.com\/wp-content\/uploads\/2022\/03\/fire-ac2-818x1024.jpg 818w, https:\/\/gustafs.com\/wp-content\/uploads\/2022\/03\/fire-ac2-768x962.jpg 768w, https:\/\/gustafs.com\/wp-content\/uploads\/2022\/03\/fire-ac2-720x900.jpg 720w, https:\/\/gustafs.com\/wp-content\/uploads\/2022\/03\/fire-ac2-645x810.jpg 645w, https:\/\/gustafs.com\/wp-content\/uploads\/2022\/03\/fire-ac2-380x475.jpg 380w, https:\/\/gustafs.com\/wp-content\/uploads\/2022\/03\/fire-ac2-845x1058.jpg 845w, https:\/\/gustafs.com\/wp-content\/uploads\/2022\/03\/fire-ac2-635x795.jpg 635w, https:\/\/gustafs.com\/wp-content\/uploads\/2022\/03\/fire-ac2-575x720.jpg 575w, https:\/\/gustafs.com\/wp-content\/uploads\/2022\/03\/fire-ac2-485x607.jpg 485w, https:\/\/gustafs.com\/wp-content\/uploads\/2022\/03\/fire-ac2-970x1215.jpg 970w, https:\/\/gustafs.com\/wp-content\/uploads\/2022\/03\/fire-ac2-435x545.jpg 435w, https:\/\/gustafs.com\/wp-content\/uploads\/2022\/03\/fire-ac2-870x1090.jpg 870w, https:\/\/gustafs.com\/wp-content\/uploads\/2022\/03\/fire-ac2-415x520.jpg 415w, https:\/\/gustafs.com\/wp-content\/uploads\/2022\/03\/fire-ac2-830x1040.jpg 830w, https:\/\/gustafs.com\/wp-content\/uploads\/2022\/03\/fire-ac2-395x495.jpg 395w, https:\/\/gustafs.com\/wp-content\/uploads\/2022\/03\/fire-ac2-790x989.jpg 790w, https:\/\/gustafs.com\/wp-content\/uploads\/2022\/03\/fire-ac2-363x455.jpg 363w, https:\/\/gustafs.com\/wp-content\/uploads\/2022\/03\/fire-ac2-726x909.jpg 726w, https:\/\/gustafs.com\/wp-content\/uploads\/2022\/03\/fire-ac2-275x344.jpg 275w, https:\/\/gustafs.com\/wp-content\/uploads\/2022\/03\/fire-ac2-550x689.jpg 550w, https:\/\/gustafs.com\/wp-content\/uploads\/2022\/03\/fire-ac2-273x342.jpg 273w, https:\/\/gustafs.com\/wp-content\/uploads\/2022\/03\/fire-ac2-546x684.jpg 546w, https:\/\/gustafs.com\/wp-content\/uploads\/2022\/03\/fire-ac2-183x229.jpg 183w, https:\/\/gustafs.com\/wp-content\/uploads\/2022\/03\/fire-ac2-366x458.jpg 366w, https:\/\/gustafs.com\/wp-content\/uploads\/2022\/03\/fire-ac2-113x142.jpg 113w, https:\/\/gustafs.com\/wp-content\/uploads\/2022\/03\/fire-ac2-226x283.jpg 226w, https:\/\/gustafs.com\/wp-content\/uploads\/2022\/03\/fire-ac2.jpg 1030w\">\n                <\/div>\n                                                                <div class=\"content-wrapper\">\n                    <div class=\"title\">PO\u017bAR<\/div>\n                    <div class=\"content\">\n                                                <div class=\"text font-13px\"><p>Ogie\u0144 jest niezwykle wa\u017cnym czynnikiem przy wyborze paneli wewn\u0119trznych do przestrzeni publicznych. W tym artykule przyjrzymy si\u0119, jak dzia\u0142a klasyfikacja ogniowa i certyfikacja oraz o czym nale\u017cy pami\u0119ta\u0107 przy wyborze r\u00f3\u017cnych materia\u0142\u00f3w. Por\u00f3wnamy r\u00f3wnie\u017c r\u00f3\u017cnic\u0119 mi\u0119dzy produktami Gustafs, kt\u00f3re uzyskuj\u0105 reakcj\u0119 na ogie\u0144 z niepalnego materia\u0142u rdzenia, a produktami, w przypadku kt\u00f3rych reakcja na ogie\u0144 zosta\u0142a poprawiona poprzez dodanie \u015brodk\u00f3w zmniejszaj\u0105cych palno\u015b\u0107.  <\/p>\n<p><a class=\"button\" href=\"https:\/\/gustafs.com\/academy\/fire-safety\/\">PO\u017bAR<\/a><\/p>\n<\/div>\n                                             \n                                            <\/div>\n                <\/div>              \n            <\/div>\n            \n        <\/div>\n    <\/div>\n<\/section>\n\n\n\n<section class=\"image-plus-text-left-right has-left-column has-right-column\">\n    <div class=\"container\">\n        <div class=\"row\">\n            \n            <div class=\"col-md-6 col-left\">\n                                <div class=\"image \">\n                    <img decoding=\"async\" src=\"https:\/\/gustafs.com\/wp-content\/uploads\/2022\/03\/core-ac-380x475.jpg\" alt=\"\" srcset=\"https:\/\/gustafs.com\/wp-content\/uploads\/2022\/03\/core-ac-240x300.jpg 240w, https:\/\/gustafs.com\/wp-content\/uploads\/2022\/03\/core-ac-818x1024.jpg 818w, https:\/\/gustafs.com\/wp-content\/uploads\/2022\/03\/core-ac-768x962.jpg 768w, https:\/\/gustafs.com\/wp-content\/uploads\/2022\/03\/core-ac-720x900.jpg 720w, https:\/\/gustafs.com\/wp-content\/uploads\/2022\/03\/core-ac-645x810.jpg 645w, https:\/\/gustafs.com\/wp-content\/uploads\/2022\/03\/core-ac-380x475.jpg 380w, https:\/\/gustafs.com\/wp-content\/uploads\/2022\/03\/core-ac-845x1058.jpg 845w, https:\/\/gustafs.com\/wp-content\/uploads\/2022\/03\/core-ac-635x795.jpg 635w, https:\/\/gustafs.com\/wp-content\/uploads\/2022\/03\/core-ac-575x720.jpg 575w, https:\/\/gustafs.com\/wp-content\/uploads\/2022\/03\/core-ac-485x607.jpg 485w, https:\/\/gustafs.com\/wp-content\/uploads\/2022\/03\/core-ac-970x1215.jpg 970w, https:\/\/gustafs.com\/wp-content\/uploads\/2022\/03\/core-ac-435x545.jpg 435w, https:\/\/gustafs.com\/wp-content\/uploads\/2022\/03\/core-ac-870x1090.jpg 870w, https:\/\/gustafs.com\/wp-content\/uploads\/2022\/03\/core-ac-415x520.jpg 415w, https:\/\/gustafs.com\/wp-content\/uploads\/2022\/03\/core-ac-830x1040.jpg 830w, https:\/\/gustafs.com\/wp-content\/uploads\/2022\/03\/core-ac-395x495.jpg 395w, https:\/\/gustafs.com\/wp-content\/uploads\/2022\/03\/core-ac-790x989.jpg 790w, https:\/\/gustafs.com\/wp-content\/uploads\/2022\/03\/core-ac-363x455.jpg 363w, https:\/\/gustafs.com\/wp-content\/uploads\/2022\/03\/core-ac-726x909.jpg 726w, https:\/\/gustafs.com\/wp-content\/uploads\/2022\/03\/core-ac-275x344.jpg 275w, https:\/\/gustafs.com\/wp-content\/uploads\/2022\/03\/core-ac-550x689.jpg 550w, https:\/\/gustafs.com\/wp-content\/uploads\/2022\/03\/core-ac-273x342.jpg 273w, https:\/\/gustafs.com\/wp-content\/uploads\/2022\/03\/core-ac-546x684.jpg 546w, https:\/\/gustafs.com\/wp-content\/uploads\/2022\/03\/core-ac-183x229.jpg 183w, https:\/\/gustafs.com\/wp-content\/uploads\/2022\/03\/core-ac-366x458.jpg 366w, https:\/\/gustafs.com\/wp-content\/uploads\/2022\/03\/core-ac-113x142.jpg 113w, https:\/\/gustafs.com\/wp-content\/uploads\/2022\/03\/core-ac-226x283.jpg 226w, https:\/\/gustafs.com\/wp-content\/uploads\/2022\/03\/core-ac.jpg 1030w\">\n                <\/div>\n                                                                <div class=\"content-wrapper\">\n                    <div class=\"title\">RDZE\u0143<\/div>\n                    <div class=\"content\">\n                                                <div class=\"text font-13px\"><p>Czy chcesz wiedzie\u0107, dlaczego wolimy pracowa\u0107 z rdzeniem z gipsu w\u0142\u00f3knistego ni\u017c ze wszystkimi innymi opcjami? W takim razie zapoznaj si\u0119 z nasz\u0105 Akademi\u0105 Materia\u0142\u00f3w Podstawowych \u2013 obiecujemy, \u017ce uzyskasz zupe\u0142nie now\u0105 perspektyw\u0119 na panele elewacyjne. <\/p>\n<p><a class=\"button\" href=\"https:\/\/gustafs.com\/knowledge-hub\/core-materials\/\">MATERIA\u0141 RDZENIA<\/a><\/p>\n<\/div>\n                                             \n                                            <\/div>\n                <\/div>                  \n            <\/div>\n            \n            <div class=\"col-md-6 col-right\">\n                                                                <div class=\"video\">\n                    <video autoplay muted playsinline loop>\n                        <source src=\"https:\/\/gustafs.com\/wp-content\/uploads\/2022\/03\/emissions-kh.mp4\" type=\"video\/mp4\">\n                        Your browser does not support the video tag.\n                    <\/video>\n                <\/div>\n                                <div class=\"content-wrapper\">\n                    <div class=\"title\">EMISJI<\/div>\n                    <div class=\"content\">\n                                                <div class=\"text font-13px\"><p>Rdze\u0144 z gipsu w\u0142\u00f3knistego paneli Gustafs jest uwa\u017cany za \u017ar\u00f3d\u0142o nieemituj\u0105cych lotnych zwi\u0105zk\u00f3w organicznych, podobnie jak kamie\u0144, ceramika, metale, szk\u0142o i. Panele s\u0105 r\u00f3wnie\u017c ca\u0142kowicie wolne od impregnacji, dzi\u0119ki czemu nasze panele emituj\u0105 naturalnie bardzo niskoemisyjne emisje, gwarantuj\u0105c zdrow\u0105 jako\u015b\u0107 powietrza w pomieszczeniu. <\/p>\n<p><a class=\"button\" href=\"https:\/\/gustafs.com\/academy\/emissions\/\">EMISJI<\/a><\/p>\n<\/div>\n                                             \n                                            <\/div>\n                <\/div>              \n            <\/div>\n            \n        <\/div>\n    <\/div>\n<\/section>\n\n\n\n<section class=\"image-plus-text-left-right has-left-column has-right-column\">\n    <div class=\"container\">\n        <div class=\"row\">\n            \n            <div class=\"col-md-6 col-left\">\n                                                                <div class=\"video\">\n                    <video autoplay muted playsinline loop>\n                        <source src=\"https:\/\/gustafs.com\/wp-content\/uploads\/2022\/03\/gloss-1.mp4\" type=\"video\/mp4\">\n                        Your browser does not support the video tag.\n                    <\/video>\n                <\/div>\n                                <div class=\"content-wrapper\">\n                    <div class=\"title\">ZR\u00d3WNOWA\u017bONY ROZW\u00d3J<\/div>\n                    <div class=\"content\">\n                                                <div class=\"text font-13px\"><p>Jeste\u015bmy dumni z tego, \u017ce nasza produkcja jest certyfikowana przy u\u017cyciu w 100% energii odnawialnej, \u017ce nasze produkty s\u0105 wykonane w 98 procentach z materia\u0142\u00f3w naturalnych i w 94 procentach z materia\u0142\u00f3w pochodz\u0105cych z recyklingu, a wszystkie panele drewniane s\u0105 wolne od op\u00f3\u017aniaczy, dodatku formaldehydu lub spoiw izocyjanianowych.<\/p>\n<p><a class=\"button\" href=\"https:\/\/gustafs.com\/knowledge-hub\/sustainabillity\/\">ZR\u00d3WNOWA\u017bONY ROZW\u00d3J<\/a><\/p>\n<\/div>\n                                             \n                                            <\/div>\n                <\/div>                  \n            <\/div>\n            \n            <div class=\"col-md-6 col-right\">\n                           \n                <div class=\"image \">\n                    <img decoding=\"async\" src=\"https:\/\/gustafs.com\/wp-content\/uploads\/2022\/03\/surfaces-kh-380x475.jpg\" alt=\"\" srcset=\"https:\/\/gustafs.com\/wp-content\/uploads\/2022\/03\/surfaces-kh-240x300.jpg 240w, https:\/\/gustafs.com\/wp-content\/uploads\/2022\/03\/surfaces-kh-818x1024.jpg 818w, https:\/\/gustafs.com\/wp-content\/uploads\/2022\/03\/surfaces-kh-768x962.jpg 768w, https:\/\/gustafs.com\/wp-content\/uploads\/2022\/03\/surfaces-kh-720x900.jpg 720w, https:\/\/gustafs.com\/wp-content\/uploads\/2022\/03\/surfaces-kh-645x810.jpg 645w, https:\/\/gustafs.com\/wp-content\/uploads\/2022\/03\/surfaces-kh-380x475.jpg 380w, https:\/\/gustafs.com\/wp-content\/uploads\/2022\/03\/surfaces-kh-845x1058.jpg 845w, https:\/\/gustafs.com\/wp-content\/uploads\/2022\/03\/surfaces-kh-635x795.jpg 635w, https:\/\/gustafs.com\/wp-content\/uploads\/2022\/03\/surfaces-kh-575x720.jpg 575w, https:\/\/gustafs.com\/wp-content\/uploads\/2022\/03\/surfaces-kh-485x607.jpg 485w, https:\/\/gustafs.com\/wp-content\/uploads\/2022\/03\/surfaces-kh-970x1215.jpg 970w, https:\/\/gustafs.com\/wp-content\/uploads\/2022\/03\/surfaces-kh-435x545.jpg 435w, https:\/\/gustafs.com\/wp-content\/uploads\/2022\/03\/surfaces-kh-870x1090.jpg 870w, https:\/\/gustafs.com\/wp-content\/uploads\/2022\/03\/surfaces-kh-415x520.jpg 415w, https:\/\/gustafs.com\/wp-content\/uploads\/2022\/03\/surfaces-kh-830x1040.jpg 830w, https:\/\/gustafs.com\/wp-content\/uploads\/2022\/03\/surfaces-kh-395x495.jpg 395w, https:\/\/gustafs.com\/wp-content\/uploads\/2022\/03\/surfaces-kh-790x989.jpg 790w, https:\/\/gustafs.com\/wp-content\/uploads\/2022\/03\/surfaces-kh-363x455.jpg 363w, https:\/\/gustafs.com\/wp-content\/uploads\/2022\/03\/surfaces-kh-726x909.jpg 726w, https:\/\/gustafs.com\/wp-content\/uploads\/2022\/03\/surfaces-kh-275x344.jpg 275w, https:\/\/gustafs.com\/wp-content\/uploads\/2022\/03\/surfaces-kh-550x689.jpg 550w, https:\/\/gustafs.com\/wp-content\/uploads\/2022\/03\/surfaces-kh-273x342.jpg 273w, https:\/\/gustafs.com\/wp-content\/uploads\/2022\/03\/surfaces-kh-546x684.jpg 546w, https:\/\/gustafs.com\/wp-content\/uploads\/2022\/03\/surfaces-kh-183x229.jpg 183w, https:\/\/gustafs.com\/wp-content\/uploads\/2022\/03\/surfaces-kh-366x458.jpg 366w, https:\/\/gustafs.com\/wp-content\/uploads\/2022\/03\/surfaces-kh-113x142.jpg 113w, https:\/\/gustafs.com\/wp-content\/uploads\/2022\/03\/surfaces-kh-226x283.jpg 226w, https:\/\/gustafs.com\/wp-content\/uploads\/2022\/03\/surfaces-kh.jpg 1030w\">\n                <\/div>\n                                                                <div class=\"content-wrapper\">\n                    <div class=\"title\">POWIERZCHNIE<\/div>\n                    <div class=\"content\">\n                                                <div class=\"text font-13px\"><p>Czy wiesz, jak ci\u0105\u0107 fornir drewniany lub jaki rodzaj drewna najlepiej nadaje si\u0119 do podkre\u015blenia struktury drewna. Poznaj mo\u017cliwo\u015bci stworzenia wyj\u0105tkowej ok\u0142adziny \u015bciennej dzi\u0119ki naszym metodom wyko\u0144czenia. <\/p>\n<p><a class=\"button\" href=\"https:\/\/gustafs.com\/knowledge-hub\/surfaces\/\">POWIERZCHNIE<\/a><\/p>\n<\/div>\n                                             \n                                            <\/div>\n                <\/div>              \n            <\/div>\n            \n        <\/div>\n    <\/div>\n<\/section>\n","protected":false},"excerpt":{"rendered":"","protected":false},"author":10,"featured_media":0,"parent":0,"menu_order":0,"comment_status":"closed","ping_status":"closed","template":"","meta":{"_acf_changed":false,"inline_featured_image":false,"footnotes":""},"class_list":["post-27931","page","type-page","status-publish","hentry"],"acf":[],"yoast_head":"<!-- This site is optimized with the Yoast SEO plugin v25.4 - https:\/\/yoast.com\/wordpress\/plugins\/seo\/ -->\n<title>Knowledge hub | Gustafs Scandinavia<\/title>\n<meta name=\"description\" content=\"Skorzystaj z naszej wiedzy na temat boazerii wn\u0119trz i wszystkich element\u00f3w, kt\u00f3re dope\u0142niaj\u0105 idealne pomieszczenie.\" \/>\n<meta name=\"robots\" content=\"index, follow, max-snippet:-1, max-image-preview:large, max-video-preview:-1\" \/>\n<link rel=\"canonical\" href=\"https:\/\/gustafs.com\/pl\/knowledge-hub\/\" \/>\n<meta property=\"og:locale\" content=\"pl_PL\" \/>\n<meta property=\"og:type\" content=\"article\" \/>\n<meta property=\"og:title\" content=\"Knowledge hub | Gustafs Scandinavia\" \/>\n<meta property=\"og:description\" content=\"Skorzystaj z naszej wiedzy na temat boazerii wn\u0119trz i wszystkich element\u00f3w, kt\u00f3re dope\u0142niaj\u0105 idealne pomieszczenie.\" \/>\n<meta property=\"og:url\" content=\"https:\/\/gustafs.com\/pl\/knowledge-hub\/\" \/>\n<meta property=\"og:site_name\" content=\"Gustafs Scandinavia\" \/>\n<meta property=\"article:modified_time\" content=\"2025-05-12T09:16:53+00:00\" \/>\n<meta name=\"twitter:card\" content=\"summary_large_image\" \/>\n<script type=\"application\/ld+json\" class=\"yoast-schema-graph\">{\"@context\":\"https:\/\/schema.org\",\"@graph\":[{\"@type\":\"WebPage\",\"@id\":\"https:\/\/gustafs.com\/pl\/knowledge-hub\/\",\"url\":\"https:\/\/gustafs.com\/pl\/knowledge-hub\/\",\"name\":\"Knowledge hub | Gustafs Scandinavia\",\"isPartOf\":{\"@id\":\"https:\/\/gustafs.com\/pl\/#website\"},\"datePublished\":\"2025-05-05T18:19:27+00:00\",\"dateModified\":\"2025-05-12T09:16:53+00:00\",\"description\":\"Skorzystaj z naszej wiedzy na temat boazerii wn\u0119trz i wszystkich element\u00f3w, kt\u00f3re dope\u0142niaj\u0105 idealne pomieszczenie.\",\"breadcrumb\":{\"@id\":\"https:\/\/gustafs.com\/pl\/knowledge-hub\/#breadcrumb\"},\"inLanguage\":\"pl-PL\",\"potentialAction\":[{\"@type\":\"ReadAction\",\"target\":[\"https:\/\/gustafs.com\/pl\/knowledge-hub\/\"]}]},{\"@type\":\"BreadcrumbList\",\"@id\":\"https:\/\/gustafs.com\/pl\/knowledge-hub\/#breadcrumb\",\"itemListElement\":[{\"@type\":\"ListItem\",\"position\":1,\"name\":\"Gustafs\",\"item\":\"https:\/\/gustafs.com\/pl\/\"},{\"@type\":\"ListItem\",\"position\":2,\"name\":\"Knowledge hub\"}]},{\"@type\":\"WebSite\",\"@id\":\"https:\/\/gustafs.com\/pl\/#website\",\"url\":\"https:\/\/gustafs.com\/pl\/\",\"name\":\"Gustafs Scandinavia\",\"description\":\"Exclusive Wooden Panels And Acoustic Panels\",\"potentialAction\":[{\"@type\":\"SearchAction\",\"target\":{\"@type\":\"EntryPoint\",\"urlTemplate\":\"https:\/\/gustafs.com\/pl\/?s={search_term_string}\"},\"query-input\":{\"@type\":\"PropertyValueSpecification\",\"valueRequired\":true,\"valueName\":\"search_term_string\"}}],\"inLanguage\":\"pl-PL\"}]}<\/script>\n<!-- \/ Yoast SEO plugin. -->","yoast_head_json":{"title":"Knowledge hub | Gustafs Scandinavia","description":"Skorzystaj z naszej wiedzy na temat boazerii wn\u0119trz i wszystkich element\u00f3w, kt\u00f3re dope\u0142niaj\u0105 idealne pomieszczenie.","robots":{"index":"index","follow":"follow","max-snippet":"max-snippet:-1","max-image-preview":"max-image-preview:large","max-video-preview":"max-video-preview:-1"},"canonical":"https:\/\/gustafs.com\/pl\/knowledge-hub\/","og_locale":"pl_PL","og_type":"article","og_title":"Knowledge hub | Gustafs Scandinavia","og_description":"Skorzystaj z naszej wiedzy na temat boazerii wn\u0119trz i wszystkich element\u00f3w, kt\u00f3re dope\u0142niaj\u0105 idealne pomieszczenie.","og_url":"https:\/\/gustafs.com\/pl\/knowledge-hub\/","og_site_name":"Gustafs Scandinavia","article_modified_time":"2025-05-12T09:16:53+00:00","twitter_card":"summary_large_image","schema":{"@context":"https:\/\/schema.org","@graph":[{"@type":"WebPage","@id":"https:\/\/gustafs.com\/pl\/knowledge-hub\/","url":"https:\/\/gustafs.com\/pl\/knowledge-hub\/","name":"Knowledge hub | Gustafs Scandinavia","isPartOf":{"@id":"https:\/\/gustafs.com\/pl\/#website"},"datePublished":"2025-05-05T18:19:27+00:00","dateModified":"2025-05-12T09:16:53+00:00","description":"Skorzystaj z naszej wiedzy na temat boazerii wn\u0119trz i wszystkich element\u00f3w, kt\u00f3re dope\u0142niaj\u0105 idealne pomieszczenie.","breadcrumb":{"@id":"https:\/\/gustafs.com\/pl\/knowledge-hub\/#breadcrumb"},"inLanguage":"pl-PL","potentialAction":[{"@type":"ReadAction","target":["https:\/\/gustafs.com\/pl\/knowledge-hub\/"]}]},{"@type":"BreadcrumbList","@id":"https:\/\/gustafs.com\/pl\/knowledge-hub\/#breadcrumb","itemListElement":[{"@type":"ListItem","position":1,"name":"Gustafs","item":"https:\/\/gustafs.com\/pl\/"},{"@type":"ListItem","position":2,"name":"Knowledge hub"}]},{"@type":"WebSite","@id":"https:\/\/gustafs.com\/pl\/#website","url":"https:\/\/gustafs.com\/pl\/","name":"Gustafs Scandinavia","description":"Exclusive Wooden Panels And Acoustic Panels","potentialAction":[{"@type":"SearchAction","target":{"@type":"EntryPoint","urlTemplate":"https:\/\/gustafs.com\/pl\/?s={search_term_string}"},"query-input":{"@type":"PropertyValueSpecification","valueRequired":true,"valueName":"search_term_string"}}],"inLanguage":"pl-PL"}]}},"_links":{"self":[{"href":"https:\/\/gustafs.com\/pl\/wp-json\/wp\/v2\/pages\/27931","targetHints":{"allow":["GET"]}}],"collection":[{"href":"https:\/\/gustafs.com\/pl\/wp-json\/wp\/v2\/pages"}],"about":[{"href":"https:\/\/gustafs.com\/pl\/wp-json\/wp\/v2\/types\/page"}],"author":[{"embeddable":true,"href":"https:\/\/gustafs.com\/pl\/wp-json\/wp\/v2\/users\/10"}],"replies":[{"embeddable":true,"href":"https:\/\/gustafs.com\/pl\/wp-json\/wp\/v2\/comments?post=27931"}],"version-history":[{"count":4,"href":"https:\/\/gustafs.com\/pl\/wp-json\/wp\/v2\/pages\/27931\/revisions"}],"predecessor-version":[{"id":32751,"href":"https:\/\/gustafs.com\/pl\/wp-json\/wp\/v2\/pages\/27931\/revisions\/32751"}],"wp:attachment":[{"href":"https:\/\/gustafs.com\/pl\/wp-json\/wp\/v2\/media?parent=27931"}],"curies":[{"name":"wp","href":"https:\/\/api.w.org\/{rel}","templated":true}]}}