{"id":27874,"date":"2025-05-05T20:19:08","date_gmt":"2025-05-05T18:19:08","guid":{"rendered":"https:\/\/gustafs.com\/zielone-gustafy\/"},"modified":"2025-08-28T12:56:33","modified_gmt":"2025-08-28T10:56:33","slug":"zielone-gustafy","status":"publish","type":"page","link":"https:\/\/gustafs.com\/pl\/zielone-gustafy\/","title":{"rendered":"Zielone Gustafs"},"content":{"rendered":"\r\n<section class=\"hero small\">\r\n<div class=\"swiper swiper-hero swiper-hero-autoplay\" >\r\n\t\r\n        <div class=\"swiper-wrapper\">\r\n                                    <div class=\"swiper-slide has-video\">\r\n\r\n                \r\n                                <video autoplay muted playsinline loop>\r\n                    <source src=\"https:\/\/gustafs.com\/wp-content\/uploads\/2022\/02\/greengustafs.mp4\" type=\"video\/mp4\">\r\n                    Your browser does not support the video tag.\r\n                <\/video>\r\n                \r\n                                <div class=\"container\">\r\n                    <div class=\"content\">\r\n                        <h1>Creating the right kind of echo<\/h1>\n                    <\/div>\r\n                <\/div>\r\n                \r\n            <\/div>\r\n                                    <div class=\"swiper-slide has-image\">\r\n\r\n                \r\n                \r\n                \r\n            <\/div>\r\n                    <\/div>\r\n        <div class=\"container\"><div class=\"swiper-pagination\"><\/div><\/div>\r\n    <\/div>\r\n<\/section>\r\n\n\n\n<section class=\"image-plus-text\">\n    <div class=\"container\">\n        <div class=\"row\">\n            \n            <div class=\"col-md-6 col-left col-video\">\n                                                                                                <div class=\"video\">\n                        <video autoplay muted playsinline loop>\n                            <source src=\"https:\/\/gustafs.com\/wp-content\/uploads\/2022\/03\/shutterstock-1064982793-3.mp4\" type=\"video\/mp4\">\n                            Your browser does not support the video tag.\n                        <\/video>\n                    <\/div>\n                                                    <div class=\"content-wrapper\">\n                                    <\/div>              \n            <\/div>\n            \n            <div class=\"col-md-6 col-right col-text\">\n                                <div class=\"content-wrapper\">\n                                                                    <div class=\"title\">ZIELONE GUSTAFS<\/div>\n                                                <div class=\"content\">\n                                                        <div class=\"text font-13px\"><h2>Wyb\u00f3r, kt\u00f3ry sprawdza si\u0119 pod ka\u017cdym wzgl\u0119dem<\/h2>\n<p>Naszym celem jest zerowy \u015blad w\u0119glowy, a dostawcy i klienci s\u0105 zach\u0119cani do d\u0105\u017cenia do tego samego. R\u00f3wnie naturalne jest dla nas zapewnienie przetrwania las\u00f3w deszczowych, jak i wyeliminowanie stosowania paliw kopalnych lub niebezpiecznych dla zdrowia chemikali\u00f3w w naszym procesie produkcyjnym. <\/p>\n<p>Przestrzegamy wymog\u00f3w prawnych, ale stawiamy sobie wy\u017csze cele zr\u00f3wnowa\u017conego rozwoju, gdy uznajemy je za osi\u0105galne. Audyty stron trzecich s\u0105 przeprowadzane corocznie w celu ci\u0105g\u0142ego ulepszania naszych proces\u00f3w. <\/p>\n<p>&nbsp;<br \/>\n<a class=\"button\" href=\"https:\/\/gustafs.com\/knowledge-hub\/sustainabillity\/\">CENTRUM WIEDZY ZR\u00d3WNOWA\u017bONY ROZW\u00d3J<\/a><\/p>\n<p><center><img decoding=\"async\" class=\"aligncenter\" src=\"https:\/\/gustafs.com\/wp-content\/uploads\/2022\/03\/icon-green-400px.png\" alt=\"\" width=\"200\"><\/center><\/p>\n<\/div>\n                                                                                <\/div>\n                                    <\/div>              \n            <\/div>\n            \n        <\/div>\n    <\/div>\n<\/section>\n\n\n\n<p><\/p>\n\n\n\n<div class=\"wp-block-group is-layout-flow wp-block-group-is-layout-flow\"><\/div>\n","protected":false},"excerpt":{"rendered":"","protected":false},"author":5,"featured_media":0,"parent":0,"menu_order":2,"comment_status":"closed","ping_status":"closed","template":"","meta":{"_acf_changed":false,"inline_featured_image":false,"footnotes":""},"class_list":["post-27874","page","type-page","status-publish","hentry"],"acf":[],"yoast_head":"<!-- This site is optimized with the Yoast SEO plugin v25.4 - https:\/\/yoast.com\/wordpress\/plugins\/seo\/ -->\n<title>Zielone Gustafs | Gustafs Scandinavia<\/title>\n<meta name=\"robots\" content=\"index, follow, max-snippet:-1, max-image-preview:large, max-video-preview:-1\" \/>\n<link rel=\"canonical\" href=\"https:\/\/gustafs.com\/pl\/zielone-gustafy\/\" \/>\n<meta property=\"og:locale\" content=\"pl_PL\" \/>\n<meta property=\"og:type\" content=\"article\" \/>\n<meta property=\"og:title\" content=\"Zielone Gustafs | Gustafs Scandinavia\" \/>\n<meta property=\"og:url\" content=\"https:\/\/gustafs.com\/pl\/zielone-gustafy\/\" \/>\n<meta property=\"og:site_name\" content=\"Gustafs Scandinavia\" \/>\n<meta property=\"article:modified_time\" content=\"2025-08-28T10:56:33+00:00\" \/>\n<meta name=\"twitter:card\" content=\"summary_large_image\" \/>\n<script type=\"application\/ld+json\" class=\"yoast-schema-graph\">{\"@context\":\"https:\/\/schema.org\",\"@graph\":[{\"@type\":\"WebPage\",\"@id\":\"https:\/\/gustafs.com\/pl\/zielone-gustafy\/\",\"url\":\"https:\/\/gustafs.com\/pl\/zielone-gustafy\/\",\"name\":\"Zielone Gustafs | Gustafs Scandinavia\",\"isPartOf\":{\"@id\":\"https:\/\/gustafs.com\/pl\/#website\"},\"datePublished\":\"2025-05-05T18:19:08+00:00\",\"dateModified\":\"2025-08-28T10:56:33+00:00\",\"breadcrumb\":{\"@id\":\"https:\/\/gustafs.com\/pl\/zielone-gustafy\/#breadcrumb\"},\"inLanguage\":\"pl-PL\",\"potentialAction\":[{\"@type\":\"ReadAction\",\"target\":[\"https:\/\/gustafs.com\/pl\/zielone-gustafy\/\"]}]},{\"@type\":\"BreadcrumbList\",\"@id\":\"https:\/\/gustafs.com\/pl\/zielone-gustafy\/#breadcrumb\",\"itemListElement\":[{\"@type\":\"ListItem\",\"position\":1,\"name\":\"Gustafs\",\"item\":\"https:\/\/gustafs.com\/pl\/\"},{\"@type\":\"ListItem\",\"position\":2,\"name\":\"Zielone Gustafs\"}]},{\"@type\":\"WebSite\",\"@id\":\"https:\/\/gustafs.com\/pl\/#website\",\"url\":\"https:\/\/gustafs.com\/pl\/\",\"name\":\"Gustafs Scandinavia\",\"description\":\"Exclusive Wooden Panels And Acoustic Panels\",\"potentialAction\":[{\"@type\":\"SearchAction\",\"target\":{\"@type\":\"EntryPoint\",\"urlTemplate\":\"https:\/\/gustafs.com\/pl\/?s={search_term_string}\"},\"query-input\":{\"@type\":\"PropertyValueSpecification\",\"valueRequired\":true,\"valueName\":\"search_term_string\"}}],\"inLanguage\":\"pl-PL\"}]}<\/script>\n<!-- \/ Yoast SEO plugin. -->","yoast_head_json":{"title":"Zielone Gustafs | Gustafs Scandinavia","robots":{"index":"index","follow":"follow","max-snippet":"max-snippet:-1","max-image-preview":"max-image-preview:large","max-video-preview":"max-video-preview:-1"},"canonical":"https:\/\/gustafs.com\/pl\/zielone-gustafy\/","og_locale":"pl_PL","og_type":"article","og_title":"Zielone Gustafs | Gustafs Scandinavia","og_url":"https:\/\/gustafs.com\/pl\/zielone-gustafy\/","og_site_name":"Gustafs Scandinavia","article_modified_time":"2025-08-28T10:56:33+00:00","twitter_card":"summary_large_image","schema":{"@context":"https:\/\/schema.org","@graph":[{"@type":"WebPage","@id":"https:\/\/gustafs.com\/pl\/zielone-gustafy\/","url":"https:\/\/gustafs.com\/pl\/zielone-gustafy\/","name":"Zielone Gustafs | Gustafs Scandinavia","isPartOf":{"@id":"https:\/\/gustafs.com\/pl\/#website"},"datePublished":"2025-05-05T18:19:08+00:00","dateModified":"2025-08-28T10:56:33+00:00","breadcrumb":{"@id":"https:\/\/gustafs.com\/pl\/zielone-gustafy\/#breadcrumb"},"inLanguage":"pl-PL","potentialAction":[{"@type":"ReadAction","target":["https:\/\/gustafs.com\/pl\/zielone-gustafy\/"]}]},{"@type":"BreadcrumbList","@id":"https:\/\/gustafs.com\/pl\/zielone-gustafy\/#breadcrumb","itemListElement":[{"@type":"ListItem","position":1,"name":"Gustafs","item":"https:\/\/gustafs.com\/pl\/"},{"@type":"ListItem","position":2,"name":"Zielone Gustafs"}]},{"@type":"WebSite","@id":"https:\/\/gustafs.com\/pl\/#website","url":"https:\/\/gustafs.com\/pl\/","name":"Gustafs Scandinavia","description":"Exclusive Wooden Panels And Acoustic Panels","potentialAction":[{"@type":"SearchAction","target":{"@type":"EntryPoint","urlTemplate":"https:\/\/gustafs.com\/pl\/?s={search_term_string}"},"query-input":{"@type":"PropertyValueSpecification","valueRequired":true,"valueName":"search_term_string"}}],"inLanguage":"pl-PL"}]}},"_links":{"self":[{"href":"https:\/\/gustafs.com\/pl\/wp-json\/wp\/v2\/pages\/27874","targetHints":{"allow":["GET"]}}],"collection":[{"href":"https:\/\/gustafs.com\/pl\/wp-json\/wp\/v2\/pages"}],"about":[{"href":"https:\/\/gustafs.com\/pl\/wp-json\/wp\/v2\/types\/page"}],"author":[{"embeddable":true,"href":"https:\/\/gustafs.com\/pl\/wp-json\/wp\/v2\/users\/5"}],"replies":[{"embeddable":true,"href":"https:\/\/gustafs.com\/pl\/wp-json\/wp\/v2\/comments?post=27874"}],"version-history":[{"count":2,"href":"https:\/\/gustafs.com\/pl\/wp-json\/wp\/v2\/pages\/27874\/revisions"}],"predecessor-version":[{"id":34037,"href":"https:\/\/gustafs.com\/pl\/wp-json\/wp\/v2\/pages\/27874\/revisions\/34037"}],"wp:attachment":[{"href":"https:\/\/gustafs.com\/pl\/wp-json\/wp\/v2\/media?parent=27874"}],"curies":[{"name":"wp","href":"https:\/\/api.w.org\/{rel}","templated":true}]}}