{"id":27870,"date":"2025-05-05T20:19:07","date_gmt":"2025-05-05T18:19:07","guid":{"rendered":"https:\/\/gustafs.com\/europa\/"},"modified":"2025-05-05T20:39:29","modified_gmt":"2025-05-05T18:39:29","slug":"europa","status":"publish","type":"page","link":"https:\/\/gustafs.com\/pl\/lokalni-przedstawiciele\/europa\/","title":{"rendered":"Europa"},"content":{"rendered":"\n<h2 class=\"wp-block-heading\">Europa<\/h2>\n\n<p>Posiadamy wsparcie i przedstawicieli handlowych w nast\u0119puj\u0105cych krajach. Prosz\u0119 pisa\u0107 w j\u0119zyku angielskim. <\/p>\n","protected":false},"excerpt":{"rendered":"<p>Europa Posiadamy wsparcie i przedstawicieli handlowych w nast\u0119puj\u0105cych krajach. Prosz\u0119 pisa\u0107 w j\u0119zyku angielskim.<\/p>\n","protected":false},"author":10,"featured_media":0,"parent":27971,"menu_order":4,"comment_status":"closed","ping_status":"closed","template":"templates\/template-local-representatives-subpage.php","meta":{"_acf_changed":false,"inline_featured_image":false,"footnotes":""},"class_list":["post-27870","page","type-page","status-publish","hentry"],"acf":[],"yoast_head":"<!-- This site is optimized with the Yoast SEO plugin v25.4 - https:\/\/yoast.com\/wordpress\/plugins\/seo\/ -->\n<title>| Gustaw Skandynawia<\/title>\n<meta name=\"description\" content=\"Tutaj znajdziesz naszych europejskich przedstawicieli handlowych, z kt\u00f3rymi mo\u017cesz si\u0119 skontaktowa\u0107, aby uzyska\u0107 wi\u0119cej informacji i wsparcie dotycz\u0105ce produkt\u00f3w Gustafs.\" \/>\n<meta name=\"robots\" content=\"index, follow, max-snippet:-1, max-image-preview:large, max-video-preview:-1\" \/>\n<link rel=\"canonical\" href=\"https:\/\/gustafs.com\/pl\/lokalni-przedstawiciele\/europa\/\" \/>\n<meta property=\"og:locale\" content=\"pl_PL\" \/>\n<meta property=\"og:type\" content=\"article\" \/>\n<meta property=\"og:title\" content=\"| Gustaw Skandynawia\" \/>\n<meta property=\"og:description\" content=\"Tutaj znajdziesz naszych europejskich przedstawicieli handlowych, z kt\u00f3rymi mo\u017cesz si\u0119 skontaktowa\u0107, aby uzyska\u0107 wi\u0119cej informacji i wsparcie dotycz\u0105ce produkt\u00f3w Gustafs.\" \/>\n<meta property=\"og:url\" content=\"https:\/\/gustafs.com\/pl\/lokalni-przedstawiciele\/europa\/\" \/>\n<meta property=\"og:site_name\" content=\"Gustafs Scandinavia\" \/>\n<meta property=\"article:modified_time\" content=\"2025-05-05T18:39:29+00:00\" \/>\n<meta name=\"twitter:card\" content=\"summary_large_image\" \/>\n<script type=\"application\/ld+json\" class=\"yoast-schema-graph\">{\"@context\":\"https:\/\/schema.org\",\"@graph\":[{\"@type\":\"WebPage\",\"@id\":\"https:\/\/gustafs.com\/pl\/lokalni-przedstawiciele\/europa\/\",\"url\":\"https:\/\/gustafs.com\/pl\/lokalni-przedstawiciele\/europa\/\",\"name\":\"| Gustaw Skandynawia\",\"isPartOf\":{\"@id\":\"https:\/\/gustafs.com\/pl\/#website\"},\"datePublished\":\"2025-05-05T18:19:07+00:00\",\"dateModified\":\"2025-05-05T18:39:29+00:00\",\"description\":\"Tutaj znajdziesz naszych europejskich przedstawicieli handlowych, z kt\u00f3rymi mo\u017cesz si\u0119 skontaktowa\u0107, aby uzyska\u0107 wi\u0119cej informacji i wsparcie dotycz\u0105ce produkt\u00f3w Gustafs.\",\"breadcrumb\":{\"@id\":\"https:\/\/gustafs.com\/pl\/lokalni-przedstawiciele\/europa\/#breadcrumb\"},\"inLanguage\":\"pl-PL\",\"potentialAction\":[{\"@type\":\"ReadAction\",\"target\":[\"https:\/\/gustafs.com\/pl\/lokalni-przedstawiciele\/europa\/\"]}]},{\"@type\":\"BreadcrumbList\",\"@id\":\"https:\/\/gustafs.com\/pl\/lokalni-przedstawiciele\/europa\/#breadcrumb\",\"itemListElement\":[{\"@type\":\"ListItem\",\"position\":1,\"name\":\"Gustafs\",\"item\":\"https:\/\/gustafs.com\/pl\/\"},{\"@type\":\"ListItem\",\"position\":2,\"name\":\"Lokalni przedstawiciele\",\"item\":\"https:\/\/gustafs.com\/pl\/lokalni-przedstawiciele\/\"},{\"@type\":\"ListItem\",\"position\":3,\"name\":\"Europa\"}]},{\"@type\":\"WebSite\",\"@id\":\"https:\/\/gustafs.com\/pl\/#website\",\"url\":\"https:\/\/gustafs.com\/pl\/\",\"name\":\"Gustafs Scandinavia\",\"description\":\"Exclusive Wooden Panels And Acoustic Panels\",\"potentialAction\":[{\"@type\":\"SearchAction\",\"target\":{\"@type\":\"EntryPoint\",\"urlTemplate\":\"https:\/\/gustafs.com\/pl\/?s={search_term_string}\"},\"query-input\":{\"@type\":\"PropertyValueSpecification\",\"valueRequired\":true,\"valueName\":\"search_term_string\"}}],\"inLanguage\":\"pl-PL\"}]}<\/script>\n<!-- \/ Yoast SEO plugin. -->","yoast_head_json":{"title":"| Gustaw Skandynawia","description":"Tutaj znajdziesz naszych europejskich przedstawicieli handlowych, z kt\u00f3rymi mo\u017cesz si\u0119 skontaktowa\u0107, aby uzyska\u0107 wi\u0119cej informacji i wsparcie dotycz\u0105ce produkt\u00f3w Gustafs.","robots":{"index":"index","follow":"follow","max-snippet":"max-snippet:-1","max-image-preview":"max-image-preview:large","max-video-preview":"max-video-preview:-1"},"canonical":"https:\/\/gustafs.com\/pl\/lokalni-przedstawiciele\/europa\/","og_locale":"pl_PL","og_type":"article","og_title":"| Gustaw Skandynawia","og_description":"Tutaj znajdziesz naszych europejskich przedstawicieli handlowych, z kt\u00f3rymi mo\u017cesz si\u0119 skontaktowa\u0107, aby uzyska\u0107 wi\u0119cej informacji i wsparcie dotycz\u0105ce produkt\u00f3w Gustafs.","og_url":"https:\/\/gustafs.com\/pl\/lokalni-przedstawiciele\/europa\/","og_site_name":"Gustafs Scandinavia","article_modified_time":"2025-05-05T18:39:29+00:00","twitter_card":"summary_large_image","schema":{"@context":"https:\/\/schema.org","@graph":[{"@type":"WebPage","@id":"https:\/\/gustafs.com\/pl\/lokalni-przedstawiciele\/europa\/","url":"https:\/\/gustafs.com\/pl\/lokalni-przedstawiciele\/europa\/","name":"| Gustaw Skandynawia","isPartOf":{"@id":"https:\/\/gustafs.com\/pl\/#website"},"datePublished":"2025-05-05T18:19:07+00:00","dateModified":"2025-05-05T18:39:29+00:00","description":"Tutaj znajdziesz naszych europejskich przedstawicieli handlowych, z kt\u00f3rymi mo\u017cesz si\u0119 skontaktowa\u0107, aby uzyska\u0107 wi\u0119cej informacji i wsparcie dotycz\u0105ce produkt\u00f3w Gustafs.","breadcrumb":{"@id":"https:\/\/gustafs.com\/pl\/lokalni-przedstawiciele\/europa\/#breadcrumb"},"inLanguage":"pl-PL","potentialAction":[{"@type":"ReadAction","target":["https:\/\/gustafs.com\/pl\/lokalni-przedstawiciele\/europa\/"]}]},{"@type":"BreadcrumbList","@id":"https:\/\/gustafs.com\/pl\/lokalni-przedstawiciele\/europa\/#breadcrumb","itemListElement":[{"@type":"ListItem","position":1,"name":"Gustafs","item":"https:\/\/gustafs.com\/pl\/"},{"@type":"ListItem","position":2,"name":"Lokalni przedstawiciele","item":"https:\/\/gustafs.com\/pl\/lokalni-przedstawiciele\/"},{"@type":"ListItem","position":3,"name":"Europa"}]},{"@type":"WebSite","@id":"https:\/\/gustafs.com\/pl\/#website","url":"https:\/\/gustafs.com\/pl\/","name":"Gustafs Scandinavia","description":"Exclusive Wooden Panels And Acoustic Panels","potentialAction":[{"@type":"SearchAction","target":{"@type":"EntryPoint","urlTemplate":"https:\/\/gustafs.com\/pl\/?s={search_term_string}"},"query-input":{"@type":"PropertyValueSpecification","valueRequired":true,"valueName":"search_term_string"}}],"inLanguage":"pl-PL"}]}},"_links":{"self":[{"href":"https:\/\/gustafs.com\/pl\/wp-json\/wp\/v2\/pages\/27870","targetHints":{"allow":["GET"]}}],"collection":[{"href":"https:\/\/gustafs.com\/pl\/wp-json\/wp\/v2\/pages"}],"about":[{"href":"https:\/\/gustafs.com\/pl\/wp-json\/wp\/v2\/types\/page"}],"author":[{"embeddable":true,"href":"https:\/\/gustafs.com\/pl\/wp-json\/wp\/v2\/users\/10"}],"replies":[{"embeddable":true,"href":"https:\/\/gustafs.com\/pl\/wp-json\/wp\/v2\/comments?post=27870"}],"version-history":[{"count":1,"href":"https:\/\/gustafs.com\/pl\/wp-json\/wp\/v2\/pages\/27870\/revisions"}],"predecessor-version":[{"id":27871,"href":"https:\/\/gustafs.com\/pl\/wp-json\/wp\/v2\/pages\/27870\/revisions\/27871"}],"up":[{"embeddable":true,"href":"https:\/\/gustafs.com\/pl\/wp-json\/wp\/v2\/pages\/27971"}],"wp:attachment":[{"href":"https:\/\/gustafs.com\/pl\/wp-json\/wp\/v2\/media?parent=27870"}],"curies":[{"name":"wp","href":"https:\/\/api.w.org\/{rel}","templated":true}]}}